{"id":22159,"date":"2025-09-04T14:28:20","date_gmt":"2025-09-04T11:28:20","guid":{"rendered":"https:\/\/labostera.lt\/?post_type=product&#038;p=22159"},"modified":"2025-09-04T14:31:00","modified_gmt":"2025-09-04T11:31:00","slug":"mokykliniai-laboratoriniai-baldai","status":"publish","type":"product","link":"https:\/\/labostera.lt\/lv\/priemones-ir-iranga\/laboratorine-iranga\/laboratoriniai-baldai\/mokykliniai-laboratoriniai-baldai\/","title":{"rendered":"Skolas laboratorijas m\u0113beles"},"content":{"rendered":"<p data-start=\"618\" data-end=\"991\">Skolu laboratorijas m\u0113beles ir \u012bpa\u0161i izstr\u0101d\u0101tas izgl\u012bt\u012bbas iest\u0101d\u0113m, kur\u0101s notiek praktisk\u0101s \u0137\u012bmijas, fizikas un biolo\u0123ijas nodarb\u012bbas. \u0160\u012bs m\u0113beles ir paredz\u0113tas ne tikai intens\u012bvai lieto\u0161anai, bet ar\u012b atbilst augstiem dro\u0161\u012bbas standartiem, padarot t\u0101s par uzticamu izv\u0113li gan skol\u0101m, gan universit\u0101t\u0113m.<\/p>\n<p><strong><a href=\"https:\/\/labostera.lt\/wp-content\/uploads\/2025\/05\/2025-mokykliniu-laboratoriniu-baldu-katalogas.pdf\">Skolas laboratorijas m\u0113be\u013cu katalogs<\/a><\/strong><\/p>\n<p data-start=\"1200\" data-end=\"1722\">M\u0113be\u013cu konstrukcijas pamat\u0101 ir iztur\u012bgi met\u0101la r\u0101mji, kas izgatavoti no t\u0113rauda profiliem. Tie ir p\u0101rkl\u0101ti ar epoks\u012bda-poliestera pulverkr\u0101su, kas nodro\u0161ina papildu iztur\u012bbu pret koroziju un garant\u0113 ilgm\u016b\u017e\u012bbu. Galda virsmas ir izgatavotas no augstspiediena lamin\u0101ta (HPL), kam piem\u012bt pretvand\u0101lisma \u012bpa\u0161\u012bbas. \u0160\u0101das virsmas ir iztur\u012bgas pret skr\u0101p\u0113jumiem, triecieniem, mitrumu un \u0137\u012bmisk\u0101m viel\u0101m. Pat p\u0113c ilgsto\u0161as lieto\u0161anas galdi saglab\u0101 gl\u012btu izskatu, padarot tos \u012bpa\u0161i piem\u0113rotus intens\u012bvi noslogot\u0101m skolu telp\u0101m.<\/p>\n<p data-start=\"1724\" data-end=\"2087\">Skolu laboratorijas soliem bie\u017ei ir integr\u0113ti \u016bdens kr\u0101ni un elektr\u012bbas rozetes. Tas \u013cauj veikt da\u017e\u0101dus eksperimentus vien\u0101 darba viet\u0101, jo skol\u0113niem ir pieejams viss nepiecie\u0161amais apr\u012bkojums. Demonstr\u0101cijas soliem skolot\u0101jiem var b\u016bt papildu apr\u012bkojums, piem\u0113ram, izlietnes vai g\u0101zes padeve, lai nodro\u0161in\u0101tu netrauc\u0113tu nodarb\u012bbu norisi.<\/p>\n<p data-start=\"2089\" data-end=\"2391\">M\u0113bel\u0113m ir ar\u012b ergonomisks dizains. Regul\u0113jamas k\u0101jas (0\u201330 mm) \u013cauj prec\u012bzi piel\u0101got galdu augstumu gr\u012bdas l\u012bmenim. Turkl\u0101t ra\u017eo\u0161ana tiek veikta, \u0146emot v\u0113r\u0101 konkr\u0113t\u0101s klases izm\u0113rus un vajadz\u012bbas. Tas nodro\u0161ina, ka m\u0113beles lieliski ieder\u0113sies telp\u0101, nodro\u0161inot \u0113rtu m\u0101c\u012bbu procesu.<\/p>\n<p data-start=\"2393\" data-end=\"2767\">\u0160o m\u0113be\u013cu priek\u0161roc\u012bba ir iesp\u0113ja t\u0101s kombin\u0113t ar citiem laboratorijas risin\u0101jumiem. T\u0101s var papildin\u0101t ar rea\u0123entu skapjiem, uzglab\u0101\u0161anas plauktiem vai citiem modu\u013ciem, lai rad\u012btu sak\u0101rtotu un funkcion\u0101lu vidi. Tas nodro\u0161ina, ka studentiem ir pieejami visi nepiecie\u0161amie instrumenti un uzglab\u0101\u0161anas vietas vienuviet.<\/p>\n<h3 data-start=\"2769\" data-end=\"2791\">Iesp\u0113jam\u0101s iesp\u0113jas<\/h3>\n<div class=\"_tableContainer_1rjym_1\">\n<div class=\"_tableWrapper_1rjym_13 group flex w-fit flex-col-reverse\" tabindex=\"-1\">\n<table class=\"w-fit min-w-(--thread-content-width)\" data-start=\"2792\" data-end=\"3340\">\n<thead data-start=\"2792\" data-end=\"2830\">\n<tr data-start=\"2792\" data-end=\"2830\">\n<th data-start=\"2792\" data-end=\"2804\" data-col-size=\"sm\">Produkts<\/th>\n<th data-start=\"2804\" data-end=\"2816\" data-col-size=\"sm\">M\u0113r\u0137is<\/th>\n<th data-start=\"2816\" data-end=\"2830\" data-col-size=\"md\">Funkcijas<\/th>\n<\/tr>\n<\/thead>\n<tbody data-start=\"2870\" data-end=\"3340\">\n<tr data-start=\"2870\" data-end=\"3003\">\n<td data-start=\"2870\" data-end=\"2904\" data-col-size=\"sm\">Demonstr\u0101cijas galds skolot\u0101jam<\/td>\n<td data-start=\"2904\" data-end=\"2934\" data-col-size=\"sm\">Eksperimentu demonstr\u0113\u0161anai<\/td>\n<td data-start=\"2934\" data-end=\"3003\" data-col-size=\"md\">Ar integr\u0113tu jauc\u0113jkr\u0101nu, elektr\u012bbas rozet\u0113m, papildu izlietn\u0113m<\/td>\n<\/tr>\n<tr data-start=\"3004\" data-end=\"3123\">\n<td data-start=\"3004\" data-end=\"3037\" data-col-size=\"sm\">Laboratorijas galds studentiem<\/td>\n<td data-start=\"3037\" data-end=\"3059\" data-col-size=\"sm\">Praktiskajam darbam<\/td>\n<td data-start=\"3059\" data-end=\"3123\" data-col-size=\"md\">Iztur\u012bga HPL virsmas virsma, kur\u0101 var integr\u0113t elektr\u012bbas rozetes<\/td>\n<\/tr>\n<tr data-start=\"3124\" data-end=\"3241\">\n<td data-start=\"3124\" data-end=\"3143\" data-col-size=\"sm\">Grupu tabulas<\/td>\n<td data-start=\"3143\" data-end=\"3161\" data-col-size=\"sm\">Grupu darbam<\/td>\n<td data-start=\"3161\" data-end=\"3241\" data-col-size=\"md\">Konfigur\u0113jams atbilsto\u0161i klases lielumam, nodro\u0161inot \u0113rtu darbu vair\u0101kiem skol\u0113niem<\/td>\n<\/tr>\n<tr data-start=\"3242\" data-end=\"3340\">\n<td data-start=\"3242\" data-end=\"3266\" data-col-size=\"sm\">Skap\u012b\u0161i un plaukti<\/td>\n<td data-start=\"3266\" data-end=\"3279\" data-col-size=\"sm\">Uzglab\u0101\u0161anai<\/td>\n<td data-start=\"3279\" data-end=\"3340\" data-col-size=\"md\">Piem\u0113rots rea\u0123entu, instrumentu un apr\u012bkojuma uzglab\u0101\u0161anai<\/td>\n<\/tr>\n<\/tbody>\n<\/table>\n<\/div>\n<\/div>\n<p data-start=\"3342\" data-end=\"3549\">Skolas laboratorijas m\u0113beles ir risin\u0101jums, kas nodro\u0161ina dro\u0161\u012bbu, funkcionalit\u0101ti un iztur\u012bbu. T\u0101s pal\u012bdz organiz\u0113t telpu t\u0101, lai praktisk\u0101s aktivit\u0101tes b\u016btu \u0113rtas, sak\u0101rtotas un efekt\u012bvas.<\/p>","protected":false},"excerpt":{"rendered":"<p>Skolas laboratorijas m\u0113beles ir paredz\u0113tas \u0137\u012bmijas, fizikas un biolo\u0123ijas klas\u0113m. Konstrukcija nodro\u0161ina iztur\u012bbu un dro\u0161\u012bbu, galda virsmas ir iztur\u012bgas pret intens\u012bvu lieto\u0161anu, triecieniem un rakst\u012b\u0161anu. M\u0113beles ir apr\u012bkotas ar integr\u0113tiem \u016bdens kr\u0101niem un elektr\u012bbas rozet\u0113m, t\u0101p\u0113c t\u0101s piln\u012bb\u0101 atbilst m\u0101c\u012bbu procesa pras\u012bb\u0101m. Cena ir konkur\u0113tsp\u0113j\u012bga, sal\u012bdzinot ar koka pane\u013cu risin\u0101jumiem, un galda virsmas tiek izv\u0113l\u0113tas atbilsto\u0161i izmantotajiem materi\u0101liem un m\u0101c\u012bbu specifikai.<\/p>","protected":false},"featured_media":22172,"template":"","meta":[],"product_cat":[1104],"product_tag":[],"class_list":{"0":"post-22159","1":"product","2":"type-product","3":"status-publish","4":"has-post-thumbnail","6":"product_brand-labexpert","7":"product_cat-laboratoriniai-baldai","9":"first","10":"instock","11":"shipping-taxable","12":"product-type-simple"},"_links":{"self":[{"href":"https:\/\/labostera.lt\/lv\/wp-json\/wp\/v2\/product\/22159","targetHints":{"allow":["GET"]}}],"collection":[{"href":"https:\/\/labostera.lt\/lv\/wp-json\/wp\/v2\/product"}],"about":[{"href":"https:\/\/labostera.lt\/lv\/wp-json\/wp\/v2\/types\/product"}],"wp:featuredmedia":[{"embeddable":true,"href":"https:\/\/labostera.lt\/lv\/wp-json\/wp\/v2\/media\/22172"}],"wp:attachment":[{"href":"https:\/\/labostera.lt\/lv\/wp-json\/wp\/v2\/media?parent=22159"}],"wp:term":[{"taxonomy":"product_cat","embeddable":true,"href":"https:\/\/labostera.lt\/lv\/wp-json\/wp\/v2\/product_cat?post=22159"},{"taxonomy":"product_tag","embeddable":true,"href":"https:\/\/labostera.lt\/lv\/wp-json\/wp\/v2\/product_tag?post=22159"}],"curies":[{"name":"wp","href":"https:\/\/api.w.org\/{rel}","templated":true}]}}