{"id":22099,"date":"2025-09-04T14:07:43","date_gmt":"2025-09-04T11:07:43","guid":{"rendered":"https:\/\/labostera.lt\/?post_type=product&#038;p=22099"},"modified":"2025-09-04T14:27:46","modified_gmt":"2025-09-04T11:27:46","slug":"laboratorines-sandeliavimo-lentynos","status":"publish","type":"product","link":"https:\/\/labostera.lt\/lv\/priemones-ir-iranga\/laboratorine-iranga\/laboratoriniai-baldai\/laboratorines-sandeliavimo-lentynos\/","title":{"rendered":"Laboratorijas uzglab\u0101\u0161anas plaukti"},"content":{"rendered":"<p data-start=\"618\" data-end=\"991\">Laboratorijas uzglab\u0101\u0161anas plaukti \u013cauj gl\u012bti uzglab\u0101t da\u017e\u0101dus instrumentus. Konstrukcija ir izgatavota no met\u0101la, p\u0101rkl\u0101ta ar pulverkr\u0101su, nodro\u0161inot iztur\u012bbu un ilgm\u016b\u017e\u012bbu. Plauktu augstums ir regul\u0113jams, t\u0101p\u0113c tos var piel\u0101got uzglab\u0101jamo priek\u0161metu izm\u0113ram.<\/p>\n<p><strong><a href=\"https:\/\/labostera.lt\/wp-content\/uploads\/2025\/05\/2025-Laboratoriniu-baldu-katalogas.pdf\">Laboratorijas m\u0113be\u013cu katalogs<\/a><\/strong><\/p>\n<p data-start=\"3502\" data-end=\"3696\">Uzglab\u0101\u0161anas plaukti \u013cauj optim\u0101li izmantot telpu. Tos izmanto rea\u0123entu, instrumentu, konteineru vai cita apr\u012bkojuma uzglab\u0101\u0161anai. Konstrukcija ir iztur\u012bga un paredz\u0113ta liel\u0101k\u0101m slodz\u0113m.<\/p>\n<p data-start=\"3698\" data-end=\"3988\">Plauktus var apr\u012bkot p\u0113c vajadz\u012bbas \u2013 ar regul\u0113jamu augstumu vai papildu segmentiem. \u0160is ir risin\u0101jums, kas \u013cauj uztur\u0113t k\u0101rt\u012bbu un \u0101tri piek\u013c\u016bt visiem darba instrumentiem. Pateicoties vienk\u0101r\u0161ajam dizainam, tos ir viegli integr\u0113t gan maz\u0101k\u0101s, gan liel\u0101k\u0101s laboratorij\u0101s.<\/p>\n<p data-start=\"7522\" data-end=\"7544\"><strong data-start=\"7522\" data-end=\"7542\">Iesp\u0113jam\u0101s iesp\u0113jas<\/strong><\/p>\n<div class=\"_tableContainer_1rjym_1\">\n<div class=\"_tableWrapper_1rjym_13 group flex w-fit flex-col-reverse\" tabindex=\"-1\">\n<table class=\"w-fit min-w-(--thread-content-width)\" data-start=\"7546\" data-end=\"7850\">\n<thead data-start=\"7546\" data-end=\"7588\">\n<tr data-start=\"7546\" data-end=\"7588\">\n<th data-start=\"7546\" data-end=\"7558\" data-col-size=\"sm\">Variants<\/th>\n<th data-start=\"7558\" data-end=\"7573\" data-col-size=\"sm\">B\u016bvniec\u012bba<\/th>\n<th data-start=\"7573\" data-end=\"7588\" data-col-size=\"sm\">Adapt\u0101cija<\/th>\n<\/tr>\n<\/thead>\n<tbody data-start=\"7632\" data-end=\"7850\">\n<tr data-start=\"7632\" data-end=\"7678\">\n<td data-start=\"7632\" data-end=\"7646\" data-col-size=\"sm\">Standarta<\/td>\n<td data-start=\"7646\" data-end=\"7657\" data-col-size=\"sm\">Met\u0101ls<\/td>\n<td data-start=\"7657\" data-end=\"7678\" data-col-size=\"sm\">Apr\u012bkojumam un piederumiem<\/td>\n<\/tr>\n<tr data-start=\"7679\" data-end=\"7728\">\n<td data-start=\"7679\" data-end=\"7693\" data-col-size=\"sm\">Pastiprin\u0101ta<\/td>\n<td data-start=\"7693\" data-end=\"7704\" data-col-size=\"sm\">Met\u0101ls<\/td>\n<td data-start=\"7704\" data-end=\"7728\" data-col-size=\"sm\">Smag\u0101kiem priek\u0161metiem<\/td>\n<\/tr>\n<tr data-start=\"7729\" data-end=\"7794\">\n<td data-start=\"7729\" data-end=\"7747\" data-col-size=\"sm\">Ar ventil\u0101ciju<\/td>\n<td data-start=\"7747\" data-end=\"7770\" data-col-size=\"sm\">Perfor\u0113ti plaukti<\/td>\n<td data-start=\"7770\" data-end=\"7794\" data-col-size=\"sm\">\u0136\u012bmiskaj\u0101m viel\u0101m<\/td>\n<\/tr>\n<tr data-start=\"7795\" data-end=\"7850\">\n<td data-start=\"7795\" data-end=\"7806\" data-col-size=\"sm\">Modul\u0101rs<\/td>\n<td data-start=\"7806\" data-end=\"7817\" data-col-size=\"sm\">Met\u0101ls<\/td>\n<td data-start=\"7817\" data-end=\"7850\" data-col-size=\"sm\">Var savienot vair\u0101kas sada\u013cas<\/td>\n<\/tr>\n<\/tbody>\n<\/table>\n<\/div>\n<\/div>\n<p data-start=\"7852\" data-end=\"7957\">Laboratorijas plaukti nodro\u0161ina \u0113rtu un dro\u0161u uzglab\u0101\u0161anas risin\u0101jumu, kas piem\u0113rots da\u017e\u0101da veida laboratorij\u0101m.<\/p>","protected":false},"excerpt":{"rendered":"<p>Laboratorijas skapji rea\u0123entiem ir paredz\u0113ti \u0137\u012bmisko vielu un rea\u0123entu dro\u0161ai uzglab\u0101\u0161anai. Iztur\u012bga met\u0101la konstrukcija, ventil\u0113jamas vai stikla durvis. Nodro\u0161ina k\u0101rt\u012bbu un dro\u0161\u012bbu laboratorij\u0101.<\/p>","protected":false},"featured_media":22157,"template":"","meta":[],"product_cat":[1104],"product_tag":[],"class_list":{"0":"post-22099","1":"product","2":"type-product","3":"status-publish","4":"has-post-thumbnail","6":"product_brand-labexpert","7":"product_cat-laboratoriniai-baldai","9":"first","10":"instock","11":"shipping-taxable","12":"product-type-simple"},"_links":{"self":[{"href":"https:\/\/labostera.lt\/lv\/wp-json\/wp\/v2\/product\/22099","targetHints":{"allow":["GET"]}}],"collection":[{"href":"https:\/\/labostera.lt\/lv\/wp-json\/wp\/v2\/product"}],"about":[{"href":"https:\/\/labostera.lt\/lv\/wp-json\/wp\/v2\/types\/product"}],"wp:featuredmedia":[{"embeddable":true,"href":"https:\/\/labostera.lt\/lv\/wp-json\/wp\/v2\/media\/22157"}],"wp:attachment":[{"href":"https:\/\/labostera.lt\/lv\/wp-json\/wp\/v2\/media?parent=22099"}],"wp:term":[{"taxonomy":"product_cat","embeddable":true,"href":"https:\/\/labostera.lt\/lv\/wp-json\/wp\/v2\/product_cat?post=22099"},{"taxonomy":"product_tag","embeddable":true,"href":"https:\/\/labostera.lt\/lv\/wp-json\/wp\/v2\/product_tag?post=22099"}],"curies":[{"name":"wp","href":"https:\/\/api.w.org\/{rel}","templated":true}]}}