{"id":22098,"date":"2025-09-04T14:06:24","date_gmt":"2025-09-04T11:06:24","guid":{"rendered":"https:\/\/labostera.lt\/?post_type=product&#038;p=22098"},"modified":"2025-09-04T14:27:19","modified_gmt":"2025-09-04T11:27:19","slug":"laboratorines-spintos-reagentams","status":"publish","type":"product","link":"https:\/\/labostera.lt\/lv\/priemones-ir-iranga\/laboratorine-iranga\/laboratoriniai-baldai\/laboratorines-spintos-reagentams\/","title":{"rendered":"Laboratorijas skapji rea\u0123entiem"},"content":{"rendered":"<p data-start=\"618\" data-end=\"991\">Laboratorijas skapji rea\u0123entiem \u013cauj organiz\u0113ti un dro\u0161i uzglab\u0101t da\u017e\u0101dus \u0137\u012bmiskos prepar\u0101tus. Met\u0101la konstrukcija ir iztur\u012bga pret koroziju. Durvis var b\u016bt met\u0101la, stikla vai ar ventil\u0101ciju. Iek\u0161pus\u0113 ir uzst\u0101d\u012bti plaukti, kas piel\u0101goti rea\u0123entu konteineriem.<\/p>\n<p><strong><a href=\"https:\/\/labostera.lt\/wp-content\/uploads\/2025\/05\/2025-Laboratoriniu-baldu-katalogas.pdf\">Laboratorijas m\u0113be\u013cu katalogs<\/a><\/strong><\/p>\n<p data-start=\"3020\" data-end=\"3246\">Rea\u0123entu skapji ir b\u016btiski laboratorij\u0101s, kur tiek uzglab\u0101tas \u0137\u012bmisk\u0101s vielas. Tie ir izstr\u0101d\u0101ti, lai nodro\u0161in\u0101tu maksim\u0101lu dro\u0161\u012bbu, s\u0101kot no iztur\u012bgu materi\u0101lu konstrukcijas l\u012bdz ventil\u0101cijas sist\u0113mu integr\u0113\u0161anas iesp\u0113jai.<\/p>\n<p data-start=\"3248\" data-end=\"3453\">Pareizi izv\u0113l\u0113ts skapis samazina \u0137\u012bmisko vielu ietekmes uz darbiniekiem vai vidi risku. Tas ar\u012b pal\u012bdz uztur\u0113t k\u0101rt\u012bbu, jo katru materi\u0101lu var uzglab\u0101t atsevi\u0161\u0137i atbilsto\u0161i pras\u012bb\u0101m.<\/p>\n<p data-start=\"6470\" data-end=\"6492\"><strong data-start=\"6470\" data-end=\"6490\">Iesp\u0113jam\u0101s iesp\u0113jas<\/strong><\/p>\n<div class=\"_tableContainer_1rjym_1\">\n<div class=\"_tableWrapper_1rjym_13 group flex w-fit flex-col-reverse\" tabindex=\"-1\">\n<table class=\"w-fit min-w-(--thread-content-width)\" data-start=\"6494\" data-end=\"6747\">\n<thead data-start=\"6494\" data-end=\"6531\">\n<tr data-start=\"6494\" data-end=\"6531\">\n<th data-start=\"6494\" data-end=\"6506\" data-col-size=\"sm\">Variants<\/th>\n<th data-start=\"6506\" data-end=\"6519\" data-col-size=\"sm\">Durvju tips<\/th>\n<th data-start=\"6519\" data-end=\"6531\" data-col-size=\"sm\">Funkcijas<\/th>\n<\/tr>\n<\/thead>\n<tbody data-start=\"6570\" data-end=\"6747\">\n<tr data-start=\"6570\" data-end=\"6627\">\n<td data-start=\"6570\" data-end=\"6595\" data-col-size=\"sm\">Ar met\u0101la durv\u012bm<\/td>\n<td data-start=\"6595\" data-end=\"6607\" data-col-size=\"sm\">Met\u0101ls<\/td>\n<td data-start=\"6607\" data-end=\"6627\" data-col-size=\"sm\">Dro\u0161ai glab\u0101\u0161anai<\/td>\n<\/tr>\n<tr data-start=\"6628\" data-end=\"6687\">\n<td data-start=\"6628\" data-end=\"6653\" data-col-size=\"sm\">Ar stikla durv\u012bm<\/td>\n<td data-start=\"6653\" data-end=\"6663\" data-col-size=\"sm\">Stikls<\/td>\n<td data-start=\"6663\" data-end=\"6687\" data-col-size=\"sm\">Lai nodro\u0161in\u0101tu redzam\u012bbu<\/td>\n<\/tr>\n<tr data-start=\"6688\" data-end=\"6747\">\n<td data-start=\"6688\" data-end=\"6706\" data-col-size=\"sm\">Ar ventil\u0101ciju<\/td>\n<td data-start=\"6706\" data-end=\"6720\" data-col-size=\"sm\">Perfor\u0113ts<\/td>\n<td data-start=\"6720\" data-end=\"6747\" data-col-size=\"sm\">G\u0101zu vai smaku likvid\u0113\u0161anai<\/td>\n<\/tr>\n<\/tbody>\n<\/table>\n<\/div>\n<\/div>\n<p data-start=\"6749\" data-end=\"6841\">Rea\u0123entu skapji pal\u012bdz nodro\u0161in\u0101t dro\u0161u darba vidi un \u0113rtu piek\u013cuvi materi\u0101liem.<\/p>\n<p data-start=\"6843\" data-end=\"6983\">","protected":false},"excerpt":{"rendered":"<p>Laboratorijas skapji rea\u0123entiem ir paredz\u0113ti \u0137\u012bmisko vielu un rea\u0123entu dro\u0161ai uzglab\u0101\u0161anai. Iztur\u012bga met\u0101la konstrukcija, ventil\u0113jamas vai stikla durvis. Nodro\u0161ina k\u0101rt\u012bbu un dro\u0161\u012bbu laboratorij\u0101.<\/p>","protected":false},"featured_media":22148,"template":"","meta":[],"product_cat":[1104],"product_tag":[],"class_list":{"0":"post-22098","1":"product","2":"type-product","3":"status-publish","4":"has-post-thumbnail","6":"product_brand-labexpert","7":"product_cat-laboratoriniai-baldai","9":"first","10":"instock","11":"shipping-taxable","12":"product-type-simple"},"_links":{"self":[{"href":"https:\/\/labostera.lt\/lv\/wp-json\/wp\/v2\/product\/22098","targetHints":{"allow":["GET"]}}],"collection":[{"href":"https:\/\/labostera.lt\/lv\/wp-json\/wp\/v2\/product"}],"about":[{"href":"https:\/\/labostera.lt\/lv\/wp-json\/wp\/v2\/types\/product"}],"wp:featuredmedia":[{"embeddable":true,"href":"https:\/\/labostera.lt\/lv\/wp-json\/wp\/v2\/media\/22148"}],"wp:attachment":[{"href":"https:\/\/labostera.lt\/lv\/wp-json\/wp\/v2\/media?parent=22098"}],"wp:term":[{"taxonomy":"product_cat","embeddable":true,"href":"https:\/\/labostera.lt\/lv\/wp-json\/wp\/v2\/product_cat?post=22098"},{"taxonomy":"product_tag","embeddable":true,"href":"https:\/\/labostera.lt\/lv\/wp-json\/wp\/v2\/product_tag?post=22098"}],"curies":[{"name":"wp","href":"https:\/\/api.w.org\/{rel}","templated":true}]}}