{"id":22097,"date":"2025-09-04T14:05:16","date_gmt":"2025-09-04T11:05:16","guid":{"rendered":"https:\/\/labostera.lt\/?post_type=product&#038;p=22097"},"modified":"2025-09-04T14:26:47","modified_gmt":"2025-09-04T11:26:47","slug":"laboratorines-spintos","status":"publish","type":"product","link":"https:\/\/labostera.lt\/lv\/priemones-ir-iranga\/laboratorine-iranga\/laboratoriniai-baldai\/laboratorines-spintos\/","title":{"rendered":"Laboratorijas skapji"},"content":{"rendered":"<p data-start=\"618\" data-end=\"991\">Laboratorijas skapji sniedz iesp\u0113ju organiz\u0113ti uzglab\u0101t laboratorijas apr\u012bkojumu. Konstrukcija ir izgatavota no met\u0101la, p\u0101rkl\u0101ta ar pulverkr\u0101su. Skapji ir apr\u012bkoti ar plauktiem, kuru augstumu var regul\u0113t.<\/p>\n<p><strong><a href=\"https:\/\/labostera.lt\/wp-content\/uploads\/2025\/05\/2025-Laboratoriniu-baldu-katalogas.pdf\">Laboratorijas m\u0113be\u013cu katalogs<\/a><\/strong><\/p>\n<p data-start=\"2483\" data-end=\"2709\">Laboratorijas skapji ir paredz\u0113ti iek\u0101rtu, materi\u0101lu un rea\u0123entu dro\u0161ai glab\u0101\u0161anai. To konstrukcijas nodro\u0161ina dro\u0161u ventil\u0101ciju un iztur\u012bbu pret agres\u012bv\u0101m \u0137\u012bmisk\u0101m viel\u0101m. Tas nodro\u0161ina k\u0101rt\u012bbu un darbinieku dro\u0161\u012bbu.<\/p>\n<p data-start=\"2711\" data-end=\"2989\">\u0160\u0101dus skapjus var izmantot gan visp\u0101r\u012bgiem laboratorijas piederumiem, gan specializ\u0113tiem materi\u0101liem. Atkar\u012bb\u0101 no nepiecie\u0161am\u012bbas tiem var b\u016bt papildu nodal\u012bjumi, regul\u0113jami plaukti vai aizsl\u0113dzamas durvis, lai nodro\u0161in\u0101tu aizsardz\u012bbu pret nesankcion\u0113tu piek\u013cuvi.<\/p>\n<p data-start=\"5310\" data-end=\"5332\"><strong data-start=\"5310\" data-end=\"5330\">Iesp\u0113jam\u0101s iesp\u0113jas<\/strong><\/p>\n<div class=\"_tableContainer_1rjym_1\">\n<div class=\"_tableWrapper_1rjym_13 group flex w-fit flex-col-reverse\" tabindex=\"-1\">\n<table class=\"w-fit min-w-(--thread-content-width)\" data-start=\"5334\" data-end=\"5676\">\n<thead data-start=\"5334\" data-end=\"5374\">\n<tr data-start=\"5334\" data-end=\"5374\">\n<th data-start=\"5334\" data-end=\"5346\" data-col-size=\"sm\">Variants<\/th>\n<th data-start=\"5346\" data-end=\"5359\" data-col-size=\"sm\">Durvju tips<\/th>\n<th data-start=\"5359\" data-end=\"5374\" data-col-size=\"sm\">Adapt\u0101cija<\/th>\n<\/tr>\n<\/thead>\n<tbody data-start=\"5416\" data-end=\"5676\">\n<tr data-start=\"5416\" data-end=\"5466\">\n<td data-start=\"5416\" data-end=\"5430\" data-col-size=\"sm\">Standarta<\/td>\n<td data-start=\"5430\" data-end=\"5442\" data-col-size=\"sm\">Met\u0101ls<\/td>\n<td data-start=\"5442\" data-end=\"5466\" data-col-size=\"sm\">Kop\u012bgiem pas\u0101kumiem<\/td>\n<\/tr>\n<tr data-start=\"5467\" data-end=\"5537\">\n<td data-start=\"5467\" data-end=\"5492\" data-col-size=\"sm\">Ar stikla durv\u012bm<\/td>\n<td data-start=\"5492\" data-end=\"5502\" data-col-size=\"sm\">Stikls<\/td>\n<td data-start=\"5502\" data-end=\"5537\" data-col-size=\"sm\">Rea\u0123entiem, kas ir vizu\u0101li redzami<\/td>\n<\/tr>\n<tr data-start=\"5538\" data-end=\"5591\">\n<td data-start=\"5538\" data-end=\"5547\" data-col-size=\"sm\">Traukiem<\/td>\n<td data-start=\"5547\" data-end=\"5574\" data-col-size=\"sm\">Pastiprin\u0101ta konstrukcija<\/td>\n<td data-start=\"5574\" data-end=\"5591\" data-col-size=\"sm\">Stikla traukiem<\/td>\n<\/tr>\n<tr data-start=\"5592\" data-end=\"5676\">\n<td data-start=\"5592\" data-end=\"5613\" data-col-size=\"sm\">Viegli uzliesmojo\u0161iem materi\u0101liem<\/td>\n<td data-start=\"5613\" data-end=\"5637\" data-col-size=\"sm\">\u012apa\u0161s dizains<\/td>\n<td data-start=\"5637\" data-end=\"5676\" data-col-size=\"sm\">\u0136\u012bmisk\u0101m un b\u012bstam\u0101m viel\u0101m<\/td>\n<\/tr>\n<\/tbody>\n<\/table>\n<\/div>\n<\/div>\n<p data-start=\"5678\" data-end=\"5802\">Laboratorijas skapji nodro\u0161ina instrumentu dro\u0161u un sak\u0101rtotu glab\u0101\u0161anu, un tos var piel\u0101got laboratorijas vajadz\u012bb\u0101m.<\/p>","protected":false},"excerpt":{"rendered":"<p>Laboratorijas skapji ir paredz\u0113ti rea\u0123entu, konteineru vai apr\u012bkojuma uzglab\u0101\u0161anai. Iztur\u012bga met\u0101la konstrukcija, durvis var b\u016bt met\u0101la, stikla vai ventil\u0113jamas. Ir pieejami specializ\u0113ti skapji konteineriem vai viegli uzliesmojo\u0161iem materi\u0101liem.<\/p>","protected":false},"featured_media":22152,"template":"","meta":[],"product_cat":[1104],"product_tag":[],"class_list":{"0":"post-22097","1":"product","2":"type-product","3":"status-publish","4":"has-post-thumbnail","6":"product_brand-labexpert","7":"product_cat-laboratoriniai-baldai","9":"first","10":"instock","11":"shipping-taxable","12":"product-type-simple"},"_links":{"self":[{"href":"https:\/\/labostera.lt\/lv\/wp-json\/wp\/v2\/product\/22097","targetHints":{"allow":["GET"]}}],"collection":[{"href":"https:\/\/labostera.lt\/lv\/wp-json\/wp\/v2\/product"}],"about":[{"href":"https:\/\/labostera.lt\/lv\/wp-json\/wp\/v2\/types\/product"}],"wp:featuredmedia":[{"embeddable":true,"href":"https:\/\/labostera.lt\/lv\/wp-json\/wp\/v2\/media\/22152"}],"wp:attachment":[{"href":"https:\/\/labostera.lt\/lv\/wp-json\/wp\/v2\/media?parent=22097"}],"wp:term":[{"taxonomy":"product_cat","embeddable":true,"href":"https:\/\/labostera.lt\/lv\/wp-json\/wp\/v2\/product_cat?post=22097"},{"taxonomy":"product_tag","embeddable":true,"href":"https:\/\/labostera.lt\/lv\/wp-json\/wp\/v2\/product_tag?post=22097"}],"curies":[{"name":"wp","href":"https:\/\/api.w.org\/{rel}","templated":true}]}}