{"id":22096,"date":"2025-09-04T14:03:48","date_gmt":"2025-09-04T11:03:48","guid":{"rendered":"https:\/\/labostera.lt\/?post_type=product&#038;p=22096"},"modified":"2025-09-04T14:25:15","modified_gmt":"2025-09-04T11:25:15","slug":"mobilios-laboratorines-spinteles","status":"publish","type":"product","link":"https:\/\/labostera.lt\/lv\/priemones-ir-iranga\/laboratorine-iranga\/laboratoriniai-baldai\/mobilios-laboratorines-spinteles\/","title":{"rendered":"Mobil\u0101s laboratorijas skapji"},"content":{"rendered":"<p data-start=\"618\" data-end=\"991\">Mobilie laboratorijas skapji ir paredz\u0113ti dinamisk\u0101m darba viet\u0101m. Iztur\u012bgais met\u0101la korpuss ar pulverkr\u0101sojumu nodro\u0161ina ilgm\u016b\u017e\u012bbu. Skapji ir apr\u012bkoti ar ritenti\u0146iem ar bremz\u0113m, t\u0101p\u0113c konstrukcija saglab\u0101 stabilit\u0101ti.<\/p>\n<p><strong><a href=\"https:\/\/labostera.lt\/wp-content\/uploads\/2025\/05\/2025-Laboratoriniu-baldu-katalogas.pdf\">Laboratorijas m\u0113be\u013cu katalogs<\/a><\/strong><\/p>\n<p data-start=\"1940\" data-end=\"2205\">Mobilie skapji nodro\u0161ina papildu elast\u012bbu. Pateicoties ritenti\u0146iem, tos var viegli p\u0101rvietot no vienas darbstacijas uz citu, t\u0101p\u0113c apr\u012bkojums vai rea\u0123enti vienm\u0113r atrodas tur, kur tie nepiecie\u0161ami. Tas ir \u012bpa\u0161i \u0113rti dinamisk\u0101 vid\u0113, kur eksperiment\u0101l\u0101s vietas past\u0101v\u012bgi main\u0101s.<\/p>\n<p data-start=\"2207\" data-end=\"2448\">Tie nodro\u0161ina k\u0101rt\u012bbu un palielina darba produktivit\u0101ti, jo \u013cauj \u0101tri p\u0101rk\u0101rtot darba instrumentus. Mobilos skapjus var apr\u012bkot ar atvilktn\u0113m vai plauktiem, padarot tos piem\u0113rotus dokumentu, apr\u012bkojuma vai materi\u0101lu glab\u0101\u0161anai.<\/p>\n<p data-start=\"4079\" data-end=\"4101\"><strong data-start=\"4079\" data-end=\"4099\">Iesp\u0113jam\u0101s iesp\u0113jas<\/strong><\/p>\n<div class=\"_tableContainer_1rjym_1\">\n<div class=\"_tableWrapper_1rjym_13 group flex w-fit flex-col-reverse\" tabindex=\"-1\">\n<table class=\"w-fit min-w-(--thread-content-width)\" data-start=\"4103\" data-end=\"4502\">\n<thead data-start=\"4103\" data-end=\"4161\">\n<tr data-start=\"4103\" data-end=\"4161\">\n<th data-start=\"4103\" data-end=\"4115\" data-col-size=\"sm\">Varianti<\/th>\n<th data-start=\"4115\" data-end=\"4130\" data-col-size=\"sm\">B\u016bvniec\u012bba<\/th>\n<th data-start=\"4130\" data-end=\"4146\" data-col-size=\"sm\">Konfigur\u0101cija<\/th>\n<th data-start=\"4146\" data-end=\"4161\" data-col-size=\"sm\">Adapt\u0101cija<\/th>\n<\/tr>\n<\/thead>\n<tbody data-start=\"4221\" data-end=\"4502\">\n<tr data-start=\"4221\" data-end=\"4287\">\n<td data-start=\"4221\" data-end=\"4242\" data-col-size=\"sm\">Standarta mobilais<\/td>\n<td data-start=\"4242\" data-end=\"4253\" data-col-size=\"sm\">Met\u0101ls<\/td>\n<td data-start=\"4253\" data-end=\"4265\" data-col-size=\"sm\">Divas durvis<\/td>\n<td data-start=\"4265\" data-end=\"4287\" data-col-size=\"sm\">Instrumentu glab\u0101\u0161anai<\/td>\n<\/tr>\n<tr data-start=\"4288\" data-end=\"4360\">\n<td data-start=\"4288\" data-end=\"4303\" data-col-size=\"sm\">Ar atvilktn\u0113m<\/td>\n<td data-start=\"4303\" data-end=\"4314\" data-col-size=\"sm\">Met\u0101ls<\/td>\n<td data-start=\"4314\" data-end=\"4329\" data-col-size=\"sm\">3\u20135 atvilktnes<\/td>\n<td data-start=\"4329\" data-end=\"4360\" data-col-size=\"sm\">Instrumentiem, maziem piederumiem<\/td>\n<\/tr>\n<tr data-start=\"4361\" data-end=\"4426\">\n<td data-start=\"4361\" data-end=\"4369\" data-col-size=\"sm\">Jaukts<\/td>\n<td data-start=\"4369\" data-end=\"4380\" data-col-size=\"sm\">Met\u0101ls<\/td>\n<td data-start=\"4380\" data-end=\"4400\" data-col-size=\"sm\">Durvis un atvilktnes<\/td>\n<td data-start=\"4400\" data-end=\"4426\" data-col-size=\"sm\">Univers\u0101ls risin\u0101jums<\/td>\n<\/tr>\n<tr data-start=\"4427\" data-end=\"4502\">\n<td data-start=\"4427\" data-end=\"4445\" data-col-size=\"sm\">Ar ventil\u0101ciju<\/td>\n<td data-start=\"4445\" data-end=\"4456\" data-col-size=\"sm\">Met\u0101ls<\/td>\n<td data-start=\"4456\" data-end=\"4476\" data-col-size=\"sm\">Perfor\u0113tas durvis<\/td>\n<td data-start=\"4476\" data-end=\"4502\" data-col-size=\"sm\">Konkr\u0113tiem materi\u0101liem<\/td>\n<\/tr>\n<\/tbody>\n<\/table>\n<\/div>\n<\/div>\n<p data-start=\"4504\" data-end=\"4624\">Mobilie skapji nodro\u0161ina elast\u012bbu laboratorijas darbam un tos var viegli piel\u0101got galdiem vai cit\u0101m m\u0113bel\u0113m.<\/p>","protected":false},"excerpt":{"rendered":"<p>Mobilie skapji ar rite\u0146iem \u013cauj \u0113rti main\u012bt laboratorijas izk\u0101rtojumu. Izgatavoti no met\u0101la, iztur\u012bgi pret \u0137\u012bmisk\u0101m viel\u0101m, mitrumu un meh\u0101nisko slodzi. Pieejami ar atvilktn\u0113m, durv\u012bm vai jauktu versiju.<\/p>","protected":false},"featured_media":22136,"template":"","meta":[],"product_cat":[1104],"product_tag":[],"class_list":{"0":"post-22096","1":"product","2":"type-product","3":"status-publish","4":"has-post-thumbnail","6":"product_brand-labexpert","7":"product_cat-laboratoriniai-baldai","9":"first","10":"instock","11":"shipping-taxable","12":"product-type-simple"},"_links":{"self":[{"href":"https:\/\/labostera.lt\/lv\/wp-json\/wp\/v2\/product\/22096","targetHints":{"allow":["GET"]}}],"collection":[{"href":"https:\/\/labostera.lt\/lv\/wp-json\/wp\/v2\/product"}],"about":[{"href":"https:\/\/labostera.lt\/lv\/wp-json\/wp\/v2\/types\/product"}],"wp:featuredmedia":[{"embeddable":true,"href":"https:\/\/labostera.lt\/lv\/wp-json\/wp\/v2\/media\/22136"}],"wp:attachment":[{"href":"https:\/\/labostera.lt\/lv\/wp-json\/wp\/v2\/media?parent=22096"}],"wp:term":[{"taxonomy":"product_cat","embeddable":true,"href":"https:\/\/labostera.lt\/lv\/wp-json\/wp\/v2\/product_cat?post=22096"},{"taxonomy":"product_tag","embeddable":true,"href":"https:\/\/labostera.lt\/lv\/wp-json\/wp\/v2\/product_tag?post=22096"}],"curies":[{"name":"wp","href":"https:\/\/api.w.org\/{rel}","templated":true}]}}