{"id":22094,"date":"2025-09-04T14:00:29","date_gmt":"2025-09-04T11:00:29","guid":{"rendered":"https:\/\/labostera.lt\/?post_type=product&#038;p=22094"},"modified":"2025-09-04T14:23:14","modified_gmt":"2025-09-04T11:23:14","slug":"antivibracinis-laboratorinis-stalas","status":"publish","type":"product","link":"https:\/\/labostera.lt\/lv\/priemones-ir-iranga\/laboratorine-iranga\/laboratoriniai-baldai\/antivibracinis-laboratorinis-stalas\/","title":{"rendered":"Vibr\u0101ciju sl\u0101p\u0113jo\u0161s laboratorijas galds"},"content":{"rendered":"<p data-start=\"618\" data-end=\"991\">Vibr\u0101ciju sl\u0101p\u0113jo\u0161s laboratorijas galds ir paredz\u0113ts laboratorijas darbiem, kuros nepiecie\u0161ama maksim\u0101la precizit\u0101te. To izmanto ar mikroskopiem, anal\u012btiskajiem svariem, hromatogr\u0101fiem un citu jut\u012bgu apr\u012bkojumu. Konstrukcija ir izgatavota no pulverkr\u0101sota met\u0101la ar \u012bpa\u0161iem vibr\u0101cijas sl\u0101p\u0113\u0161anas elementiem, kas nodro\u0161ina galda stabilit\u0101ti.<\/p>\n<p><strong><a href=\"https:\/\/labostera.lt\/wp-content\/uploads\/2025\/05\/2025-Laboratoriniu-baldu-katalogas.pdf\">Laboratorijas m\u0113be\u013cu katalogs<\/a><br \/>\n<\/strong><\/p>\n<p data-start=\"828\" data-end=\"1073\">Vibr\u0101ciju sl\u0101p\u0113\u0161anas galdi nodro\u0161ina, ka vibr\u0101cijas netrauc\u0113 m\u0113r\u012bjumiem vai p\u0113t\u012bjumiem. Tie ir b\u016btiski, str\u0101d\u0101jot ar jut\u012bgu apr\u012bkojumu, piem\u0113ram, mikroskopiem vai anal\u012btiskajiem svariem, jo pat nelielas sv\u0101rst\u012bbas vid\u0113 var izkrop\u013cot rezult\u0101tus.<\/p>\n<p data-start=\"1075\" data-end=\"1378\">\u0160ie galdi pal\u012bdz saglab\u0101t precizit\u0101ti un nodro\u0161ina iek\u0101rtu ilgtermi\u0146a uzticam\u012bbu. Tos bie\u017ei izmanto kop\u0101 ar cit\u0101m laboratorijas m\u0113bel\u0113m, lai rad\u012btu nevainojamu un ergonomisku darba vidi. Da\u017e\u0101du galda virsmu izv\u0113le \u013cauj piel\u0101got galdu konkr\u0113tiem darba apst\u0101k\u013ciem.<\/p>\n<p data-start=\"993\" data-end=\"1221\">Darba virsmas tiek piel\u0101gotas darba veidam. J\u016bs varat izv\u0113l\u0113ties epoks\u012bdsve\u0137u, kvarca, keramikas vai ner\u016bs\u0113jo\u0161\u0101 t\u0113rauda virsmas. Tas nodro\u0161ina iztur\u012bbu pret \u0137\u012bmiskajiem rea\u0123entiem, temperat\u016bru un meh\u0101nisko spriegumu.<\/p>\n<p data-start=\"1223\" data-end=\"1245\"><strong data-start=\"1223\" data-end=\"1243\">Iesp\u0113jam\u0101s iesp\u0113jas<\/strong><\/p>\n<div class=\"_tableContainer_1rjym_1\">\n<div class=\"_tableWrapper_1rjym_13 group flex w-fit flex-col-reverse\" tabindex=\"-1\">\n<table class=\"w-fit min-w-(--thread-content-width)\" data-start=\"1247\" data-end=\"1838\">\n<thead data-start=\"1247\" data-end=\"1311\">\n<tr data-start=\"1247\" data-end=\"1311\">\n<th data-start=\"1247\" data-end=\"1259\" data-col-size=\"sm\">Varianti<\/th>\n<th data-start=\"1259\" data-end=\"1281\" data-col-size=\"sm\">Galda virsmas materi\u0101ls<\/th>\n<th data-start=\"1281\" data-end=\"1296\" data-col-size=\"md\">B\u016bvniec\u012bba<\/th>\n<th data-start=\"1296\" data-end=\"1311\" data-col-size=\"sm\">Adapt\u0101cija<\/th>\n<\/tr>\n<\/thead>\n<tbody data-start=\"1377\" data-end=\"1838\">\n<tr data-start=\"1377\" data-end=\"1501\">\n<td data-start=\"1377\" data-end=\"1407\" data-col-size=\"sm\">Standarta vibr\u0101cijas sl\u0101p\u0113\u0161ana<\/td>\n<td data-start=\"1407\" data-end=\"1426\" data-col-size=\"sm\">Epoks\u012bdsve\u0137i<\/td>\n<td data-start=\"1426\" data-end=\"1473\" data-col-size=\"md\">Met\u0101la r\u0101mis ar vibr\u0101cijas sl\u0101p\u0113jo\u0161iem ielikt\u0146iem<\/td>\n<td data-start=\"1473\" data-end=\"1501\" data-col-size=\"sm\">Anal\u012btiskajiem svariem<\/td>\n<\/tr>\n<tr data-start=\"1502\" data-end=\"1613\">\n<td data-start=\"1502\" data-end=\"1529\" data-col-size=\"sm\">Kvarca vibr\u0101cijas sl\u0101p\u0113t\u0101js<\/td>\n<td data-start=\"1529\" data-end=\"1549\" data-col-size=\"sm\">M\u0101ksl\u012bgais kvarcs<\/td>\n<td data-start=\"1549\" data-end=\"1580\" data-col-size=\"md\">Pastiprin\u0101ts met\u0101la r\u0101mis<\/td>\n<td data-start=\"1580\" data-end=\"1613\" data-col-size=\"sm\">Hromatogr\u0101fiem, mikroskopiem<\/td>\n<\/tr>\n<tr data-start=\"1614\" data-end=\"1744\">\n<td data-start=\"1614\" data-end=\"1651\" data-col-size=\"sm\">Ner\u016bs\u0113jo\u0161\u0101 t\u0113rauda vibr\u0101cijas sl\u0101p\u0113t\u0101js<\/td>\n<td data-start=\"1651\" data-end=\"1674\" data-col-size=\"sm\">Ner\u016bs\u0113jo\u0161ais t\u0113rauds<\/td>\n<td data-start=\"1674\" data-end=\"1719\" data-col-size=\"md\">Met\u0101la r\u0101mis ar vibr\u0101cijas sl\u0101p\u0113t\u0101jiem<\/td>\n<td data-start=\"1719\" data-end=\"1744\" data-col-size=\"sm\">Biolo\u0123iskajiem p\u0113t\u012bjumiem<\/td>\n<\/tr>\n<tr data-start=\"1745\" data-end=\"1838\">\n<td data-start=\"1745\" data-end=\"1772\" data-col-size=\"sm\">Keramikas vibr\u0101cijas sl\u0101p\u0113t\u0101js<\/td>\n<td data-start=\"1772\" data-end=\"1783\" data-col-size=\"sm\">Keramika<\/td>\n<td data-start=\"1783\" data-end=\"1814\" data-col-size=\"md\">Iztur\u012bga met\u0101la konstrukcija<\/td>\n<td data-start=\"1814\" data-end=\"1838\" data-col-size=\"sm\">\u0136\u012bmiskajiem testiem<\/td>\n<\/tr>\n<\/tbody>\n<\/table>\n<\/div>\n<\/div>\n<p data-start=\"1840\" data-end=\"2010\">Vibr\u0101ciju sl\u0101p\u0113\u0161anas galdi nodro\u0161ina prec\u012bzus rezult\u0101tus pat str\u0101d\u0101jot sare\u017e\u0123\u012btos apst\u0101k\u013cos. Tos var apr\u012bkot ar papildu skapjiem vai plauktiem.<\/p>","protected":false},"excerpt":{"rendered":"<p>Vibr\u0101ciju sl\u0101p\u0113jo\u0161ais laboratorijas galds ir paredz\u0113ts darbam, kam nepiecie\u0161ama augsta precizit\u0101te. Konstrukcija nodro\u0161ina vibr\u0101ciju sl\u0101p\u0113\u0161anu un stabilit\u0101ti, padarot to piem\u0113rotu anal\u012btiskiem instrumentiem un m\u0113riek\u0101rt\u0101m. Galda virsmas ir piel\u0101gojamas atkar\u012bb\u0101 no izmantotajiem materi\u0101liem: no epoks\u012bdsve\u0137iem l\u012bdz ner\u016bs\u0113jo\u0161ajam t\u0113raudam. Cena ir konkur\u0113tsp\u0113j\u012bga sal\u012bdzin\u0101jum\u0101 ar koka pane\u013cu risin\u0101jumiem.<\/p>","protected":false},"featured_media":22131,"template":"","meta":[],"product_cat":[1104],"product_tag":[],"class_list":{"0":"post-22094","1":"product","2":"type-product","3":"status-publish","4":"has-post-thumbnail","6":"product_brand-labexpert","7":"product_cat-laboratoriniai-baldai","9":"first","10":"instock","11":"shipping-taxable","12":"product-type-simple"},"_links":{"self":[{"href":"https:\/\/labostera.lt\/lv\/wp-json\/wp\/v2\/product\/22094","targetHints":{"allow":["GET"]}}],"collection":[{"href":"https:\/\/labostera.lt\/lv\/wp-json\/wp\/v2\/product"}],"about":[{"href":"https:\/\/labostera.lt\/lv\/wp-json\/wp\/v2\/types\/product"}],"wp:featuredmedia":[{"embeddable":true,"href":"https:\/\/labostera.lt\/lv\/wp-json\/wp\/v2\/media\/22131"}],"wp:attachment":[{"href":"https:\/\/labostera.lt\/lv\/wp-json\/wp\/v2\/media?parent=22094"}],"wp:term":[{"taxonomy":"product_cat","embeddable":true,"href":"https:\/\/labostera.lt\/lv\/wp-json\/wp\/v2\/product_cat?post=22094"},{"taxonomy":"product_tag","embeddable":true,"href":"https:\/\/labostera.lt\/lv\/wp-json\/wp\/v2\/product_tag?post=22094"}],"curies":[{"name":"wp","href":"https:\/\/api.w.org\/{rel}","templated":true}]}}