{"id":22043,"date":"2025-02-27T17:14:13","date_gmt":"2025-02-27T14:14:13","guid":{"rendered":"https:\/\/labostera.lt\/?post_type=product&#038;p=22043"},"modified":"2025-02-27T17:16:06","modified_gmt":"2025-02-27T14:16:06","slug":"tekstiles-degumo-bandymo-irenginys","status":"publish","type":"product","link":"https:\/\/labostera.lt\/lv\/priemones-ir-iranga\/laboratorine-iranga\/medziagotyra\/tekstiles-degumo-bandymo-irenginys\/","title":{"rendered":"Tekstila uzliesmojam\u012bbas p\u0101rbaudes iek\u0101rtas"},"content":{"rendered":"<p data-start=\"86\" data-end=\"588\">Tekstila uzliesmojam\u012bbas testeris atbilst pras\u012bb\u0101m <strong data-start=\"122\" data-end=\"145\">EN ISO 6940 un 6941<\/strong> standarti, ko pla\u0161i izmanto tekstilizstr\u0101d\u0101jumu un ap\u0123\u0113rbu ra\u017eo\u0161anas nozar\u0113. \u0160ie testi nosaka vertik\u0101li orient\u0113tu paraugu liesmas izplat\u012b\u0161an\u0101s \u0101trumu.<\/p>\n<p data-start=\"308\" data-end=\"535\">Jaun\u0101kaj\u0101 <strong data-start=\"320\" data-end=\"341\">Koncepcijas apr\u012bkojums<\/strong> Modelis apvieno modernas tehnolo\u0123ijas un ergonomisku dizainu, lai nodro\u0161in\u0101tu maksim\u0101lu lietot\u0101ja komfortu. Standarta apr\u012bkojums piln\u012bb\u0101 atbilst <strong data-start=\"496\" data-end=\"519\">EN ISO 6940 un 6941<\/strong> pras\u012bbas.<\/p>\n<p data-start=\"537\" data-end=\"698\">Turkl\u0101t ier\u012bce var veikt ar\u012b citus testus, piem\u0113ram: <strong data-start=\"599\" data-end=\"615\">BS 5867\/5438<\/strong> testu s\u0113riju, papildus ieg\u0101d\u0101joties nepiecie\u0161am\u0101s veidnes un paraugu tur\u0113t\u0101jus.<\/p>\n<h4 data-start=\"700\" data-end=\"731\">Specifik\u0101cija un funkcijas<\/h4>\n<ul data-start=\"732\" data-end=\"1779\">\n<li data-start=\"732\" data-end=\"833\">Augsta kvalit\u0101te <strong data-start=\"750\" data-end=\"782\">ner\u016bs\u0113jo\u0161\u0101 t\u0113rauda korpuss<\/strong> ar parauga tur\u0113t\u0101ju un diega spoles meh\u0101nismiem<\/li>\n<li data-start=\"834\" data-end=\"946\"><strong data-start=\"836\" data-end=\"880\">2 ner\u016bs\u0113jo\u0161\u0101 t\u0113rauda paraugu tur\u0113t\u0101ji<\/strong> \u2013 viens priek\u0161 <strong data-start=\"898\" data-end=\"913\">EN ISO 6940<\/strong>, citi <strong data-start=\"921\" data-end=\"936\">EN ISO 6941<\/strong> testiem<\/li>\n<li data-start=\"947\" data-end=\"1013\"><strong data-start=\"949\" data-end=\"981\">Piln\u012bb\u0101 atbilsto\u0161s deglis<\/strong> ar adatas vad\u012bbas v\u0101rstu<\/li>\n<li data-start=\"1014\" data-end=\"1104\"><strong data-start=\"1016\" data-end=\"1038\">Pusautom\u0101tiska<\/strong> liesmas aizdeg\u0161an\u0101s laika un v\u012btnes sl\u0113d\u017eu\/taimeru vad\u012bba<\/li>\n<li data-start=\"1105\" data-end=\"1201\"><strong data-start=\"1107\" data-end=\"1145\">0\u00b0 un 30\u00b0 le\u0146\u0137a deg\u013ca tur\u0113t\u0101js<\/strong> ar &quot;Y&quot; un &quot;Z&quot; regul\u0113\u0161anu prec\u012bzai deg\u013ca pozicion\u0113\u0161anai<\/li>\n<li data-start=\"1202\" data-end=\"1275\"><strong data-start=\"1204\" data-end=\"1230\">V\u012bt\u0146u mar\u0137\u0113\u0161anas komplekts<\/strong> (450 m) un <strong data-start=\"1242\" data-end=\"1257\">gru\u017ei\/pil\u0113\u0161ana<\/strong> konteiners ir iek\u013cauts komplekt\u0101<\/li>\n<li data-start=\"1276\" data-end=\"1347\"><strong data-start=\"1278\" data-end=\"1300\">Liesmas augstuma starplikas<\/strong> 40 mm un 25 mm liesmas augstuma regul\u0113\u0161anai<\/li>\n<li data-start=\"1348\" data-end=\"1460\">Iek\u013cauts horizont\u0101ls virsmas aizdedzes liesmas starplikas (0\u00b0) un malas aizdedzes liesmas starplikas (30\u00b0)<\/li>\n<li data-start=\"1461\" data-end=\"1580\"><strong data-start=\"1463\" data-end=\"1482\">Viena poga<\/strong> vad\u012bbas panel\u012b aktiviz\u0113\/deaktiviz\u0113 g\u0101zes padevi, nodro\u0161inot vienk\u0101r\u0161u sist\u0113mas izol\u0101ciju<\/li>\n<li data-start=\"1581\" data-end=\"1680\"><strong data-start=\"1583\" data-end=\"1615\">Av\u0101rijas aptur\u0113\u0161anas poga<\/strong>, kas atsl\u0113dz g\u0101zes un ener\u0123ijas padevi, nodro\u0161inot maksim\u0101lu dro\u0161\u012bbu<\/li>\n<li data-start=\"1681\" data-end=\"1779\">Ide\u0101li piem\u0113rots <strong data-start=\"1698\" data-end=\"1719\">kvalit\u0101tes kontrolei<\/strong>, k\u0101 ar\u012b r\u012bks jaunu materi\u0101lu izstr\u0101dei un anal\u012bzei<\/li>\n<\/ul>\n<h4 data-start=\"1781\" data-end=\"1823\">Tehniskie dati un pras\u012bbas<\/h4>\n<ul data-start=\"1824\" data-end=\"2168\">\n<li data-start=\"1824\" data-end=\"1855\"><strong data-start=\"1826\" data-end=\"1837\">Elektr\u012bba<\/strong>110\u2013230 V, 5 A<\/li>\n<li data-start=\"1856\" data-end=\"1896\"><strong data-start=\"1858\" data-end=\"1881\">Darba temperat\u016bra<\/strong>10\u00b0C\u201335\u00b0C<\/li>\n<li data-start=\"1897\" data-end=\"1966\"><strong data-start=\"1899\" data-end=\"1911\">Izm\u0113ri<\/strong>500 mm (platums) x 820 mm (augstums) x 660 mm (dzi\u013cums)<\/li>\n<li data-start=\"1967\" data-end=\"2079\"><strong data-start=\"1969\" data-end=\"1978\">G\u0101ze<\/strong>Priek\u0161roka tiek dota prop\u0101nam, bet saska\u0146\u0101 ar testa standartiem var izmantot ar\u012b but\u0101nu vai t\u0101 mais\u012bjumu.<\/li>\n<li data-start=\"2080\" data-end=\"2168\"><strong data-start=\"2082\" data-end=\"2092\">Spiediens<\/strong>10 kPa\u201350 kPa, lai nodro\u0161in\u0101tu liesmas stabilit\u0101ti 30\u00b0 le\u0146\u0137\u012b<\/li>\n<\/ul>\n<div id=\"gtx-trans\" style=\"position: absolute; left: -43px; top: 49px;\">\n<div class=\"gtx-trans-icon\"><\/div>\n<\/div>","protected":false},"excerpt":{"rendered":"<p>Tekstila uzliesmojam\u012bbas p\u0101rbaudes iek\u0101rtas ir paredz\u0113tas <strong data-start=\"2246\" data-end=\"2269\">EN ISO 6940 un 6941<\/strong> testiem, kas atbilst standartu pras\u012bb\u0101m, nov\u0113rt\u0113jot vertik\u0101li orient\u0113tu paraugu liesmas izplat\u012b\u0161an\u0101s \u0101trumu. Ier\u012bcei ir ner\u016bs\u0113jo\u0161\u0101 t\u0113rauda korpuss, regul\u0113jams deglis, pusautom\u0101tisk\u0101 vad\u012bba un av\u0101rijas aptur\u0113\u0161anas poga, kas nodro\u0161ina dro\u0161u un uzticamu test\u0113\u0161anu.<\/p>\n<div id=\"gtx-trans\" style=\"position: absolute; left: 270px; top: -9px;\">\n<div class=\"gtx-trans-icon\"><\/div>\n<\/div>","protected":false},"featured_media":22044,"template":"","meta":[],"product_cat":[86,1103],"product_tag":[],"class_list":{"0":"post-22043","1":"product","2":"type-product","3":"status-publish","4":"has-post-thumbnail","6":"product_cat-medziagotyra","7":"product_cat-gaisriniu-tyrimu-ir-bandymu-sistemos","9":"first","10":"instock","11":"shipping-taxable","12":"product-type-simple"},"_links":{"self":[{"href":"https:\/\/labostera.lt\/lv\/wp-json\/wp\/v2\/product\/22043","targetHints":{"allow":["GET"]}}],"collection":[{"href":"https:\/\/labostera.lt\/lv\/wp-json\/wp\/v2\/product"}],"about":[{"href":"https:\/\/labostera.lt\/lv\/wp-json\/wp\/v2\/types\/product"}],"wp:featuredmedia":[{"embeddable":true,"href":"https:\/\/labostera.lt\/lv\/wp-json\/wp\/v2\/media\/22044"}],"wp:attachment":[{"href":"https:\/\/labostera.lt\/lv\/wp-json\/wp\/v2\/media?parent=22043"}],"wp:term":[{"taxonomy":"product_cat","embeddable":true,"href":"https:\/\/labostera.lt\/lv\/wp-json\/wp\/v2\/product_cat?post=22043"},{"taxonomy":"product_tag","embeddable":true,"href":"https:\/\/labostera.lt\/lv\/wp-json\/wp\/v2\/product_tag?post=22043"}],"curies":[{"name":"wp","href":"https:\/\/api.w.org\/{rel}","templated":true}]}}