{"id":22039,"date":"2025-02-27T16:38:53","date_gmt":"2025-02-27T13:38:53","guid":{"rendered":"https:\/\/labostera.lt\/?post_type=product&#038;p=22039"},"modified":"2025-02-27T16:42:24","modified_gmt":"2025-02-27T13:42:24","slug":"zaislu-degumo-bandymo-irenginys-en71-2","status":"publish","type":"product","link":"https:\/\/labostera.lt\/lv\/priemones-ir-iranga\/laboratorine-iranga\/medziagotyra\/zaislu-degumo-bandymo-irenginys-en71-2\/","title":{"rendered":"Rota\u013clietu uzliesmojam\u012bbas testeris EN71-2"},"content":{"rendered":"<p data-start=\"86\" data-end=\"588\">Rota\u013clietu uzliesmojam\u012bbas testeris atbilst EN71-2 standartam <strong data-start=\"106\" data-end=\"129\">EN ISO 6940 un 6941<\/strong> standarti, ko pla\u0161i izmanto tekstilizstr\u0101d\u0101jumu un ap\u0123\u0113rbu ra\u017eo\u0161anas nozar\u0113, \u012bpa\u0161i audumu un citu auduma izstr\u0101d\u0101jumu test\u0113\u0161anai. \u0160aj\u0101 test\u0101 m\u0113ra vertik\u0101li orient\u0113tu paraugu liesmas izplat\u012b\u0161an\u0101s \u0101trumu.<\/p>\n<p data-start=\"342\" data-end=\"594\">Jauns <strong data-start=\"349\" data-end=\"384\">EN71-2 Rota\u013clietu test\u0113\u0161anas iek\u0101rtas<\/strong>, kas izveidots, izmantojot modernas tehnolo\u0123ijas, ir ergonomiski izstr\u0101d\u0101ts, lai tests lietot\u0101jam b\u016btu p\u0113c iesp\u0113jas \u0113rt\u0101ks. Standarta apr\u012bkojums atbilst oblig\u0101taj\u0101m pras\u012bb\u0101m <strong data-start=\"545\" data-end=\"568\">EN ISO 6940 un 6941<\/strong> standartu pras\u012bbas.<\/p>\n<p data-start=\"596\" data-end=\"735\">Turkl\u0101t ier\u012bce var veikt ar\u012b citus testus, piem\u0113ram: <strong data-start=\"658\" data-end=\"674\">BS 5867\/5438<\/strong> s\u0113riju, pievienojot papildu veidnes un paraugu tur\u0113t\u0101jus.<\/p>\n<h4 data-start=\"737\" data-end=\"768\">Specifik\u0101cija un funkcijas<\/h4>\n<ul data-start=\"769\" data-end=\"1787\">\n<li data-start=\"769\" data-end=\"853\"><strong data-start=\"771\" data-end=\"803\">Ner\u016bs\u0113jo\u0161\u0101 t\u0113rauda korpuss<\/strong> ar parauga tur\u0113t\u0101ju un diega spol\u012b\u0161u tur\u0113t\u0101jiem<\/li>\n<li data-start=\"854\" data-end=\"965\"><strong data-start=\"856\" data-end=\"900\">2 ner\u016bs\u0113jo\u0161\u0101 t\u0113rauda paraugu tur\u0113t\u0101ji<\/strong>, viens priek\u0161 <strong data-start=\"917\" data-end=\"932\">EN ISO 6940<\/strong>, citi <strong data-start=\"940\" data-end=\"955\">EN ISO 6941<\/strong> testiem<\/li>\n<li data-start=\"966\" data-end=\"1032\">Piln\u012bb\u0101 atbilsto\u0161s <strong data-start=\"988\" data-end=\"1000\">deglis<\/strong> ar adatas vad\u012bbas v\u0101rstu<\/li>\n<li data-start=\"1033\" data-end=\"1130\">0\u00b0, 30\u00b0 un 90\u00b0 deg\u013ca tur\u0113t\u0101js ar \u201cY\u201d un \u201cZ\u201d regul\u0113\u0161anu prec\u012bzai deg\u013ca pozicion\u0113\u0161anai<\/li>\n<li data-start=\"1131\" data-end=\"1204\"><strong data-start=\"1133\" data-end=\"1159\">V\u012bt\u0146u mar\u0137\u0113\u0161anas komplekts<\/strong> (450 m) un <strong data-start=\"1171\" data-end=\"1186\">gru\u017ei\/pil\u0113\u0161ana<\/strong> konteiners ir iek\u013cauts komplekt\u0101<\/li>\n<li data-start=\"1205\" data-end=\"1276\"><strong data-start=\"1207\" data-end=\"1229\">Liesmas augstuma starplikas<\/strong> 40 mm un 25 mm liesmas augstuma regul\u0113\u0161anai<\/li>\n<li data-start=\"1277\" data-end=\"1389\">Iek\u013cauts horizont\u0101ls virsmas aizdedzes liesmas starplikas (0\u00b0) un malas aizdedzes liesmas starplikas (30\u00b0)<\/li>\n<li data-start=\"1390\" data-end=\"1509\"><strong data-start=\"1392\" data-end=\"1411\">Viena poga<\/strong> vad\u012bbas panel\u012b aktiviz\u0113\/deaktiviz\u0113 g\u0101zes padevi, nodro\u0161inot vienk\u0101r\u0161u sist\u0113mas izol\u0101ciju<\/li>\n<li data-start=\"1510\" data-end=\"1609\"><strong data-start=\"1512\" data-end=\"1544\">Av\u0101rijas aptur\u0113\u0161anas poga<\/strong>, kas atsl\u0113dz g\u0101zes un ener\u0123ijas padevi, nodro\u0161inot maksim\u0101lu dro\u0161\u012bbu<\/li>\n<li data-start=\"1610\" data-end=\"1714\">Ide\u0101li piem\u0113rots kvalit\u0101tes kontroles lietojumprogramm\u0101m, k\u0101 ar\u012b k\u0101 instruments jaunu materi\u0101lu izstr\u0101dei un anal\u012bzei<\/li>\n<li data-start=\"1715\" data-end=\"1787\">Ier\u012bci var atjaunin\u0101t test\u0113\u0161anai saska\u0146\u0101 ar <strong data-start=\"1761\" data-end=\"1777\">EN ISO 13772<\/strong> standarta<\/li>\n<\/ul>\n<h4 data-start=\"1789\" data-end=\"1831\">Tehniskie dati un pras\u012bbas<\/h4>\n<ul data-start=\"1832\" data-end=\"2097\">\n<li data-start=\"1832\" data-end=\"1869\"><strong data-start=\"1834\" data-end=\"1845\">Elektr\u012bba<\/strong>110\u2013230 V, vienf\u0101zes<\/li>\n<li data-start=\"1870\" data-end=\"1910\"><strong data-start=\"1872\" data-end=\"1895\">Darba temperat\u016bra<\/strong>10\u00b0C\u201335\u00b0C<\/li>\n<li data-start=\"1911\" data-end=\"2056\"><strong data-start=\"1913\" data-end=\"1922\">G\u0101ze<\/strong>Saska\u0146\u0101 ar testa standartu priek\u0161roka tiek dota prop\u0101nam, bet saska\u0146\u0101 ar to ir pie\u0146emams ar\u012b but\u0101ns vai prop\u0101na un but\u0101na g\u0101zes mais\u012bjums.<\/li>\n<li data-start=\"2057\" data-end=\"2097\"><strong data-start=\"2059\" data-end=\"2085\">Gaisa nos\u016bk\u0161anas sist\u0113ma<\/strong>Oblig\u0101ti j\u0101nor\u0101da<\/li>\n<\/ul>","protected":false},"excerpt":{"rendered":"<p>Rota\u013clietu uzliesmojam\u012bbas testa apr\u012bkojums <strong data-start=\"2124\" data-end=\"2159\">EN71-2 <\/strong>atbilst <strong data-start=\"2169\" data-end=\"2192\">EN ISO 6940 un 6941<\/strong> standartiem un to izmanto, lai m\u0113r\u012btu vertik\u0101lu paraugu liesmas izplat\u012b\u0161an\u0101s \u0101trumu. Ier\u012bce ir apr\u012bkota ar ner\u016bs\u0113jo\u0161\u0101 t\u0113rauda paraugu tur\u0113t\u0101jiem, regul\u0113jamu degli, liesmas augstumu un aizdedzes starplik\u0101m. Ir ar\u012b av\u0101rijas aptur\u0113\u0161anas poga un vienk\u0101r\u0161a g\u0101zes padeves vad\u012bbas sist\u0113ma, lai nodro\u0161in\u0101tu dro\u0161u un \u0113rtu test\u0113\u0161anu.<\/p>\n<div id=\"gtx-trans\" style=\"position: absolute; left: 509px; top: 37px;\">\n<div class=\"gtx-trans-icon\"><\/div>\n<\/div>","protected":false},"featured_media":22042,"template":"","meta":[],"product_cat":[86,1103],"product_tag":[],"class_list":{"0":"post-22039","1":"product","2":"type-product","3":"status-publish","4":"has-post-thumbnail","6":"product_cat-medziagotyra","7":"product_cat-gaisriniu-tyrimu-ir-bandymu-sistemos","9":"first","10":"instock","11":"shipping-taxable","12":"product-type-simple"},"_links":{"self":[{"href":"https:\/\/labostera.lt\/lv\/wp-json\/wp\/v2\/product\/22039","targetHints":{"allow":["GET"]}}],"collection":[{"href":"https:\/\/labostera.lt\/lv\/wp-json\/wp\/v2\/product"}],"about":[{"href":"https:\/\/labostera.lt\/lv\/wp-json\/wp\/v2\/types\/product"}],"wp:featuredmedia":[{"embeddable":true,"href":"https:\/\/labostera.lt\/lv\/wp-json\/wp\/v2\/media\/22042"}],"wp:attachment":[{"href":"https:\/\/labostera.lt\/lv\/wp-json\/wp\/v2\/media?parent=22039"}],"wp:term":[{"taxonomy":"product_cat","embeddable":true,"href":"https:\/\/labostera.lt\/lv\/wp-json\/wp\/v2\/product_cat?post=22039"},{"taxonomy":"product_tag","embeddable":true,"href":"https:\/\/labostera.lt\/lv\/wp-json\/wp\/v2\/product_tag?post=22039"}],"curies":[{"name":"wp","href":"https:\/\/api.w.org\/{rel}","templated":true}]}}