{"id":22036,"date":"2025-02-27T16:18:46","date_gmt":"2025-02-27T13:18:46","guid":{"rendered":"https:\/\/labostera.lt\/?post_type=product&#038;p=22036"},"modified":"2025-02-27T16:24:43","modified_gmt":"2025-02-27T13:24:43","slug":"grindu-dangu-degumo-testavimo-sistema","status":"publish","type":"product","link":"https:\/\/labostera.lt\/lv\/priemones-ir-iranga\/laboratorine-iranga\/medziagotyra\/grindu-dangu-degumo-testavimo-sistema\/","title":{"rendered":"Gr\u012bdas segumu uzliesmojam\u012bbas p\u0101rbaudes sist\u0113ma"},"content":{"rendered":"<p data-start=\"86\" data-end=\"588\"><strong data-start=\"86\" data-end=\"144\">Gr\u012bdas segumu uzliesmojam\u012bbas p\u0101rbaudes sist\u0113ma<\/strong>\u00a0atbilst <strong data-start=\"154\" data-end=\"171\">EN ISO 9239-1<\/strong> un <strong data-start=\"175\" data-end=\"192\">EN ISO 9239-2<\/strong> standarti. \u0160\u012b ir galven\u0101 metode gr\u012bdas segumu uzliesmojam\u012bbas p\u0101rbaudei saska\u0146\u0101 ar <strong data-start=\"265\" data-end=\"279\">Eiroklases<\/strong> sist\u0113ma. Tests nosaka liesmas izplat\u012b\u0161an\u0101s \u0101trumu gr\u012bdas segum\u0101 starojuma siltuma iedarb\u012bbas laik\u0101, imit\u0113jot pieaugo\u0161u ugunsgr\u0113ka situ\u0101ciju blakus telp\u0101 vai koridor\u0101. Rezult\u0101ti tiek izmantoti, lai klasific\u0113tu gr\u012bdas seguma materi\u0101lus. <strong data-start=\"514\" data-end=\"539\">A2FL, BFL, CFL un DFL<\/strong> klases atbilsto\u0161i <strong data-start=\"553\" data-end=\"585\">BS EN 13501-1:2007 + A1:2009<\/strong>.<\/p>\n<p data-start=\"590\" data-end=\"685\">Ier\u012bci var izmantot ar\u012b testiem saska\u0146\u0101 ar <strong data-start=\"644\" data-end=\"657\">ASTM E648<\/strong> un <strong data-start=\"661\" data-end=\"682\">DIN 4102, 14. da\u013ca<\/strong>.<\/p>\n<p data-start=\"687\" data-end=\"1036\">Testa kamera sast\u0101v no <strong data-start=\"714\" data-end=\"752\">izol\u0113tas neso\u0161\u0101s konstrukcijas<\/strong>, p\u0101rkl\u0101ts ar kr\u0101sotiem met\u0101la pane\u013ciem un izol\u0113ts ar kalcija silik\u0101ta pl\u0101ksn\u0113m. Nov\u0113ro\u0161anai ir uzst\u0101d\u012bts temperat\u016bras iztur\u012bgs logs. <strong data-start=\"889\" data-end=\"911\">Parauga tur\u0113t\u0101js<\/strong> izgatavots no ner\u016bs\u0113jo\u0161\u0101 t\u0113rauda un uzst\u0101d\u012bts uz b\u012bd\u0101mas platformas, nodro\u0161inot dro\u0161u un \u0113rtu paraugu iekrau\u0161anu.<\/p>\n<p data-start=\"1038\" data-end=\"1279\">Ieb\u016bv\u0113ta ier\u012bce <strong data-start=\"1059\" data-end=\"1107\">\u0161\u0137iedru met\u0101la sieta apkures panelis<\/strong>, kura g\u0101zes un gaisa padeve tiek regul\u0113ta elektroniski. Vad\u012bbas sist\u0113ma uztur stabilu sadeg\u0161anas mais\u012bjumu, garant\u0113jot nemain\u012bgu siltuma pl\u016bsmu vis\u0101 testa laik\u0101.<\/p>\n<h4 data-start=\"1281\" data-end=\"1312\">Specifik\u0101cija un funkcijas<\/h4>\n<ul data-start=\"1313\" data-end=\"2440\">\n<li data-start=\"1313\" data-end=\"1383\"><strong data-start=\"1315\" data-end=\"1335\">Izol\u0113ta kamera<\/strong>, ner\u016bs\u0113jo\u0161\u0101 t\u0113rauda p\u0101rsegs ar izpl\u016bdes atveri<\/li>\n<li data-start=\"1384\" data-end=\"1482\"><strong data-start=\"1386\" data-end=\"1409\">Kalibr\u0113\u0161anas sist\u0113ma<\/strong>, ieskaitot kalibr\u0113tus <strong data-start=\"1432\" data-end=\"1459\">siltuma pl\u016bsmas m\u0113r\u012bt\u0101js<\/strong> un paraugu tur\u0113t\u0101js<\/li>\n<li data-start=\"1483\" data-end=\"1552\"><strong data-start=\"1485\" data-end=\"1521\">B\u012bd\u0101ms paraugu tur\u0113t\u0101js<\/strong>, nodro\u0161inot dro\u0161u iekrau\u0161anu<\/li>\n<li data-start=\"1553\" data-end=\"1625\"><strong data-start=\"1555\" data-end=\"1592\">Ar g\u0101zi darbin\u0101ms apkures panelis<\/strong> ar \u0161\u0137iedru met\u0101la sietu<\/li>\n<li data-start=\"1626\" data-end=\"1698\"><strong data-start=\"1628\" data-end=\"1663\">Masas pl\u016bsmas g\u0101zes regulators<\/strong> ar smalkas regul\u0113\u0161anas funkciju<\/li>\n<li data-start=\"1699\" data-end=\"1787\"><strong data-start=\"1701\" data-end=\"1735\">Kalibr\u0113ts optiskais pirometrs<\/strong> virsmas temperat\u016bras m\u0113r\u012b\u0161anai (p\u0113c izv\u0113les)<\/li>\n<li data-start=\"1788\" data-end=\"1844\"><strong data-start=\"1790\" data-end=\"1820\">Baltas gaismas LED sist\u0113ma<\/strong> d\u016bmu bl\u012bvuma m\u0113r\u012b\u0161anai<\/li>\n<li data-start=\"1845\" data-end=\"1906\"><strong data-start=\"1847\" data-end=\"1874\">Prop\u0101na pilotdeglis<\/strong> ar liesmas noteik\u0161anas sensoru<\/li>\n<li data-start=\"1907\" data-end=\"1955\"><strong data-start=\"1909\" data-end=\"1953\">Izpl\u016bdes p\u0101rsegs un gaisa izpl\u016bdes kan\u0101ls<\/strong><\/li>\n<li data-start=\"1956\" data-end=\"2186\"><strong data-start=\"1958\" data-end=\"1990\">Datu re\u0123istr\u0113\u0161anas sist\u0113ma<\/strong>, tostarp:\n<ul data-start=\"2006\" data-end=\"2186\">\n<li data-start=\"2006\" data-end=\"2038\">Dators ar <strong data-start=\"2022\" data-end=\"2036\">24 collu ekr\u0101ns<\/strong><\/li>\n<li data-start=\"2041\" data-end=\"2081\">Datu ieguves iek\u0101rtas un kabe\u013ci<\/li>\n<li data-start=\"2084\" data-end=\"2132\">Testa datu att\u0113lo\u0161ana un atskai\u0161u \u0123ener\u0113\u0161ana<\/li>\n<li data-start=\"2135\" data-end=\"2186\">Programmat\u016bra, kas ir sader\u012bga ar <strong data-start=\"2170\" data-end=\"2184\">Windows 10<\/strong><\/li>\n<\/ul>\n<\/li>\n<li data-start=\"2187\" data-end=\"2247\"><strong data-start=\"2189\" data-end=\"2203\">ISO 9239-2<\/strong> pieejams k\u0101 papildu jaunin\u0101jums<\/li>\n<li data-start=\"2248\" data-end=\"2440\"><strong data-start=\"2250\" data-end=\"2267\">Dokument\u0101cija<\/strong> (ang\u013cu valod\u0101):\n<ul data-start=\"2287\" data-end=\"2440\">\n<li data-start=\"2287\" data-end=\"2314\">Atbilst\u012bbas sertifik\u0101ts<\/li>\n<li data-start=\"2317\" data-end=\"2409\">Kalibr\u0113\u0161anas sertifik\u0101ti <strong data-start=\"2344\" data-end=\"2373\">siltuma pl\u016bsmas m\u0113r\u012bt\u0101jam<\/strong> un <strong data-start=\"2377\" data-end=\"2391\">pirometrs<\/strong> (ja pas\u016bt\u012bts)<\/li>\n<li data-start=\"2412\" data-end=\"2440\">Piln\u012bga lietot\u0101ja rokasgr\u0101mata<\/li>\n<\/ul>\n<\/li>\n<\/ul>\n<h4 data-start=\"2442\" data-end=\"2484\">Tehniskie dati un pras\u012bbas<\/h4>\n<ul data-start=\"2485\" data-end=\"3037\">\n<li data-start=\"2485\" data-end=\"2575\"><strong data-start=\"2487\" data-end=\"2498\">Elektr\u012bba<\/strong>120 V mai\u0146str\u0101va 60 Hz \/ 230 V mai\u0146str\u0101va 50 Hz, 10 A (iz\u0146emot nos\u016bces ventilatoru)<\/li>\n<li data-start=\"2576\" data-end=\"2632\"><strong data-start=\"2578\" data-end=\"2590\">Izm\u0113ri<\/strong>Izm\u0113ri: 2400 mm (platums) \u00d7 2300 mm (augstums) \u00d7 700 mm (dzi\u013cums)<\/li>\n<li data-start=\"2633\" data-end=\"2655\"><strong data-start=\"2635\" data-end=\"2645\">Svars<\/strong>400 kg<\/li>\n<li data-start=\"2656\" data-end=\"2696\"><strong data-start=\"2658\" data-end=\"2681\">Darba temperat\u016bra<\/strong>10\u00b0C\u201335\u00b0C<\/li>\n<li data-start=\"2697\" data-end=\"2831\"><strong data-start=\"2699\" data-end=\"2708\">G\u0101ze<\/strong>Gaisa un prop\u0101na mais\u012bjums\n<ul data-start=\"2737\" data-end=\"2831\">\n<li data-start=\"2737\" data-end=\"2792\"><strong data-start=\"2739\" data-end=\"2751\">Prop\u0101ns<\/strong>1 kg\/h, 1\u20132 b\u0101ri, min. t\u012br\u012bba 95%<\/li>\n<li data-start=\"2795\" data-end=\"2831\"><strong data-start=\"2797\" data-end=\"2820\">T\u012brs, sauss gaiss<\/strong>3\u20134 b\u0101ri<\/li>\n<\/ul>\n<\/li>\n<li data-start=\"2832\" data-end=\"2951\"><strong data-start=\"2834\" data-end=\"2854\">\u016adensapg\u0101de<\/strong>1 l\/min pl\u016bsma ar dren\u0101\u017eas vai recirkul\u0101cijas sist\u0113mu siltuma pl\u016bsmas m\u0113r\u012bt\u0101ja dzes\u0113\u0161anai<\/li>\n<li data-start=\"2952\" data-end=\"3037\"><strong data-start=\"2954\" data-end=\"2978\">Gaisa no\u0146em\u0161anas sist\u0113ma<\/strong>Gaisa \u0101trums 2,5 \u00b1 0,2 m\/s, maksim\u0101l\u0101 pl\u016bsma 2500 m\u00b3\/h<\/li>\n<\/ul>\n<div id=\"gtx-trans\" style=\"position: absolute; left: 751px; top: 47px;\">\n<div class=\"gtx-trans-icon\"><\/div>\n<\/div>","protected":false},"excerpt":{"rendered":"<p>Gr\u012bdas segumu uzliesmojam\u012bbas test\u0113\u0161anas sist\u0113ma, gr\u012bdas apsildes pane\u013cu testa ier\u012bce saska\u0146\u0101 ar EN ISO 9239-1 un EN ISO 9239-2 gr\u012bdas segumu reakcijas uz uguni test\u0113\u0161anai. Tas nosaka liesmas izplat\u012b\u0161anos un siltuma izdal\u012b\u0161anos, simul\u0113jot uguns ietekmi uz gr\u012bdas virsmu. Ier\u012bce ir apr\u012bkota ar elektronisku g\u0101zes padeves kontroli, b\u012bd\u0101mu parauga tur\u0113t\u0101ju, optisko pirometru un datu re\u0123istr\u0113\u0161anas sist\u0113mu, kas \u013cauj veikt prec\u012bzus m\u0113r\u012bjumus un re\u0123istr\u0113t testa rezult\u0101tus.<\/p>\n<div id=\"gtx-trans\" style=\"position: absolute; left: -7px; top: -9px;\">\n<div class=\"gtx-trans-icon\"><\/div>\n<\/div>","protected":false},"featured_media":22038,"template":"","meta":[],"product_cat":[86,1103],"product_tag":[],"class_list":{"0":"post-22036","1":"product","2":"type-product","3":"status-publish","4":"has-post-thumbnail","6":"product_cat-medziagotyra","7":"product_cat-gaisriniu-tyrimu-ir-bandymu-sistemos","9":"first","10":"instock","11":"shipping-taxable","12":"product-type-simple"},"_links":{"self":[{"href":"https:\/\/labostera.lt\/lv\/wp-json\/wp\/v2\/product\/22036","targetHints":{"allow":["GET"]}}],"collection":[{"href":"https:\/\/labostera.lt\/lv\/wp-json\/wp\/v2\/product"}],"about":[{"href":"https:\/\/labostera.lt\/lv\/wp-json\/wp\/v2\/types\/product"}],"wp:featuredmedia":[{"embeddable":true,"href":"https:\/\/labostera.lt\/lv\/wp-json\/wp\/v2\/media\/22038"}],"wp:attachment":[{"href":"https:\/\/labostera.lt\/lv\/wp-json\/wp\/v2\/media?parent=22036"}],"wp:term":[{"taxonomy":"product_cat","embeddable":true,"href":"https:\/\/labostera.lt\/lv\/wp-json\/wp\/v2\/product_cat?post=22036"},{"taxonomy":"product_tag","embeddable":true,"href":"https:\/\/labostera.lt\/lv\/wp-json\/wp\/v2\/product_tag?post=22036"}],"curies":[{"name":"wp","href":"https:\/\/api.w.org\/{rel}","templated":true}]}}