{"id":22034,"date":"2025-02-27T16:17:16","date_gmt":"2025-02-27T13:17:16","guid":{"rendered":"https:\/\/labostera.lt\/?post_type=product&#038;p=22034"},"modified":"2025-02-27T16:18:39","modified_gmt":"2025-02-27T13:18:39","slug":"liepsnos-plitimo-bandymo-irenginys","status":"publish","type":"product","link":"https:\/\/labostera.lt\/lv\/priemones-ir-iranga\/laboratorine-iranga\/medziagotyra\/liepsnos-plitimo-bandymo-irenginys\/","title":{"rendered":"Liesmas izplat\u012b\u0161an\u0101s testa apr\u012bkojums"},"content":{"rendered":"<p data-start=\"66\" data-end=\"262\"><strong data-start=\"66\" data-end=\"104\">Liesmas izplat\u012b\u0161an\u0101s testa ier\u012bce<\/strong> atbilst <strong data-start=\"114\" data-end=\"133\">IMO FTPC 5. DA\u013bA<\/strong> un <strong data-start=\"137\" data-end=\"151\">ISO 5658-2<\/strong> standarti. Tas ir paredz\u0113ts materi\u0101lu liesmas izplat\u012b\u0161an\u0101s raksturlielumu noteik\u0161anai j\u016bras un dzelzce\u013ca nozar\u0113s.<\/p>\n<p data-start=\"264\" data-end=\"565\">SJO specifik\u0101cija paredz siltuma izdal\u012b\u0161an\u0101s m\u0113r\u012b\u0161anas sist\u0113mu, tostarp sav\u0101k\u0161anas p\u0101rsegu un kalibr\u0113\u0161anas degli. Ier\u012bce sast\u0101v no div\u0101m galvenaj\u0101m da\u013c\u0101m: <strong data-start=\"421\" data-end=\"460\">starojo\u0161\u0101s apkures pane\u013ca r\u0101mis<\/strong> un <strong data-start=\"464\" data-end=\"492\">parauga tur\u0113t\u0101ja r\u0101mis<\/strong>, un papildu komponentus, kas nodro\u0161ina prec\u012bzus testa rezult\u0101tus.<\/p>\n<p data-start=\"567\" data-end=\"608\"><strong data-start=\"567\" data-end=\"606\">Apkures pane\u013ca r\u0101mis<\/strong><\/p>\n<ul data-start=\"609\" data-end=\"1088\">\n<li data-start=\"609\" data-end=\"693\">Izgatavots no kvadr\u0101tveida met\u0101la caurul\u0113m, kas nodro\u0161ina iztur\u012bbu un stabilit\u0101ti.<\/li>\n<li data-start=\"694\" data-end=\"739\">Integr\u0113tas cauru\u013cvadu sist\u0113mas un vad\u012bbas v\u0101rsti.<\/li>\n<li data-start=\"740\" data-end=\"858\">Apkures panelis (480 mm x 280 mm) ar \u0161\u0137iedru sieta virsmu, kas uzst\u0101d\u012bta uz ner\u016bs\u0113jo\u0161\u0101 t\u0113rauda korpusa.<\/li>\n<li data-start=\"859\" data-end=\"938\">Sadeg\u0161anas g\u0101zu mais\u012bjums sast\u0101v no met\u0101na, dabasg\u0101zes vai prop\u0101na un gaisa.<\/li>\n<li data-start=\"939\" data-end=\"1005\">Spiediena regulatori un sl\u0113gv\u0101rsti visiem deg\u013ciem.<\/li>\n<li data-start=\"1006\" data-end=\"1088\">Integr\u0113ta g\u0101zes padeves vad\u012bba ar indikatoriem un digit\u0101laj\u0101m pog\u0101m.<\/li>\n<\/ul>\n<p data-start=\"1090\" data-end=\"1120\"><strong data-start=\"1090\" data-end=\"1118\">Parauga tur\u0113t\u0101ja r\u0101mis<\/strong><\/p>\n<ul data-start=\"1121\" data-end=\"1327\">\n<li data-start=\"1121\" data-end=\"1189\">Ner\u016bs\u0113jo\u0161\u0101 t\u0113rauda konstrukcija ar vadotn\u0113m.<\/li>\n<li data-start=\"1190\" data-end=\"1248\">Keramikas pilotdeglis, kas pieg\u0101d\u0101 g\u0101zes\/gaisa mais\u012bjumu.<\/li>\n<li data-start=\"1249\" data-end=\"1327\">Siltuma izdal\u012b\u0161an\u0101s m\u0113r\u012b\u0161anas sist\u0113ma ar vertik\u0101lu d\u016bmu nos\u016bk\u0161anas kan\u0101lu.<\/li>\n<\/ul>\n<p data-start=\"1329\" data-end=\"1353\"><strong data-start=\"1329\" data-end=\"1351\">Parauga tur\u0113t\u0101js<\/strong><\/p>\n<ul data-start=\"1354\" data-end=\"1497\">\n<li data-start=\"1354\" data-end=\"1435\">Ner\u016bs\u0113jo\u0161\u0101 t\u0113rauda paraugu tur\u0113t\u0101ji, kas atbilst standarta pras\u012bb\u0101m.<\/li>\n<li data-start=\"1436\" data-end=\"1497\">\u0100tri atbr\u012bvojamas skavas vienk\u0101r\u0161ai paraugu nostiprin\u0101\u0161anai.<\/li>\n<\/ul>\n<p data-start=\"1499\" data-end=\"1524\"><strong data-start=\"1499\" data-end=\"1522\">Kalibr\u0113\u0161anas sist\u0113ma<\/strong><\/p>\n<ul data-start=\"1525\" data-end=\"1755\">\n<li data-start=\"1525\" data-end=\"1575\">Kalibr\u0113\u0161anas d\u0113lis ar kalcija silik\u0101ta pamatni.<\/li>\n<li data-start=\"1576\" data-end=\"1667\">Ar \u016bdeni dzes\u0113jams siltuma pl\u016bsmas m\u0113r\u012bt\u0101js (0\u20135 W\/cm\u00b2), kalibr\u0113ts un sertific\u0113ts.<\/li>\n<li data-start=\"1668\" data-end=\"1755\">M\u0113r\u012bjumu dati tiek p\u0101rs\u016bt\u012bti uz datu re\u0123istr\u0113\u0161anas un programmat\u016bras sist\u0113mu.<\/li>\n<\/ul>\n<p data-start=\"1757\" data-end=\"1798\"><strong data-start=\"1757\" data-end=\"1796\">Termop\u0101ra kondicion\u0113\u0161anas iek\u0101rta<\/strong><\/p>\n<ul data-start=\"1799\" data-end=\"1876\">\n<li data-start=\"1799\" data-end=\"1876\">\u013bauj apstr\u0101d\u0101t termoelementu sign\u0101lus atbilsto\u0161i testa standartiem.<\/li>\n<\/ul>\n<h4 data-start=\"1878\" data-end=\"1921\">Tehniskie dati un pras\u012bbas:<\/h4>\n<ul data-start=\"1922\" data-end=\"2212\">\n<li data-start=\"1922\" data-end=\"1973\"><strong data-start=\"1924\" data-end=\"1935\">Elektr\u012bba<\/strong>230 V mai\u0146str\u0101va 50 Hz vai 115 V mai\u0146str\u0101va 60 Hz<\/li>\n<li data-start=\"1974\" data-end=\"2071\"><strong data-start=\"1976\" data-end=\"1985\">G\u0101ze<\/strong>Prop\u0101ns vai dabasg\u0101ze, pl\u016bsmas \u0101trums l\u012bdz 0,8 l\/s, spiediens 200 mm \u016bdens staba<\/li>\n<li data-start=\"2072\" data-end=\"2152\"><strong data-start=\"2074\" data-end=\"2082\">Laikapst\u0101k\u013ci<\/strong>Pieg\u0101des pl\u016bsma l\u012bdz 10 l\/s, spiediens aptuveni 300 mm \u016bdens staba<\/li>\n<li data-start=\"2153\" data-end=\"2212\"><strong data-start=\"2155\" data-end=\"2167\">Izm\u0113ri<\/strong>Apkures pane\u013ca izm\u0113rs \u2013 480 mm x 280 mm<\/li>\n<\/ul>","protected":false},"excerpt":{"rendered":"<p><strong data-start=\"2239\" data-end=\"2277\">Liesmas izplat\u012b\u0161an\u0101s testa ier\u012bce<\/strong> Saska\u0146\u0101 ar IMO FTPC 5. da\u013cas un ISO 5658-2 standartiem materi\u0101lu uzliesmojam\u012bbas test\u0113\u0161anai j\u016bras un dzelzce\u013ca nozar\u0113s. Tas sast\u0101v no starojuma apkures pane\u013ca, parauga tur\u0113t\u0101ja un siltuma izdal\u012b\u0161an\u0101s m\u0113r\u012b\u0161anas sist\u0113mas. Integr\u0113ta g\u0101zes un gaisa pl\u016bsmas kontrole, kalibr\u0113\u0161anas sist\u0113ma un termoelementu sign\u0101lu apstr\u0101de nodro\u0161ina prec\u012bzu un uzticamu test\u0113\u0161anu.<\/p>","protected":false},"featured_media":22035,"template":"","meta":[],"product_cat":[86,1103],"product_tag":[],"class_list":{"0":"post-22034","1":"product","2":"type-product","3":"status-publish","4":"has-post-thumbnail","6":"product_cat-medziagotyra","7":"product_cat-gaisriniu-tyrimu-ir-bandymu-sistemos","9":"first","10":"instock","11":"shipping-taxable","12":"product-type-simple"},"_links":{"self":[{"href":"https:\/\/labostera.lt\/lv\/wp-json\/wp\/v2\/product\/22034","targetHints":{"allow":["GET"]}}],"collection":[{"href":"https:\/\/labostera.lt\/lv\/wp-json\/wp\/v2\/product"}],"about":[{"href":"https:\/\/labostera.lt\/lv\/wp-json\/wp\/v2\/types\/product"}],"wp:featuredmedia":[{"embeddable":true,"href":"https:\/\/labostera.lt\/lv\/wp-json\/wp\/v2\/media\/22035"}],"wp:attachment":[{"href":"https:\/\/labostera.lt\/lv\/wp-json\/wp\/v2\/media?parent=22034"}],"wp:term":[{"taxonomy":"product_cat","embeddable":true,"href":"https:\/\/labostera.lt\/lv\/wp-json\/wp\/v2\/product_cat?post=22034"},{"taxonomy":"product_tag","embeddable":true,"href":"https:\/\/labostera.lt\/lv\/wp-json\/wp\/v2\/product_tag?post=22034"}],"curies":[{"name":"wp","href":"https:\/\/api.w.org\/{rel}","templated":true}]}}