{"id":22030,"date":"2025-02-27T12:32:10","date_gmt":"2025-02-27T09:32:10","guid":{"rendered":"https:\/\/labostera.lt\/?post_type=product&#038;p=22030"},"modified":"2025-02-27T12:34:38","modified_gmt":"2025-02-27T09:34:38","slug":"sedyniu-pagalveliu-degumo-bandymo-irenginys","status":"publish","type":"product","link":"https:\/\/labostera.lt\/lv\/priemones-ir-iranga\/laboratorine-iranga\/medziagotyra\/sedyniu-pagalveliu-degumo-bandymo-irenginys\/","title":{"rendered":"S\u0113dek\u013ca spilvena uzliesmojam\u012bbas testeris"},"content":{"rendered":"<p data-start=\"82\" data-end=\"385\"><strong data-start=\"82\" data-end=\"136\">NEXGEN s\u0113dek\u013ca spilvenu uzliesmojam\u012bbas testeris<\/strong> atbilst <strong data-start=\"146\" data-end=\"184\">FAA FAR 25. da\u013cas F pielikums, II da\u013ca<\/strong>, k\u0101 ar\u012b <strong data-start=\"195\" data-end=\"219\">AITM 2.009, BSS 7303<\/strong> un <strong data-start=\"223\" data-end=\"256\">FAA rokasgr\u0101matas 12. noda\u013ca AC20-135<\/strong> pras\u012bbas. \u0160\u012b ier\u012bce ir paredz\u0113ta avi\u0101cijas s\u0113dek\u013cu spilvenu uzliesmojam\u012bbas p\u0101rbaudei, nodro\u0161inot augst\u0101kos dro\u0161\u012bbas standartus.<\/p>\n<p data-start=\"387\" data-end=\"847\">Ier\u012bcei ir ner\u016bs\u0113jo\u0161\u0101 t\u0113rauda deg\u013ca konstrukcija un integr\u0113ts sadeg\u0161anas g\u0101zes kontroles meh\u0101nisms, kas \u013cauj prec\u012bzi kontrol\u0113t testa apst\u0101k\u013cus. NEXGEN degli var izmantot <strong data-start=\"580\" data-end=\"634\">siltumizol\u0101cijas liesmas iespie\u0161an\u0101s testam<\/strong>, k\u0101 ar\u012b <strong data-start=\"645\" data-end=\"700\">s\u0113dek\u013cu spilvenu un sp\u0113ka piedzi\u0146as komponentu test\u0113\u0161anai<\/strong>. Ofici\u0101li FAA apstiprin\u0101ts siltumizol\u0101cijas test\u0113\u0161anai, ta\u010du ieteicams izmantot atsevi\u0161\u0137us deg\u013cus da\u017e\u0101d\u0101m testa konfigur\u0101cij\u0101m.<\/p>\n<p data-start=\"849\" data-end=\"1100\">Deglis ir uzst\u0101d\u012bts uz regul\u0113jama balsta, kas \u013cauj iestat\u012bt prec\u012bzu padeves le\u0146\u0137i. Integr\u0113tais vad\u012bbas panelis nodro\u0161ina \u0113rtu spiediena, gaisa un degvielas mais\u012bjuma kontroli, un autom\u0101tisk\u0101 aizdedzes sist\u0113ma nodro\u0161ina liel\u0101ku precizit\u0101ti un uzticam\u012bbu.<\/p>\n<h4 data-start=\"1102\" data-end=\"1135\">Specifik\u0101cijas un funkcijas:<\/h4>\n<ul data-start=\"1136\" data-end=\"1659\">\n<li data-start=\"1136\" data-end=\"1176\">Ner\u016bs\u0113jo\u0161\u0101 t\u0113rauda pagarin\u0101juma konuss<\/li>\n<li data-start=\"1177\" data-end=\"1209\">Degvielas iesmidzin\u0101t\u0101js un stators<\/li>\n<li data-start=\"1210\" data-end=\"1245\">Gaisa pl\u016bsmas caurule (velkmes caurule)<\/li>\n<li data-start=\"1246\" data-end=\"1271\">Izp\u016bt\u0113js<\/li>\n<li data-start=\"1272\" data-end=\"1296\">Spiediena regulators<\/li>\n<li data-start=\"1297\" data-end=\"1335\">Gaisa pl\u016bsmas mais\u012bt\u0101js (turbulators)<\/li>\n<li data-start=\"1336\" data-end=\"1367\">Autom\u0101tisk\u0101 aizdedzes sist\u0113ma<\/li>\n<li data-start=\"1368\" data-end=\"1402\">Deg\u013ca tur\u0113t\u0101js un korpuss<\/li>\n<li data-start=\"1403\" data-end=\"1451\">Spiediena m\u0113r\u012bt\u0101js ar ska\u0146as sl\u0101p\u0113\u0161anas funkciju<\/li>\n<li data-start=\"1452\" data-end=\"1494\">Spiediena dev\u0113js<\/li>\n<li data-start=\"1495\" data-end=\"1595\">Deglis ir uzst\u0101d\u012bts uz regul\u0113jama balsta, kas \u013cauj prec\u012bzi iestat\u012bt padeves le\u0146\u0137i.<\/li>\n<li data-start=\"1596\" data-end=\"1659\">Integr\u0113ts vad\u012bbas panelis \u0113rtai deg\u013ca regul\u0113\u0161anai<\/li>\n<\/ul>","protected":false},"excerpt":{"rendered":"<p><strong data-start=\"1686\" data-end=\"1740\">NEXGEN s\u0113dek\u013ca spilvenu uzliesmojam\u012bbas testeris<\/strong> Atbilst FAA FAR 25. da\u013cas F pielikuma II da\u013cas, AITM 2.009, BSS 7303 un citiem starptautiskajiem standartiem. \u0160\u012b ier\u012bce tiek izmantota avi\u0101cijas s\u0113dek\u013cu spilvenu uzliesmojam\u012bbas p\u0101rbaudei, nodro\u0161inot prec\u012bzus testa apst\u0101k\u013cus. Deglis ar ner\u016bs\u0113jo\u0161\u0101 t\u0113rauda konstrukciju, spiediena kontroles sist\u0113mu un autom\u0101tisko aizdedzi nodro\u0161ina uzticamu p\u0101rbaudi. Ofici\u0101li apstiprin\u0101ts FAA siltumizol\u0101cijas p\u0101rbaudei, bet to var izmantot ar\u012b citu avi\u0101cijas komponentu p\u0101rbaudei.<\/p>","protected":false},"featured_media":22033,"template":"","meta":[],"product_cat":[86,1103],"product_tag":[],"class_list":{"0":"post-22030","1":"product","2":"type-product","3":"status-publish","4":"has-post-thumbnail","6":"product_cat-medziagotyra","7":"product_cat-gaisriniu-tyrimu-ir-bandymu-sistemos","9":"first","10":"instock","11":"shipping-taxable","12":"product-type-simple"},"_links":{"self":[{"href":"https:\/\/labostera.lt\/lv\/wp-json\/wp\/v2\/product\/22030","targetHints":{"allow":["GET"]}}],"collection":[{"href":"https:\/\/labostera.lt\/lv\/wp-json\/wp\/v2\/product"}],"about":[{"href":"https:\/\/labostera.lt\/lv\/wp-json\/wp\/v2\/types\/product"}],"wp:featuredmedia":[{"embeddable":true,"href":"https:\/\/labostera.lt\/lv\/wp-json\/wp\/v2\/media\/22033"}],"wp:attachment":[{"href":"https:\/\/labostera.lt\/lv\/wp-json\/wp\/v2\/media?parent=22030"}],"wp:term":[{"taxonomy":"product_cat","embeddable":true,"href":"https:\/\/labostera.lt\/lv\/wp-json\/wp\/v2\/product_cat?post=22030"},{"taxonomy":"product_tag","embeddable":true,"href":"https:\/\/labostera.lt\/lv\/wp-json\/wp\/v2\/product_tag?post=22030"}],"curies":[{"name":"wp","href":"https:\/\/api.w.org\/{rel}","templated":true}]}}