{"id":22027,"date":"2025-02-27T12:23:30","date_gmt":"2025-02-27T09:23:30","guid":{"rendered":"https:\/\/labostera.lt\/?post_type=product&#038;p=22027"},"modified":"2025-02-27T12:31:31","modified_gmt":"2025-02-27T09:31:31","slug":"degumo-bandymo-irenginys","status":"publish","type":"product","link":"https:\/\/labostera.lt\/lv\/priemones-ir-iranga\/laboratorine-iranga\/medziagotyra\/degumo-bandymo-irenginys\/","title":{"rendered":"Uzliesmojam\u012bbas testa ier\u012bce TPP-2"},"content":{"rendered":"<p data-start=\"62\" data-end=\"279\"><strong data-start=\"62\" data-end=\"96\">TPP-2 uzliesmojam\u012bbas p\u0101rbaudes ier\u012bce<\/strong> ir paredz\u0113ts, lai nov\u0113rt\u0113tu aizsargap\u0123\u0113rba un materi\u0101lu liesmas un karstumiztur\u012bbu saska\u0146\u0101 ar starptautiskajiem standartiem: ASTM D 4108, ASTM D 7140, BS EN 367, CAN\/CGSB 155.20 un ISO 9151.<\/p>\n<p data-start=\"281\" data-end=\"686\">\u0160\u012b testa ier\u012bce \u013cauj prec\u012bzi noteikt materi\u0101lu termisko aizsardz\u012bbu, nodro\u0161inot vienm\u0113r\u012bgu testa apst\u0101k\u013cu kontroli. Taj\u0101 ir iek\u013cauta autom\u0101tiska deg\u013ca poz\u012bcijas kontrole, kas nodro\u0161ina, ka katrs paraugs ir pak\u013cauts vien\u0101dai siltuma pl\u016bsmai. Testa laik\u0101 divi vara kalorimetri m\u0113ra liesmas izdal\u012bt\u0101 siltuma daudzumu, un deg\u013ca aizdedze un g\u0101zes pl\u016bsmas kontrole ir automatiz\u0113ta.<\/p>\n<p data-start=\"688\" data-end=\"1076\">Ier\u012bce ir uzst\u0101d\u012bta uz vienas platformas un tai ir visaptvero\u0161s vad\u012bbas panelis, kas regul\u0113 testa parametrus. Ja testa laik\u0101 deg\u013ca liesma nodziest, sist\u0113ma autom\u0101tiski p\u0101rtrauc g\u0101zes padevi, nodro\u0161inot maksim\u0101lu dro\u0161\u012bbu. Programmat\u016bra tiek autom\u0101tiski palaista, kad deglis sasniedz \u201etesta\u201c poz\u012bciju, un vad\u012bbas sist\u0113ma \u013cauj uzraudz\u012bt un re\u0123istr\u0113t testa datus.<\/p>\n<h4 data-start=\"1078\" data-end=\"1111\">Specifik\u0101cijas un funkcijas:<\/h4>\n<ul data-start=\"1112\" data-end=\"1595\">\n<li data-start=\"1112\" data-end=\"1190\">Pilns testa apr\u012bkojums ar paraugu tur\u0113t\u0101ju un augstas temperat\u016bras degli<\/li>\n<li data-start=\"1191\" data-end=\"1241\">4 mont\u0101\u017eas pl\u0101k\u0161\u0146u komplekti un 1 starplikas<\/li>\n<li data-start=\"1242\" data-end=\"1306\">Divi vara kalorimetri liesmas siltuma jaudas m\u0113r\u012b\u0161anai<\/li>\n<li data-start=\"1307\" data-end=\"1365\">Autom\u0101tiska g\u0101zes padeves p\u0101rtrauk\u0161ana, kad deglis nodziest<\/li>\n<li data-start=\"1366\" data-end=\"1454\">Autom\u0101tiska deg\u013ca poz\u012bcijas kontrole, lai nodro\u0161in\u0101tu vienm\u0113r\u012bgu parauga termisko iedarb\u012bbu<\/li>\n<li data-start=\"1455\" data-end=\"1517\">Autom\u0101tiska testa s\u0101k\u0161ana, sasniedzot &quot;testa&quot; poz\u012bciju<\/li>\n<li data-start=\"1518\" data-end=\"1595\">Vad\u012bbas panelis ar deg\u013ca poz\u012bcijas regul\u0113\u0161anu un g\u0101zes pl\u016bsmas m\u0113r\u012b\u0161anu<\/li>\n<\/ul>\n<div id=\"gtx-trans\" style=\"position: absolute; left: 436px; top: 193px;\">\n<div class=\"gtx-trans-icon\"><\/div>\n<\/div>","protected":false},"excerpt":{"rendered":"<p><strong data-start=\"1622\" data-end=\"1656\">TPP-2 uzliesmojam\u012bbas p\u0101rbaudes ier\u012bce<\/strong> tiek izmantota aizsargap\u0123\u0113rba un materi\u0101lu liesmas iztur\u012bbas p\u0101rbaudei saska\u0146\u0101 ar starptautiskajiem standartiem. Taj\u0101 ir integr\u0113ta autom\u0101tiska deg\u013ca poz\u012bcijas kontrole un divi vara kalorimetri, kas \u013cauj prec\u012bzi izm\u0113r\u012bt liesmas siltuma jaudu. P\u0101rbaudes process ir piln\u012bb\u0101 automatiz\u0113ts, nodro\u0161inot vienm\u0113r\u012bgu parauga pak\u013cau\u0161anu karstumam, autom\u0101tisku g\u0101zes padeves izsl\u0113g\u0161anu un testa datu re\u0123istr\u0113\u0161anu.<\/p>","protected":false},"featured_media":22029,"template":"","meta":[],"product_cat":[86,1103],"product_tag":[],"class_list":{"0":"post-22027","1":"product","2":"type-product","3":"status-publish","4":"has-post-thumbnail","6":"product_cat-medziagotyra","7":"product_cat-gaisriniu-tyrimu-ir-bandymu-sistemos","9":"first","10":"instock","11":"shipping-taxable","12":"product-type-simple"},"_links":{"self":[{"href":"https:\/\/labostera.lt\/lv\/wp-json\/wp\/v2\/product\/22027","targetHints":{"allow":["GET"]}}],"collection":[{"href":"https:\/\/labostera.lt\/lv\/wp-json\/wp\/v2\/product"}],"about":[{"href":"https:\/\/labostera.lt\/lv\/wp-json\/wp\/v2\/types\/product"}],"wp:featuredmedia":[{"embeddable":true,"href":"https:\/\/labostera.lt\/lv\/wp-json\/wp\/v2\/media\/22029"}],"wp:attachment":[{"href":"https:\/\/labostera.lt\/lv\/wp-json\/wp\/v2\/media?parent=22027"}],"wp:term":[{"taxonomy":"product_cat","embeddable":true,"href":"https:\/\/labostera.lt\/lv\/wp-json\/wp\/v2\/product_cat?post=22027"},{"taxonomy":"product_tag","embeddable":true,"href":"https:\/\/labostera.lt\/lv\/wp-json\/wp\/v2\/product_tag?post=22027"}],"curies":[{"name":"wp","href":"https:\/\/api.w.org\/{rel}","templated":true}]}}