{"id":22023,"date":"2025-02-27T12:16:23","date_gmt":"2025-02-27T09:16:23","guid":{"rendered":"https:\/\/labostera.lt\/?post_type=product&#038;p=22023"},"modified":"2025-02-27T12:31:18","modified_gmt":"2025-02-27T09:31:18","slug":"vertikalios-liepsnos-plitimo-bandymo-irenginys-faa-vfp","status":"publish","type":"product","link":"https:\/\/labostera.lt\/lv\/priemones-ir-iranga\/laboratorine-iranga\/medziagotyra\/vertikalios-liepsnos-plitimo-bandymo-irenginys-faa-vfp\/","title":{"rendered":"FAA VFP vertik\u0101lais liesmas izplat\u012b\u0161an\u0101s testeris"},"content":{"rendered":"<p data-start=\"86\" data-end=\"413\">FAA VFP vertik\u0101lais liesmas izplat\u012b\u0161an\u0101s testeris ir paredz\u0113ts, lai nov\u0113rt\u0113tu materi\u0101lu uzliesmojam\u012bbu pasa\u017eieru lidma\u0161\u012bnas nepieejam\u0101s viet\u0101s. Test\u0101 tiek izmantoti nemet\u0101lisku konstrukciju, p\u0101rkl\u0101jumu, gaisa vadu, vadu izol\u0101cijas un citu sast\u0101vda\u013cu paraugi, kas neatbilst FAA uzliesmojam\u012bbas noteikumu &quot;mazu deta\u013cu&quot; defin\u012bcijai.<\/p>\n<p data-start=\"415\" data-end=\"1003\">Testa laik\u0101 152 mm x 305 mm paraugs tiek vertik\u0101li uzst\u0101d\u012bts elektrisk\u0101s starojuma sild\u012b\u0161anas kr\u0101sns priek\u0161\u0101, kas nodro\u0161ina 1,8 W\/cm\u00b2 termisk\u0101 starojuma. \u012apa\u0161s met\u0101na\/gaisa sloksnes deglis parauga apak\u0161\u0113j\u0101 da\u013c\u0101 rada vair\u0101kas intens\u012bvas liesmas, uzs\u0101kot deg\u0161anu, un paraugs tiek nep\u0101rtraukti pak\u013cauts starojuma siltumam. P\u0113c noteikta laika deglis tiek autom\u0101tiski no\u0146emts, un tests turpin\u0101s, l\u012bdz materi\u0101ls ir piln\u012bb\u0101 p\u0101rst\u0101jis degt. P\u0113c testa tiek m\u0113r\u012bts sadegu\u0161\u0101 posma garums, kas ir vien\u012bgais krit\u0113rijs, lai noteiktu, vai paraugs atbilst pras\u012bb\u0101m.<\/p>\n<p data-start=\"1005\" data-end=\"1323\">Ier\u012bce nodro\u0161ina stabiliz\u0113tu kr\u0101sns baro\u0161anu un prec\u012bzu met\u0101na un gaisa pl\u016bsmu kontroli uz degli. Test\u0113\u0161anas laik\u0101 tiek re\u0123istr\u0113ti visi galvenie parametri \u2013 kr\u0101sns spriegums, apk\u0101rt\u0113j\u0101s vides temperat\u016bra, deg\u013ca darb\u012bba un liesmas notur\u0113\u0161anas laiks. Papildus ir pieejama sinhroniz\u0113ta video ierakst\u012b\u0161anas funkcija.<\/p>\n<p data-start=\"1325\" data-end=\"1451\">FAA VFP testa metode ir iek\u013cauta jaunaj\u0101 FAA uzliesmojam\u012bbas testa rokasgr\u0101matas 3. versij\u0101. Ier\u012bce atbilst UKCA un CE pras\u012bb\u0101m.<\/p>\n<h4 data-start=\"1453\" data-end=\"1486\">Specifik\u0101cijas un funkcijas:<\/h4>\n<ul data-start=\"1487\" data-end=\"2269\">\n<li data-start=\"1487\" data-end=\"1536\">Ner\u016bs\u0113jo\u0161\u0101 t\u0113rauda kamera ar siltumizol\u0101ciju<\/li>\n<li data-start=\"1537\" data-end=\"1588\">Izol\u0113tas iek\u0161\u0113j\u0101s durvis ar paraugu tur\u0113t\u0101ju<\/li>\n<li data-start=\"1589\" data-end=\"1644\">Ner\u016bs\u0113jo\u0161\u0101 t\u0113rauda skurstenis un iek\u0161\u0113jais jumta panelis<\/li>\n<li data-start=\"1645\" data-end=\"1724\">Alum\u012bnija se\u0161st\u016bra gaisa iepl\u016bdes re\u017e\u0123is ar ner\u016bs\u0113jo\u0161\u0101 t\u0113rauda aizsargu<\/li>\n<li data-start=\"1725\" data-end=\"1780\">R\u016bd\u012bta stikla nov\u0113ro\u0161anas logi s\u0101nos un aizmugur\u0113<\/li>\n<li data-start=\"1781\" data-end=\"1855\">Speci\u0101li izstr\u0101d\u0101ta starojuma apkures kr\u0101sns saska\u0146\u0101 ar VFP specifik\u0101ciju<\/li>\n<li data-start=\"1856\" data-end=\"1912\">Autom\u0101tiska deg\u013ca vad\u012bba ar poz\u012bcijas sensoriem<\/li>\n<li data-start=\"1913\" data-end=\"1973\">Prec\u012bza elektrisk\u0101s jaudas kontrole kr\u0101sns stabiliz\u0113\u0161anai<\/li>\n<li data-start=\"1974\" data-end=\"2038\">G\u0101zes un gaisa masas pl\u016bsmas regulatori ar datora vad\u012bbu<\/li>\n<li data-start=\"2039\" data-end=\"2098\">Autom\u0101tiska testa s\u0101k\u0161ana, aizverot iek\u0161\u0113j\u0101s durvis<\/li>\n<li data-start=\"2099\" data-end=\"2156\">Aizdedzes laika re\u0123istr\u0113\u0161ana programmat\u016br\u0101<\/li>\n<li data-start=\"2157\" data-end=\"2215\">USB datu re\u0123istr\u0113\u0161anas modulis ar kalibr\u0113\u0161anas apr\u012bkojumu<\/li>\n<li data-start=\"2216\" data-end=\"2269\">Windows 10 vad\u012bbas dators ar 24 collu ekr\u0101nu<\/li>\n<\/ul>\n<p data-start=\"2271\" data-end=\"2298\"><strong data-start=\"2271\" data-end=\"2296\">Papildu iesp\u0113jas:<\/strong><\/p>\n<ul data-start=\"2299\" data-end=\"2437\">\n<li data-start=\"2299\" data-end=\"2325\">Videoieraksta sist\u0113ma<\/li>\n<li data-start=\"2326\" data-end=\"2366\">Autom\u0101tiska deg\u013ca aizdedzes sist\u0113ma<\/li>\n<li data-start=\"2367\" data-end=\"2395\">Cirkul\u0101cijas dzes\u0113t\u0101js<\/li>\n<li data-start=\"2396\" data-end=\"2437\">Anemometrs izpl\u016bdes g\u0101zu pl\u016bsmas m\u0113r\u012b\u0161anai<\/li>\n<\/ul>\n<p data-start=\"2439\" data-end=\"2469\"><strong data-start=\"2439\" data-end=\"2467\">Tehnisk\u0101s pras\u012bbas:<\/strong><\/p>\n<ul data-start=\"2470\" data-end=\"2765\">\n<li data-start=\"2470\" data-end=\"2520\"><strong data-start=\"2472\" data-end=\"2484\">Elektr\u012bba:<\/strong> 230 V mai\u0146str\u0101va 50 Hz \/ 110 V mai\u0146str\u0101va 60 Hz, 10 A<\/li>\n<li data-start=\"2521\" data-end=\"2588\"><strong data-start=\"2523\" data-end=\"2541\">G\u0101zes padeve:<\/strong> met\u0101na un gaisa mais\u012bjums (1 sl\/min, min. 1 bar)<\/li>\n<li data-start=\"2589\" data-end=\"2647\"><strong data-start=\"2591\" data-end=\"2608\">Gaisa padeve:<\/strong> t\u012brs, sauss gaiss (5 sl\/min, 1 bar)<\/li>\n<li data-start=\"2648\" data-end=\"2702\"><strong data-start=\"2650\" data-end=\"2671\">\u016adensapg\u0101de:<\/strong> dzes\u0113\u0161anas pl\u016bsma 0,3\u20131 l\/min<\/li>\n<li data-start=\"2703\" data-end=\"2765\"><strong data-start=\"2705\" data-end=\"2736\">Nos\u016bces ventil\u0101cija:<\/strong> regul\u0113jams l\u012bdz 500 m\u00b3\/h<\/li>\n<\/ul>\n<div id=\"gtx-trans\" style=\"position: absolute; left: -125px; top: 1px;\">\n<div class=\"gtx-trans-icon\"><\/div>\n<\/div>","protected":false},"excerpt":{"rendered":"<p><strong data-start=\"2792\" data-end=\"2850\">FAA VFP vertik\u0101lais liesmas izplat\u012b\u0161an\u0101s testeris<\/strong> Paredz\u0113ta nemet\u0101lisku materi\u0101lu, kas atrodas gr\u016bti sasniedzam\u0101s lidma\u0161\u012bnu viet\u0101s, uzliesmojam\u012bbas p\u0101rbaudei saska\u0146\u0101 ar jaun\u0101ko FAA metodolo\u0123iju. Ier\u012bce izmanto starojuma sild\u012b\u0161anas kr\u0101sni un \u012bpa\u0161u met\u0101na\/gaisa degli, lai aizdedzin\u0101tu paraugu, re\u0123istr\u0113jot sadegu\u0161\u0101 gabala garumu. Piln\u012bb\u0101 automatiz\u0113ta sist\u0113ma ar prec\u012bzu g\u0101zes un gaisa pl\u016bsmas kontroli, USB datu re\u0123istr\u0113\u0161anu un video ierakst\u012b\u0161anas iesp\u0113ju. Atbilst UKCA un CE pras\u012bb\u0101m.<\/p>","protected":false},"featured_media":22026,"template":"","meta":[],"product_cat":[86,1103],"product_tag":[],"class_list":{"0":"post-22023","1":"product","2":"type-product","3":"status-publish","4":"has-post-thumbnail","6":"product_cat-medziagotyra","7":"product_cat-gaisriniu-tyrimu-ir-bandymu-sistemos","9":"first","10":"instock","11":"shipping-taxable","12":"product-type-simple"},"_links":{"self":[{"href":"https:\/\/labostera.lt\/lv\/wp-json\/wp\/v2\/product\/22023","targetHints":{"allow":["GET"]}}],"collection":[{"href":"https:\/\/labostera.lt\/lv\/wp-json\/wp\/v2\/product"}],"about":[{"href":"https:\/\/labostera.lt\/lv\/wp-json\/wp\/v2\/types\/product"}],"wp:featuredmedia":[{"embeddable":true,"href":"https:\/\/labostera.lt\/lv\/wp-json\/wp\/v2\/media\/22026"}],"wp:attachment":[{"href":"https:\/\/labostera.lt\/lv\/wp-json\/wp\/v2\/media?parent=22023"}],"wp:term":[{"taxonomy":"product_cat","embeddable":true,"href":"https:\/\/labostera.lt\/lv\/wp-json\/wp\/v2\/product_cat?post=22023"},{"taxonomy":"product_tag","embeddable":true,"href":"https:\/\/labostera.lt\/lv\/wp-json\/wp\/v2\/product_tag?post=22023"}],"curies":[{"name":"wp","href":"https:\/\/api.w.org\/{rel}","templated":true}]}}