{"id":22022,"date":"2025-02-26T18:44:32","date_gmt":"2025-02-26T15:44:32","guid":{"rendered":"https:\/\/labostera.lt\/?post_type=product&#038;p=22022"},"modified":"2025-02-26T18:49:56","modified_gmt":"2025-02-26T15:49:56","slug":"pralaidumo-sandarumo-ir-atsparumo-patikros-sistema","status":"publish","type":"product","link":"https:\/\/labostera.lt\/lv\/priemones-ir-iranga\/laboratorine-iranga\/medziagotyra\/pralaidumo-sandarumo-ir-atsparumo-patikros-sistema\/","title":{"rendered":"Caurlaid\u012bbas, herm\u0113tiskuma un pretest\u012bbas p\u0101rbaudes sist\u0113ma"},"content":{"rendered":"<p>Caurlaid\u012bbas, herm\u0113tiskuma un pretest\u012bbas test\u0113\u0161anas sist\u0113ma ir uzlabota test\u0113\u0161anas sist\u0113ma, kas paredz\u0113ta v\u0113ja iztur\u012bbas, gaisa caurlaid\u012bbas un \u016bdensnecaurlaid\u012bbas testu veik\u0161anai saska\u0146\u0101 ar starptautiskajiem standartiem. \u0160\u012b iek\u0101rta ir \u012bpa\u0161i izstr\u0101d\u0101ta durvju un logu test\u0113\u0161anai b\u016bvniec\u012bbas nozar\u0113, lai nodro\u0161in\u0101tu to kvalit\u0101ti un atbilst\u012bbu noteiktaj\u0101m pras\u012bb\u0101m.<\/p>\n<p data-start=\"421\" data-end=\"447\"><strong data-start=\"421\" data-end=\"447\">Attiec\u012bgie standarti:<\/strong><\/p>\n<ul data-start=\"448\" data-end=\"831\">\n<li data-start=\"448\" data-end=\"509\"><strong data-start=\"450\" data-end=\"463\">EN 12207:<\/strong> Durvju un logu gaisa caurlaid\u012bba, klasifik\u0101cija.<\/li>\n<li data-start=\"510\" data-end=\"572\"><strong data-start=\"512\" data-end=\"524\">EN 1026:<\/strong> Durvju un logu gaisa caurlaid\u012bba, p\u0101rbaudes metode.<\/li>\n<li data-start=\"573\" data-end=\"637\"><strong data-start=\"575\" data-end=\"588\">EN 12208:<\/strong> Durvju un logu \u016bdensnecaurlaid\u012bba, klasifik\u0101cija.<\/li>\n<li data-start=\"638\" data-end=\"703\"><strong data-start=\"640\" data-end=\"652\">EN 1027:<\/strong> Durvju un logu \u016bdensnecaurlaid\u012bba, p\u0101rbaudes metode.<\/li>\n<li data-start=\"704\" data-end=\"766\"><strong data-start=\"706\" data-end=\"719\">EN 12210:<\/strong> Durvju un logu v\u0113ja iztur\u012bba, klasifik\u0101cija.<\/li>\n<li data-start=\"767\" data-end=\"831\"><strong data-start=\"769\" data-end=\"782\">EN 12211:<\/strong> Durvju un logu v\u0113ja iztur\u012bba, testa metode.<\/li>\n<\/ul>\n<p data-start=\"833\" data-end=\"857\"><strong data-start=\"833\" data-end=\"857\">Galven\u0101s iez\u012bmes:<\/strong><\/p>\n<ul data-start=\"858\" data-end=\"1665\">\n<li data-start=\"858\" data-end=\"1038\"><strong data-start=\"860\" data-end=\"892\">Piel\u0101goti risin\u0101jumi:<\/strong> Ineltec projekt\u0113 un ra\u017eo iek\u0101rtas atbilsto\u0161i klientu specifik\u0101cij\u0101m, piel\u0101gojot vai papla\u0161inot standarta funkcijas, lai apmierin\u0101tu unik\u0101las vajadz\u012bbas.<\/li>\n<li data-start=\"1039\" data-end=\"1213\"><strong data-start=\"1041\" data-end=\"1073\">Intuit\u012bva programmat\u016bra:<\/strong> Iek\u0101rta ir apr\u012bkota ar PROCAM-WIN programmat\u016bru, kas nodro\u0161ina \u0113rtu programm\u0113\u0161anu, datu v\u0101k\u0161anu, p\u0101rvald\u012bbu un testa rezult\u0101tu anal\u012bzi.<\/li>\n<li data-start=\"1214\" data-end=\"1374\"><strong data-start=\"1216\" data-end=\"1255\">Automatiz\u0113tie un manu\u0101lie re\u017e\u012bmi:<\/strong> Sp\u0113ja izv\u0113l\u0113ties starp automatiz\u0113tu vai manu\u0101lu test\u0113\u0161anas re\u017e\u012bmu atkar\u012bb\u0101 no konkr\u0113taj\u0101m test\u0113\u0161anas pras\u012bb\u0101m.<\/li>\n<li data-start=\"1375\" data-end=\"1528\"><strong data-start=\"1377\" data-end=\"1403\">Datu eksports:<\/strong> Testa rezult\u0101tus var eksport\u0113t uz Excel vai l\u012bdz\u012bg\u0101m programm\u0101m, kas atvieglo datu anal\u012bzi un atskai\u0161u veido\u0161anu.<\/li>\n<li data-start=\"1529\" data-end=\"1665\"><strong data-start=\"1531\" data-end=\"1557\">Daudzfunkcion\u0101ls:<\/strong> Sist\u0113ma atbalsta l\u012bdz pat 11 operatoriem ar da\u017e\u0101diem piek\u013cuves l\u012bme\u0146iem, nodro\u0161inot dro\u0161u un efekt\u012bvu lieto\u0161anu.<\/li>\n<\/ul>\n<p data-start=\"1667\" data-end=\"1905\"><strong data-start=\"1667\" data-end=\"1683\">Pielietojums:<\/strong> \u0160is apr\u012bkojums ir b\u016btisks b\u016bvniec\u012bbas nozar\u0113, \u012bpa\u0161i durvju un logu ra\u017eot\u0101jiem un test\u0113\u0161anas laboratorij\u0101m, lai nodro\u0161in\u0101tu, ka produkti atbilst augst\u0101kajiem gaisa caurlaid\u012bbas, \u016bdensnecaurlaid\u012bbas un v\u0113ja iztur\u012bbas standartiem.<\/p>","protected":false},"excerpt":{"rendered":"<p>Caurlaid\u012bbas, herm\u0113tiskuma un pretest\u012bbas test\u0113\u0161anas sist\u0113ma ir specializ\u0113ta sist\u0113ma durvju un logu test\u0113\u0161anai saska\u0146\u0101 ar standartiem EN 12207, EN 1026, EN 12208, EN 1027, EN 12210 un EN 12211. Iek\u0101rta pied\u0101v\u0101 piel\u0101gotus risin\u0101jumus, intuit\u012bvu programmat\u016bru un atbalsta vair\u0101ku lietot\u0101ju iesp\u0113jas, nodro\u0161inot prec\u012bzus un uzticamus testa rezult\u0101tus b\u016bvniec\u012bbas nozar\u0113.<\/p>","protected":false},"featured_media":22018,"template":"","meta":[],"product_cat":[86,1100],"product_tag":[],"class_list":{"0":"post-22022","1":"product","2":"type-product","3":"status-publish","4":"has-post-thumbnail","6":"product_brand-ineltec","7":"product_cat-medziagotyra","8":"product_cat-medziagu-testavimo-kameros","10":"first","11":"instock","12":"shipping-taxable","13":"product-type-simple"},"_links":{"self":[{"href":"https:\/\/labostera.lt\/lv\/wp-json\/wp\/v2\/product\/22022","targetHints":{"allow":["GET"]}}],"collection":[{"href":"https:\/\/labostera.lt\/lv\/wp-json\/wp\/v2\/product"}],"about":[{"href":"https:\/\/labostera.lt\/lv\/wp-json\/wp\/v2\/types\/product"}],"wp:featuredmedia":[{"embeddable":true,"href":"https:\/\/labostera.lt\/lv\/wp-json\/wp\/v2\/media\/22018"}],"wp:attachment":[{"href":"https:\/\/labostera.lt\/lv\/wp-json\/wp\/v2\/media?parent=22022"}],"wp:term":[{"taxonomy":"product_cat","embeddable":true,"href":"https:\/\/labostera.lt\/lv\/wp-json\/wp\/v2\/product_cat?post=22022"},{"taxonomy":"product_tag","embeddable":true,"href":"https:\/\/labostera.lt\/lv\/wp-json\/wp\/v2\/product_tag?post=22022"}],"curies":[{"name":"wp","href":"https:\/\/api.w.org\/{rel}","templated":true}]}}