{"id":22021,"date":"2025-02-26T18:44:30","date_gmt":"2025-02-26T15:44:30","guid":{"rendered":"https:\/\/labostera.lt\/?post_type=product&#038;p=22021"},"modified":"2025-02-26T18:47:13","modified_gmt":"2025-02-26T15:47:13","slug":"atsparumo-purskiamam-vandeniui-patikros-sistema","status":"publish","type":"product","link":"https:\/\/labostera.lt\/lv\/priemones-ir-iranga\/laboratorine-iranga\/medziagotyra\/atsparumo-purskiamam-vandeniui-patikros-sistema\/","title":{"rendered":"\u016adensiztur\u012bbas p\u0101rbaudes sist\u0113ma"},"content":{"rendered":"<p>Ineltec Splash Water \u0161\u013cakatu iztur\u012bbas test\u0113\u0161anas sist\u0113ma ir uzlabota test\u0113\u0161anas sist\u0113ma, kas paredz\u0113ta, lai prec\u012bzi simul\u0113tu \u0161\u013cakatu ietekmi un nov\u0113rt\u0113tu ier\u012b\u010du bl\u012bv\u0113juma veiktsp\u0113ju saska\u0146\u0101 ar EN 60529 standartiem. \u0160\u012b iek\u0101rta \u013cauj programm\u0113t testa ciklus, regul\u0113t \u016bdens izsmidzin\u0101\u0161anas intensit\u0101ti, pilienu lielumu un kri\u0161anas le\u0146\u0137i, nodro\u0161inot, ka tiek atkl\u0101ti pat vismaz\u0101kie bl\u012bv\u0113juma defekti. Izmantojot intuit\u012bvu darb\u012bbas saskarni un integr\u0113tu datu anal\u012bzes moduli, ir iesp\u0113jams re\u0101llaik\u0101 uzraudz\u012bt testu progresu un sagatavot detaliz\u0113tus testu p\u0101rskatus. Sist\u0113ma ir \u012bpa\u0161i noder\u012bga, lai nov\u0113rt\u0113tu elektronikas k\u0101rbu, \u0113ku apvalku un citu bl\u012bv\u0113\u0161anas risin\u0101jumu uzticam\u012bbu \u016bdens \u0161\u013cakatu kl\u0101tb\u016btn\u0113, nodro\u0161inot, ka produkti atbilst augst\u0101m kvalit\u0101tes un dro\u0161\u012bbas pras\u012bb\u0101m.<\/p>\n<div id=\"gtx-trans\" style=\"position: absolute; left: -14px; top: 1px;\">\n<div class=\"gtx-trans-icon\"><\/div>\n<\/div>","protected":false},"excerpt":{"rendered":"<p>Ineltec Splash Water \u0161\u013cakatu iztur\u012bbas test\u0113\u0161anas sist\u0113ma ir uzlabota test\u0113\u0161anas sist\u0113ma, kas paredz\u0113ta, lai simul\u0113tu \u0161\u013cakatu ietekmi saska\u0146\u0101 ar EN 60529 standartiem. Programm\u0113jami testa cikli un regul\u0113jami \u016bdens izsmidzin\u0101\u0161anas apst\u0101k\u013ci \u013cauj prec\u012bzi nov\u0113rt\u0113t bl\u012bv\u0113juma kvalit\u0101ti, noteikt pat vismaz\u0101kos defektus un nodro\u0161in\u0101t, ka test\u0113jam\u0101s ier\u012bces iztur re\u0101lus \u016bdens izsmidzin\u0101\u0161anas apst\u0101k\u013cus.<\/p>","protected":false},"featured_media":22019,"template":"","meta":[],"product_cat":[86,1100],"product_tag":[],"class_list":{"0":"post-22021","1":"product","2":"type-product","3":"status-publish","4":"has-post-thumbnail","6":"product_brand-ineltec","7":"product_cat-medziagotyra","8":"product_cat-medziagu-testavimo-kameros","10":"first","11":"instock","12":"shipping-taxable","13":"product-type-simple"},"_links":{"self":[{"href":"https:\/\/labostera.lt\/lv\/wp-json\/wp\/v2\/product\/22021","targetHints":{"allow":["GET"]}}],"collection":[{"href":"https:\/\/labostera.lt\/lv\/wp-json\/wp\/v2\/product"}],"about":[{"href":"https:\/\/labostera.lt\/lv\/wp-json\/wp\/v2\/types\/product"}],"wp:featuredmedia":[{"embeddable":true,"href":"https:\/\/labostera.lt\/lv\/wp-json\/wp\/v2\/media\/22019"}],"wp:attachment":[{"href":"https:\/\/labostera.lt\/lv\/wp-json\/wp\/v2\/media?parent=22021"}],"wp:term":[{"taxonomy":"product_cat","embeddable":true,"href":"https:\/\/labostera.lt\/lv\/wp-json\/wp\/v2\/product_cat?post=22021"},{"taxonomy":"product_tag","embeddable":true,"href":"https:\/\/labostera.lt\/lv\/wp-json\/wp\/v2\/product_tag?post=22021"}],"curies":[{"name":"wp","href":"https:\/\/api.w.org\/{rel}","templated":true}]}}