{"id":22017,"date":"2025-02-26T18:41:43","date_gmt":"2025-02-26T15:41:43","guid":{"rendered":"https:\/\/labostera.lt\/?post_type=product&#038;p=22017"},"modified":"2025-02-26T18:43:41","modified_gmt":"2025-02-26T15:43:41","slug":"atsparumo-lietui-patikros-sistema-ipx-5-6","status":"publish","type":"product","link":"https:\/\/labostera.lt\/lv\/priemones-ir-iranga\/laboratorine-iranga\/medziagotyra\/atsparumo-lietui-patikros-sistema-ipx-5-6\/","title":{"rendered":"Lietus iztur\u012bbas testa sist\u0113ma IPX 5-6"},"content":{"rendered":"<p>Ineltec IPX 5-6 lietus necaurlaid\u012bg\u0101 testa sist\u0113ma ir uzlabota test\u0113\u0161anas sist\u0113ma, kas paredz\u0113ta ier\u012b\u010du bl\u012bv\u0113juma kvalit\u0101tes nov\u0113rt\u0113\u0161anai saska\u0146\u0101 ar starptautisko standartu EN 60529, kas nosaka IPX5 un IPX6 aizsardz\u012bbas l\u012bme\u0146us. \u0160\u012b iek\u0101rta simul\u0113 intens\u012bvas \u016bdens izsmidzin\u0101\u0161anas scen\u0101rijus: no standarta \u016bdens str\u016bklas (IPX5) l\u012bdz sp\u0113c\u012bg\u0101m \u016bdens str\u016bkl\u0101m, kas atbilst IPX6 pras\u012bb\u0101m.<br data-start=\"399\" data-end=\"402\" \/><strong data-start=\"402\" data-end=\"426\">Galven\u0101s iez\u012bmes:<\/strong><\/p>\n<ul data-start=\"429\" data-end=\"1294\">\n<li data-start=\"429\" data-end=\"662\"><strong data-start=\"431\" data-end=\"464\">Programm\u0113jami testa cikli:<\/strong> \u013bauj iestat\u012bt \u016bdens izsmidzin\u0101\u0161anas intensit\u0101ti, str\u016bklas le\u0146\u0137i, pilienu lielumu un testa ilgumu atbilsto\u0161i IPX5 (aizsardz\u012bba pret \u016bdens izsmidzin\u0101\u0161anu) un IPX6 (aizsardz\u012bba pret sp\u0113c\u012bg\u0101m \u016bdens str\u016bkl\u0101m) pras\u012bb\u0101m.<\/li>\n<li data-start=\"663\" data-end=\"817\"><strong data-start=\"665\" data-end=\"696\">Augsta m\u0113r\u012bjumu precizit\u0101te:<\/strong> Sist\u0113ma atkl\u0101j pat vismaz\u0101kos bl\u012bv\u0113juma defektus, nodro\u0161inot konsekventus un atk\u0101rtojamus testa rezult\u0101tus.<\/li>\n<li data-start=\"818\" data-end=\"980\"><strong data-start=\"820\" data-end=\"849\">Intuit\u012bva vad\u012bbas saskarne:<\/strong> Vienk\u0101r\u0161i lietojama oper\u0113t\u0101jsist\u0113ma ar integr\u0113tu datu anal\u012bzi pal\u012bdz \u0101tri interpret\u0113t rezult\u0101tus un sagatavot p\u0101rskatus.<\/li>\n<li data-start=\"981\" data-end=\"1133\"><strong data-start=\"983\" data-end=\"1008\">Iztur\u012bga konstrukcija:<\/strong> Iztur\u012bg\u0101 un notur\u012bg\u0101 konstrukcija \u013cauj sist\u0113mai darboties pat ekstrem\u0101los apst\u0101k\u013cos, nodro\u0161inot ilgsto\u0161u darb\u012bbu.<\/li>\n<li data-start=\"1134\" data-end=\"1294\"><strong data-start=\"1136\" data-end=\"1162\">Atbilst\u012bba standartiem:<\/strong> Iek\u0101rta ir izstr\u0101d\u0101ta saska\u0146\u0101 ar EN 60529 standartu, nodro\u0161inot, ka test\u0113jamie produkti atbilst IPX5 un IPX6 aizsardz\u012bbas pras\u012bb\u0101m.\n<p><strong data-start=\"1296\" data-end=\"1312\">Pielietojums:<\/strong><br data-start=\"1312\" data-end=\"1315\" \/>\u0160\u012b sist\u0113ma ir ide\u0101ls risin\u0101jums kvalit\u0101tes kontrolei ra\u017eo\u0161anas, autob\u016bves, elektronikas un citos bl\u012bv\u0113\u0161anas risin\u0101jumos, lai nodro\u0161in\u0101tu, ka produkti iztur intens\u012bvu \u016bdens iedarb\u012bbu un atbilst augst\u0101kajiem dro\u0161\u012bbas un uzticam\u012bbas standartiem.<\/li>\n<\/ul>","protected":false},"excerpt":{"rendered":"<p>Ineltec IPX 5-6 lietus necaurlaid\u012bg\u0101 test\u0113\u0161anas sist\u0113ma prec\u012bzi simul\u0113 intens\u012bvas \u016bdens izsmidzin\u0101\u0161anas scen\u0101rijus saska\u0146\u0101 ar EN 60529 IPX5 un IPX6 pras\u012bb\u0101m. Ar programm\u0113jamiem testa cikliem, augstas precizit\u0101tes m\u0113r\u012b\u0161anas funkcij\u0101m un intuit\u012bvu saskarni sist\u0113ma nosaka pat vismaz\u0101k\u0101s bl\u012bv\u0113juma k\u013c\u016bmes, nodro\u0161inot, ka test\u0113jamie produkti atbilst augstiem dro\u0161\u012bbas un kvalit\u0101tes standartiem pat sp\u0113c\u012bgu \u016bdens str\u016bklu ietekm\u0113.<\/p>\n<div id=\"gtx-trans\" style=\"position: absolute; left: 344px; top: 37px;\">\n<div class=\"gtx-trans-icon\"><\/div>\n<\/div>","protected":false},"featured_media":22020,"template":"","meta":[],"product_cat":[86,1100],"product_tag":[],"class_list":{"0":"post-22017","1":"product","2":"type-product","3":"status-publish","4":"has-post-thumbnail","6":"product_brand-ineltec","7":"product_cat-medziagotyra","8":"product_cat-medziagu-testavimo-kameros","10":"first","11":"instock","12":"shipping-taxable","13":"product-type-simple"},"_links":{"self":[{"href":"https:\/\/labostera.lt\/lv\/wp-json\/wp\/v2\/product\/22017","targetHints":{"allow":["GET"]}}],"collection":[{"href":"https:\/\/labostera.lt\/lv\/wp-json\/wp\/v2\/product"}],"about":[{"href":"https:\/\/labostera.lt\/lv\/wp-json\/wp\/v2\/types\/product"}],"wp:featuredmedia":[{"embeddable":true,"href":"https:\/\/labostera.lt\/lv\/wp-json\/wp\/v2\/media\/22020"}],"wp:attachment":[{"href":"https:\/\/labostera.lt\/lv\/wp-json\/wp\/v2\/media?parent=22017"}],"wp:term":[{"taxonomy":"product_cat","embeddable":true,"href":"https:\/\/labostera.lt\/lv\/wp-json\/wp\/v2\/product_cat?post=22017"},{"taxonomy":"product_tag","embeddable":true,"href":"https:\/\/labostera.lt\/lv\/wp-json\/wp\/v2\/product_tag?post=22017"}],"curies":[{"name":"wp","href":"https:\/\/api.w.org\/{rel}","templated":true}]}}