{"id":22015,"date":"2025-02-26T18:38:09","date_gmt":"2025-02-26T15:38:09","guid":{"rendered":"https:\/\/labostera.lt\/?post_type=product&#038;p=22015"},"modified":"2025-02-26T18:41:33","modified_gmt":"2025-02-26T15:41:33","slug":"atsparumo-vandeniui-patikros-sistema","status":"publish","type":"product","link":"https:\/\/labostera.lt\/lv\/priemones-ir-iranga\/laboratorine-iranga\/medziagotyra\/atsparumo-vandeniui-patikros-sistema\/","title":{"rendered":"\u016adensiztur\u012bbas p\u0101rbaudes sist\u0113ma IPX 3-4"},"content":{"rendered":"<p>Ineltec IPX 3-4 \u016bdensiztur\u012bbas test\u0113\u0161anas sist\u0113ma ir uzlabota test\u0113\u0161anas iek\u0101rta, kas paredz\u0113ta ier\u012b\u010du bl\u012bv\u0113juma veiktsp\u0113jas prec\u012bzai p\u0101rbaudei saska\u0146\u0101 ar starptautiskajiem EN 60529 standartiem, iev\u0113rojot IPX3 un IPX4 pras\u012bbas. Sist\u0113ma simul\u0113 re\u0101lus \u016bdens iedarb\u012bbas apst\u0101k\u013cus \u2014 s\u0101kot no \u016bdens \u0161\u013cakat\u0101m (IPX3) l\u012bdz \u016bdens \u0161\u013cakat\u0101m, kas n\u0101k no jebkura virziena (IPX4). Programm\u0113jami testa cikli \u013cauj iestat\u012bt \u016bdens str\u016bklas intensit\u0101ti, pilienu lielumu, piliena le\u0146\u0137i un testa ilgumu, nodro\u0161inot, ka tiek atkl\u0101ti pat vismaz\u0101kie bl\u012bv\u0113juma defekti.<\/p>\n<p data-start=\"596\" data-end=\"622\"><strong data-start=\"596\" data-end=\"620\">Galven\u0101s iez\u012bmes:<\/strong><\/p>\n<ul data-start=\"623\" data-end=\"1293\">\n<li data-start=\"623\" data-end=\"819\"><strong data-start=\"625\" data-end=\"660\">Programm\u0113jami testa cikli:<\/strong> \u013bauj prec\u012bzi simul\u0113t \u016bdens \u0161\u013cakatu un mitrus apst\u0101k\u013cus saska\u0146\u0101 ar IPX3 (aizsardz\u012bba pret \u016bdens \u0161\u013cakat\u0101m) un IPX4 (aizsardz\u012bba pret mitru \u016bdeni) pras\u012bb\u0101m.<\/li>\n<li data-start=\"820\" data-end=\"971\"><strong data-start=\"822\" data-end=\"853\">Augsta m\u0113r\u012bjumu precizit\u0101te:<\/strong> Sist\u0113ma atkl\u0101j pat vismaz\u0101kos bl\u012bv\u0113juma defektus, nodro\u0161inot konsekventus un atk\u0101rtojamus testa rezult\u0101tus.<\/li>\n<li data-start=\"972\" data-end=\"1143\"><strong data-start=\"974\" data-end=\"1003\">Intuit\u012bva vad\u012bbas saskarne:<\/strong> Vienk\u0101r\u0161i lietojams darb\u012bbas interfeiss ar integr\u0113tu datu anal\u012bzi pal\u012bdz \u0101tri interpret\u0113t rezult\u0101tus un sagatavot detaliz\u0113tus p\u0101rskatus.<\/li>\n<li data-start=\"1144\" data-end=\"1293\"><strong data-start=\"1146\" data-end=\"1172\">Atbilst\u012bba standartiem:<\/strong> Iek\u0101rta ir projekt\u0113ta saska\u0146\u0101 ar EN 60529 standartu, nodro\u0161inot, ka produkti ir p\u0101rbaud\u012bti atbilsto\u0161i IPX3 un IPX4 pras\u012bb\u0101m.<\/li>\n<\/ul>\n<p data-start=\"1295\" data-end=\"1632\"><strong data-start=\"1295\" data-end=\"1311\">Pielietojums:<\/strong><br data-start=\"1311\" data-end=\"1314\" \/>Ineltec IPX 3-4 apr\u012bkojums ir neaizst\u0101jams kvalit\u0101tes kontroles, ra\u017eo\u0161anas un in\u017eeniertehnisko p\u0113t\u012bjumu procesos, lai nodro\u0161in\u0101tu, ka elektronikas kastes, automobi\u013cu deta\u013cas, b\u016bvmateri\u0101li un citi bl\u012bv\u0113\u0161anas risin\u0101jumi atbilst augstiem dro\u0161\u012bbas un uzticam\u012bbas standartiem pat intens\u012bvas \u016bdens iedarb\u012bbas apst\u0101k\u013cos.<\/p>","protected":false},"excerpt":{"rendered":"<p>Ineltec IPX 3-4 \u016bdensiztur\u012bbas test\u0113\u0161anas sist\u0113ma simul\u0113 \u016bdens \u0161\u013cakatu un mitruma iedarb\u012bbu saska\u0146\u0101 ar standarta EN 60529 IPX3 un IPX4 pras\u012bb\u0101m, prec\u012bzi nov\u0113rt\u0113jot ier\u012b\u010du bl\u012bv\u0113juma kvalit\u0101ti. Ar programm\u0113jamiem testa cikliem un intuit\u012bvu saskarni sist\u0113ma atkl\u0101j pat vismaz\u0101kos defektus, nodro\u0161inot, ka test\u0113jamie produkti iztur \u016bdens iedarb\u012bbu un atbilst augstiem dro\u0161\u012bbas un kvalit\u0101tes standartiem.<\/p>\n<div id=\"gtx-trans\" style=\"position: absolute; left: 423px; top: -9px;\">\n<div class=\"gtx-trans-icon\"><\/div>\n<\/div>","protected":false},"featured_media":22016,"template":"","meta":[],"product_cat":[86,1100],"product_tag":[],"class_list":{"0":"post-22015","1":"product","2":"type-product","3":"status-publish","4":"has-post-thumbnail","6":"product_brand-ineltec","7":"product_cat-medziagotyra","8":"product_cat-medziagu-testavimo-kameros","10":"first","11":"instock","12":"shipping-taxable","13":"product-type-simple"},"_links":{"self":[{"href":"https:\/\/labostera.lt\/lv\/wp-json\/wp\/v2\/product\/22015","targetHints":{"allow":["GET"]}}],"collection":[{"href":"https:\/\/labostera.lt\/lv\/wp-json\/wp\/v2\/product"}],"about":[{"href":"https:\/\/labostera.lt\/lv\/wp-json\/wp\/v2\/types\/product"}],"wp:featuredmedia":[{"embeddable":true,"href":"https:\/\/labostera.lt\/lv\/wp-json\/wp\/v2\/media\/22016"}],"wp:attachment":[{"href":"https:\/\/labostera.lt\/lv\/wp-json\/wp\/v2\/media?parent=22015"}],"wp:term":[{"taxonomy":"product_cat","embeddable":true,"href":"https:\/\/labostera.lt\/lv\/wp-json\/wp\/v2\/product_cat?post=22015"},{"taxonomy":"product_tag","embeddable":true,"href":"https:\/\/labostera.lt\/lv\/wp-json\/wp\/v2\/product_tag?post=22015"}],"curies":[{"name":"wp","href":"https:\/\/api.w.org\/{rel}","templated":true}]}}