{"id":22012,"date":"2025-02-26T18:28:14","date_gmt":"2025-02-26T15:28:14","guid":{"rendered":"https:\/\/labostera.lt\/?post_type=product&#038;p=22012"},"modified":"2025-02-26T18:37:59","modified_gmt":"2025-02-26T15:37:59","slug":"atsparumo-lietui-patikros-sistema","status":"publish","type":"product","link":"https:\/\/labostera.lt\/lv\/priemones-ir-iranga\/laboratorine-iranga\/medziagotyra\/atsparumo-lietui-patikros-sistema\/","title":{"rendered":"Lietus iztur\u012bbas testa sist\u0113ma IPX 1-2"},"content":{"rendered":"<p>Ineltec IPX 1-2 lietus necaurlaid\u012bg\u0101 test\u0113\u0161anas sist\u0113ma ir moderna un uzticama pieeja produktu bl\u012bv\u0113juma kvalit\u0101tes prec\u012bzai p\u0101rbaudei saska\u0146\u0101 ar starptautiskaj\u0101 standart\u0101 EN 60529 noteiktajiem IPX1 un IPX2 standartiem. \u0160\u012b iek\u0101rta simul\u0113 da\u017e\u0101dus \u016bdens iedarb\u012bbas apst\u0101k\u013cus \u2013 no vieglas \u0161\u013cakatas l\u012bdz \u012bslaic\u012bg\u0101m str\u016bkl\u0101m \u2013, lai noteiktu, vai test\u0113jam\u0101s ier\u012bces iztur \u016bdens iek\u013c\u016b\u0161anu un atbilst stingr\u0101m aizsardz\u012bbas pras\u012bb\u0101m.<\/p>\n<p data-start=\"488\" data-end=\"514\"><strong data-start=\"488\" data-end=\"512\">Galven\u0101s iez\u012bmes:<\/strong><\/p>\n<ul data-start=\"515\" data-end=\"1353\">\n<li data-start=\"515\" data-end=\"682\"><strong data-start=\"517\" data-end=\"552\">Programm\u0113jami testa cikli:<\/strong> Iesp\u0113ja iestat\u012bt \u016bdens str\u016bklas intensit\u0101ti, pilienu izm\u0113ru, kritiena le\u0146\u0137i un testa ilgumu atbilsto\u0161i IPX1 un IPX2 pras\u012bb\u0101m.<\/li>\n<li data-start=\"683\" data-end=\"837\"><strong data-start=\"685\" data-end=\"716\">Augsta m\u0113r\u012bjumu precizit\u0101te:<\/strong> Sist\u0113ma atkl\u0101j pat vismaz\u0101kos bl\u012bv\u0113juma defektus, nodro\u0161inot konsekventus un atk\u0101rtojamus testa rezult\u0101tus.<\/li>\n<li data-start=\"838\" data-end=\"991\"><strong data-start=\"840\" data-end=\"869\">Intuit\u012bva vad\u012bbas saskarne:<\/strong> Vienk\u0101r\u0161i lietojams interfeiss ar integr\u0113tu datu anal\u012bzi \u013cauj \u0101tri interpret\u0113t rezult\u0101tus un \u0123ener\u0113t p\u0101rskatus.<\/li>\n<li data-start=\"992\" data-end=\"1119\"><strong data-start=\"994\" data-end=\"1019\">Iztur\u012bga konstrukcija:<\/strong> Kompaktais un iztur\u012bgais dizains garant\u0113 ilgsto\u0161u darb\u012bbu pat ekstrem\u0101los apst\u0101k\u013cos.<\/li>\n<li data-start=\"1120\" data-end=\"1353\"><strong data-start=\"1122\" data-end=\"1148\">Atbilst\u012bba standartiem:<\/strong> Iek\u0101rta ir projekt\u0113ta un ra\u017eota saska\u0146\u0101 ar EN 60529 standartu, nodro\u0161inot, ka t\u0101 atbilst IPX1 (aizsardz\u012bba pret vertik\u0101li pilo\u0161u \u016bdeni) un IPX2 (aizsardz\u012bba pret pilo\u0161u \u016bdeni, kad ier\u012bce ir sasv\u0113rta l\u012bdz 15\u00b0 le\u0146\u0137im) pras\u012bb\u0101m.<strong data-start=\"1355\" data-end=\"1371\">Pielietojums:<\/strong><br data-start=\"1371\" data-end=\"1374\" \/>Ineltec IPX 1-2 apr\u012bkojums ir neaizst\u0101jams apr\u012bkojums kvalit\u0101tes kontroles, ra\u017eo\u0161anas un in\u017eeniertehnisko p\u0113t\u012bjumu procesos, lai nodro\u0161in\u0101tu, ka t\u0101di produkti k\u0101 elektronikas kastes, \u0113ku korpusi un citi bl\u012bv\u0113\u0161anas risin\u0101jumi atbilst augstiem dro\u0161\u012bbas un uzticam\u012bbas standartiem.<\/li>\n<\/ul>\n<div id=\"gtx-trans\" style=\"position: absolute; left: 339px; top: 1px;\">\n<div class=\"gtx-trans-icon\"><\/div>\n<\/div>","protected":false},"excerpt":{"rendered":"<p>Ineltec IPX 1-2 lietus necaurlaid\u012bg\u0101 test\u0113\u0161anas sist\u0113ma \u013cauj prec\u012bzi simul\u0113t \u016bdens iedarb\u012bbu saska\u0146\u0101 ar starptautisko standartu EN 60529 (IPX1 un IPX2), nosakot izstr\u0101d\u0101jumu iztur\u012bbu pret \u016bdens iek\u013c\u016b\u0161anu. Ar programm\u0113jamiem testa cikliem, augstas precizit\u0101tes m\u0113r\u012b\u0161anas funkcij\u0101m un intuit\u012bvu vad\u012bbas saskarni sist\u0113ma atkl\u0101j pat vismaz\u0101k\u0101s bl\u012bv\u0113juma probl\u0113mas, nodro\u0161inot, ka test\u0113jam\u0101s ier\u012bces atbilst augst\u0101kaj\u0101m kvalit\u0101tes un dro\u0161\u012bbas pras\u012bb\u0101m.<\/p>\n<div id=\"gtx-trans\" style=\"position: absolute; left: 395px; top: 37px;\">\n<div class=\"gtx-trans-icon\"><\/div>\n<\/div>","protected":false},"featured_media":22013,"template":"","meta":[],"product_cat":[86,1100],"product_tag":[],"class_list":{"0":"post-22012","1":"product","2":"type-product","3":"status-publish","4":"has-post-thumbnail","6":"product_brand-ineltec","7":"product_cat-medziagotyra","8":"product_cat-medziagu-testavimo-kameros","10":"first","11":"instock","12":"shipping-taxable","13":"product-type-simple"},"_links":{"self":[{"href":"https:\/\/labostera.lt\/lv\/wp-json\/wp\/v2\/product\/22012","targetHints":{"allow":["GET"]}}],"collection":[{"href":"https:\/\/labostera.lt\/lv\/wp-json\/wp\/v2\/product"}],"about":[{"href":"https:\/\/labostera.lt\/lv\/wp-json\/wp\/v2\/types\/product"}],"wp:featuredmedia":[{"embeddable":true,"href":"https:\/\/labostera.lt\/lv\/wp-json\/wp\/v2\/media\/22013"}],"wp:attachment":[{"href":"https:\/\/labostera.lt\/lv\/wp-json\/wp\/v2\/media?parent=22012"}],"wp:term":[{"taxonomy":"product_cat","embeddable":true,"href":"https:\/\/labostera.lt\/lv\/wp-json\/wp\/v2\/product_cat?post=22012"},{"taxonomy":"product_tag","embeddable":true,"href":"https:\/\/labostera.lt\/lv\/wp-json\/wp\/v2\/product_tag?post=22012"}],"curies":[{"name":"wp","href":"https:\/\/api.w.org\/{rel}","templated":true}]}}