{"id":22010,"date":"2025-02-26T17:57:38","date_gmt":"2025-02-26T14:57:38","guid":{"rendered":"https:\/\/labostera.lt\/?post_type=product&#038;p=22010"},"modified":"2025-02-26T18:00:03","modified_gmt":"2025-02-26T15:00:03","slug":"atsparumo-dulkems-patikros-sistema","status":"publish","type":"product","link":"https:\/\/labostera.lt\/lv\/priemones-ir-iranga\/laboratorine-iranga\/medziagotyra\/atsparumo-dulkems-patikros-sistema\/","title":{"rendered":"Putek\u013cu iztur\u012bbas p\u0101rbaudes sist\u0113ma"},"content":{"rendered":"<p>Putek\u013cu iztur\u012bbas test\u0113\u0161anas sist\u0113ma ir uzlabota simul\u0101cijas iek\u0101rta, kas paredz\u0113ta da\u017e\u0101du ier\u012b\u010du, piem\u0113ram, elektrisko pane\u013cu, aizsargk\u0101rbu un citu bl\u012bv\u0113\u0161anas risin\u0101jumu, iztur\u012bbas pret putek\u013cu iek\u013c\u016b\u0161anu p\u0101rbaudei. Sist\u0113ma simul\u0113 re\u0101lus putek\u013cu intens\u012bvas iedarb\u012bbas apst\u0101k\u013cus, \u013caujot veikt programm\u0113jamus testa ciklus un prec\u012bzi nov\u0113rt\u0113t bl\u012bv\u0113\u0161anas veiktsp\u0113ju.<br data-start=\"440\" data-end=\"443\" \/>Galven\u0101s iez\u012bmes:<\/p>\n<ul data-start=\"466\" data-end=\"1224\">\n<li data-start=\"466\" data-end=\"594\"><strong data-start=\"468\" data-end=\"501\">Programm\u0113jami testa cikli:<\/strong> Sp\u0113ja noteikt da\u017e\u0101das putek\u013cu iztur\u012bbas pras\u012bbas atbilsto\u0161i starptautiskajiem standartiem.<\/li>\n<li data-start=\"595\" data-end=\"752\"><strong data-start=\"597\" data-end=\"628\">Augsta m\u0113r\u012bjumu precizit\u0101te:<\/strong> Sist\u0113ma sniedz detaliz\u0113tu inform\u0101ciju par bl\u012bv\u0113juma kvalit\u0101ti, \u013caujot identific\u0113t pat vismaz\u0101k\u0101s nopl\u016bdes.<\/li>\n<li data-start=\"753\" data-end=\"878\"><strong data-start=\"755\" data-end=\"783\">Viegli lietojams interfeiss:<\/strong> Intuit\u012bv\u0101 lietot\u0101ja saskarne \u013cauj \u0101tri s\u0101kt test\u0113\u0161anu un analiz\u0113t rezult\u0101tus.<\/li>\n<li data-start=\"879\" data-end=\"1224\"><strong data-start=\"881\" data-end=\"897\">Uzticam\u012bba:<\/strong> Iek\u0101rtas nodro\u0161ina, ka pat intens\u012bvas putek\u013cu iedarb\u012bbas apst\u0101k\u013cos test\u0113jam\u0101s ier\u012bces saglab\u0101 uzticam\u012bbu un atbilst augst\u0101kajiem kvalit\u0101tes standartiem.<br data-start=\"1042\" data-end=\"1045\" \/>\u0160\u012b sist\u0113ma ir neaizst\u0101jama gan ra\u017eo\u0161an\u0101, gan kvalit\u0101tes kontrol\u0113 un p\u0113tniec\u012bb\u0101, lai nodro\u0161in\u0101tu iek\u0101rtu ilgtermi\u0146a uzticam\u012bbu pat skarbos vides apst\u0101k\u013cos.<\/li>\n<\/ul>","protected":false},"excerpt":{"rendered":"<p>Ineltec putek\u013cu iztur\u012bbas test\u0113\u0161anas sist\u0113ma simul\u0113 re\u0101lus putek\u013cu intens\u012bvas iedarb\u012bbas apst\u0101k\u013cus, lai prec\u012bzi nov\u0113rt\u0113tu bl\u012bv\u0113\u0161anas risin\u0101jumu efektivit\u0101ti. Ar programm\u0113jamiem testa cikliem, augstas precizit\u0101tes m\u0113r\u012b\u0161anas funkcij\u0101m un \u0113rti lietojamu saskarni sist\u0113ma pal\u012bdz identific\u0113t pat vismaz\u0101k\u0101s nopl\u016bdes un nodro\u0161in\u0101t, ka ier\u012bces atbilst starptautiskajiem standartiem.<\/p>\n<div id=\"gtx-trans\" style=\"position: absolute; left: 583px; top: -9px;\">\n<div class=\"gtx-trans-icon\"><\/div>\n<\/div>","protected":false},"featured_media":22011,"template":"","meta":[],"product_cat":[86,1100],"product_tag":[],"class_list":{"0":"post-22010","1":"product","2":"type-product","3":"status-publish","4":"has-post-thumbnail","6":"product_brand-ineltec","7":"product_cat-medziagotyra","8":"product_cat-medziagu-testavimo-kameros","10":"first","11":"instock","12":"shipping-taxable","13":"product-type-simple"},"_links":{"self":[{"href":"https:\/\/labostera.lt\/lv\/wp-json\/wp\/v2\/product\/22010","targetHints":{"allow":["GET"]}}],"collection":[{"href":"https:\/\/labostera.lt\/lv\/wp-json\/wp\/v2\/product"}],"about":[{"href":"https:\/\/labostera.lt\/lv\/wp-json\/wp\/v2\/types\/product"}],"wp:featuredmedia":[{"embeddable":true,"href":"https:\/\/labostera.lt\/lv\/wp-json\/wp\/v2\/media\/22011"}],"wp:attachment":[{"href":"https:\/\/labostera.lt\/lv\/wp-json\/wp\/v2\/media?parent=22010"}],"wp:term":[{"taxonomy":"product_cat","embeddable":true,"href":"https:\/\/labostera.lt\/lv\/wp-json\/wp\/v2\/product_cat?post=22010"},{"taxonomy":"product_tag","embeddable":true,"href":"https:\/\/labostera.lt\/lv\/wp-json\/wp\/v2\/product_tag?post=22010"}],"curies":[{"name":"wp","href":"https:\/\/api.w.org\/{rel}","templated":true}]}}