{"id":22008,"date":"2025-02-26T16:34:55","date_gmt":"2025-02-26T13:34:55","guid":{"rendered":"https:\/\/labostera.lt\/?post_type=product&#038;p=22008"},"modified":"2025-02-26T16:37:42","modified_gmt":"2025-02-26T13:37:42","slug":"saldymo-ir-atitirpimo-ciklu-bandymu-kamera","status":"publish","type":"product","link":"https:\/\/labostera.lt\/lv\/priemones-ir-iranga\/laboratorine-iranga\/medziagotyra\/saldymo-ir-atitirpimo-ciklu-bandymu-kamera\/","title":{"rendered":"Sald\u0113\u0161anas un atkaus\u0113\u0161anas cikla testa kamera"},"content":{"rendered":"<p>Feutron Klimasimulation GmbH sasald\u0113\u0161anas-atkaus\u0113\u0161anas cikla testa kamera b\u016bvmateri\u0101lu uzved\u012bbas p\u0101rbaudei ekstrem\u0101lu temperat\u016bras sv\u0101rst\u012bbu apst\u0101k\u013cos. Sist\u0113ma ir izstr\u0101d\u0101ta atbilsto\u0161i stingriem standartiem un \u013cauj prec\u012bzi simul\u0113t ciklisk\u0101s sasal\u0161anas un atku\u0161anas apst\u0101k\u013cus, kas ir b\u016btiski materi\u0101lu iztur\u012bbas un ilgm\u016b\u017e\u012bbas nov\u0113rt\u0113\u0161anai.<\/p>\n<p data-start=\"459\" data-end=\"485\"><strong data-start=\"459\" data-end=\"483\">Galven\u0101s iez\u012bmes:<\/strong><\/p>\n<ul data-start=\"486\" data-end=\"1186\">\n<li data-start=\"486\" data-end=\"602\"><strong data-start=\"488\" data-end=\"513\">Programm\u0113jamie cikli:<\/strong> Sp\u0113ja iestat\u012bt da\u017e\u0101dus sasald\u0113\u0161anas un atkaus\u0113\u0161anas ciklus atbilsto\u0161i test\u0113\u0161anas pras\u012bb\u0101m.<\/li>\n<li data-start=\"603\" data-end=\"799\"><strong data-start=\"605\" data-end=\"672\">Ar temperat\u016bru kontrol\u0113ta atkaus\u0113\u0161anas \u016bdens padeves sist\u0113ma:<\/strong> 400 litru izol\u0113ta \u016bdens tvertne, kas \u013cauj regul\u0113t atkaus\u0113\u0161anas \u016bdens temperat\u016bru atbilsto\u0161i noteiktajiem standartiem.<\/li>\n<li data-start=\"800\" data-end=\"930\"><strong data-start=\"802\" data-end=\"840\">Integr\u0113ts temperat\u016bras sensors:<\/strong> Nodro\u0161ina nep\u0101rtrauktu un prec\u012bzu temperat\u016bras pl\u016bsmas m\u0113r\u012b\u0161anu, izmantojot atsauces paraugu.<\/li>\n<li data-start=\"931\" data-end=\"1068\"><strong data-start=\"933\" data-end=\"963\">Pla\u0161s test\u0113\u0161anas apjoms:<\/strong> Efekt\u012bvas testa telpas no 630 l\u012bdz 1000 litriem, kas \u013cauj veikt test\u0113\u0161anu uz lieliem objektiem.<\/li>\n<li data-start=\"1069\" data-end=\"1186\"><strong data-start=\"1071\" data-end=\"1106\">Pla\u0161s temperat\u016bras diapazons:<\/strong> No -40\u00b0C l\u012bdz +100\u00b0C, kas \u013cauj simul\u0113t da\u017e\u0101dus vides apst\u0101k\u013cus.<\/li>\n<\/ul>\n<p data-start=\"1188\" data-end=\"1508\"><strong data-start=\"1188\" data-end=\"1204\">Pielietojums:<\/strong><br data-start=\"1204\" data-end=\"1207\" \/>Sist\u0113ma ir paredz\u0113ta, lai p\u0113t\u012btu b\u016bvmateri\u0101lu, piem\u0113ram, betona, izol\u0101cijas materi\u0101lu un citu konstrukcijas elementu, uzved\u012bbu sasal\u0161anas un atku\u0161anas ciklu laik\u0101. Tas ir \u012bpa\u0161i svar\u012bgi, lai nov\u0113rt\u0113tu materi\u0101lu iztur\u012bbu pret ekstrem\u0101liem apst\u0101k\u013ciem, prognoz\u0113tu to kalpo\u0161anas laiku un nodro\u0161in\u0101tu kvalit\u0101tes kontroli.<\/p>\n<p data-start=\"1510\" data-end=\"1541\"><strong data-start=\"1510\" data-end=\"1539\">Tehnisk\u0101s specifik\u0101cijas:<\/strong><\/p>\n<ul data-start=\"1542\" data-end=\"1649\">\n<li data-start=\"1542\" data-end=\"1598\"><strong data-start=\"1544\" data-end=\"1574\">Efekt\u012bvas testa telpas:<\/strong> No 630 l l\u012bdz 1000 l.<\/li>\n<li data-start=\"1599\" data-end=\"1649\"><strong data-start=\"1601\" data-end=\"1629\">Temperat\u016bras diapazons:<\/strong> \u201340\u00b0C l\u012bdz +100\u00b0C.<\/li>\n<\/ul>\n<p data-start=\"1651\" data-end=\"1834\">Feutron Klimasimulation GmbH ar vair\u0101k nek\u0101 50 gadu pieredzi vides test\u0113\u0161anas iek\u0101rtu izstr\u0101d\u0113 un ra\u017eo\u0161an\u0101 garant\u0113 augstu precizit\u0101ti un uzticam\u012bbu kritiskos testos.<\/p>\n<div id=\"gtx-trans\" style=\"position: absolute; left: 333px; top: 1px;\">\n<div class=\"gtx-trans-icon\"><\/div>\n<\/div>","protected":false},"excerpt":{"rendered":"<p>Sald\u0113\u0161anas-atkaus\u0113\u0161anas cikla testa kamera \u013cauj prec\u012bzi simul\u0113t ekstrem\u0101lus temperat\u016bras apst\u0101k\u013cus, lai p\u0101rbaud\u012btu b\u016bvmateri\u0101lu uzticam\u012bbu un iztur\u012bbu. Ar programm\u0113jamiem sasald\u0113\u0161anas-atkaus\u0113\u0161anas cikliem, integr\u0113tu temperat\u016bras sensoru un 400 litru izol\u0113tu \u016bdens tvertni sist\u0113ma nodro\u0161ina uzticamus testa rezult\u0101tus. Efekt\u012bv\u0101 testa telpa (no 630 l l\u012bdz 1000 l) var simul\u0113t temperat\u016bras sv\u0101rst\u012bbas no -40\u00b0C l\u012bdz +100\u00b0C, kas ir nepiecie\u0161ams materi\u0101lu uzved\u012bbas nov\u0113rt\u0113\u0161anai.<\/p>","protected":false},"featured_media":22009,"template":"","meta":[],"product_cat":[86,1100],"product_tag":[],"class_list":{"0":"post-22008","1":"product","2":"type-product","3":"status-publish","4":"has-post-thumbnail","6":"product_brand-feutron-klimasimulation-gmbh","7":"product_cat-medziagotyra","8":"product_cat-medziagu-testavimo-kameros","10":"first","11":"instock","12":"shipping-taxable","13":"product-type-simple"},"_links":{"self":[{"href":"https:\/\/labostera.lt\/lv\/wp-json\/wp\/v2\/product\/22008","targetHints":{"allow":["GET"]}}],"collection":[{"href":"https:\/\/labostera.lt\/lv\/wp-json\/wp\/v2\/product"}],"about":[{"href":"https:\/\/labostera.lt\/lv\/wp-json\/wp\/v2\/types\/product"}],"wp:featuredmedia":[{"embeddable":true,"href":"https:\/\/labostera.lt\/lv\/wp-json\/wp\/v2\/media\/22009"}],"wp:attachment":[{"href":"https:\/\/labostera.lt\/lv\/wp-json\/wp\/v2\/media?parent=22008"}],"wp:term":[{"taxonomy":"product_cat","embeddable":true,"href":"https:\/\/labostera.lt\/lv\/wp-json\/wp\/v2\/product_cat?post=22008"},{"taxonomy":"product_tag","embeddable":true,"href":"https:\/\/labostera.lt\/lv\/wp-json\/wp\/v2\/product_tag?post=22008"}],"curies":[{"name":"wp","href":"https:\/\/api.w.org\/{rel}","templated":true}]}}