{"id":22005,"date":"2025-02-21T18:08:05","date_gmt":"2025-02-21T15:08:05","guid":{"rendered":"https:\/\/labostera.lt\/?post_type=product&#038;p=22005"},"modified":"2025-02-21T18:14:17","modified_gmt":"2025-02-21T15:14:17","slug":"altitudes-treniravimo-sistema","status":"publish","type":"product","link":"https:\/\/labostera.lt\/lv\/priemones-ir-iranga\/medicinines-priemones-ir-iranga\/sporto-medicina\/altitudes-treniravimo-sistema\/","title":{"rendered":"Simul\u0113ta augstuma treni\u0146u sist\u0113ma"},"content":{"rendered":"<p data-start=\"36\" data-end=\"534\">Simul\u0113t\u0101 augstuma treni\u0146u sist\u0113ma ir m\u016bsdien\u012bgs risin\u0101jums, kas \u013cauj simul\u0113t augstkalnu apst\u0101k\u013cus jebkur. \u0160\u012b sist\u0113ma \u013cauj tren\u0113ties vai pat gul\u0113t vid\u0113 ar samazin\u0101tu sk\u0101bek\u013ca saturu, ko sauc par hipoksisku gaisu. Tas ir \u012bpa\u0161i aktu\u0101li sportistiem, kuri v\u0113las uzlabot savu iztur\u012bbu, pa\u0101trin\u0101t atjauno\u0161anos p\u0113c treni\u0146a, piel\u0101got \u0137ermeni liel\u0101kai fiziskai slodzei un sasniegt lab\u0101kus rezult\u0101tus.<br data-start=\"508\" data-end=\"511\" \/>Sist\u0113mas komponenti:<\/p>\n<ul data-start=\"535\" data-end=\"1724\">\n<li data-start=\"535\" data-end=\"682\"><strong data-start=\"537\" data-end=\"570\">Augstuma-sk\u0101bek\u013ca treni\u0146u komplekts:<\/strong> Komplekt\u0101 ietilpst EO2 kontrastvielas \u0123enerators, HEPA filtrs, gara gaisa caurule un sk\u0101bek\u013ca komplekts ar kanulu.<\/li>\n<li data-start=\"683\" data-end=\"806\"><strong data-start=\"685\" data-end=\"702\">Gu\u013camistabas komplekts:<\/strong> Apr\u012bkojums, kas paredz\u0113ts ne tikai treni\u0146iem, bet ar\u012b gul\u0113\u0161anai, nodro\u0161inot optim\u0101lu adapt\u0101ciju un atjauno\u0161anos.<\/li>\n<li data-start=\"807\" data-end=\"949\"><strong data-start=\"809\" data-end=\"834\">Kombin\u0113tie komplekti:<\/strong> Da\u017e\u0101di komplekti, kas apvieno miega, treni\u0146a un IHHT (periodiska hipoksiska-hiperoksiska treni\u0146a) funkcijas.<\/li>\n<li data-start=\"950\" data-end=\"1104\"><strong data-start=\"952\" data-end=\"978\">Programm\u0113ta vad\u012bba:<\/strong> Datorvad\u0101ma sist\u0113ma, kas \u013cauj iestat\u012bt v\u0113lamo augstumu, ilgumu un citus treni\u0146u parametrus.<\/li>\n<li data-start=\"1105\" data-end=\"1724\"><strong data-start=\"1107\" data-end=\"1136\">Univers\u0101la piem\u0113rojam\u012bba:<\/strong> Sist\u0113ma ir piem\u0113rota gan individu\u0101lai lieto\u0161anai m\u0101j\u0101s vai sporta klubos, gan komerci\u0101l\u0101m iest\u0101d\u0113m, piem\u0113ram, sporta z\u0101l\u0113m, labsaj\u016btas centriem vai pat specializ\u0113tiem augstkalnu centriem.<br data-start=\"1326\" data-end=\"1329\" \/>Izmantojot platuma treni\u0146u sist\u0113mu, organisms s\u0101k piel\u0101goties hipoksiskiem apst\u0101k\u013ciem, kas veicina asins un sk\u0101bek\u013ca metabolisma efektivit\u0101ti, uzlabo plau\u0161u darb\u012bbu, palielina musku\u013cu iztur\u012bbu un pa\u0101trina atjauno\u0161anos p\u0113c intens\u012bviem treni\u0146iem. Sist\u0113ma ir ekonomiski pievilc\u012bgs ieguld\u012bjums, jo t\u0101 sniedz iesp\u0113ju sasniegt augstkalnu treni\u0146u priek\u0161roc\u012bbas bez nepiecie\u0161am\u012bbas doties uz kalniem.<\/li>\n<\/ul>\n<div id=\"gtx-trans\" style=\"position: absolute; left: -60px; top: 0.666668px;\">\n<div class=\"gtx-trans-icon\"><\/div>\n<\/div>","protected":false},"excerpt":{"rendered":"<p>Simul\u0113t\u0101 augstuma treni\u0146u sist\u0113ma imit\u0113 augstkalnu apst\u0101k\u013cus ar samazin\u0101tu sk\u0101bek\u013ca l\u012bmeni, \u013caujot tren\u0113ties vai gul\u0113t vid\u0113, kas uzlabo iztur\u012bbu, pa\u0101trina atjauno\u0161anos un uzlabo visp\u0101r\u0113jo fizisko sagatavot\u012bbu. Apr\u012bkojums ietver EO2 kontrasta \u0123eneratoru, HEPA filtru, gaisa cauruli, sk\u0101bek\u013ca komplektu ar kanulu un datora vad\u012bbu. Sist\u0113ma ir piel\u0101gojama gan individu\u0101lai, gan komerci\u0101lai lieto\u0161anai un pal\u012bdz optimiz\u0113t sportisko sniegumu, vesel\u012bbu un labsaj\u016btu.<\/p>\n<div id=\"gtx-trans\" style=\"position: absolute; left: 209px; top: -9.33333px;\">\n<div class=\"gtx-trans-icon\"><\/div>\n<\/div>","protected":false},"featured_media":22006,"template":"","meta":[],"product_cat":[1099],"product_tag":[],"class_list":{"0":"post-22005","1":"product","2":"type-product","3":"status-publish","4":"has-post-thumbnail","6":"product_cat-sporto-medicina","8":"first","9":"instock","10":"shipping-taxable","11":"product-type-simple"},"_links":{"self":[{"href":"https:\/\/labostera.lt\/lv\/wp-json\/wp\/v2\/product\/22005","targetHints":{"allow":["GET"]}}],"collection":[{"href":"https:\/\/labostera.lt\/lv\/wp-json\/wp\/v2\/product"}],"about":[{"href":"https:\/\/labostera.lt\/lv\/wp-json\/wp\/v2\/types\/product"}],"wp:featuredmedia":[{"embeddable":true,"href":"https:\/\/labostera.lt\/lv\/wp-json\/wp\/v2\/media\/22006"}],"wp:attachment":[{"href":"https:\/\/labostera.lt\/lv\/wp-json\/wp\/v2\/media?parent=22005"}],"wp:term":[{"taxonomy":"product_cat","embeddable":true,"href":"https:\/\/labostera.lt\/lv\/wp-json\/wp\/v2\/product_cat?post=22005"},{"taxonomy":"product_tag","embeddable":true,"href":"https:\/\/labostera.lt\/lv\/wp-json\/wp\/v2\/product_tag?post=22005"}],"curies":[{"name":"wp","href":"https:\/\/api.w.org\/{rel}","templated":true}]}}