{"id":22003,"date":"2025-02-21T18:05:35","date_gmt":"2025-02-21T15:05:35","guid":{"rendered":"https:\/\/labostera.lt\/?post_type=product&#038;p=22003"},"modified":"2025-02-21T18:07:28","modified_gmt":"2025-02-21T15:07:28","slug":"metaboline-sistema-reevue","status":"publish","type":"product","link":"https:\/\/labostera.lt\/lv\/priemones-ir-iranga\/medicinines-priemones-ir-iranga\/sporto-medicina\/metaboline-sistema-reevue\/","title":{"rendered":"Metabolisk\u0101 sist\u0113ma ReeVue\u00ae"},"content":{"rendered":"<p data-start=\"53\" data-end=\"457\">Metabolisk\u0101 sist\u0113ma ReeVue\u00ae ir uzlabota medic\u012bnas sist\u0113ma, kas paredz\u0113ta, lai noteiktu \u0137erme\u0146a atp\u016btas ener\u0123ijas pat\u0113ri\u0146u (RMR\/REE) un prec\u012bzi apr\u0113\u0137in\u0101tu kaloriju vajadz\u012bbas. Izmantojot tie\u0161us sk\u0101bek\u013ca m\u0113r\u012bjumus, ier\u012bce analiz\u0113 izelpot\u0101 gaisa sk\u0101bek\u013ca koncentr\u0101ciju caur \u0113rto MetaBreather\u00ae iemutni, kas \u013cauj apr\u0113\u0137in\u0101t, cik kaloriju tiek sadedzin\u0101ts - 4813 kalorijas uz katru pat\u0113r\u0113t\u0101 sk\u0101bek\u013ca mililitru.<br data-start=\"492\" data-end=\"495\" \/><strong data-start=\"495\" data-end=\"519\" data-is-only-node=\"\">Galven\u0101s iez\u012bmes:<\/strong><\/p>\n<ul data-start=\"522\" data-end=\"2272\">\n<li data-start=\"522\" data-end=\"659\"><strong data-start=\"524\" data-end=\"560\">Tie\u0161s sk\u0101bek\u013ca m\u0113r\u012bjums:<\/strong> Izmanto galvanisko degvielas elementu, precizit\u0101te \u00b10,2% O\u2082, efekt\u012bvi uztver izelpot\u0101 gaisa datus.<\/li>\n<li data-start=\"660\" data-end=\"836\"><strong data-start=\"662\" data-end=\"694\">Sajauk\u0161anas kameras tehnolo\u0123ija:<\/strong> \u201eNetie\u0161\u0101s kalorimetrijas &quot;zelta standarts&quot;, ko apstiprina neatkar\u012bgi p\u0113t\u012bjumu rezult\u0101ti (USC, D\u017eord\u017eijas \u0161tata universit\u0101te).<\/li>\n<li data-start=\"837\" data-end=\"1006\"><strong data-start=\"839\" data-end=\"857\">Higi\u0113na:<\/strong> Vienreizlietojamais MetaBreather\u00ae mutes uzgalis ar vienvirziena v\u0101rstu sist\u0113mu nodro\u0161ina, ka katrs pacients elpojas svaigu gaisu bez pies\u0101r\u0146ojuma.<\/li>\n<li data-start=\"1007\" data-end=\"1153\"><strong data-start=\"1009\" data-end=\"1038\">Autom\u0101tiska kalibr\u0113\u0161ana:<\/strong> Sist\u0113mas algoritmi kompens\u0113 barometrisko spiedienu, temperat\u016bru un mitrumu, nodro\u0161inot konsekventus m\u0113r\u012bjumus.<\/li>\n<li data-start=\"1154\" data-end=\"1287\"><strong data-start=\"1156\" data-end=\"1184\">Vienk\u0101r\u0161a vad\u012bbas saskarne:<\/strong> Intuit\u012bvs dizains \u013cauj ier\u012bci izmantot jebkuram medic\u012bnas person\u0101lam bez \u012bpa\u0161as apm\u0101c\u012bbas.<\/li>\n<li data-start=\"1288\" data-end=\"1521\"><strong data-start=\"1290\" data-end=\"1333\">Regul\u0113juma un kompens\u0101cijas priek\u0161roc\u012bbas:<\/strong> FDA apstiprin\u0101ts, CPT kods #94690 \u2013 lieto gan aptauko\u0161an\u0101s, gan vielmai\u0146as trauc\u0113jumu profilaksei, uztura nov\u0113rt\u0113\u0161anai un \u0101rst\u0113\u0161anai.<br data-start=\"1487\" data-end=\"1490\" \/><strong data-start=\"1490\" data-end=\"1519\">Tehnisk\u0101s specifik\u0101cijas:<\/strong><\/li>\n<li data-start=\"1522\" data-end=\"1617\"><strong data-start=\"1524\" data-end=\"1540\">O\u2082 sensors:<\/strong> Galvanisk\u0101 degvielas \u0161\u016bna, precizit\u0101te \u00b10,2%, darb\u012bbas laiks l\u012bdz 24 m\u0113ne\u0161iem.<\/li>\n<li data-start=\"1618\" data-end=\"1819\"><strong data-start=\"1620\" data-end=\"1644\">Gaisa pl\u016bsmas sensors:<\/strong> Fiks\u0113ta atv\u0113rta diferenci\u0101l\u0101 spiediena pneimotaks, precizit\u0101te \u00b12%, iz\u0161\u0137irtsp\u0113ja 0,01 LPM, diapazons 40\u2013150 LPM, elpo\u0161anas frekvence 5\u201340 ieelpas\/min, elpo\u0161anas tilpums 200\u20133000 ml.<\/li>\n<li data-start=\"1820\" data-end=\"1890\"><strong data-start=\"1822\" data-end=\"1848\">Izm\u0113ri un svars:<\/strong> 30,5 \u00d7 22,9 \u00d7 10,2 cm; svars \u2013 2,6 kg.<\/li>\n<li data-start=\"1891\" data-end=\"2272\"><strong data-start=\"1893\" data-end=\"1910\">Testa ilgums:<\/strong> Apm\u0113ram 10 min\u016btes katram m\u0113r\u012bjumam.<br data-start=\"1944\" data-end=\"1947\" \/>ReeVue\u00ae \u013cauj \u0101rstiem noteikt individu\u0101l\u0101s pacienta kaloriju vajadz\u012bbas, veikt uztura nov\u0113rt\u0113jumus un uzraudz\u012bt t\u0101du slim\u012bbu k\u0101 vielmai\u0146as sindroma, diab\u0113ta un vairogdziedzera slim\u012bbu progresu. Sist\u0113mas vienk\u0101r\u0161\u0101 apkope un divu gadu garantija nodro\u0161ina iztur\u012bbu un uzticam\u012bbu ikdienas medic\u012bnas praks\u0113.<\/li>\n<\/ul>\n<div id=\"gtx-trans\" style=\"position: absolute; left: -67px; top: 0.666668px;\">\n<div class=\"gtx-trans-icon\"><\/div>\n<\/div>","protected":false},"excerpt":{"rendered":"<p>ReeVue\u00ae vielmai\u0146as sist\u0113ma ir neinvaz\u012bva vielmai\u0146as \u0101truma anal\u012bzes sist\u0113ma, kas re\u0101llaik\u0101 m\u0113ra miera st\u0101vok\u013ca vielmai\u0146as \u0101trumu (RMR\/REE), pamatojoties uz izelpot\u0101 sk\u0101bek\u013ca koncentr\u0101ciju. Izmantojot modernu sajauk\u0161anas kameras tehnolo\u0123iju un vienreiz lietojamo MetaBreather\u00ae iemutni, ier\u012bce nodro\u0161ina higi\u0113nisku, prec\u012bzu un vienk\u0101r\u0161u datu v\u0101k\u0161anu. Autom\u0101tiska kalibr\u0113\u0161ana un intuit\u012bvs interfeiss \u013cauj jebkuram medic\u012bnas person\u0101lam viegli izmantot sist\u0113mu, kas ir apstiprin\u0101ta FDA un apstr\u0101d\u0101ta saska\u0146\u0101 ar CPT kodu #94690. Ide\u0101ls risin\u0101jums uztura nov\u0113rt\u0113\u0161anai, svara kontrolei un saist\u012btu slim\u012bbu profilaksei.<\/p>\n<div id=\"gtx-trans\" style=\"position: absolute; left: 398px; top: 37.6667px;\">\n<div class=\"gtx-trans-icon\"><\/div>\n<\/div>","protected":false},"featured_media":22004,"template":"","meta":[],"product_cat":[1099],"product_tag":[],"class_list":{"0":"post-22003","1":"product","2":"type-product","3":"status-publish","4":"has-post-thumbnail","6":"product_cat-sporto-medicina","8":"first","9":"instock","10":"shipping-taxable","11":"product-type-simple"},"_links":{"self":[{"href":"https:\/\/labostera.lt\/lv\/wp-json\/wp\/v2\/product\/22003","targetHints":{"allow":["GET"]}}],"collection":[{"href":"https:\/\/labostera.lt\/lv\/wp-json\/wp\/v2\/product"}],"about":[{"href":"https:\/\/labostera.lt\/lv\/wp-json\/wp\/v2\/types\/product"}],"wp:featuredmedia":[{"embeddable":true,"href":"https:\/\/labostera.lt\/lv\/wp-json\/wp\/v2\/media\/22004"}],"wp:attachment":[{"href":"https:\/\/labostera.lt\/lv\/wp-json\/wp\/v2\/media?parent=22003"}],"wp:term":[{"taxonomy":"product_cat","embeddable":true,"href":"https:\/\/labostera.lt\/lv\/wp-json\/wp\/v2\/product_cat?post=22003"},{"taxonomy":"product_tag","embeddable":true,"href":"https:\/\/labostera.lt\/lv\/wp-json\/wp\/v2\/product_tag?post=22003"}],"curies":[{"name":"wp","href":"https:\/\/api.w.org\/{rel}","templated":true}]}}