{"id":22001,"date":"2025-02-21T17:57:48","date_gmt":"2025-02-21T14:57:48","guid":{"rendered":"https:\/\/labostera.lt\/?post_type=product&#038;p=22001"},"modified":"2025-02-21T18:02:04","modified_gmt":"2025-02-21T15:02:04","slug":"neinvazie-sirdies-fizikiniu-parametru-monitoringo-sistema","status":"publish","type":"product","link":"https:\/\/labostera.lt\/lv\/priemones-ir-iranga\/medicinines-priemones-ir-iranga\/sporto-medicina\/neinvazie-sirdies-fizikiniu-parametru-monitoringo-sistema\/","title":{"rendered":"Neinvaz\u012bva sirds fizisko parametru uzraudz\u012bbas sist\u0113ma"},"content":{"rendered":"<p data-start=\"63\" data-end=\"500\">Neinvaz\u012bv\u0101 sirds fizisko parametru uzraudz\u012bbas sist\u0113ma, kas izstr\u0101d\u0101ta, izmantojot PhysioFlow tehnolo\u0123ijas, ir progres\u012bvs risin\u0101jums sirds funkcijas nov\u0113rt\u0113\u0161anai un slim\u012bbu profilaksei. Sist\u0113ma izmanto unik\u0101las bioelektronisk\u0101s metodes un algoritmus, kas \u013cauj prec\u012bzi izm\u0113r\u012bt sirds parametrus, tostarp asins pl\u016bsmu, sirds izsviedi un citas svar\u012bgas fiziolo\u0123isk\u0101s funkcijas, bez \u0137irur\u0123iskas iejauk\u0161an\u0101s.<\/p>\n<p data-start=\"502\" data-end=\"546\"><strong data-start=\"502\" data-end=\"544\">Galven\u0101s iez\u012bmes un specifik\u0101cijas:<\/strong><\/p>\n<ul data-start=\"547\" data-end=\"1637\">\n<li data-start=\"547\" data-end=\"718\"><strong data-start=\"549\" data-end=\"574\">Neinvaz\u012bva metode:<\/strong> Sist\u0113mas darb\u012bbas princips ir balst\u012bts uz neinvaz\u012bvu bioelektronisko sign\u0101lu noteik\u0161anu, t\u0101p\u0113c pacients nav pak\u013cauts invaz\u012bvo proced\u016bru riskiem.<\/li>\n<li data-start=\"719\" data-end=\"902\"><strong data-start=\"721\" data-end=\"749\">Re\u0101llaika dati:<\/strong> \u013bauj re\u0101llaik\u0101 uzraudz\u012bt sirds funkcion\u0101lo darb\u012bbu, nodro\u0161inot iesp\u0113ju \u0101tri rea\u0123\u0113t uz izmai\u0146\u0101m un identific\u0113t iesp\u0113jam\u0101s patolo\u0123isk\u0101s izmai\u0146as.<\/li>\n<li data-start=\"903\" data-end=\"1108\"><strong data-start=\"905\" data-end=\"942\">Augsta precizit\u0101te un uzticam\u012bba:<\/strong> Izmantojot uzlabotus algoritmus, sist\u0113ma nodro\u0161ina prec\u012bzus m\u0113r\u012bjumus, kas ir svar\u012bgi gan medic\u012bnas p\u0113t\u012bjumiem, gan ikdienas vesel\u012bbas apr\u016bpes praksei.<\/li>\n<li data-start=\"1109\" data-end=\"1277\"><strong data-start=\"1111\" data-end=\"1135\">Elast\u012bga integr\u0101cija:<\/strong> Sist\u0113ma ir viegli integr\u0113jama eso\u0161aj\u0101s vesel\u012bbas apr\u016bpes sist\u0113m\u0101s un to var izmantot gan kl\u012bnisk\u0101s, gan profilaktisk\u0101s darb\u012bb\u0101s.<\/li>\n<li data-start=\"1278\" data-end=\"1439\"><strong data-start=\"1280\" data-end=\"1303\">Pacienta komforts:<\/strong> Neinvaz\u012bv\u0101 metode mazina diskomfortu un iesp\u0113jamos komplik\u0101ciju riska faktorus, \u013caujot pacientiem justies dro\u0161i un \u0113rti.<\/li>\n<li data-start=\"1440\" data-end=\"1637\"><strong data-start=\"1442\" data-end=\"1462\">Datu anal\u012bze:<\/strong> Integr\u0113t\u0101 anal\u012btikas platforma sniedz detaliz\u0113tus zi\u0146ojumus par sirds darb\u012bbu, pal\u012bdzot speci\u0101listiem pie\u0146emt pamatotus l\u0113mumus par \u0101rst\u0113\u0161anas un profilakses strat\u0113\u0123ij\u0101m.<\/li>\n<\/ul>\n<p data-start=\"1639\" data-end=\"1948\">\u0160\u012b sist\u0113ma ir ide\u0101la izv\u0113le gan sporta medic\u012bn\u0101, gan kl\u012bniskaj\u0101 praks\u0113, lai uzraudz\u012btu sirds st\u0101vokli un agr\u012bni identific\u0113tu iesp\u0113jam\u0101s patolo\u0123ijas. Izmantojot PhysioFlow tehnolo\u0123ijas, speci\u0101listi var lab\u0101k izprast sirds darb\u012bbu, optimiz\u0113t \u0101rst\u0113\u0161anas pl\u0101nus un nodro\u0161in\u0101t pacientu vesel\u012bbu.<\/p>","protected":false},"excerpt":{"rendered":"<p data-start=\"53\" data-end=\"457\">Neinvaz\u012bv\u0101 sirds fizisko parametru uzraudz\u012bbas sist\u0113ma, kuras pamat\u0101 ir PhysioFlow tehnolo\u0123ijas, \u013cauj prec\u012bzi izm\u0113r\u012bt sirds parametrus, piem\u0113ram, asins pl\u016bsmu un izsviedes tilpumu, bez \u0137irur\u0123iskas iejauk\u0161an\u0101s. Sist\u0113ma nodro\u0161ina datus re\u0101llaik\u0101, nodro\u0161ina augstu m\u0113r\u012bjumu precizit\u0101ti un uzticam\u012bbu, k\u0101 ar\u012b integr\u0113jas eso\u0161aj\u0101s vesel\u012bbas apr\u016bpes sist\u0113m\u0101s. T\u0101 ir \u012bpa\u0161i piem\u0113rota gan sporta medic\u012bnai, gan slim\u012bbu profilaksei, pal\u012bdzot speci\u0101listiem agr\u012bni identific\u0113t sirds patolo\u0123ijas un optimiz\u0113t \u0101rst\u0113\u0161anas strat\u0113\u0123ijas.<\/p>","protected":false},"featured_media":22002,"template":"","meta":[],"product_cat":[1099],"product_tag":[],"class_list":{"0":"post-22001","1":"product","2":"type-product","3":"status-publish","4":"has-post-thumbnail","6":"product_cat-sporto-medicina","8":"first","9":"instock","10":"shipping-taxable","11":"product-type-simple"},"_links":{"self":[{"href":"https:\/\/labostera.lt\/lv\/wp-json\/wp\/v2\/product\/22001","targetHints":{"allow":["GET"]}}],"collection":[{"href":"https:\/\/labostera.lt\/lv\/wp-json\/wp\/v2\/product"}],"about":[{"href":"https:\/\/labostera.lt\/lv\/wp-json\/wp\/v2\/types\/product"}],"wp:featuredmedia":[{"embeddable":true,"href":"https:\/\/labostera.lt\/lv\/wp-json\/wp\/v2\/media\/22002"}],"wp:attachment":[{"href":"https:\/\/labostera.lt\/lv\/wp-json\/wp\/v2\/media?parent=22001"}],"wp:term":[{"taxonomy":"product_cat","embeddable":true,"href":"https:\/\/labostera.lt\/lv\/wp-json\/wp\/v2\/product_cat?post=22001"},{"taxonomy":"product_tag","embeddable":true,"href":"https:\/\/labostera.lt\/lv\/wp-json\/wp\/v2\/product_tag?post=22001"}],"curies":[{"name":"wp","href":"https:\/\/api.w.org\/{rel}","templated":true}]}}