{"id":21999,"date":"2025-02-21T17:53:05","date_gmt":"2025-02-21T14:53:05","guid":{"rendered":"https:\/\/labostera.lt\/?post_type=product&#038;p=21999"},"modified":"2025-02-21T17:56:44","modified_gmt":"2025-02-21T14:56:44","slug":"deguonies-isotinimo-raumenyse-matavimo-prietaisas","status":"publish","type":"product","link":"https:\/\/labostera.lt\/lv\/priemones-ir-iranga\/medicinines-priemones-ir-iranga\/sporto-medicina\/deguonies-isotinimo-raumenyse-matavimo-prietaisas\/","title":{"rendered":"Musku\u013cu sk\u0101bek\u013ca pies\u0101tin\u0101juma m\u0113r\u012b\u0161anas ier\u012bce"},"content":{"rendered":"<p data-pm-slice=\"1 1 []\">Musku\u013cu sk\u0101bek\u013ca pies\u0101tin\u0101juma monitors ir mobila, neinvaz\u012bva ier\u012bce, kas paredz\u0113ta, lai prec\u012bzi m\u0113r\u012btu musku\u013cu sk\u0101bek\u013ca pies\u0101tin\u0101jumu (SmO\u2082) un kop\u0113jo hemoglob\u012bnu (THb) re\u0101llaik\u0101. Apvienojot tuv\u0101 infrasarkan\u0101 spektroskopiju un uzlabotus sensorus, \u0161\u012b ier\u012bce \u013cauj uzraudz\u012bt musku\u013cu sk\u0101bek\u013ca l\u012bmeni pat intens\u012bvu sporta treni\u0146u vai zin\u0101tnisko p\u0113t\u012bjumu laik\u0101.<\/p>\n<p data-start=\"457\" data-end=\"501\"><strong data-start=\"457\" data-end=\"499\">Galven\u0101s iez\u012bmes un specifik\u0101cijas:<\/strong><\/p>\n<ul data-start=\"502\" data-end=\"1330\">\n<li data-start=\"502\" data-end=\"629\"><strong data-start=\"504\" data-end=\"522\">Precizit\u0101te:<\/strong> M\u0113ra SmO\u2082 un THb pat l\u012bdz pat 12 mm audu biezum\u0101 (\u0101da, tauku sl\u0101nis), nodro\u0161inot prec\u012bzus rezult\u0101tus.<\/li>\n<li data-start=\"630\" data-end=\"757\"><strong data-start=\"632\" data-end=\"659\">Mobilit\u0101te un \u0113rt\u012bbas:<\/strong> Kompaktais dizains un svars, kas maz\u0101ks par 40 g, padara to gandr\u012bz neman\u0101mu valk\u0101\u0161anai.<\/li>\n<li data-start=\"758\" data-end=\"889\"><strong data-start=\"760\" data-end=\"785\">Ilgs darb\u012bbas laiks:<\/strong> Litija polim\u0113ru akumulators nodro\u0161ina vismaz 6 stundu darb\u012bbas laiku, un uzl\u0101de aiz\u0146em tikai 2 stundas.<\/li>\n<li data-start=\"890\" data-end=\"1028\"><strong data-start=\"892\" data-end=\"911\">Bezvadu savienojums:<\/strong> Izmanto ANT+ un BLE tehnolo\u0123ijas datu p\u0101rs\u016bt\u012b\u0161anai uz sporta pulkste\u0146iem, viedt\u0101lru\u0146iem un datoriem.<\/li>\n<li data-start=\"1029\" data-end=\"1153\"><strong data-start=\"1031\" data-end=\"1046\">Pretest\u012bba:<\/strong> Nosl\u0113gtais, \u016bdens un sviedru iztur\u012bgs korpuss nodro\u0161ina iztur\u012bbu pat skarbos apst\u0101k\u013cos.<\/li>\n<li data-start=\"1154\" data-end=\"1330\"><strong data-start=\"1156\" data-end=\"1176\">Datu anal\u012bze:<\/strong> Integr\u0101cija ar da\u017e\u0101d\u0101m lietojumprogramm\u0101m \u013cauj analiz\u0113t datus re\u0101llaik\u0101, optimiz\u0113t treni\u0146u intensit\u0101ti un uzlabot sportisko sniegumu.<\/li>\n<\/ul>\n<p data-start=\"1332\" data-end=\"1563\">Gan pasaules \u010dempioni, gan sporta zin\u0101tnieki uzticas Moxy Monitor, lai prec\u012bzi uzraudz\u012btu un analiz\u0113tu \u0137erme\u0146a reakcijas treni\u0146u laik\u0101, kas pal\u012bdz sasniegt augst\u0101kos rezult\u0101tus un nodro\u0161in\u0101t treni\u0146u efektivit\u0101ti.<\/p>","protected":false},"excerpt":{"rendered":"<p data-start=\"53\" data-end=\"457\">Musku\u013cu sk\u0101bek\u013ca pies\u0101tin\u0101juma monitors Moxy Monitor ir mobils, neinvaz\u012bvs musku\u013cu sk\u0101bek\u013ca pies\u0101tin\u0101juma monitors, kas paredz\u0113ts SmO\u2082 un THb monitor\u0113\u0161anai re\u0101llaik\u0101. Izmantojot tuv\u0101 infrasarkan\u0101 starojuma spektroskopiju, ier\u012bce m\u0113ra sk\u0101bek\u013ca l\u012bmeni audos l\u012bdz 12 mm dzi\u013cum\u0101. Kompakts un viegls (maz\u0101k nek\u0101 40 g), tas darbojas l\u012bdz 6 stund\u0101m ar litija polim\u0113ru akumulatoru un p\u0101rraida datus, izmantojot ANT+ un BLE savienojumus. Integr\u0113t\u0101 anal\u012bzes programmat\u016bra \u013cauj optimiz\u0113t treni\u0146u intensit\u0101ti, padarot Moxy Monitor par uzticamu risin\u0101jumu gan sportistiem, gan zin\u0101tniekiem, kuri v\u0113las uzlabot sniegumu un ieg\u016bt dzi\u013c\u0101ku izpratni par \u0137erme\u0146a reakcij\u0101m treni\u0146a laik\u0101.<\/p>\n<p data-start=\"1332\" data-end=\"1563\">","protected":false},"featured_media":22000,"template":"","meta":[],"product_cat":[1099],"product_tag":[],"class_list":{"0":"post-21999","1":"product","2":"type-product","3":"status-publish","4":"has-post-thumbnail","6":"product_cat-sporto-medicina","8":"first","9":"instock","10":"shipping-taxable","11":"product-type-simple"},"_links":{"self":[{"href":"https:\/\/labostera.lt\/lv\/wp-json\/wp\/v2\/product\/21999","targetHints":{"allow":["GET"]}}],"collection":[{"href":"https:\/\/labostera.lt\/lv\/wp-json\/wp\/v2\/product"}],"about":[{"href":"https:\/\/labostera.lt\/lv\/wp-json\/wp\/v2\/types\/product"}],"wp:featuredmedia":[{"embeddable":true,"href":"https:\/\/labostera.lt\/lv\/wp-json\/wp\/v2\/media\/22000"}],"wp:attachment":[{"href":"https:\/\/labostera.lt\/lv\/wp-json\/wp\/v2\/media?parent=21999"}],"wp:term":[{"taxonomy":"product_cat","embeddable":true,"href":"https:\/\/labostera.lt\/lv\/wp-json\/wp\/v2\/product_cat?post=21999"},{"taxonomy":"product_tag","embeddable":true,"href":"https:\/\/labostera.lt\/lv\/wp-json\/wp\/v2\/product_tag?post=21999"}],"curies":[{"name":"wp","href":"https:\/\/api.w.org\/{rel}","templated":true}]}}