{"id":21997,"date":"2025-02-21T17:44:03","date_gmt":"2025-02-21T14:44:03","guid":{"rendered":"https:\/\/labostera.lt\/?post_type=product&#038;p=21997"},"modified":"2025-02-21T17:52:55","modified_gmt":"2025-02-21T14:52:55","slug":"metaboline-sistema-netiesiogine-kalorimetrija","status":"publish","type":"product","link":"https:\/\/labostera.lt\/lv\/priemones-ir-iranga\/medicinines-priemones-ir-iranga\/sporto-medicina\/metaboline-sistema-netiesiogine-kalorimetrija\/","title":{"rendered":"Metabolisma sist\u0113ma (netie\u0161\u0101 kalorimetrija)"},"content":{"rendered":"<p data-start=\"53\" data-end=\"457\">Metabolisma sist\u0113ma (netie\u0161\u0101 kalorimetrija) ir uzlabota iek\u0101rta, kas paredz\u0113ta, lai prec\u012bzi un dro\u0161i nov\u0113rt\u0113tu organisma ener\u0123ijas pat\u0113ri\u0146u un vielmai\u0146as r\u0101d\u012bt\u0101jus, izmantojot netie\u0161\u0101s kalorimetrijas metodi. \u0160\u012b sist\u0113ma \u013cauj veikt da\u017e\u0101dus p\u0113t\u012bjumus gan fundament\u0101los zin\u0101tniskos projektos, gan lieti\u0161\u0137aj\u0101 praks\u0113, tostarp uztura nov\u0113rt\u0113\u0161an\u0101 un sporta zin\u0101tn\u0113.<\/p>\n<p data-start=\"461\" data-end=\"505\"><strong data-start=\"461\" data-end=\"503\">Galven\u0101s iez\u012bmes un specifik\u0101cijas:<\/strong><\/p>\n<ul data-start=\"506\" data-end=\"1410\">\n<li data-start=\"506\" data-end=\"663\"><strong data-start=\"508\" data-end=\"530\">Augsta precizit\u0101te:<\/strong> Re\u0123istr\u0113 sk\u0101bek\u013ca pat\u0113ri\u0146u un oglek\u013ca dioks\u012bda izdal\u012b\u0161anos, kas ir galvenie ener\u0123ijas metabolisma r\u0101d\u012bt\u0101ji.<\/li>\n<li data-start=\"664\" data-end=\"817\"><strong data-start=\"666\" data-end=\"696\">Uzticam\u012bba un valid\u0101cija:<\/strong> Sist\u0113ma nodro\u0161ina uzticamus, valid\u0113tus datus, kas nepiecie\u0161ami gan kl\u012bniskajiem p\u0113t\u012bjumiem, gan zin\u0101tniskajiem eksperimentiem.<\/li>\n<li data-start=\"818\" data-end=\"939\"><strong data-start=\"820\" data-end=\"848\">Pla\u0161s pielietojumu kl\u0101sts:<\/strong> Izmanto fundament\u0101lajos p\u0113t\u012bjumos, uztura nov\u0113rt\u0113\u0161anas projektos un sporta zin\u0101tn\u0113.<\/li>\n<li data-start=\"940\" data-end=\"1100\"><strong data-start=\"942\" data-end=\"972\">Uzlabota programmat\u016bra:<\/strong> Integr\u0113ta ar specializ\u0113tu anal\u012btisko programmat\u016bru, kas \u013cauj efekt\u012bvi apkopot, analiz\u0113t un interpret\u0113t datus.<\/li>\n<li data-start=\"1101\" data-end=\"1261\"><strong data-start=\"1103\" data-end=\"1131\">M\u016bsdienu tehnolo\u0123ijas:<\/strong> Iek\u0101rtas ir izgatavotas no augstas kvalit\u0101tes materi\u0101liem, kas atbilst starptautiskajiem standartiem, nodro\u0161inot iztur\u012bbu un uzticam\u012bbu.<\/li>\n<li data-start=\"1262\" data-end=\"1407\"><strong data-start=\"1264\" data-end=\"1287\">Vienk\u0101r\u0161a integr\u0101cija:<\/strong> Tas lieliski integr\u0113jas ar cit\u0101m p\u0113tniec\u012bbas ier\u012bc\u0113m un sist\u0113m\u0101m, atvieglojot eksperimentu veik\u0161anu un rezult\u0101tu anal\u012bzi.<\/li>\n<\/ul>\n<p data-start=\"1411\" data-end=\"1643\">\u0160\u012b sist\u0113ma ir ide\u0101ls risin\u0101jums p\u0113tniekiem, kuri v\u0113las ieg\u016bt visaugst\u0101k\u0101s kvalit\u0101tes datus par organisma ener\u0123ijas pat\u0113ri\u0146u un vielmai\u0146as procesiem, t\u0101d\u0113j\u0101di veicinot jaunus atkl\u0101jumus vesel\u012bbas, uztura un sporta zin\u0101t\u0146u jom\u0101s.<\/p>\n<div id=\"gtx-trans\" style=\"position: absolute; left: -37px; top: 0.666668px;\">\n<div class=\"gtx-trans-icon\"><\/div>\n<\/div>","protected":false},"excerpt":{"rendered":"<p data-pm-slice=\"1 1 []\">Metabolisma sist\u0113ma (netie\u0161\u0101 kalorimetrija) ir moderna iek\u0101rta, kas paredz\u0113ta, lai prec\u012bzi m\u0113r\u012btu organisma ener\u0123ijas pat\u0113ri\u0146u un vielmai\u0146as r\u0101d\u012bt\u0101jus, izmantojot netie\u0161\u0101s kalorimetrijas metodi. Sist\u0113ma re\u0123istr\u0113 sk\u0101bek\u013ca pat\u0113ri\u0146u un oglek\u013ca dioks\u012bda izdal\u012b\u0161anos, sniedzot visaptvero\u0161u priek\u0161statu par ener\u0123ijas metabolismu. T\u0101s uzlabot\u0101 programmat\u016bra \u013cauj viegli analiz\u0113t apkopotos datus, nodro\u0161inot ticamus un apstiprin\u0101tus rezult\u0101tus. T\u0101 ir lieliski piem\u0113rota gan fundament\u0101liem zin\u0101tniskiem p\u0113t\u012bjumiem, gan lieti\u0161\u0137ajai praksei, piem\u0113ram, uztura nov\u0113rt\u0113\u0161anai un sporta zin\u0101tnei.<\/p>","protected":false},"featured_media":21998,"template":"","meta":[],"product_cat":[1099],"product_tag":[],"class_list":{"0":"post-21997","1":"product","2":"type-product","3":"status-publish","4":"has-post-thumbnail","6":"product_cat-sporto-medicina","8":"first","9":"instock","10":"shipping-taxable","11":"product-type-simple"},"_links":{"self":[{"href":"https:\/\/labostera.lt\/lv\/wp-json\/wp\/v2\/product\/21997","targetHints":{"allow":["GET"]}}],"collection":[{"href":"https:\/\/labostera.lt\/lv\/wp-json\/wp\/v2\/product"}],"about":[{"href":"https:\/\/labostera.lt\/lv\/wp-json\/wp\/v2\/types\/product"}],"wp:featuredmedia":[{"embeddable":true,"href":"https:\/\/labostera.lt\/lv\/wp-json\/wp\/v2\/media\/21998"}],"wp:attachment":[{"href":"https:\/\/labostera.lt\/lv\/wp-json\/wp\/v2\/media?parent=21997"}],"wp:term":[{"taxonomy":"product_cat","embeddable":true,"href":"https:\/\/labostera.lt\/lv\/wp-json\/wp\/v2\/product_cat?post=21997"},{"taxonomy":"product_tag","embeddable":true,"href":"https:\/\/labostera.lt\/lv\/wp-json\/wp\/v2\/product_tag?post=21997"}],"curies":[{"name":"wp","href":"https:\/\/api.w.org\/{rel}","templated":true}]}}