{"id":21995,"date":"2025-02-21T16:43:54","date_gmt":"2025-02-21T13:43:54","guid":{"rendered":"https:\/\/labostera.lt\/?post_type=product&#038;p=21995"},"modified":"2025-02-21T17:24:29","modified_gmt":"2025-02-21T14:24:29","slug":"belaide-emg-ir-imu-matavimo-sistema","status":"publish","type":"product","link":"https:\/\/labostera.lt\/lv\/priemones-ir-iranga\/medicinines-priemones-ir-iranga\/sporto-medicina\/belaide-emg-ir-imu-matavimo-sistema\/","title":{"rendered":"Bezvadu EMG un IMU m\u0113r\u012b\u0161anas sist\u0113ma"},"content":{"rendered":"<p data-start=\"41\" data-end=\"352\">Bezvadu EMG un IMU m\u0113r\u012b\u0161anas sist\u0113ma ir uzlabota tehnolo\u0123ija musku\u013cu funkciju nov\u0113rt\u0113\u0161anai un kust\u012bbu anal\u012bzei. Sist\u0113ma ietver elektromiogr\u0101fijas (EMG) un inerci\u0101l\u0101s m\u0113r\u012b\u0161anas vien\u012bbas (IMU) sensorus, lai prec\u012bzi uzraudz\u012btu musku\u013cu aktivit\u0101ti un \u0137erme\u0146a kust\u012bbas da\u017e\u0101d\u0101s vid\u0113s, tostarp \u016bden\u012b.<\/p>\n<p data-start=\"376\" data-end=\"538\">Bezvadu EMG un IMU m\u0113r\u012b\u0161anas sist\u0113ma ir izstr\u0101d\u0101ta, lai nodro\u0161in\u0101tu augst\u0101k\u0101s kvalit\u0101tes datus musku\u013cu aktivit\u0101tes un kust\u012bbu anal\u012bz\u0113. Sist\u0113ma ietver \u0161\u0101das sast\u0101vda\u013cas:<\/p>\n<ul data-start=\"540\" data-end=\"881\">\n<li data-start=\"540\" data-end=\"651\">\n<p data-start=\"542\" data-end=\"651\"><strong data-start=\"542\" data-end=\"555\">Vilnis Plus<\/strong>Bezvadu EMG tehnolo\u0123ija tiek izmantota kl\u012bniskajos un zin\u0101tniskos p\u0113t\u012bjumos kop\u0161 2001. gada.<\/p>\n<\/li>\n<li data-start=\"653\" data-end=\"745\">\n<p data-start=\"655\" data-end=\"745\"><strong data-start=\"655\" data-end=\"664\">WaveX<\/strong>jaun\u0101k\u0101s paaudzes sist\u0113ma, kas apvieno 15 gadu pieredzi un tehnolo\u0123iskos sasniegumus.<\/p>\n<\/li>\n<li data-start=\"747\" data-end=\"881\">\n<p data-start=\"749\" data-end=\"881\"><strong data-start=\"749\" data-end=\"758\">MiniX<\/strong>Vien\u012bg\u0101 tirg\u016b pieejam\u0101 IP68 sertific\u0113t\u0101 \u016bdensnecaurlaid\u012bg\u0101 EMG sist\u0113ma, kas \u013cauj veikt test\u0113\u0161anu dzi\u013cum\u0101 l\u012bdz 5 metriem.<\/p>\n<\/li>\n<\/ul>\n<p data-start=\"883\" data-end=\"935\">Vis\u0101m sist\u0113mas sast\u0101vda\u013c\u0101m ir \u0161\u0101das \u012bpa\u0161\u012bbas:<\/p>\n<ul data-start=\"937\" data-end=\"1717\">\n<li data-start=\"937\" data-end=\"1071\">\n<p data-start=\"939\" data-end=\"1071\"><strong data-start=\"939\" data-end=\"961\">Fiks\u0113ta aizkave<\/strong>No sign\u0101la uztver\u0161anas l\u012bdz analogajai izejai tiek nodro\u0161in\u0101ta nemain\u012bga aizkave, kas garant\u0113 datu precizit\u0101ti.<\/p>\n<\/li>\n<li data-start=\"1073\" data-end=\"1186\">\n<p data-start=\"1075\" data-end=\"1186\"><strong data-start=\"1075\" data-end=\"1096\">Da\u017e\u0101d\u012bbas uztv\u0113r\u0113js<\/strong>integr\u0113ta tehnolo\u0123ija, kas samazina sign\u0101la atstaro\u0161an\u0101s ietekmi no sien\u0101m vai objektiem.<\/p>\n<\/li>\n<li data-start=\"1188\" data-end=\"1322\">\n<p data-start=\"1190\" data-end=\"1322\"><strong data-start=\"1190\" data-end=\"1211\">Impedances p\u0101rbaude<\/strong>unik\u0101la sist\u0113ma, kas pirms datu v\u0101k\u0161anas autom\u0101tiski p\u0101rbauda \u0101das pretest\u012bbu, nodro\u0161inot kvalitat\u012bvu sign\u0101lu.<\/p>\n<\/li>\n<li data-start=\"1324\" data-end=\"1461\">\n<p data-start=\"1326\" data-end=\"1461\"><strong data-start=\"1326\" data-end=\"1350\">Indukt\u012bv\u0101 uzl\u0101de<\/strong>Visi sensori kop\u0161 2005. gada ir apr\u012bkoti ar indukt\u012bvo uzl\u0101di, nodro\u0161inot \u0113rtu un \u0101tru akumulatora uzl\u0101di.<\/p>\n<\/li>\n<li data-start=\"1463\" data-end=\"1558\">\n<p data-start=\"1465\" data-end=\"1558\"><strong data-start=\"1465\" data-end=\"1481\">Analogais 66<\/strong>vien\u012bg\u0101 EMG sist\u0113ma, kas sp\u0113j vienlaikus apstr\u0101d\u0101t datus no l\u012bdz pat 66 kan\u0101liem.<\/p>\n<\/li>\n<li data-start=\"1560\" data-end=\"1717\">\n<p data-start=\"1562\" data-end=\"1717\"><strong data-start=\"1562\" data-end=\"1601\">Piel\u0101gota analog\u0101 izeja<\/strong>Izmantojot WaveX sist\u0113mu, lietot\u0101js var piel\u0101got analogo izeju ar EMG un neapstr\u0101d\u0101tiem IMU datiem l\u012bdz pat 40 kan\u0101liem.<\/p>\n<\/li>\n<\/ul>\n<p data-start=\"1719\" data-end=\"2064\">\u0160\u012b sist\u0113ma ir ide\u0101li piem\u0113rota da\u017e\u0101d\u0101m jom\u0101m, piem\u0113ram, biomeh\u0101nikas p\u0113t\u012bjumiem, sporta zin\u0101tnei, kl\u012bniskajai rehabilit\u0101cijai un r\u016bpnieciskajai ergonomikai. Izmantojot bezvadu EMG un IMU m\u0113r\u012b\u0161anas sist\u0113mu, speci\u0101listi var ieg\u016bt prec\u012bzus un uzticamus datus, kas pal\u012bdz uzlabot pacientu apr\u016bpi un att\u012bst\u012bt p\u0113t\u012bjumus kust\u012bbu anal\u012bzes jom\u0101.<\/p>\n<div id=\"gtx-trans\" style=\"position: absolute; left: -55px; top: 47.6667px;\">\n<div class=\"gtx-trans-icon\"><\/div>\n<\/div>","protected":false},"excerpt":{"rendered":"<p data-pm-slice=\"1 1 []\">Bezvadu EMG un IMU m\u0113r\u012b\u0161anas sist\u0113ma ir uzlabota tehnolo\u0123ija musku\u013cu aktivit\u0101tes un kust\u012bbu anal\u012bzei. T\u0101 ietver t\u0101dus komponentus k\u0101 Wave Plus, WaveX un MiniX, kas nodro\u0161ina augstas kvalit\u0101tes datu v\u0101k\u0161anu da\u017e\u0101d\u0101s vid\u0113s, tostarp \u016bden\u012b. Sist\u0113mai ir fiks\u0113ta aizkave, da\u017e\u0101d\u012bbas uztv\u0113r\u0113js, impedances p\u0101rbaude, indukt\u012bv\u0101 uzl\u0101de un iesp\u0113ja vienlaikus apstr\u0101d\u0101t datus no l\u012bdz pat 66 kan\u0101liem. \u0160\u012b sist\u0113ma ir neaizst\u0101jams instruments biomeh\u0101nikas p\u0113t\u012bjumos, sporta zin\u0101tn\u0113, kl\u012bniskaj\u0101 rehabilit\u0101cij\u0101 un r\u016bpnieciskaj\u0101 ergonomik\u0101, nodro\u0161inot prec\u012bzus un uzticamus datus musku\u013cu funkciju nov\u0113rt\u0113\u0161anai un kust\u012bbu anal\u012bzei.<\/p>","protected":false},"featured_media":21996,"template":"","meta":[],"product_cat":[1099],"product_tag":[],"class_list":{"0":"post-21995","1":"product","2":"type-product","3":"status-publish","4":"has-post-thumbnail","6":"product_cat-sporto-medicina","8":"first","9":"instock","10":"shipping-taxable","11":"product-type-simple"},"_links":{"self":[{"href":"https:\/\/labostera.lt\/lv\/wp-json\/wp\/v2\/product\/21995","targetHints":{"allow":["GET"]}}],"collection":[{"href":"https:\/\/labostera.lt\/lv\/wp-json\/wp\/v2\/product"}],"about":[{"href":"https:\/\/labostera.lt\/lv\/wp-json\/wp\/v2\/types\/product"}],"wp:featuredmedia":[{"embeddable":true,"href":"https:\/\/labostera.lt\/lv\/wp-json\/wp\/v2\/media\/21996"}],"wp:attachment":[{"href":"https:\/\/labostera.lt\/lv\/wp-json\/wp\/v2\/media?parent=21995"}],"wp:term":[{"taxonomy":"product_cat","embeddable":true,"href":"https:\/\/labostera.lt\/lv\/wp-json\/wp\/v2\/product_cat?post=21995"},{"taxonomy":"product_tag","embeddable":true,"href":"https:\/\/labostera.lt\/lv\/wp-json\/wp\/v2\/product_tag?post=21995"}],"curies":[{"name":"wp","href":"https:\/\/api.w.org\/{rel}","templated":true}]}}