{"id":21992,"date":"2025-02-07T16:56:46","date_gmt":"2025-02-07T13:56:46","guid":{"rendered":"https:\/\/labostera.lt\/?post_type=product&#038;p=21992"},"modified":"2025-02-07T17:38:04","modified_gmt":"2025-02-07T14:38:04","slug":"neinvazinis-hemodinaminiu-parametru-matavimo-prietaisai","status":"publish","type":"product","link":"https:\/\/labostera.lt\/lv\/priemones-ir-iranga\/medicinines-priemones-ir-iranga\/sporto-medicina\/neinvazinis-hemodinaminiu-parametru-matavimo-prietaisai\/","title":{"rendered":"Neinvaz\u012bvas hemodinamisko parametru m\u0113r\u012b\u0161anas ier\u012bces"},"content":{"rendered":"<p data-pm-slice=\"1 3 []\">Neinvaz\u012bv\u0101s hemodinamikas m\u0113r\u012b\u0161anas ier\u012bces PSA 200\u2122 un PSA 300\u00ae ir p\u0101rn\u0113s\u0101jamas, autonomas elektrokardiostimulatora sist\u0113mas analizatori un elektrofiziolo\u0123iskie (EP) stimulatori, kas paredz\u0113ti elektrokardiostimulatora un defibrilatora implant\u0101cijai un elektrofiziolo\u0123iskiem p\u0113t\u012bjumiem. \u0160\u012bs ier\u012bces var izmantot ar\u012b k\u0101 pagaidu elektrokardiostimulatorus.<\/p>\n<p><strong>PSA 200\u2122 divkameru stimul\u0101cijas sist\u0113mas analizators<\/strong><\/p>\n<p>PSA 200\u2122 ir p\u0101rn\u0113s\u0101jams, savrups, divkameru stimul\u0101cijas sist\u0113mas analizators, kas paredz\u0113ts stimul\u0101cijas elektrodu izvietojuma un optim\u0101lo iestat\u012bjumu nov\u0113rt\u0113\u0161anai elektrokardiostimulatora un defibrilatora implant\u0101cijas laik\u0101. Tas var darboties ar\u012b k\u0101 pagaidu divu kameru elektrokardiostimulators, kas ir piem\u0113rots terapeitiskai, profilaktiskai vai diagnostiskai lieto\u0161anai.<\/p>\n<p>PSA 200\u2122 funkcijas:<\/p>\n<ul data-spread=\"false\">\n<li><strong>Darb\u012bbas re\u017e\u012bmi:<\/strong> priek\u0161kambaru kan\u0101ls, kambaru kan\u0101ls, AV sinhron\u0101 stimul\u0101cija (DDD), univers\u0101l\u0101 sirds stimul\u0101cija (UHS).<\/li>\n<li><strong>Pielietojuma jomas:<\/strong> elektrofiziolo\u0123iskie p\u0113t\u012bjumi, impedances m\u0113r\u012bjumi in situ, P\/R vi\u013c\u0146u amplit\u016bdas un izmai\u0146u \u0101truma noteik\u0161ana, stimul\u0101cijas sliek\u0161\u0146a nov\u0113rt\u0113\u0161ana, \u012bslaic\u012bga stimul\u0101cija un \u0101rk\u0101rtas stimul\u0101cija.<\/li>\n<li><strong>Tehnisk\u0101s \u012bpa\u0161\u012bbas:<\/strong> 6,5 collu sk\u0101rienekr\u0101ns, USB datu p\u0101rvald\u012bbai, akumulators (l\u012bdz 4 stund\u0101m darb\u012bbas laika), sader\u012bba ar standarta pagarin\u0101t\u0101jiem un savienot\u0101jiem.<\/li>\n<\/ul>\n<p><strong>PSA 300\u00ae tr\u012bskameru stimul\u0101cijas sist\u0113mas analizators<\/strong><\/p>\n<p>PSA 300\u00ae ir vismodern\u0101kais p\u0101rn\u0113s\u0101jamais, savrupais tr\u012bskameru stimul\u0101cijas sist\u0113mas analizators tirg\u016b, kas paredz\u0113ts lieto\u0161anai Eiropas un Jap\u0101nas tirgos. Tas \u013cauj nov\u0113rt\u0113t elektrokardiostimulatora implant\u0101cijas efektivit\u0101ti un pacienta stimul\u0101cijas vajadz\u012bbas.<\/p>\n<p>PSA 300\u00ae funkcijas:<\/p>\n<ul data-spread=\"false\">\n<li><strong>Darb\u012bbas re\u017e\u012bmi:<\/strong> priek\u0161kambaru kan\u0101ls, lab\u0101 kambara kan\u0101ls, kreis\u0101 kambara kan\u0101ls, AV sinhron\u0101 stimul\u0101cija (DDD), biventrikul\u0101r\u0101 stimul\u0101cija (CRT), univers\u0101l\u0101 sirds stimul\u0101cija (UHS).<\/li>\n<li><strong>Pielietojuma jomas:<\/strong> elektrofiziolo\u0123iskie p\u0113t\u012bjumi, biplan\u0101ra stimul\u0101cija (DDD-BV, DDD-LV, DDD-RV), steidzama stimul\u0101cija, P\/R vi\u013c\u0146u amplit\u016bdas m\u0113r\u012bjumi, pulsa \u0101truma anal\u012bze un da\u017e\u0101di tempor\u0101lie stimul\u0101cijas re\u017e\u012bmi.<\/li>\n<li><strong>Tehnisk\u0101s \u012bpa\u0161\u012bbas:<\/strong> 6,5 collu sk\u0101rienekr\u0101ns ar palielin\u0101\u0161anas funkciju, USB piesl\u0113gvieta, akumulators (l\u012bdz 4 stund\u0101m darb\u012bbas laika), sader\u012bba ar standarta savienot\u0101jiem.<\/li>\n<\/ul>\n<div id=\"gtx-trans\" style=\"position: absolute; left: -85px; top: 1px;\">\n<div class=\"gtx-trans-icon\"><\/div>\n<\/div>","protected":false},"excerpt":{"rendered":"<p data-pm-slice=\"1 1 []\">Neinvaz\u012bv\u0101s hemodinamikas m\u0113r\u012b\u0161anas ier\u012bces PSA 200\u2122 un PSA 300\u00ae ir p\u0101rn\u0113s\u0101jami elektrokardiostimulatora sist\u0113mu analizatori un elektrofiziolo\u0123iskie stimulatori, kas paredz\u0113ti elektrokardiostimulatora un defibrilatora implant\u0101cijai un elektrofiziolo\u0123iskiem p\u0113t\u012bjumiem. PSA 200\u2122 ir divu kameru modelis, savuk\u0101rt PSA 300\u00ae ir tr\u012bs kameru modelis, kas nodro\u0161ina papildu biventrikul\u0101ras stimul\u0101cijas iesp\u0113jas. Abas ier\u012bces pied\u0101v\u0101 pla\u0161as stimul\u0101cijas un diagnostikas funkcijas, t\u0101m ir 6,5 collu sk\u0101rienekr\u0101ni, un t\u0101s atbalsta univers\u0101lo sirdsdarb\u012bbas \u0101truma (UHS) stimul\u0101ciju.<\/p>\n<div id=\"gtx-trans\" style=\"position: absolute; left: -66px; top: -9px;\">\n<div class=\"gtx-trans-icon\"><\/div>\n<\/div>","protected":false},"featured_media":21993,"template":"","meta":[],"product_cat":[1099],"product_tag":[],"class_list":{"0":"post-21992","1":"product","2":"type-product","3":"status-publish","4":"has-post-thumbnail","6":"product_cat-sporto-medicina","8":"first","9":"instock","10":"shipping-taxable","11":"product-type-simple"},"_links":{"self":[{"href":"https:\/\/labostera.lt\/lv\/wp-json\/wp\/v2\/product\/21992","targetHints":{"allow":["GET"]}}],"collection":[{"href":"https:\/\/labostera.lt\/lv\/wp-json\/wp\/v2\/product"}],"about":[{"href":"https:\/\/labostera.lt\/lv\/wp-json\/wp\/v2\/types\/product"}],"wp:featuredmedia":[{"embeddable":true,"href":"https:\/\/labostera.lt\/lv\/wp-json\/wp\/v2\/media\/21993"}],"wp:attachment":[{"href":"https:\/\/labostera.lt\/lv\/wp-json\/wp\/v2\/media?parent=21992"}],"wp:term":[{"taxonomy":"product_cat","embeddable":true,"href":"https:\/\/labostera.lt\/lv\/wp-json\/wp\/v2\/product_cat?post=21992"},{"taxonomy":"product_tag","embeddable":true,"href":"https:\/\/labostera.lt\/lv\/wp-json\/wp\/v2\/product_tag?post=21992"}],"curies":[{"name":"wp","href":"https:\/\/api.w.org\/{rel}","templated":true}]}}