{"id":21956,"date":"2025-01-09T15:27:04","date_gmt":"2025-01-09T12:27:04","guid":{"rendered":"http:\/\/labostera.lt\/?post_type=product&#038;p=21956"},"modified":"2025-01-09T15:41:11","modified_gmt":"2025-01-09T12:41:11","slug":"buitinio-oro-kondicionavimo-surinkimo-rinkinys","status":"publish","type":"product","link":"https:\/\/labostera.lt\/lv\/priemones-ir-iranga\/mokymo-priemones-ir-iranga\/buitinio-oro-kondicionavimo-surinkimo-rinkinys\/","title":{"rendered":"M\u0101jas gaisa kondicion\u0113\u0161anas mont\u0101\u017eas komplekts DAC-K\/EV"},"content":{"rendered":"<p>DAC-K\/EV m\u0101jas gaisa kondicion\u0113\u0161anas mont\u0101\u017eas komplekts ir \u012bpa\u0161i izstr\u0101d\u0101ts izgl\u012bt\u012bbas nol\u016bkiem, \u013caujot studentiem iepaz\u012bties ar sald\u0113\u0161anas ciklu un gaisa kondicion\u0113\u0161anas sist\u0113mu darb\u012bbu. Komplekts \u013cauj analiz\u0113t gaisa pl\u016bsmas, mitrumu, ener\u0123ijas bilanci un sist\u0113mas veiktsp\u0113ju. Iek\u0101rtas tiek pieg\u0101d\u0101tas jau piepild\u012btas ar aukstuma\u0123entu, t\u0101p\u0113c praktisko apm\u0101c\u012bbu var s\u0101kt nekav\u0113joties.<\/p>\n<p><strong>Galven\u0101s funkcijas un \u012bpa\u0161\u012bbas:<\/strong><\/p>\n<ul>\n<li>Visu galveno sadz\u012bves gaisa kondicionieru sast\u0101vda\u013cu, tostarp herm\u0113tisk\u0101 kompresora, kapil\u0101r\u0101s caurules tie\u0161\u0101s izple\u0161an\u0101s iztvaic\u0113t\u0101ja un gaisa kondensatora, simul\u0101cija.<\/li>\n<li>Gaisa cirkul\u0101cijas blokam izmantots caursp\u012bd\u012bgs materi\u0101ls, kas \u013cauj vizu\u0101li nov\u0113rot procesus.<\/li>\n<li>Integr\u0113ts vad\u012bbas panelis, tostarp:\n<ul>\n<li>Digit\u0101lais multimetrs.<\/li>\n<li>Termomagn\u0113tisk\u0101 un zem\u0113juma nopl\u016bdes vad\u012bbas poga.<\/li>\n<li>Av\u0101rijas poga.<\/li>\n<li>Br\u012bdin\u0101juma gaismas diodes.<\/li>\n<li>Digit\u0101lie termometri ar Pt100 zond\u0113m.<\/li>\n<li>Higrometrs.<\/li>\n<\/ul>\n<\/li>\n<\/ul>\n<p><strong>Tehnisk\u0101s specifik\u0101cijas:<\/strong><\/p>\n<ul>\n<li>Baro\u0161ana: 230 V mai\u0146str\u0101va, 50 Hz, vienf\u0101zes (1200 VA).<\/li>\n<li>Izm\u0113ri: 100 x 60 x 50 cm.<\/li>\n<li>Svars: 68 kg.<\/li>\n<\/ul>\n<p><strong>M\u0101c\u012bbu programma:<\/strong><\/p>\n<ul>\n<li>Sist\u0113mas palai\u0161ana un darb\u012bbas parametru nov\u0113rt\u0113\u0161ana.<\/li>\n<li>G\u0101zes uzpildes un herm\u0113tiskuma p\u0101rbaudes proced\u016bras (nepiecie\u0161ama vakuuma sist\u0113ma un uzpildes stacija).<\/li>\n<li>Sist\u0113mas atgaiso\u0161anas un t\u012br\u012b\u0161anas proced\u016bras (nepiecie\u0161ams papildu apr\u012bkojums).<\/li>\n<li>G\u0101zes sav\u0101k\u0161anas proced\u016bras (nepiecie\u0161ama sav\u0101k\u0161anas un p\u0101rstr\u0101des iek\u0101rta).<\/li>\n<\/ul>\n<p><strong>Papildu apr\u012bkojums:<\/strong><\/p>\n<ul>\n<li>Elektroniskie svari (Mod. RECH).<\/li>\n<li>Re\u0123ener\u0101cijas un p\u0101rstr\u0101des iek\u0101rta (Mod. RERE).<\/li>\n<li>P\u0101rn\u0113s\u0101jama vakuuma un uzpildes stacija (Mod. VACU-2).<\/li>\n<li>Elektroniskais nopl\u016bdes detektors (Mod. AHLD-1).<\/li>\n<\/ul>\n<div id=\"gtx-trans\" style=\"position: absolute; left: -83px; top: 0.707386px;\">\n<div class=\"gtx-trans-icon\"><\/div>\n<\/div>","protected":false},"excerpt":{"rendered":"<p>DAC-K\/EV m\u0101jas gaisa kondicion\u0113\u0161anas mont\u0101\u017eas komplekts ir ide\u0101ls m\u0101c\u012bbu l\u012bdzeklis, lai studenti ieg\u016btu praktiskas zin\u0101\u0161anas par sald\u0113\u0161anas ciklu un gaisa kondicion\u0113\u0161anas sist\u0113m\u0101m. Komplekts \u013cauj veikt gaisa cirkul\u0101ciju un aukstuma\u0123enta anal\u012bzi, apg\u016bt tehnisk\u0101s sist\u0113mas apkopes proced\u016bras un nov\u0113rt\u0113t to veiktsp\u0113ju.<\/p>","protected":false},"featured_media":21958,"template":"","meta":[],"product_cat":[79,1098],"product_tag":[],"class_list":{"0":"post-21956","1":"product","2":"type-product","3":"status-publish","4":"has-post-thumbnail","6":"product_cat-mokymo-priemones-ir-iranga","7":"product_cat-didaktine-iranga-techniniam-ugdymui","9":"first","10":"instock","11":"shipping-taxable","12":"product-type-simple"},"_links":{"self":[{"href":"https:\/\/labostera.lt\/lv\/wp-json\/wp\/v2\/product\/21956","targetHints":{"allow":["GET"]}}],"collection":[{"href":"https:\/\/labostera.lt\/lv\/wp-json\/wp\/v2\/product"}],"about":[{"href":"https:\/\/labostera.lt\/lv\/wp-json\/wp\/v2\/types\/product"}],"wp:featuredmedia":[{"embeddable":true,"href":"https:\/\/labostera.lt\/lv\/wp-json\/wp\/v2\/media\/21958"}],"wp:attachment":[{"href":"https:\/\/labostera.lt\/lv\/wp-json\/wp\/v2\/media?parent=21956"}],"wp:term":[{"taxonomy":"product_cat","embeddable":true,"href":"https:\/\/labostera.lt\/lv\/wp-json\/wp\/v2\/product_cat?post=21956"},{"taxonomy":"product_tag","embeddable":true,"href":"https:\/\/labostera.lt\/lv\/wp-json\/wp\/v2\/product_tag?post=21956"}],"curies":[{"name":"wp","href":"https:\/\/api.w.org\/{rel}","templated":true}]}}