{"id":21954,"date":"2025-01-09T15:20:37","date_gmt":"2025-01-09T12:20:37","guid":{"rendered":"http:\/\/labostera.lt\/?post_type=product&#038;p=21954"},"modified":"2025-01-09T15:22:56","modified_gmt":"2025-01-09T12:22:56","slug":"oro-kondicionavimo-mokomasis-stendas-su-silumos-siurbliu","status":"publish","type":"product","link":"https:\/\/labostera.lt\/lv\/priemones-ir-iranga\/mokymo-priemones-ir-iranga\/oro-kondicionavimo-mokomasis-stendas-su-silumos-siurbliu\/","title":{"rendered":"Gaisa kondicion\u0113\u0161anas apm\u0101c\u012bbas stends ar siltums\u016bkni EPT\/EV"},"content":{"rendered":"<p>EPT\/EV gaisa kondicion\u0113\u0161anas apm\u0101c\u012bbas sols ar siltums\u016bkni ir izstr\u0101d\u0101ts, lai sniegtu studentiem praktiskas zin\u0101\u0161anas par gaisa\/\u016bdens siltums\u016bk\u0146a darb\u012bbu un t\u0101 galvenaj\u0101m sast\u0101vda\u013c\u0101m, piem\u0113ram, cikla revers\u0113\u0161anas v\u0101rstu un termostatisko izple\u0161an\u0101s v\u0101rstu. \u0160\u012b ier\u012bce \u013cauj ar\u012b izp\u0113t\u012bt starpposma \u0161\u0137idruma izmanto\u0161anu siltuma vai dzes\u0113\u0161anas ener\u0123ijas transport\u0113\u0161anai no ra\u017eo\u0161anas vietas uz lieto\u0161anas vietu.<\/p>\n<p><strong>Galven\u0101s funkcijas un \u012bpa\u0161\u012bbas:<\/strong><\/p>\n<ul>\n<li><strong>Siltums\u016bk\u0146a veiktsp\u0113jas anal\u012bze:<\/strong> \u013cauj izp\u0113t\u012bt galven\u0101s sast\u0101vda\u013cas un to mijiedarb\u012bbu.<\/li>\n<li><strong>Main\u012bgas gaisa pl\u016bsmas opcija:<\/strong> caur kondensatoru\/iztvaic\u0113t\u0101ju un gaisa\/\u016bdens siltummaini, kas \u013cauj simul\u0113t da\u017e\u0101dus apst\u0101k\u013cus.<\/li>\n<li><strong>Datu anal\u012bze:<\/strong> sp\u0113ja apr\u0113\u0137in\u0101t siltumapmai\u0146u, masas pl\u016bsmu, teor\u0113tisko un faktisko EER un COP, p\u0101rkar\u0161anu un citas svar\u012bgas sald\u0113\u0161anas sist\u0113mas \u012bpa\u0161\u012bbas.<\/li>\n<li><strong>Divu ciklu sh\u0113ma:<\/strong> Kr\u0101saina hidraulisk\u0101 sh\u0113ma ar LED br\u012bdin\u0101juma gaism\u0101m, kas \u013cauj vizualiz\u0113t procesus.<\/li>\n<\/ul>\n<p><strong>Tehnisk\u0101s specifik\u0101cijas:<\/strong><\/p>\n<ul>\n<li>Herm\u0113tisks kompresors.<\/li>\n<li>T\u0113rauda konstrukcija ar rite\u0146iem un aizsargkr\u0101sas sl\u0101ni.<\/li>\n<li>Siltuma uzkr\u0101\u0161anas jauda: siltuma apmai\u0146ai starp aukstuma\u0123entu un \u016bdeni.<\/li>\n<li>Elektroniskie un meh\u0101niskie m\u0113rinstrumenti:\n<ul>\n<li>Pl\u016bsmas m\u0113r\u012bt\u0101ji.<\/li>\n<li>Augsta un zema spiediena m\u0113r\u012bt\u0101ji.<\/li>\n<li>Elektroniskie termometri ar Pt100 sensoriem.<\/li>\n<li>Digit\u0101lais multimetrs.<\/li>\n<\/ul>\n<\/li>\n<li>Cikla revers\u0113\u0161anas v\u0101rsts un termostatiskais izple\u0161an\u0101s v\u0101rsts.<\/li>\n<li>Baro\u0161ana: 230 V mai\u0146str\u0101va, 50 Hz, vienf\u0101zes (1000 VA).<\/li>\n<li>Izm\u0113ri: 180 x 80 x 180 cm.<\/li>\n<li>Svars: 190 kg.<\/li>\n<\/ul>\n<p><strong>M\u0101c\u012bbu programma:<\/strong><\/p>\n<ul>\n<li>Siltums\u016bk\u0146a iedarbin\u0101\u0161anas proced\u016bru un aizsardz\u012bbas ier\u012b\u010du anal\u012bze.<\/li>\n<li>Siltuma apmai\u0146as efektivit\u0101tes apr\u0113\u0137ins iztvaic\u0113t\u0101j\u0101, kondensator\u0101 un kompresor\u0101.<\/li>\n<li>Re\u0101l\u0101 un teor\u0113tisk\u0101 EER un COP nov\u0113rt\u0113jums.<\/li>\n<li>Sist\u0113mas darb\u012bbas anal\u012bze, mainoties sezon\u0101liem apst\u0101k\u013ciem vai gaisa pl\u016bsmas parametriem.<\/li>\n<li>K\u013c\u016bmju anal\u012bze (p\u0113c izv\u0113les versija ar k\u013c\u016bdu simulatoru).<\/li>\n<\/ul>\n<p><strong>Papildu iesp\u0113jas:<\/strong><\/p>\n<ul>\n<li><strong>K\u013c\u016bdu simulators:<\/strong> \u013cauj skolot\u0101jiem rad\u012bt sist\u0113m\u0101 anom\u0101lijas un nov\u0113rt\u0113t skol\u0113nu probl\u0113mu risin\u0101\u0161anas prasmes.<\/li>\n<li><strong>Papildus piederumi:<\/strong> p\u0101rn\u0113s\u0101jams l\u0101psti\u0146u anemometrs (mod. THAN) un p\u0101rn\u0113s\u0101jams termohigrometrs ar no\u0146emamu zondi (mod. THHY).<\/li>\n<\/ul>\n<div id=\"gtx-trans\" style=\"position: absolute; left: -36px; top: 0.707386px;\">\n<div class=\"gtx-trans-icon\"><\/div>\n<\/div>","protected":false},"excerpt":{"rendered":"<p>EPT\/EV gaisa kondicion\u0113\u0161anas apm\u0101c\u012bbas sols ar siltums\u016bkni sniedz iesp\u0113ju analiz\u0113t gaisa\/\u016bdens siltums\u016bk\u0146a darb\u012bbu un galven\u0101s sald\u0113\u0161anas cikla sast\u0101vda\u013cas. Studenti var veikt eksperimentus, apr\u0113\u0137in\u0101t sist\u0113mas efektivit\u0101ti un risin\u0101t defektu diagnostikas uzdevumus, ieg\u016bstot praktiskas iema\u0146as apkures un gaisa kondicion\u0113\u0161anas jom\u0101.<\/p>","protected":false},"featured_media":21955,"template":"","meta":[],"product_cat":[79,1098],"product_tag":[],"class_list":{"0":"post-21954","1":"product","2":"type-product","3":"status-publish","4":"has-post-thumbnail","6":"product_cat-mokymo-priemones-ir-iranga","7":"product_cat-didaktine-iranga-techniniam-ugdymui","9":"first","10":"instock","11":"shipping-taxable","12":"product-type-simple"},"_links":{"self":[{"href":"https:\/\/labostera.lt\/lv\/wp-json\/wp\/v2\/product\/21954","targetHints":{"allow":["GET"]}}],"collection":[{"href":"https:\/\/labostera.lt\/lv\/wp-json\/wp\/v2\/product"}],"about":[{"href":"https:\/\/labostera.lt\/lv\/wp-json\/wp\/v2\/types\/product"}],"wp:featuredmedia":[{"embeddable":true,"href":"https:\/\/labostera.lt\/lv\/wp-json\/wp\/v2\/media\/21955"}],"wp:attachment":[{"href":"https:\/\/labostera.lt\/lv\/wp-json\/wp\/v2\/media?parent=21954"}],"wp:term":[{"taxonomy":"product_cat","embeddable":true,"href":"https:\/\/labostera.lt\/lv\/wp-json\/wp\/v2\/product_cat?post=21954"},{"taxonomy":"product_tag","embeddable":true,"href":"https:\/\/labostera.lt\/lv\/wp-json\/wp\/v2\/product_tag?post=21954"}],"curies":[{"name":"wp","href":"https:\/\/api.w.org\/{rel}","templated":true}]}}