{"id":21946,"date":"2024-12-23T11:43:50","date_gmt":"2024-12-23T08:43:50","guid":{"rendered":"http:\/\/labostera.lt\/?post_type=product&#038;p=21946"},"modified":"2024-12-23T16:24:02","modified_gmt":"2024-12-23T13:24:02","slug":"kompiuterizuotas-saules-silumines-energijos-bandymu-stendas","status":"publish","type":"product","link":"https:\/\/labostera.lt\/lv\/priemones-ir-iranga\/mokymo-priemones-ir-iranga\/kompiuterizuotas-saules-silumines-energijos-bandymu-stendas\/","title":{"rendered":"Datoriz\u0113ts saules siltumener\u0123ijas testa stends STECTCP\/EV"},"content":{"rendered":"<p><strong>Datoriz\u0113ts saules siltumener\u0123ijas testa stends STECTCP\/EV<\/strong> ir m\u0101c\u012bbu iek\u0101rta, kas \u013cauj praktiski p\u0101rbaud\u012bt saules ener\u0123ijas p\u0101rveido\u0161anu siltumener\u0123ij\u0101, izmantojot plakanu saules kolektoru. Sist\u0113mas komponenti ir izgatavoti no re\u0101liem tirg\u016b pieejamiem komponentiem, padarot \u0161o simulatoru ide\u0101li piem\u0113rotu izgl\u012bt\u012bbas iest\u0101d\u0113m un laboratorij\u0101m.<\/p>\n<p><strong>Galven\u0101s funkcijas un \u012bpa\u0161\u012bbas:<\/strong><\/p>\n<ul>\n<li>Saules kolektoru var izmantot gan \u0101r\u0101, gan iek\u0161telp\u0101s (iek\u0161telpu apgaismojumam nepiecie\u0161ama papildu ier\u012bce SS-1\/EV).<\/li>\n<li>Kolektors ir uzst\u0101d\u012bts uz ritenti\u0146iem, un r\u0101mis ir regul\u0113jams, lai nov\u0113rt\u0113tu veiktsp\u0113ju da\u017e\u0101dos sl\u012bpumos un orient\u0101cij\u0101s.<\/li>\n<li>Karstais \u016bdens tiek uzglab\u0101ts 80 litru tvertn\u0113 un to var izmantot k\u0101 karst\u0101 \u016bdens avotu m\u0101jsaimniec\u012bbas vajadz\u012bb\u0101m vai apkures sist\u0113mai.<\/li>\n<\/ul>\n<p><strong>Tehnisk\u0101s specifik\u0101cijas:<\/strong><\/p>\n<ol>\n<li><strong>Galvenais modulis:<\/strong>\n<ul>\n<li>Elektriskais \u016bdens sild\u012bt\u0101js ar saules siltumapmai\u0146as \u0137\u0113di (1,2 kW).<\/li>\n<li>Saules kont\u016brs ar s\u016bkni, v\u0101rstiem un temperat\u016bras sensoriem.<\/li>\n<li>USB saskarne datu ieg\u016b\u0161anai un sist\u0113mas parametru uzraudz\u012bbai.<\/li>\n<\/ul>\n<\/li>\n<li><strong>Plakano saules kolektoru:<\/strong>\n<ul>\n<li>Izm\u0113ri: 1004 x 2004 x 78 mm, absorbcijas laukums: 1,74 m\u00b2.<\/li>\n<li>T\u0113rauda r\u0101mis ar regul\u0113jamu sl\u012bpumu.<\/li>\n<\/ul>\n<\/li>\n<li><strong>Konvektora sild\u012bt\u0101js:<\/strong>\n<ul>\n<li>3 \u0101trumu ventilators, maksim\u0101l\u0101 siltuma jauda 1250 W.<\/li>\n<\/ul>\n<\/li>\n<li><strong>Sensori un programmat\u016bra:<\/strong>\n<ul>\n<li>Pt100 temperat\u016bras sensori un saules starojuma sensors (0 \u00f7 2000 W\/m\u00b2).<\/li>\n<li>Programmat\u016bra datu vizualiz\u0101cijai un anal\u012bzei.<\/li>\n<\/ul>\n<\/li>\n<\/ol>\n<p><strong>Apm\u0101c\u012bbas programmas iesp\u0113jas:<\/strong><\/p>\n<ul>\n<li>Saules ener\u0123ijas p\u0101rveido\u0161anas fizikas principi.<\/li>\n<li>Komponentu identifik\u0101cija un tehnisko parametru anal\u012bze.<\/li>\n<li>Sist\u0113mas mont\u0101\u017ea, vad\u012bba un apkope.<\/li>\n<\/ul>\n<p><strong>Izm\u0113ri un jauda:<\/strong><\/p>\n<ul>\n<li>Galven\u0101 modu\u013ca izm\u0113ri: 100 x 100 x 190 cm.<\/li>\n<li>Saules kolektors: 120 x 190 x 180 cm.<\/li>\n<li>Baro\u0161anas avots: 230 V mai\u0146str\u0101va 50 Hz, 1500 VA.<\/li>\n<\/ul>\n<div id=\"gtx-trans\" style=\"position: absolute; left: 431px; top: 0.707386px;\">\n<div class=\"gtx-trans-icon\"><\/div>\n<\/div>","protected":false},"excerpt":{"rendered":"<p><strong>Datoriz\u0113ts saules siltumener\u0123ijas testa stends STECTCP\/EV<\/strong> \u2013 m\u0101c\u012bbu apr\u012bkojums saules ener\u0123ijas p\u0101rveido\u0161anas siltumener\u0123ij\u0101 izp\u0113tei. Sist\u0113ma sast\u0101v no plakan\u0101 saules kolektora, 80 litru \u016bdens tvertnes, konvektora sild\u012bt\u0101ja un USB saskarnes datu monitoringam. T\u0101 ir lieliski piem\u0113rota izgl\u012bt\u012bbas m\u0113r\u0137iem, jo \u013cauj praktiski apg\u016bt saules ener\u0123ijas tehnolo\u0123ijas un analiz\u0113t to parametrus.<\/p>\n<div id=\"gtx-trans\" style=\"position: absolute; left: -35px; top: -9.27841px;\">\n<div class=\"gtx-trans-icon\"><\/div>\n<\/div>","protected":false},"featured_media":21947,"template":"","meta":[],"product_cat":[79,1098],"product_tag":[],"class_list":{"0":"post-21946","1":"product","2":"type-product","3":"status-publish","4":"has-post-thumbnail","6":"product_cat-mokymo-priemones-ir-iranga","7":"product_cat-didaktine-iranga-techniniam-ugdymui","9":"first","10":"instock","11":"shipping-taxable","12":"product-type-simple"},"_links":{"self":[{"href":"https:\/\/labostera.lt\/lv\/wp-json\/wp\/v2\/product\/21946","targetHints":{"allow":["GET"]}}],"collection":[{"href":"https:\/\/labostera.lt\/lv\/wp-json\/wp\/v2\/product"}],"about":[{"href":"https:\/\/labostera.lt\/lv\/wp-json\/wp\/v2\/types\/product"}],"wp:featuredmedia":[{"embeddable":true,"href":"https:\/\/labostera.lt\/lv\/wp-json\/wp\/v2\/media\/21947"}],"wp:attachment":[{"href":"https:\/\/labostera.lt\/lv\/wp-json\/wp\/v2\/media?parent=21946"}],"wp:term":[{"taxonomy":"product_cat","embeddable":true,"href":"https:\/\/labostera.lt\/lv\/wp-json\/wp\/v2\/product_cat?post=21946"},{"taxonomy":"product_tag","embeddable":true,"href":"https:\/\/labostera.lt\/lv\/wp-json\/wp\/v2\/product_tag?post=21946"}],"curies":[{"name":"wp","href":"https:\/\/api.w.org\/{rel}","templated":true}]}}