{"id":21944,"date":"2024-12-19T15:34:10","date_gmt":"2024-12-19T12:34:10","guid":{"rendered":"http:\/\/labostera.lt\/?post_type=product&#038;p=21944"},"modified":"2024-12-19T15:47:53","modified_gmt":"2024-12-19T12:47:53","slug":"autonomine-fotovoltine-saules-ir-vejo-energijos-sistema","status":"publish","type":"product","link":"https:\/\/labostera.lt\/lv\/priemones-ir-iranga\/mokymo-priemones-ir-iranga\/autonomine-fotovoltine-saules-ir-vejo-energijos-sistema\/","title":{"rendered":"Autonom\u0101 fotoelektrisk\u0101 saules un v\u0113ja ener\u0123ijas sist\u0113ma PVWG\/EV"},"content":{"rendered":"<p><strong>Autonom\u0101 fotoelektrisk\u0101 saules un v\u0113ja ener\u0123ijas sist\u0113ma PVWG\/EV<\/strong> \u2013 ir unik\u0101la apm\u0101c\u012bbu sist\u0113ma, kas \u013cauj analiz\u0113t un izprast, k\u0101 saules un v\u0113ja ener\u0123ija tiek p\u0101rveidota elektr\u012bb\u0101 gan autonom\u0101 (\u0101rpus t\u012bkla), gan t\u012bkla (pie t\u012bkla) re\u017e\u012bm\u0101. \u0160is simulators ir piem\u0113rots praktisk\u0101m m\u0101c\u012bb\u0101m, ener\u0123ijas pl\u016bsmas anal\u012bzei un energoefektivit\u0101tes p\u0113t\u012bjumiem.<\/p>\n<p><strong>Galven\u0101s iez\u012bmes:<\/strong><\/p>\n<ul>\n<li><strong>Darb\u012bbas re\u017e\u012bmi:<\/strong>\n<ul>\n<li><strong>Autonoms (\u0101rpus t\u012bkla):<\/strong>\n<ul>\n<li>P\u0101rm\u0113r\u012bga ener\u0123ija uzl\u0101d\u0113 bufera akumulatoru.<\/li>\n<li>Pat\u0113r\u0113t\u0101ja ener\u0123ija tiek pieg\u0101d\u0101ta no saules, v\u0113ja vai akumulatora (ener\u0123ijas tr\u016bkuma gad\u012bjum\u0101).<\/li>\n<\/ul>\n<\/li>\n<li><strong>T\u012bkls (ON-GRID):<\/strong>\n<ul>\n<li>Ener\u0123ijas p\u0101rpalikums tiek padots elektrot\u012bkl\u0101.<\/li>\n<li>Tr\u016bksto\u0161\u0101 ener\u0123ija tiek pieg\u0101d\u0101ta no elektrot\u012bkla.<\/li>\n<\/ul>\n<\/li>\n<\/ul>\n<\/li>\n<li><strong>Saules fotoelektriskais modulis:<\/strong>\n<ul>\n<li>60 W sil\u012bcija saules panelis ar regul\u0113jamu alum\u012bnija r\u0101mi.<\/li>\n<li>Saules starojuma sensors (0\u20132000 W\/m\u00b2).<\/li>\n<li>Temperat\u016bras sensors (-50\u2013+70 \u00b0C).<\/li>\n<\/ul>\n<\/li>\n<li><strong>V\u0113ja turb\u012bna:<\/strong>\n<ul>\n<li>Horizont\u0101l\u0101s ass \u0123enerators ar 6 l\u0101psti\u0146\u0101m un 510 mm diametra rotoru.<\/li>\n<li>Nomin\u0101l\u0101 jauda: 49 W pie v\u0113ja \u0101truma 15 m\/s.<\/li>\n<li>Tr\u012bsf\u0101\u017eu \u0123enerators ar zemu berzi (12 V l\u012bdzstr\u0101va), bezkontaktu sist\u0113ma.<\/li>\n<\/ul>\n<\/li>\n<li><strong>Vad\u012bbas sist\u0113mas:<\/strong>\n<ul>\n<li><strong>Autonom\u0101 re\u017e\u012bma vad\u012bbas panelis:<\/strong>\n<ul>\n<li>PWM uzl\u0101des kontrolieris ar LED indikatoriem.<\/li>\n<li>12 V l\u012bdzstr\u0101vas slodze (spuldze).<\/li>\n<li>L\u012bdzstr\u0101vas parametru displejs (mikroprocesors, sk\u0101rienekr\u0101ns).<\/li>\n<\/ul>\n<\/li>\n<li><strong>T\u012bkla re\u017e\u012bma vad\u012bbas panelis:<\/strong>\n<ul>\n<li>T\u012bkla invertors (450 W, 230 V, 50 Hz, t\u012bra sinusoid\u0101la izeja).<\/li>\n<li>230 V mai\u0146str\u0101vas slodze (spuldze).<\/li>\n<\/ul>\n<\/li>\n<\/ul>\n<\/li>\n<li><strong>Rezerves akumulators:<\/strong>\n<ul>\n<li>Spriegums: 12 V l\u012bdzstr\u0101va.<\/li>\n<li>Ietilp\u012bba: 12 Ah.<\/li>\n<\/ul>\n<\/li>\n<li><strong>Datu v\u0101k\u0161ana un anal\u012bze:<\/strong>\n<ul>\n<li>USB saskarne un LabView programmat\u016bra parametru uzraudz\u012bbai.<\/li>\n<li>Uzraudz\u012btie parametri: saules starojums, pane\u013cu temperat\u016bra, v\u0113ja \u0101trums, l\u012bdzstr\u0101vas\/mai\u0146str\u0101vas parametri, ener\u0123ijas pl\u016bsmas.<\/li>\n<li>Programmat\u016bra \u013cauj analiz\u0113t ener\u0123ijas p\u0101rveido\u0161anas efektivit\u0101ti, uzraudz\u012bt ener\u0123ijas pl\u016bsmas tendences un saglab\u0101t datus n\u0101kotnei.<\/li>\n<\/ul>\n<\/li>\n<\/ul>\n<p><strong>Apm\u0101c\u012bbas programmas ietver:<\/strong><\/p>\n<ol>\n<li>Saules un v\u0113ja ener\u0123ijas p\u0101rveido\u0161anas principi.<\/li>\n<li>Saules starojuma un \u0113nas ietekme uz fotoelektrisk\u0101 pane\u013ca spriegumu.<\/li>\n<li>V\u0113ja \u0101truma ietekme uz \u0123eneratora izejas spriegumu.<\/li>\n<li>Ener\u0123ijas konversijas efektivit\u0101tes anal\u012bze.<\/li>\n<li>Akumulatora uzl\u0101des p\u0101rvald\u012bba.<\/li>\n<li>T\u012bkla baro\u0161ana un l\u012bdzstr\u0101vas\/mai\u0146str\u0101vas invertora efektivit\u0101te.<\/li>\n<\/ol>\n<p><strong>Izm\u0113ri un svars:<\/strong><\/p>\n<ul>\n<li>Vad\u012bbas pane\u013ci: 80 x 40 x 15 cm.<\/li>\n<li>Saules panelis: 70 x 70 x 5 cm.<\/li>\n<li>V\u0113ja turb\u012bnas diametrs: 51 cm.<\/li>\n<li>Kop\u0113jais svars: 60 kg.<\/li>\n<\/ul>","protected":false},"excerpt":{"rendered":"<p><strong>Autonom\u0101 fotoelektrisk\u0101 saules un v\u0113ja ener\u0123ijas sist\u0113ma PVWG\/EV<\/strong> \u2013 ir moderna apm\u0101c\u012bbu sist\u0113ma praktiskiem p\u0113t\u012bjumiem par saules un v\u0113ja ener\u0123ijas p\u0101rveido\u0161anu autonom\u0101 un t\u012bkla re\u017e\u012bm\u0101. Trena\u017eieris apvieno fotoelektrisko paneli, v\u0113ja turb\u012bnu, vad\u012bbas pane\u013cus un datu ieguves sist\u0113mu, kas \u013cauj analiz\u0113t ener\u0123ijas pl\u016bsmas, efektivit\u0101ti un akumulatoru uzl\u0101des procesus. Lieliski piem\u0113rots zin\u0101tniskai un izgl\u012bt\u012bbas lieto\u0161anai.<\/p>","protected":false},"featured_media":21945,"template":"","meta":[],"product_cat":[79,1098],"product_tag":[],"class_list":{"0":"post-21944","1":"product","2":"type-product","3":"status-publish","4":"has-post-thumbnail","6":"product_cat-mokymo-priemones-ir-iranga","7":"product_cat-didaktine-iranga-techniniam-ugdymui","9":"first","10":"instock","11":"shipping-taxable","12":"product-type-simple"},"_links":{"self":[{"href":"https:\/\/labostera.lt\/lv\/wp-json\/wp\/v2\/product\/21944","targetHints":{"allow":["GET"]}}],"collection":[{"href":"https:\/\/labostera.lt\/lv\/wp-json\/wp\/v2\/product"}],"about":[{"href":"https:\/\/labostera.lt\/lv\/wp-json\/wp\/v2\/types\/product"}],"wp:featuredmedia":[{"embeddable":true,"href":"https:\/\/labostera.lt\/lv\/wp-json\/wp\/v2\/media\/21945"}],"wp:attachment":[{"href":"https:\/\/labostera.lt\/lv\/wp-json\/wp\/v2\/media?parent=21944"}],"wp:term":[{"taxonomy":"product_cat","embeddable":true,"href":"https:\/\/labostera.lt\/lv\/wp-json\/wp\/v2\/product_cat?post=21944"},{"taxonomy":"product_tag","embeddable":true,"href":"https:\/\/labostera.lt\/lv\/wp-json\/wp\/v2\/product_tag?post=21944"}],"curies":[{"name":"wp","href":"https:\/\/api.w.org\/{rel}","templated":true}]}}