{"id":21938,"date":"2024-12-19T12:16:27","date_gmt":"2024-12-19T09:16:27","guid":{"rendered":"http:\/\/labostera.lt\/?post_type=product&#038;p=21938"},"modified":"2024-12-19T14:43:12","modified_gmt":"2024-12-19T11:43:12","slug":"integruota-fotovoltine-vejo-energijos-sistema","status":"publish","type":"product","link":"https:\/\/labostera.lt\/lv\/priemones-ir-iranga\/mokymo-priemones-ir-iranga\/integruota-fotovoltine-vejo-energijos-sistema\/","title":{"rendered":"Integr\u0113ta fotoelektrisk\u0101 v\u0113ja ener\u0123ijas sist\u0113ma PMWG-E\/EV"},"content":{"rendered":"<p><strong>Integr\u0113ta fotoelektrisk\u0101 v\u0113ja ener\u0123ijas sist\u0113ma PMWG-E\/EV<\/strong> \u013cauj eksperiment\u0113t ar saules un v\u0113ja ener\u0123ijas p\u0101rveido\u0161anu elektr\u012bb\u0101, izmantojot atsevi\u0161\u0137u sist\u0113mu. T\u0101 ir paredz\u0113ta p\u0113tniec\u012bbai, izgl\u012bt\u012bbai un efekt\u012bvai ener\u0123ijas p\u0101rveido\u0161anai. Sist\u0113m\u0101 tiek izmantotas komerci\u0101li pieejamas sast\u0101vda\u013cas.<\/p>\n<p><strong>Sist\u0113mas sast\u0101vs:<\/strong><\/p>\n<ol>\n<li><strong>Fotoelektrisk\u0101 sist\u0113ma<\/strong>:\n<ul>\n<li>Mobilais saules pane\u013cu modulis (120 W x 2) ar izseko\u0161anas iesp\u0113ju (nepiecie\u0161ams SOLTR\/EV spraudnis).<\/li>\n<li>Saules starojuma sensors (PMWG\/EV versij\u0101).<\/li>\n<\/ul>\n<\/li>\n<li><strong>V\u0113ja \u0123enerators<\/strong>:\n<ul>\n<li>Horizont\u0101l\u0101s ass \u0123enerators ar 3 l\u0101psti\u0146\u0101m (1,17 m diametrs).<\/li>\n<li>Ener\u0123ijas pat\u0113ri\u0146\u0161: ~30 kWh\/m\u0113nes\u012b pie v\u0113ja \u0101truma 5,8 m\/s.<\/li>\n<li>V\u0113ja \u0101truma un virziena sensori (PMWG\/EV versij\u0101).<\/li>\n<\/ul>\n<\/li>\n<li><strong>Vad\u012bbas panelis<\/strong>:\n<ul>\n<li>Integr\u0113ta uzl\u0101des vad\u012bba, invertors (230 V, 600 W nep\u0101rtraukta jauda).<\/li>\n<li>Mikroprocesora vad\u012bba ar sk\u0101rienekr\u0101nu.<\/li>\n<li>Datu ierakst\u012b\u0161ana, izmantojot USB saskarni, un uzraudz\u012bba ar \u012bpa\u0161u programmat\u016bru.<\/li>\n<\/ul>\n<\/li>\n<li><strong>Akumulators<\/strong>:\n<ul>\n<li>12 V, 100 Ah ietilp\u012bba.<\/li>\n<\/ul>\n<\/li>\n<\/ol>\n<p><strong>Darb\u012bbas principi:<\/strong><\/p>\n<ul>\n<li>Sist\u0113ma var darboties ar saules\/v\u0113ja ener\u0123iju vai bez t\u0101s.<\/li>\n<li>Ener\u0123ija tiek sadal\u012bta starp slodz\u0113m un akumulatoru p\u0113c nepiecie\u0161am\u012bbas.<\/li>\n<\/ul>\n<p><strong>Izm\u0113ri:<\/strong><\/p>\n<ul>\n<li>Saules panelis: 120 x 120 x 200 cm.<\/li>\n<li>Vad\u012bbas panelis: 92 x 46 x 72 cm.<\/li>\n<li>Svars: 240 kg.<\/li>\n<\/ul>","protected":false},"excerpt":{"rendered":"<p><strong>Integr\u0113ta fotoelektrisk\u0101 v\u0113ja ener\u0123ijas sist\u0113ma PMWG-E\/EV<\/strong> ir neatkar\u012bga eksperiment\u0101la sist\u0113ma, kas \u013cauj p\u0113t\u012bt saules un v\u0113ja ener\u0123ijas p\u0101rveido\u0161anu elektr\u012bb\u0101. T\u0101 ietver fotoelektriskos pane\u013cus, horizont\u0101las ass v\u0113ja \u0123eneratoru, vad\u012bbas paneli ar datu re\u0123istr\u0113\u0161anu, akumulatoru un da\u017e\u0101dus sensorus. Sist\u0113ma ir piem\u0113rota gan iek\u0161telpu, gan \u0101ra eksperimentiem, un tai ir iesp\u0113ja izsekot saules starojumu un v\u0113ja \u0101trumu.<\/p>","protected":false},"featured_media":21939,"template":"","meta":[],"product_cat":[79,1098],"product_tag":[],"class_list":{"0":"post-21938","1":"product","2":"type-product","3":"status-publish","4":"has-post-thumbnail","6":"product_cat-mokymo-priemones-ir-iranga","7":"product_cat-didaktine-iranga-techniniam-ugdymui","9":"first","10":"instock","11":"shipping-taxable","12":"product-type-simple"},"_links":{"self":[{"href":"https:\/\/labostera.lt\/lv\/wp-json\/wp\/v2\/product\/21938","targetHints":{"allow":["GET"]}}],"collection":[{"href":"https:\/\/labostera.lt\/lv\/wp-json\/wp\/v2\/product"}],"about":[{"href":"https:\/\/labostera.lt\/lv\/wp-json\/wp\/v2\/types\/product"}],"wp:featuredmedia":[{"embeddable":true,"href":"https:\/\/labostera.lt\/lv\/wp-json\/wp\/v2\/media\/21939"}],"wp:attachment":[{"href":"https:\/\/labostera.lt\/lv\/wp-json\/wp\/v2\/media?parent=21938"}],"wp:term":[{"taxonomy":"product_cat","embeddable":true,"href":"https:\/\/labostera.lt\/lv\/wp-json\/wp\/v2\/product_cat?post=21938"},{"taxonomy":"product_tag","embeddable":true,"href":"https:\/\/labostera.lt\/lv\/wp-json\/wp\/v2\/product_tag?post=21938"}],"curies":[{"name":"wp","href":"https:\/\/api.w.org\/{rel}","templated":true}]}}