{"id":21934,"date":"2024-12-18T16:36:14","date_gmt":"2024-12-18T13:36:14","guid":{"rendered":"http:\/\/labostera.lt\/?post_type=product&#038;p=21934"},"modified":"2024-12-18T16:41:53","modified_gmt":"2024-12-18T13:41:53","slug":"plokscias-saules-kolektorius","status":"publish","type":"product","link":"https:\/\/labostera.lt\/lv\/priemones-ir-iranga\/mokymo-priemones-ir-iranga\/plokscias-saules-kolektorius\/","title":{"rendered":"Plakano pl\u0101k\u0161\u0146u saules kolektors TBS\/EV"},"content":{"rendered":"<p>Plakanais saules kolektors Mod. TBS\/EV ir paredz\u0113ts zin\u0101tniskiem p\u0113t\u012bjumiem un eksperimentiem, kas saist\u012bti ar saules ener\u0123ijas p\u0101rveido\u0161anu siltumener\u0123ij\u0101, ko izmanto karst\u0101 \u016bdens ra\u017eo\u0161anai. Ier\u012bce ir apr\u012bkota ar diviem plakanajiem saules kolektoriem, kas \u013cauj p\u0113t\u012bt ener\u0123ijas p\u0101rneses efektivit\u0101ti un optimiz\u0113t sist\u0113mas parametrus. Sist\u0113ma ietver \u0161\u0101das sast\u0101vda\u013cas:<\/p>\n<ul>\n<li><strong>Saules pane\u013ci<\/strong> ar regul\u0113jamu sl\u012bpumu, uzst\u0101d\u012bti uz ritenti\u0146iem. Kolektori ir izgatavoti no augstas kvalit\u0101tes materi\u0101liem, tostarp vara absorb\u0113t\u0101jiem un keramikas izol\u0101cijas.<\/li>\n<li><strong>\u016adens uzglab\u0101\u0161anas ietilp\u012bba<\/strong> ar cirkul\u0101cijas apr\u012bkojumu un instrumentiem: 200 litru tvertne ar diviem spo\u013cu siltummai\u0146iem, termometru, elektrisko sildelementu, kas \u013cauj sild\u012bt \u016bdeni, ja saules ener\u0123ija nav pieejama.<\/li>\n<li><strong>Cirkul\u0101cijas ier\u012bce<\/strong>, kas ietver mai\u0146str\u0101vas s\u016bkni, dro\u0161\u012bbas un pretv\u0101rstus, temperat\u016bras un spiediena m\u0113r\u012bt\u0101jus.<\/li>\n<li><strong>Datu ieguves sist\u0113ma ar datoru<\/strong>: \u013cauj uzraudz\u012bt un analiz\u0113t sist\u0113mu, m\u0113r\u012bt saules starojumu, temperat\u016bru un efektivit\u0101ti. Datorprogramma \u013cauj saglab\u0101t datus un analiz\u0113t kolektoru darb\u012bbu.<\/li>\n<\/ul>\n<p>\u0160is simulators ir ide\u0101li piem\u0113rots saules siltumener\u0123ijas sav\u0101k\u0161anas un siltuma bilances anal\u012bzei, k\u0101 ar\u012b kolektoru efektivit\u0101tes izp\u0113tei un sist\u0113mas optimiz\u0101cijai. Tas ir paredz\u0113ts lieto\u0161anai gan \u0101rpus telp\u0101m, gan iek\u0161telp\u0101s (ar papildu apgaismojumu).<\/p>","protected":false},"excerpt":{"rendered":"<p>Plakanais saules kolektors Mod. TBS\/EV ir paredz\u0113ts praktiskiem p\u0113t\u012bjumiem, kas saist\u012bti ar saules ener\u0123ijas p\u0101rveido\u0161anu siltum\u0101. Ier\u012bce ietver saules kolektorus ar regul\u0113jamu sl\u012bpumu, \u016bdens uzglab\u0101\u0161anas tvertni, cirkul\u0101cijas bloku un datora datu ieguves sist\u0113mu. \u0160is simulators \u013cauj analiz\u0113t kolektoru efektivit\u0101ti, siltuma balansu un optimiz\u0113t ener\u0123ijas izmanto\u0161anu gan saules starojuma, gan elektroener\u0123ijas papildu apsildei.<\/p>","protected":false},"featured_media":21937,"template":"","meta":[],"product_cat":[79,1098],"product_tag":[],"class_list":{"0":"post-21934","1":"product","2":"type-product","3":"status-publish","4":"has-post-thumbnail","6":"product_cat-mokymo-priemones-ir-iranga","7":"product_cat-didaktine-iranga-techniniam-ugdymui","9":"first","10":"instock","11":"shipping-taxable","12":"product-type-simple"},"_links":{"self":[{"href":"https:\/\/labostera.lt\/lv\/wp-json\/wp\/v2\/product\/21934","targetHints":{"allow":["GET"]}}],"collection":[{"href":"https:\/\/labostera.lt\/lv\/wp-json\/wp\/v2\/product"}],"about":[{"href":"https:\/\/labostera.lt\/lv\/wp-json\/wp\/v2\/types\/product"}],"wp:featuredmedia":[{"embeddable":true,"href":"https:\/\/labostera.lt\/lv\/wp-json\/wp\/v2\/media\/21937"}],"wp:attachment":[{"href":"https:\/\/labostera.lt\/lv\/wp-json\/wp\/v2\/media?parent=21934"}],"wp:term":[{"taxonomy":"product_cat","embeddable":true,"href":"https:\/\/labostera.lt\/lv\/wp-json\/wp\/v2\/product_cat?post=21934"},{"taxonomy":"product_tag","embeddable":true,"href":"https:\/\/labostera.lt\/lv\/wp-json\/wp\/v2\/product_tag?post=21934"}],"curies":[{"name":"wp","href":"https:\/\/api.w.org\/{rel}","templated":true}]}}