{"id":21930,"date":"2024-12-18T16:31:24","date_gmt":"2024-12-18T13:31:24","guid":{"rendered":"http:\/\/labostera.lt\/?post_type=product&#038;p=21930"},"modified":"2024-12-18T16:32:56","modified_gmt":"2024-12-18T13:32:56","slug":"temperaturos-ir-srauto-valdymo-sistema","status":"publish","type":"product","link":"https:\/\/labostera.lt\/lv\/priemones-ir-iranga\/mokymo-priemones-ir-iranga\/temperaturos-ir-srauto-valdymo-sistema\/","title":{"rendered":"Temperat\u016bras un pl\u016bsmas kontroles sist\u0113ma REGA-T\/EV"},"content":{"rendered":"<p><strong>Temperat\u016bras un pl\u016bsmas kontroles sist\u0113ma Mod. REGA-T\/EV<\/strong> ir augstas kvalit\u0101tes m\u0101c\u012bbu apr\u012bkojums, kas paredz\u0113ts temperat\u016bras un pl\u016bsmas kontroles procesu anal\u012bzei r\u016bpnieciskajos ciklos. Sist\u0113ma izmanto divk\u0101r\u0161as vad\u012bbas \u0137\u0113des, kas \u013cauj uzraudz\u012bt un kontrol\u0113t temperat\u016bru un pl\u016bsmu. \u0160\u012b iek\u0101rta ir integr\u0113ta ar SCADA programmat\u016bru, kas \u013cauj uzraudz\u012bt procesus re\u0101llaik\u0101 un vad\u012bt tos, izmantojot datoru.<\/p>\n<p><strong>Tehnisk\u0101s \u012bpa\u0161\u012bbas:<\/strong><\/p>\n<ul>\n<li><strong>B\u016bvniec\u012bba:<\/strong>\n<ul>\n<li>AISI 304 ner\u016bs\u0113jo\u0161\u0101 t\u0113rauda r\u0101mis ar rite\u0146iem;<\/li>\n<li>Tvertne izgatavota no AISI 304 ner\u016bs\u0113jo\u0161\u0101 t\u0113rauda (40 l);<\/li>\n<li>Apvalka reaktors, kas izgatavots no AISI 304 ner\u016bs\u0113jo\u0161\u0101 t\u0113rauda ar mais\u012bt\u0101ju (tilpums \u2013 25 l);<\/li>\n<li>Tr\u012bspak\u0101pju cauru\u013cveida siltummainis (AISI 304, siltumapmai\u0146as laukums \u2013 0,6 m\u00b2);<\/li>\n<\/ul>\n<\/li>\n<li><strong>S\u016bknis:<\/strong>\n<ul>\n<li>Centrb\u0113dzes s\u016bknis (ner\u016bs\u0113jo\u0161\u0101 t\u0113rauda korpuss un rotors, Qmax \u2013 4000 l\/h, Hmax \u2013 30 m);<\/li>\n<\/ul>\n<\/li>\n<li><strong>V\u0101rsti:<\/strong>\n<ul>\n<li>1 pneimatiskais v\u0101rsts \u016bdens pl\u016bsmas kontrolei (AISI 316, Cv = 1,25);<\/li>\n<li>1 pneimatiskais v\u0101rsts tvaika pl\u016bsmas kontrolei (AISI 316, Cv = 0,32);<\/li>\n<\/ul>\n<\/li>\n<li><strong>M\u0113r\u012b\u0161anas apr\u012bkojums:<\/strong>\n<ul>\n<li>Elektronisks main\u0101ma diapazona pl\u016bsmas indikators (AISI 316, diapazons 25\u2013250 l\/h);<\/li>\n<li>Kalibr\u0113ta diafragma tvaika pl\u016bsmas m\u0113r\u012b\u0161anai (AISI 304);<\/li>\n<li>Diferenci\u0101l\u0101 spiediena dev\u0113js (AISI 316, 4\u201320 mA izeja);<\/li>\n<li>Pt100 termoelementa sensors (AISI 316 aizsardz\u012bba);<\/li>\n<li>Termometrs (diapazons 0\u2013120 \u00b0C);<\/li>\n<\/ul>\n<\/li>\n<li><strong>Vad\u012bbas apr\u012bkojums:<\/strong>\n<ul>\n<li>Elektronisks PID regulators ar \u010detru rindu LCD displeju un seri\u0101l\u0101s komunik\u0101cijas karti;<\/li>\n<li>2 elektropneimatiskie p\u0101rveidot\u0101ji (4\u201320 mA \/ 0,2\u20131 bar);<\/li>\n<\/ul>\n<\/li>\n<li><strong>Papildu apr\u012bkojums:<\/strong>\n<ul>\n<li>SCADA programmat\u016bra: vad\u012bba un uzraudz\u012bba re\u0101llaik\u0101, k\u0101 ar\u012b v\u0113sturisko datu skat\u012b\u0161ana;<\/li>\n<li>IP55 klases vad\u012bbas panelis ar sinoptisko diagrammu, dro\u0161in\u0101t\u0101jiem un av\u0101rijas pogu.<\/li>\n<\/ul>\n<\/li>\n<\/ul>\n<p><strong>Tehniskie dati:<\/strong><\/p>\n<ul>\n<li>Baro\u0161anas avots: 230 V mai\u0146str\u0101va, 50 Hz, vienf\u0101zes, 1,5 kVA (citi spriegumi un frekvences pieejami p\u0113c piepras\u012bjuma);<\/li>\n<li>Izm\u0113ri: 1700 \u00d7 800 \u00d7 1900 mm;<\/li>\n<li>Svars: 310 kg.<\/li>\n<\/ul>\n<p><strong>Izgl\u012bt\u012bbas programma:<\/strong><\/p>\n<ul>\n<li>PID vad\u012bbas meto\u017eu anal\u012bze;<\/li>\n<li>Temperat\u016bras un pl\u016bsmas m\u0113r\u012b\u0161anas ier\u012b\u010du darb\u012bbas principi;<\/li>\n<li>Temperat\u016bras kask\u0101des vad\u012bba;<\/li>\n<li>Procesa raksturlielumu un reakcijas laika izp\u0113te;<\/li>\n<li>Kontroliera regul\u0113\u0161anas metodes;<\/li>\n<li>Sist\u0113mas uzraudz\u012bba, izmantojot SCADA programmu.<\/li>\n<\/ul>","protected":false},"excerpt":{"rendered":"<p><strong>Temperat\u016bras un pl\u016bsmas kontroles sist\u0113ma Mod. REGA-T\/EV<\/strong> \u2013 ir laboratorijas apr\u012bkojums, kas \u013cauj kontrol\u0113t un uzraudz\u012bt temperat\u016bras un pl\u016bsmas procesus. Sist\u0113ma integr\u0113 uzlabotus PID kontrolierus, SCADA programmat\u016bru un ner\u016bs\u0113jo\u0161\u0101 t\u0113rauda komponentus, lai nodro\u0161in\u0101tu precizit\u0101ti un iztur\u012bbu.<\/p>","protected":false},"featured_media":21931,"template":"","meta":[],"product_cat":[79,1098],"product_tag":[],"class_list":{"0":"post-21930","1":"product","2":"type-product","3":"status-publish","4":"has-post-thumbnail","6":"product_cat-mokymo-priemones-ir-iranga","7":"product_cat-didaktine-iranga-techniniam-ugdymui","9":"first","10":"instock","11":"shipping-taxable","12":"product-type-simple"},"_links":{"self":[{"href":"https:\/\/labostera.lt\/lv\/wp-json\/wp\/v2\/product\/21930","targetHints":{"allow":["GET"]}}],"collection":[{"href":"https:\/\/labostera.lt\/lv\/wp-json\/wp\/v2\/product"}],"about":[{"href":"https:\/\/labostera.lt\/lv\/wp-json\/wp\/v2\/types\/product"}],"wp:featuredmedia":[{"embeddable":true,"href":"https:\/\/labostera.lt\/lv\/wp-json\/wp\/v2\/media\/21931"}],"wp:attachment":[{"href":"https:\/\/labostera.lt\/lv\/wp-json\/wp\/v2\/media?parent=21930"}],"wp:term":[{"taxonomy":"product_cat","embeddable":true,"href":"https:\/\/labostera.lt\/lv\/wp-json\/wp\/v2\/product_cat?post=21930"},{"taxonomy":"product_tag","embeddable":true,"href":"https:\/\/labostera.lt\/lv\/wp-json\/wp\/v2\/product_tag?post=21930"}],"curies":[{"name":"wp","href":"https:\/\/api.w.org\/{rel}","templated":true}]}}