{"id":21928,"date":"2024-12-18T16:30:14","date_gmt":"2024-12-18T13:30:14","guid":{"rendered":"http:\/\/labostera.lt\/?post_type=product&#038;p=21928"},"modified":"2024-12-18T16:31:26","modified_gmt":"2024-12-18T13:31:26","slug":"slegio-ir-srauto-valdymo-sistema","status":"publish","type":"product","link":"https:\/\/labostera.lt\/lv\/priemones-ir-iranga\/mokymo-priemones-ir-iranga\/slegio-ir-srauto-valdymo-sistema\/","title":{"rendered":"Spiediena un pl\u016bsmas kontroles sist\u0113ma REGA-P\/EV"},"content":{"rendered":"<p><strong>Spiediena un pl\u016bsmas kontroles sist\u0113ma Mod. REGA-P\/EV<\/strong> ir moderna apm\u0101c\u012bbas iek\u0101rta, kas paredz\u0113ta spiediena un pl\u016bsmas kontroles procesu anal\u012bzei un izpratnei. Ier\u012bce ietver hidraulisko \u0137\u0113di, kas \u013cauj regul\u0113t saspiest\u0101 gaisa vai \u016bdens spiedienu un pl\u016bsmu. Sist\u0113ma ir izstr\u0101d\u0101ta, lai p\u0113t\u012btu vad\u012bbas parametru atkar\u012bbu no sist\u0113mas tilpuma, izmantojot tr\u012bs tvertnes un pneimatiskos v\u0101rstus. Izmantojot SCADA programmat\u016bru, sist\u0113mu ir iesp\u0113jams uzraudz\u012bt un vad\u012bt no datora.<\/p>\n<p><strong>Tehnisk\u0101s \u012bpa\u0161\u012bbas:<\/strong><\/p>\n<ul>\n<li><strong>B\u016bvniec\u012bba:<\/strong>\n<ul>\n<li>AISI 304 ner\u016bs\u0113jo\u0161\u0101 t\u0113rauda r\u0101mis ar rite\u0146iem;<\/li>\n<li>3 ner\u016bs\u0113jo\u0161\u0101 t\u0113rauda tvertnes no AISI 304 (DN 200, tilpums \u2013 20 l);<\/li>\n<\/ul>\n<\/li>\n<li><strong>Vad\u012bbas v\u0101rsti:<\/strong>\n<ul>\n<li>2 pneimatiskie v\u0101rsti (AISI 316, Cv = 2,5) spiediena un pl\u016bsmas kontrolei;<\/li>\n<li>1 pneimatiskais v\u0101rsts (AISI 316, Cv = 0,32) pl\u016bsmas kontrolei;<\/li>\n<\/ul>\n<\/li>\n<li><strong>M\u0113r\u012b\u0161anas apr\u012bkojums:<\/strong>\n<ul>\n<li>Elektroniskais spiediena dev\u0113js (AISI 316, diapazons 0\u20136 bar, izeja 4\u201320 mA);<\/li>\n<li>Diferenci\u0101l\u0101 spiediena dev\u0113js (AISI 316, pl\u016bsmas m\u0113r\u012b\u0161anai, 4\u201320 mA izeja);<\/li>\n<\/ul>\n<\/li>\n<li><strong>Vad\u012bbas apr\u012bkojums:<\/strong>\n<ul>\n<li>Elektronisks PID regulators ar \u010detru rindu LCD displeju un seri\u0101l\u0101s komunik\u0101cijas karti;<\/li>\n<li>3 elektropneimatiskie p\u0101rveidot\u0101ji (4\u201320 mA \/ 0,2\u20131 bar);<\/li>\n<\/ul>\n<\/li>\n<li><strong>Cauru\u013cvadi un v\u0101rsti:<\/strong> AISI 304 un 316 ner\u016bs\u0113jo\u0161ais t\u0113rauds;<\/li>\n<li><strong>Elektriskais panelis:<\/strong> IP55 klase, atbilst EK pras\u012bb\u0101m, ar sinoptisko diagrammu un dro\u0161in\u0101t\u0101ju (ELCB);<\/li>\n<li><strong>Aizsardz\u012bbas pas\u0101kumi:<\/strong> Av\u0101rijas aptur\u0113\u0161anas poga;<\/li>\n<li><strong>SCADA programmat\u016bra:<\/strong>\n<ul>\n<li>\u013bauj uzraudz\u012bt un kontrol\u0113t IESL\u0112G\u0160ANAS-IZSL\u0112G\u0160ANAS un analogos sign\u0101lus no PID regulatora;<\/li>\n<li>Re\u0101llaika un v\u0113sturisko datu anal\u012bze.<\/li>\n<\/ul>\n<\/li>\n<\/ul>\n<p><strong>Tehniskie dati:<\/strong><\/p>\n<ul>\n<li>Baro\u0161anas avots: 230 V mai\u0146str\u0101va, 50 Hz, vienf\u0101zes, 1 kVA (citi spriegumi un frekvences pieejami p\u0113c piepras\u012bjuma);<\/li>\n<li>Izm\u0113ri: 1900 \u00d7 750 \u00d7 1900 mm;<\/li>\n<li>Svars: 220 kg.<\/li>\n<\/ul>\n<p><strong>Izgl\u012bt\u012bbas programma:<\/strong><\/p>\n<ul>\n<li>PID vad\u012bbas meto\u017eu anal\u012bze;<\/li>\n<li>Dal\u012bta diapazona vad\u012bba;<\/li>\n<li>Spiediena un pl\u016bsmas m\u0113r\u012b\u0161anas ier\u012b\u010du darb\u012bbas principi;<\/li>\n<li>Procesa raksturlielumu izp\u0113te;<\/li>\n<li>Kontroliera regul\u0113\u0161anas metodes;<\/li>\n<li>Sist\u0113mas uzraudz\u012bba, izmantojot SCADA programmu.<\/li>\n<\/ul>","protected":false},"excerpt":{"rendered":"<p><strong>Spiediena un pl\u016bsmas kontroles sist\u0113ma Mod. REGA-P\/EV<\/strong> ir laboratorijas iek\u0101rta, kas \u013cauj analiz\u0113t spiediena un pl\u016bsmas kontroles procesus. Sist\u0113ma ir izgatavota no ner\u016bs\u0113jo\u0161\u0101 t\u0113rauda, tai ir tvertnes, pneimatiskie v\u0101rsti un SCADA programmat\u016bra, kas nodro\u0161ina prec\u012bzu procesa kontroli un uzraudz\u012bbu re\u0101llaik\u0101.<\/p>","protected":false},"featured_media":21929,"template":"","meta":[],"product_cat":[79,1098],"product_tag":[],"class_list":{"0":"post-21928","1":"product","2":"type-product","3":"status-publish","4":"has-post-thumbnail","6":"product_cat-mokymo-priemones-ir-iranga","7":"product_cat-didaktine-iranga-techniniam-ugdymui","9":"first","10":"instock","11":"shipping-taxable","12":"product-type-simple"},"_links":{"self":[{"href":"https:\/\/labostera.lt\/lv\/wp-json\/wp\/v2\/product\/21928","targetHints":{"allow":["GET"]}}],"collection":[{"href":"https:\/\/labostera.lt\/lv\/wp-json\/wp\/v2\/product"}],"about":[{"href":"https:\/\/labostera.lt\/lv\/wp-json\/wp\/v2\/types\/product"}],"wp:featuredmedia":[{"embeddable":true,"href":"https:\/\/labostera.lt\/lv\/wp-json\/wp\/v2\/media\/21929"}],"wp:attachment":[{"href":"https:\/\/labostera.lt\/lv\/wp-json\/wp\/v2\/media?parent=21928"}],"wp:term":[{"taxonomy":"product_cat","embeddable":true,"href":"https:\/\/labostera.lt\/lv\/wp-json\/wp\/v2\/product_cat?post=21928"},{"taxonomy":"product_tag","embeddable":true,"href":"https:\/\/labostera.lt\/lv\/wp-json\/wp\/v2\/product_tag?post=21928"}],"curies":[{"name":"wp","href":"https:\/\/api.w.org\/{rel}","templated":true}]}}