{"id":21926,"date":"2024-12-18T16:22:09","date_gmt":"2024-12-18T13:22:09","guid":{"rendered":"http:\/\/labostera.lt\/?post_type=product&#038;p=21926"},"modified":"2024-12-18T16:29:54","modified_gmt":"2024-12-18T13:29:54","slug":"ph-valdymo-sistema","status":"publish","type":"product","link":"https:\/\/labostera.lt\/lv\/priemones-ir-iranga\/mokymo-priemones-ir-iranga\/ph-valdymo-sistema\/","title":{"rendered":"pH kontroles sist\u0113ma REGA-pH\/EV"},"content":{"rendered":"<p><strong>pH kontroles sist\u0113ma Mod. REGA-pH\/EV<\/strong> ir paredz\u0113ts pH kontroles procesu apm\u0101c\u012bbai un eksperiment\u0101lai anal\u012bzei. Sist\u0113ma ietver mais\u0101mu reaktoru, kas tiek piepild\u012bts ar sk\u0101bu \u0161\u0137\u012bdumu, izmantojot doz\u0113\u0161anas s\u016bkni. Kontrol\u0113jot b\u0101zes \u0161\u0137\u012bduma pl\u016bsmu reaktor\u0101 caur citu doz\u0113\u0161anas s\u016bkni, var regul\u0113t pH l\u012bmeni reaktora iek\u0161pus\u0113. Izmantojot SCADA programmat\u016bru, lietot\u0101ji var uzraudz\u012bt un kontrol\u0113t procesu re\u0101llaik\u0101 no datora.<\/p>\n<p><strong>Tehnisk\u0101s \u012bpa\u0161\u012bbas:<\/strong><\/p>\n<ul>\n<li><strong>B\u016bvniec\u012bba:<\/strong> AISI 304 ner\u016bs\u0113jo\u0161\u0101 t\u0113rauda r\u0101mis ar rite\u0146iem;<\/li>\n<li><strong>Ietilp\u012bbas:<\/strong>\n<ul>\n<li>3 borsilik\u0101ta stikla trauki pa 25 l katrs;<\/li>\n<li>AISI 316 ner\u016bs\u0113jo\u0161\u0101 t\u0113rauda reaktors ar mais\u012bt\u0101ju un 15 l tilpumu;<\/li>\n<\/ul>\n<\/li>\n<li><strong>pH m\u0113r\u012b\u0161anas sist\u0113ma:<\/strong>\n<ul>\n<li>Mikroprocesora pH indikators ar 4\u201320 mA izejas sign\u0101lu;<\/li>\n<li>M\u0113r\u012b\u0161anas elektrods;<\/li>\n<\/ul>\n<\/li>\n<li><strong>Doz\u0113\u0161anas s\u016bk\u0146i:<\/strong>\n<ul>\n<li>Divkorpusa s\u016bknis no AISI 316 ner\u016bs\u0113jo\u0161\u0101 t\u0113rauda ar pneimatisko piedzi\u0146u (0,2\u20131 bar);<\/li>\n<\/ul>\n<\/li>\n<li><strong>Vad\u012bbas apr\u012bkojums:<\/strong>\n<ul>\n<li>Elektropneimatiskie p\u0101rveidot\u0101ji (4\u201320 mA \/ 0,2\u20131 bar);<\/li>\n<li>Elektronisks PID regulators ar \u010detru rindu LCD displeju un seri\u0101l\u0101s komunik\u0101cijas karti;<\/li>\n<\/ul>\n<\/li>\n<li><strong>Cauru\u013cvadi un v\u0101rsti:<\/strong> AISI 304 un 316 ner\u016bs\u0113jo\u0161ais t\u0113rauds;<\/li>\n<li><strong>Aizsargier\u012bces:<\/strong> Av\u0101rijas poga;<\/li>\n<li><strong>Elektriskais panelis:<\/strong> IP55 klase, atbilst EK pras\u012bb\u0101m, ar sinoptisko diagrammu un dro\u0161in\u0101t\u0101ju (ELCB);<\/li>\n<li><strong>SCADA programmat\u016bra:<\/strong>\n<ul>\n<li>\u013bauj uzraudz\u012bt un kontrol\u0113t IESL\u0112G\u0160ANAS-IZSL\u0112G\u0160ANAS un analogos sign\u0101lus no PID regulatora;<\/li>\n<li>Re\u0101llaika un v\u0113sturisko datu anal\u012bze.<\/li>\n<\/ul>\n<\/li>\n<\/ul>\n<p><strong>Tehniskie dati:<\/strong><\/p>\n<ul>\n<li>Baro\u0161ana: 400 V mai\u0146str\u0101va, 50 Hz, tr\u012bsf\u0101\u017eu, 2 kVA (citi spriegumi un frekvences pieejami p\u0113c piepras\u012bjuma);<\/li>\n<li>Izm\u0113ri: 1700 \u00d7 800 \u00d7 2200 mm;<\/li>\n<li>Svars: 310 kg.<\/li>\n<\/ul>\n<p><strong>Izgl\u012bt\u012bbas programma:<\/strong><\/p>\n<ul>\n<li>PID vad\u012bbas meto\u017eu anal\u012bze;<\/li>\n<li>Procesa raksturlielumu izp\u0113te un reakciju anal\u012bze;<\/li>\n<li>St\u0101vlaika iestat\u012b\u0161ana;<\/li>\n<li>Kontroliera regul\u0113\u0161anas metodes;<\/li>\n<li>Sist\u0113mas uzraudz\u012bba, izmantojot SCADA programmu;<\/li>\n<li>pH metra kalibr\u0113\u0161ana.<\/li>\n<\/ul>","protected":false},"excerpt":{"rendered":"<p><strong>pH kontroles sist\u0113ma Mod. REGA-pH\/EV<\/strong> ir izgl\u012btojo\u0161a laboratorijas iek\u0101rta pH l\u012bme\u0146a kontroles procesu anal\u012bzei. Sist\u0113ma ietver mais\u0101mo reaktoru, doz\u0113\u0161anas s\u016bk\u0146us un pH m\u0113r\u012b\u0161anas iek\u0101rtas. Izmantojot SCADA programmat\u016bru, ir iesp\u0113jams re\u0101llaik\u0101 uzraudz\u012bt un kontrol\u0113t procesu dator\u0101.<\/p>","protected":false},"featured_media":21927,"template":"","meta":[],"product_cat":[79,1098],"product_tag":[],"class_list":{"0":"post-21926","1":"product","2":"type-product","3":"status-publish","4":"has-post-thumbnail","6":"product_cat-mokymo-priemones-ir-iranga","7":"product_cat-didaktine-iranga-techniniam-ugdymui","9":"first","10":"instock","11":"shipping-taxable","12":"product-type-simple"},"_links":{"self":[{"href":"https:\/\/labostera.lt\/lv\/wp-json\/wp\/v2\/product\/21926","targetHints":{"allow":["GET"]}}],"collection":[{"href":"https:\/\/labostera.lt\/lv\/wp-json\/wp\/v2\/product"}],"about":[{"href":"https:\/\/labostera.lt\/lv\/wp-json\/wp\/v2\/types\/product"}],"wp:featuredmedia":[{"embeddable":true,"href":"https:\/\/labostera.lt\/lv\/wp-json\/wp\/v2\/media\/21927"}],"wp:attachment":[{"href":"https:\/\/labostera.lt\/lv\/wp-json\/wp\/v2\/media?parent=21926"}],"wp:term":[{"taxonomy":"product_cat","embeddable":true,"href":"https:\/\/labostera.lt\/lv\/wp-json\/wp\/v2\/product_cat?post=21926"},{"taxonomy":"product_tag","embeddable":true,"href":"https:\/\/labostera.lt\/lv\/wp-json\/wp\/v2\/product_tag?post=21926"}],"curies":[{"name":"wp","href":"https:\/\/api.w.org\/{rel}","templated":true}]}}