{"id":21924,"date":"2024-12-18T16:18:42","date_gmt":"2024-12-18T13:18:42","guid":{"rendered":"http:\/\/labostera.lt\/?post_type=product&#038;p=21924"},"modified":"2024-12-18T16:21:52","modified_gmt":"2024-12-18T13:21:52","slug":"daugiaprocesis-valdymo-stendas","status":"publish","type":"product","link":"https:\/\/labostera.lt\/lv\/priemones-ir-iranga\/mokymo-priemones-ir-iranga\/daugiaprocesis-valdymo-stendas\/","title":{"rendered":"Daudzprocesu vad\u012bbas stends (gaisa un \u016bdens l\u012bme\u0146a, spiediena un temperat\u016bras procesiem) MPB\/EV"},"content":{"rendered":"<p><strong>Daudzprocesu vad\u012bbas stat\u012bvs Mod. MPB\/EV<\/strong> ir kompakta apm\u0101c\u012bbas ier\u012bce pl\u016bsmas (gaisa un \u016bdens), l\u012bme\u0146a, spiediena un temperat\u016bras procesu vad\u012bbai un anal\u012bzei, kuras pamat\u0101 ir viens kontrolieris. Manu\u0101lie v\u0101rsti \u013cauj main\u012bt hidraulisko sh\u0113mu, un SCADA programmat\u016bra \u013cauj vad\u012bt un uzraudz\u012bt sist\u0113mu dator\u0101.<\/p>\n<p><strong>Tehnisk\u0101s \u012bpa\u0161\u012bbas:<\/strong><\/p>\n<ul>\n<li><strong>B\u016bvniec\u012bba:<\/strong> AISI 304 ner\u016bs\u0113jo\u0161\u0101 t\u0113rauda r\u0101mis;<\/li>\n<li><strong>M\u0113rinstrumenti:<\/strong>\n<ul>\n<li>Main\u012bga laukuma pl\u016bsmas m\u0113r\u012bt\u0101js (0\u20131000 l\/h);<\/li>\n<li>Diferenci\u0101l\u0101 spiediena sensors (0\u2013500 mm H\u2082O);<\/li>\n<li>Spiediena sensors (0\u20136 b\u0101ri);<\/li>\n<li>Spiediena m\u0113r\u012bt\u0101js (I\/P p\u0101rveidot\u0101ja izejas sign\u0101lam);<\/li>\n<\/ul>\n<\/li>\n<li><strong>Ietilp\u012bba:<\/strong> 5 litru gradu\u0113ts plexiglas trauks;<\/li>\n<li><strong>Siltummainis:<\/strong> Ner\u016bs\u0113jo\u0161\u0101 t\u0113rauda pl\u0101k\u0161\u0146u siltummainis;<\/li>\n<li><strong>Vad\u012bbas v\u0101rsti:<\/strong>\n<ul>\n<li>Pneimatiskais v\u0101rsts (Cv = 0,25, AISI 316);<\/li>\n<li>Pneimatiskais v\u0101rsts (Cv = 0,13, AISI 316);<\/li>\n<\/ul>\n<\/li>\n<li><strong>Citas sast\u0101vda\u013cas:<\/strong>\n<ul>\n<li>Elektropneimatiskie p\u0101rveidot\u0101ji (4\u201320 mA \/ 0,2\u20131 bar);<\/li>\n<li>Dro\u0161\u012bbas v\u0101rsts;<\/li>\n<li>\u016adens sild\u012b\u0161anas \u0123enerators ar AISI 304 ner\u016bs\u0113jo\u0161\u0101 t\u0113rauda tvertni, elektrisko sildelementu, recirkul\u0101cijas s\u016bkni un termostatu;<\/li>\n<li>Cauru\u013cvadi un v\u0101rsti no AISI 304 un 316 ner\u016bs\u0113jo\u0161\u0101 t\u0113rauda;<\/li>\n<li>Sadales k\u0101rba, kas izgatavota no kr\u0101sota oglek\u013ca t\u0113rauda, ar sinoptisku skatu, dro\u0161in\u0101t\u0101ju (ELCB) un m\u0113r\u012b\u0161anas spail\u0113m kontrollera sign\u0101liem.<\/li>\n<\/ul>\n<\/li>\n<\/ul>\n<p><strong>SCADA programmat\u016bra:<\/strong><\/p>\n<ul>\n<li>\u013bauj uzraudz\u012bt un kontrol\u0113t IESL\u0112G\u0160ANAS-IZSL\u0112G\u0160ANAS un analogos sign\u0101lus no PID regulatora;<\/li>\n<li>Re\u0101llaika un v\u0113sturisko datu vizualiz\u0101cija un anal\u012bze.<\/li>\n<\/ul>\n<p><strong>Tehniskie dati:<\/strong><\/p>\n<ul>\n<li>Baro\u0161anas avots: 230 V mai\u0146str\u0101va, 50 Hz, vienf\u0101zes, 0,5 kVA (citi spriegumi un frekvences pieejami p\u0113c piepras\u012bjuma);<\/li>\n<li>Izm\u0113ri: 850 \u00d7 800 \u00d7 750 mm;<\/li>\n<li>Svars: 50 kg.<\/li>\n<\/ul>\n<p><strong>Papildu iesp\u0113jas:<\/strong><\/p>\n<ul>\n<li><strong>Apkalpes bloka modifik\u0101cija US-1\/EV<\/strong> \u2013 sl\u0113gtas cilpas darb\u012bbai (bez temperat\u016bras regul\u0113\u0161anas).<\/li>\n<\/ul>\n<p><strong>Izgl\u012bt\u012bbas programma:<\/strong><\/p>\n<ul>\n<li>PID vad\u012bbas meto\u017eu anal\u012bze;<\/li>\n<li>Pl\u016bsmas, l\u012bme\u0146a, spiediena un temperat\u016bras kontrole;<\/li>\n<li>Kontroliera regul\u0113\u0161anas metodes;<\/li>\n<li>Sist\u0113mas reakciju uz trauc\u0113jumiem nov\u0113rt\u0113\u0161ana.<\/li>\n<\/ul>","protected":false},"excerpt":{"rendered":"<p><strong>Daudzprocesu vad\u012bbas stat\u012bvs Mod. MPB\/EV<\/strong> ir apm\u0101c\u012bbas iek\u0101rta, kas \u013cauj analiz\u0113t pl\u016bsmas, l\u012bme\u0146a, spiediena un temperat\u016bras kontroli vien\u0101 kontrolier\u012b. Izmantojot SCADA programmat\u016bru, varat uzraudz\u012bt procesus re\u0101llaik\u0101 un veikt eksperimentus ar PID kontroli.<\/p>","protected":false},"featured_media":21925,"template":"","meta":[],"product_cat":[79,1098],"product_tag":[],"class_list":{"0":"post-21924","1":"product","2":"type-product","3":"status-publish","4":"has-post-thumbnail","6":"product_cat-mokymo-priemones-ir-iranga","7":"product_cat-didaktine-iranga-techniniam-ugdymui","9":"first","10":"instock","11":"shipping-taxable","12":"product-type-simple"},"_links":{"self":[{"href":"https:\/\/labostera.lt\/lv\/wp-json\/wp\/v2\/product\/21924","targetHints":{"allow":["GET"]}}],"collection":[{"href":"https:\/\/labostera.lt\/lv\/wp-json\/wp\/v2\/product"}],"about":[{"href":"https:\/\/labostera.lt\/lv\/wp-json\/wp\/v2\/types\/product"}],"wp:featuredmedia":[{"embeddable":true,"href":"https:\/\/labostera.lt\/lv\/wp-json\/wp\/v2\/media\/21925"}],"wp:attachment":[{"href":"https:\/\/labostera.lt\/lv\/wp-json\/wp\/v2\/media?parent=21924"}],"wp:term":[{"taxonomy":"product_cat","embeddable":true,"href":"https:\/\/labostera.lt\/lv\/wp-json\/wp\/v2\/product_cat?post=21924"},{"taxonomy":"product_tag","embeddable":true,"href":"https:\/\/labostera.lt\/lv\/wp-json\/wp\/v2\/product_tag?post=21924"}],"curies":[{"name":"wp","href":"https:\/\/api.w.org\/{rel}","templated":true}]}}