{"id":21921,"date":"2024-12-18T16:16:10","date_gmt":"2024-12-18T13:16:10","guid":{"rendered":"http:\/\/labostera.lt\/?post_type=product&#038;p=21921"},"modified":"2024-12-18T16:18:22","modified_gmt":"2024-12-18T13:18:22","slug":"srauto-valdymo-ir-voztuvu-tyrimo-stendas","status":"publish","type":"product","link":"https:\/\/labostera.lt\/lv\/priemones-ir-iranga\/mokymo-priemones-ir-iranga\/srauto-valdymo-ir-voztuvu-tyrimo-stendas\/","title":{"rendered":"Pl\u016bsmas kontroles un v\u0101rstu testa stends CVU\/EV"},"content":{"rendered":"<p><strong>Pl\u016bsmas kontroles un v\u0101rstu p\u0101rbaudes stends Mod. CVU\/EV<\/strong> ir mobila apm\u0101c\u012bbas ier\u012bce da\u017e\u0101du vad\u012bbas v\u0101rstu (p\u0113c izv\u0113les: CVU-1\/EV, CVU-2\/EV un CVU-3\/EV) test\u0113\u0161anai un pl\u016bsmas kontrolei sl\u0113gt\u0101 sist\u0113m\u0101, kas apr\u012bkota ar recirkul\u0101cijas s\u016bkni un uzglab\u0101\u0161anas tvertni.<\/p>\n<p>Iek\u0101rta \u013cauj analiz\u0113t v\u0101rstu raksturlielumus, noteikt to darb\u012bbas parametrus un praktiz\u0113t proporcion\u0101l\u0101s, integr\u0101l\u0101s un atvasin\u0101t\u0101s (PID) vad\u012bbas metodolo\u0123ijas. Izmantojot SCADA programmat\u016bru, sist\u0113mu var uzraudz\u012bt un vad\u012bt, izmantojot Windows datoru, kas pievienots ar seri\u0101l\u0101 kabe\u013ca pal\u012bdz\u012bbu.<\/p>\n<p><strong>Tehnisk\u0101s \u012bpa\u0161\u012bbas:<\/strong><\/p>\n<ul>\n<li><strong>B\u016bvniec\u012bba:<\/strong> AISI 304 ner\u016bs\u0113jo\u0161\u0101 t\u0113rauda r\u0101mis ar rite\u0146iem;<\/li>\n<li><strong>Ietilp\u012bba:<\/strong> AISI 304 ner\u016bs\u0113jo\u0161\u0101 t\u0113rauda uzglab\u0101\u0161anas ietilp\u012bba \u2013 70 litri;<\/li>\n<li><strong>S\u016bknis:<\/strong> Centrb\u0113dzes s\u016bknis (AISI 304), maksim\u0101l\u0101 pl\u016bsma: 80 l\/min, maksim\u0101lais spiediens: 22 m H\u2082O;<\/li>\n<li><strong>Vad\u012bbas ier\u012bces:<\/strong> Elektronisks mikroprocesora PID regulators ar 4 rindu LCD displeju un seri\u0101lo karti;<\/li>\n<li><strong>Sensori:<\/strong>\n<ul>\n<li>2 spiediena sensori (diapazons: 0\u20132,5 bar);<\/li>\n<li>Magn\u0113tisk\u0101s indukcijas pl\u016bsmas m\u0113r\u012bt\u0101js no ner\u016bs\u0113jo\u0161\u0101 t\u0113rauda (diapazons: 0\u201360 l\/min);<\/li>\n<\/ul>\n<\/li>\n<li><strong>Vad\u012bbas skapis:<\/strong> IP55 aizsardz\u012bbas l\u012bmenis, ieskaitot dro\u0161in\u0101t\u0101ju (ELCB) un digit\u0101los displejus spiediena, pozicion\u0113t\u0101ja izejas un pl\u016bsmas r\u0101d\u012bjumiem;<\/li>\n<li><strong>Citas sast\u0101vda\u013cas:<\/strong> Saspiesta gaisa filtrs-reduktors.<\/li>\n<\/ul>\n<p><strong>SCADA programmat\u016bra:<\/strong><\/p>\n<ul>\n<li>Vad\u012bbas iesl\u0113g\u0161anas\/izsl\u0113g\u0161anas un analogie sign\u0101li no PID regulatora;<\/li>\n<li>\u013bauj uzraudz\u012bt tendences un analiz\u0113t v\u0113sturiskos datus re\u0101llaik\u0101.<\/li>\n<\/ul>\n<p><strong>Papildu iesp\u0113jas:<\/strong><\/p>\n<ul>\n<li>Pneimatisks &quot;gaisa atv\u0113r\u0161anas&quot; vad\u012bbas v\u0101rsts ar pozicion\u0113t\u0101ju un apvada l\u012bniju (mod. CVU-1\/EV);<\/li>\n<li>Pneimatisks &quot;gaisa aizv\u0113r\u0161anas&quot; vad\u012bbas v\u0101rsts ar pozicionieri un apvada l\u012bniju (mod. CVU-2\/EV);<\/li>\n<li>Elektriskais vad\u012bbas v\u0101rsts ar apvada l\u012bniju (mod. CVU-3\/EV).<\/li>\n<\/ul>\n<p><strong>Tehniskie dati:<\/strong><\/p>\n<ul>\n<li>Baro\u0161anas avots: 230 V mai\u0146str\u0101va, 50 Hz, vienf\u0101zes, 1,5 kVA (citi spriegumi un frekvences pieejami p\u0113c piepras\u012bjuma);<\/li>\n<li>Izm\u0113ri: 1400 \u00d7 600 \u00d7 1500 mm;<\/li>\n<li>Svars: 143 kg.<\/li>\n<\/ul>\n<p><strong>Izgl\u012bt\u012bbas programma:<\/strong><\/p>\n<ul>\n<li>Pl\u016bsmas un spiediena zudumu m\u0113r\u012bjumi;<\/li>\n<li>V\u0101rstu Kv un Cv v\u0113rt\u012bbu noteik\u0161ana;<\/li>\n<li>V\u0101rstu raksturl\u012bk\u0146u sast\u0101d\u012b\u0161ana;<\/li>\n<li>Reakcijas uz p\u0113k\u0161\u0146\u0101m p\u0101rmai\u0146\u0101m anal\u012bze;<\/li>\n<li>Pozicioniera regul\u0113\u0161ana;<\/li>\n<li>PID vad\u012bbas meto\u017eu anal\u012bze;<\/li>\n<li>Atv\u0113rtas un sl\u0113gtas cilpas kontroles p\u0113t\u012bjumi;<\/li>\n<li>Kontroliera regul\u0113\u0161anas metodes;<\/li>\n<li>Sist\u0113mas uzraudz\u012bba, izmantojot SCADA programmat\u016bru.<\/li>\n<\/ul>","protected":false},"excerpt":{"rendered":"<p><strong>Pl\u016bsmas kontroles un v\u0101rstu p\u0101rbaudes stends Mod. CVU\/EV<\/strong> \u2013 ir mobila m\u0101c\u012bbu ier\u012bce, kas paredz\u0113ta vad\u012bbas v\u0101rstu raksturlielumu un pl\u016bsmas kontroles anal\u012bzei. Sist\u0113ma ietver PID regulatoru, SCADA programmat\u016bru un \u013cauj veikt spiediena, pl\u016bsmas un v\u0101rstu parametru p\u0113t\u012bjumus.<\/p>","protected":false},"featured_media":21923,"template":"","meta":[],"product_cat":[79,1098],"product_tag":[],"class_list":{"0":"post-21921","1":"product","2":"type-product","3":"status-publish","4":"has-post-thumbnail","6":"product_cat-mokymo-priemones-ir-iranga","7":"product_cat-didaktine-iranga-techniniam-ugdymui","9":"first","10":"instock","11":"shipping-taxable","12":"product-type-simple"},"_links":{"self":[{"href":"https:\/\/labostera.lt\/lv\/wp-json\/wp\/v2\/product\/21921","targetHints":{"allow":["GET"]}}],"collection":[{"href":"https:\/\/labostera.lt\/lv\/wp-json\/wp\/v2\/product"}],"about":[{"href":"https:\/\/labostera.lt\/lv\/wp-json\/wp\/v2\/types\/product"}],"wp:featuredmedia":[{"embeddable":true,"href":"https:\/\/labostera.lt\/lv\/wp-json\/wp\/v2\/media\/21923"}],"wp:attachment":[{"href":"https:\/\/labostera.lt\/lv\/wp-json\/wp\/v2\/media?parent=21921"}],"wp:term":[{"taxonomy":"product_cat","embeddable":true,"href":"https:\/\/labostera.lt\/lv\/wp-json\/wp\/v2\/product_cat?post=21921"},{"taxonomy":"product_tag","embeddable":true,"href":"https:\/\/labostera.lt\/lv\/wp-json\/wp\/v2\/product_tag?post=21921"}],"curies":[{"name":"wp","href":"https:\/\/api.w.org\/{rel}","templated":true}]}}