{"id":21920,"date":"2024-12-18T16:11:53","date_gmt":"2024-12-18T13:11:53","guid":{"rendered":"http:\/\/labostera.lt\/?post_type=product&#038;p=21920"},"modified":"2024-12-18T16:16:47","modified_gmt":"2024-12-18T13:16:47","slug":"srauto-ir-lygio-valdymo-stendas","status":"publish","type":"product","link":"https:\/\/labostera.lt\/lv\/priemones-ir-iranga\/mokymo-priemones-ir-iranga\/srauto-ir-lygio-valdymo-stendas\/","title":{"rendered":"Pl\u016bsmas un l\u012bme\u0146a kontroles stat\u012bvs FLC\/EV"},"content":{"rendered":"<p><strong>Pl\u016bsmas un l\u012bme\u0146a kontroles stat\u012bvs Mod. FLC\/EV<\/strong> ir apm\u0101c\u012bbas sist\u0113ma, kas paredz\u0113ta r\u016bpniecisko procesu vad\u012bbas principu apguvei. Stends izmanto borsilik\u0101ta stikla kolonnu, ko baro centr\u0101lais s\u016bknis, kas savienots ar \u016bdens tvertni. Recirkul\u0101cijas s\u016bknis atgrie\u017e \u016bdeni no kolonnas atpaka\u013c reakcijas trauk\u0101. Pl\u016bsmas \u0101trumu un kolonnas l\u012bmeni var prec\u012bzi regul\u0113t, izmantojot pneimatiskos v\u0101rstus, un SCADA programmat\u016bras pakotne vad\u012bbai un datu ieg\u016b\u0161anai \u013cauj sist\u0113mu uzraudz\u012bt un vad\u012bt, izmantojot datoru.<\/p>\n<p><strong>Tehnisk\u0101s \u012bpa\u0161\u012bbas:<\/strong><\/p>\n<ul>\n<li><strong>B\u016bvniec\u012bba:<\/strong> AISI 304 ner\u016bs\u0113jo\u0161\u0101 t\u0113rauda r\u0101mis ar rite\u0146iem;<\/li>\n<li><strong>Konteiners:<\/strong> \u016adens uzglab\u0101\u0161anas tvertne (AISI 304 ner\u016bs\u0113jo\u0161ais t\u0113rauds) \u2013 20 l tilpums;<\/li>\n<li><strong>Kolonna:<\/strong> Borsilik\u0101ta stikls, DN 100, augstums 600 mm;<\/li>\n<li><strong>S\u016bk\u0146i:<\/strong>\n<ul>\n<li>Divi centrb\u0113dzes recirkul\u0101cijas s\u016bk\u0146i ar AISI 304 t\u0113rauda korpusu un rotoriem, Q = 4 m\u00b3\/h;<\/li>\n<\/ul>\n<\/li>\n<li><strong>M\u0113r\u012b\u0161anas apr\u012bkojums:<\/strong>\n<ul>\n<li>Elektronisks diferenci\u0101l\u0101 spiediena sensors (AISI 316 ner\u016bs\u0113jo\u0161ais t\u0113rauds) pl\u016bsmas m\u0113r\u012b\u0161anai ar 4\u201320 mA izejas sign\u0101lu;<\/li>\n<li>Elektronisks diferenci\u0101l\u0101 spiediena sensors (AISI 316 ner\u016bs\u0113jo\u0161ais t\u0113rauds) l\u012bme\u0146a m\u0113r\u012b\u0161anai, diapazons: 0\u2013500 mm H\u2082O, ar 4\u201320 mA izejas sign\u0101lu;<\/li>\n<\/ul>\n<\/li>\n<li><strong>V\u0101rsti:<\/strong>\n<ul>\n<li>Divi AISI 316 ner\u016bs\u0113jo\u0161\u0101 t\u0113rauda pneimatiskie vad\u012bbas v\u0101rsti, Cv = 2,5;<\/li>\n<\/ul>\n<\/li>\n<li><strong>Vad\u012bbas ier\u012bces:<\/strong>\n<ul>\n<li>Elektronisks mikroprocesora PID kontrolieris ar seri\u0101lo portu;<\/li>\n<li>Divi elektropneimatiskie p\u0101rveidot\u0101ji (4\u201320 mA \/ 0,2\u20131 bar);<\/li>\n<\/ul>\n<\/li>\n<li><strong>Citas sast\u0101vda\u013cas:<\/strong>\n<ul>\n<li>Kalibr\u0113ta diafragma (AISI 304 t\u0113rauds);<\/li>\n<li>Dro\u0161\u012bbas v\u0101rsts;<\/li>\n<li>IP55 sadales skapis ar EK atbilst\u012bbas mar\u0137\u0113jumu, ieskaitot iek\u0101rtas sinoptiku un dro\u0161in\u0101t\u0101jus.<\/li>\n<\/ul>\n<\/li>\n<\/ul>\n<p><strong>SCADA programmat\u016bra:<\/strong><\/p>\n<ul>\n<li>Kontrol\u0113 iesl\u0113g\u0161anas\/izsl\u0113g\u0161anas sign\u0101lus, analogos sign\u0101lus no PID regulatora;<\/li>\n<li>Re\u0101llaika un v\u0113sturisko datu izseko\u0161ana un anal\u012bze.<\/li>\n<\/ul>\n<p><strong>Tehniskie dati:<\/strong><\/p>\n<ul>\n<li>Baro\u0161ana: 230 V mai\u0146str\u0101va, 50 Hz, vienf\u0101zes, 2 kVA (citi spriegumi un frekvences pieejami p\u0113c piepras\u012bjuma);<\/li>\n<li>Izm\u0113ri: 1500 \u00d7 700 \u00d7 1900 mm;<\/li>\n<li>Svars: 140 kg.<\/li>\n<\/ul>\n<p><strong>Izgl\u012bt\u012bbas programma:<\/strong><\/p>\n<ul>\n<li>Proporcion\u0101l\u0101s, integr\u0101l\u0101s un atvasin\u0101t\u0101s (PID) vad\u012bbas anal\u012bze;<\/li>\n<li>Pl\u016bsmas un l\u012bme\u0146a m\u0113r\u012b\u0161anas ier\u012b\u010du izmanto\u0161ana;<\/li>\n<li>Procesa reakcijas un raksturlielumu izp\u0113te;<\/li>\n<li>Kontroles regul\u0113\u0161anas metodolo\u0123ijas;<\/li>\n<li>Sist\u0113mu apkope, izmantojot SCADA programmat\u016bru.<\/li>\n<\/ul>","protected":false},"excerpt":{"rendered":"<p><strong>Pl\u016bsmas un l\u012bme\u0146a kontroles stat\u012bvs Mod. FLC\/EV<\/strong> \u2013 ir r\u016bpniecisko procesu vad\u012bbas apm\u0101c\u012bbas sist\u0113ma, kas \u013cauj analiz\u0113t PID vad\u012bbas principus, m\u0113r\u012bt pl\u016bsmu un l\u012bmeni, k\u0101 ar\u012b uzraudz\u012bt sist\u0113mu, izmantojot SCADA programmat\u016bru. Iek\u0101rtas ietver pneimatiskos v\u0101rstus, PID regulatoru un datu ieguves sist\u0113mu.<\/p>","protected":false},"featured_media":21922,"template":"","meta":[],"product_cat":[79,1098],"product_tag":[],"class_list":{"0":"post-21920","1":"product","2":"type-product","3":"status-publish","4":"has-post-thumbnail","6":"product_cat-mokymo-priemones-ir-iranga","7":"product_cat-didaktine-iranga-techniniam-ugdymui","9":"first","10":"instock","11":"shipping-taxable","12":"product-type-simple"},"_links":{"self":[{"href":"https:\/\/labostera.lt\/lv\/wp-json\/wp\/v2\/product\/21920","targetHints":{"allow":["GET"]}}],"collection":[{"href":"https:\/\/labostera.lt\/lv\/wp-json\/wp\/v2\/product"}],"about":[{"href":"https:\/\/labostera.lt\/lv\/wp-json\/wp\/v2\/types\/product"}],"wp:featuredmedia":[{"embeddable":true,"href":"https:\/\/labostera.lt\/lv\/wp-json\/wp\/v2\/media\/21922"}],"wp:attachment":[{"href":"https:\/\/labostera.lt\/lv\/wp-json\/wp\/v2\/media?parent=21920"}],"wp:term":[{"taxonomy":"product_cat","embeddable":true,"href":"https:\/\/labostera.lt\/lv\/wp-json\/wp\/v2\/product_cat?post=21920"},{"taxonomy":"product_tag","embeddable":true,"href":"https:\/\/labostera.lt\/lv\/wp-json\/wp\/v2\/product_tag?post=21920"}],"curies":[{"name":"wp","href":"https:\/\/api.w.org\/{rel}","templated":true}]}}