{"id":21918,"date":"2024-12-18T11:22:07","date_gmt":"2024-12-18T08:22:07","guid":{"rendered":"http:\/\/labostera.lt\/?post_type=product&#038;p=21918"},"modified":"2024-12-18T11:24:17","modified_gmt":"2024-12-18T08:24:17","slug":"volumetriniu-siurbliu-testavimo-stendas","status":"publish","type":"product","link":"https:\/\/labostera.lt\/lv\/priemones-ir-iranga\/mokymo-priemones-ir-iranga\/volumetriniu-siurbliu-testavimo-stendas\/","title":{"rendered":"Testa stends tilpuma s\u016bk\u0146iem VP\/EV"},"content":{"rendered":"<p><strong>Testa stends tilpuma s\u016bk\u0146iem Mod. VP\/EV<\/strong> \u2013 ir m\u0101c\u012bbu iek\u0101rta, kas paredz\u0113ta da\u017e\u0101du tilpuma s\u016bk\u0146u tehnisko raksturlielumu izp\u0113tei. Sist\u0113ma \u013cauj veikt m\u0113r\u012bjumus da\u017e\u0101dos darb\u012bbas apst\u0101k\u013cos, un ieg\u016btos datus var viegli sal\u012bdzin\u0101t ar teor\u0113tiskajiem rezult\u0101tiem. Iek\u0101rta nodro\u0161ina iesp\u0113ju izm\u0113r\u012bt pl\u016bsmas \u0101trumu un spiedienu, regul\u0113t pl\u016bsmas \u0101trumu atbilsto\u0161i tilpuma izmai\u0146\u0101m, nov\u0113rt\u0113t s\u016bk\u0146a efektivit\u0101ti un p\u0101rbaud\u012bt dro\u0161\u012bbas sist\u0113mas ar kalibr\u0113tiem v\u0101rstiem.<\/p>\n<p><strong>Tehnisk\u0101s \u012bpa\u0161\u012bbas:<\/strong><\/p>\n<ul>\n<li><strong>S\u016bk\u0146i:<\/strong>\n<ul>\n<li><strong>Virzu\u013cs\u016bknis (P1):<\/strong>\n<ul>\n<li>Rot\u0101cijas \u0101trums: 1400 apgr.\/min<\/li>\n<li>Jauda: 0,37 kW<\/li>\n<li>Pl\u016bsmas \u0101trums: 9,2 l\/min<\/li>\n<li>Spiediens: 7 b\u0101ri<\/li>\n<\/ul>\n<\/li>\n<li><strong>Diafragmas s\u016bknis (P2):<\/strong>\n<ul>\n<li>Rot\u0101cijas \u0101trums: 1400 apgr.\/min<\/li>\n<li>Jauda: 0,37 kW<\/li>\n<li>Pl\u016bsmas \u0101trums: 36 l\/min<\/li>\n<li>Spiediens: 7 b\u0101ri<\/li>\n<\/ul>\n<\/li>\n<li><strong>Piedzi\u0146as s\u016bknis (P3):<\/strong>\n<ul>\n<li>Rot\u0101cijas \u0101trums: 1000 apgr.\/min<\/li>\n<li>Jauda: 0,37 kW<\/li>\n<li>Pl\u016bsmas \u0101trums: 6,3 l\/min<\/li>\n<li>Spiediens: 7 b\u0101ri<\/li>\n<\/ul>\n<\/li>\n<li><strong>E\u013c\u013cas s\u016bknis (P4):<\/strong>\n<ul>\n<li>Rot\u0101cijas \u0101trums: 1500 apgr.\/min<\/li>\n<li>Jauda: 0,37 kW<\/li>\n<li>Pl\u016bsmas \u0101trums: 4,7 l\/min<\/li>\n<li>Spiediens: 7 b\u0101ri<\/li>\n<\/ul>\n<\/li>\n<\/ul>\n<\/li>\n<li><strong>Apr\u012bkojums:<\/strong>\n<ul>\n<li>Rati\u0146u r\u0101mis ar rite\u0146iem;<\/li>\n<li>\u016adens padeves un sav\u0101k\u0161anas tvertne (50 l);<\/li>\n<li>Spiediena m\u0113r\u012bt\u0101js (0\u201310 b\u0101ri);<\/li>\n<li>Vienk\u0101r\u0161a kalibr\u0113ta tvertne pieg\u0101d\u0101t\u0101 \u0161\u0137idruma daudzuma m\u0113r\u012b\u0161anai;<\/li>\n<li>Vibr\u0101cijas sl\u0101p\u0113t\u0101js (vai gaisa sl\u016b\u017ea);<\/li>\n<li>Aizsargfiltri s\u016bk\u0161anas sist\u0113m\u0101;<\/li>\n<li>Dro\u0161\u012bbas v\u0101rsti padeves sist\u0113m\u0101;<\/li>\n<li>Elektriskie sl\u0113d\u017ei katram s\u016bknim.<\/li>\n<\/ul>\n<\/li>\n<li><strong>Baro\u0161anas avots:<\/strong>\n<ul>\n<li>400 V mai\u0146str\u0101va 50 Hz, tr\u012bsf\u0101\u017eu, 1,2 kVA (cits spriegums un frekvence pieejama p\u0113c piepras\u012bjuma).<\/li>\n<\/ul>\n<\/li>\n<\/ul>\n<p><strong>Izgl\u012bt\u012bbas programma:<\/strong><\/p>\n<ul>\n<li>Pl\u016bsmas \u0101truma un spiediena m\u0113r\u012b\u0161ana da\u017e\u0101dos darb\u012bbas apst\u0101k\u013cos;<\/li>\n<li>Pl\u016bsmas \u0101truma regul\u0113\u0161ana, pamatojoties uz tilpuma izmai\u0146\u0101m;<\/li>\n<li>S\u016bk\u0146a efektivit\u0101tes nov\u0113rt\u0113jums;<\/li>\n<li>Dro\u0161\u012bbas sist\u0113mas p\u0101rbaude, izmantojot kalibr\u0113tu v\u0101rstu.<\/li>\n<\/ul>\n<p><strong>Visp\u0101r\u012bgie parametri:<\/strong><\/p>\n<ul>\n<li>Izm\u0113ri: 550 \u00d7 750 \u00d7 1500 mm;<\/li>\n<li>Svars: 130 kg.<\/li>\n<\/ul>","protected":false},"excerpt":{"rendered":"<p><strong>Testa stends tilpuma s\u016bk\u0146iem Mod. VP\/EV<\/strong> \u013bauj izp\u0113t\u012bt da\u017e\u0101du s\u016bk\u0146u tehnisk\u0101s \u012bpa\u0161\u012bbas, m\u0113rot pl\u016bsmas \u0101trumu, spiedienu un piel\u0101gojot pl\u016bsmas \u0101trumu atbilsto\u0161i tilpuma izmai\u0146\u0101m. Stat\u012bva komplekt\u0101 ietilpst \u010detri s\u016bk\u0146i, vibr\u0101cijas sl\u0101p\u0113t\u0101js, dro\u0161\u012bbas filtri un dro\u0161\u012bbas v\u0101rsti.<\/p>","protected":false},"featured_media":21919,"template":"","meta":[],"product_cat":[79,1098],"product_tag":[],"class_list":{"0":"post-21918","1":"product","2":"type-product","3":"status-publish","4":"has-post-thumbnail","6":"product_cat-mokymo-priemones-ir-iranga","7":"product_cat-didaktine-iranga-techniniam-ugdymui","9":"first","10":"instock","11":"shipping-taxable","12":"product-type-simple"},"_links":{"self":[{"href":"https:\/\/labostera.lt\/lv\/wp-json\/wp\/v2\/product\/21918","targetHints":{"allow":["GET"]}}],"collection":[{"href":"https:\/\/labostera.lt\/lv\/wp-json\/wp\/v2\/product"}],"about":[{"href":"https:\/\/labostera.lt\/lv\/wp-json\/wp\/v2\/types\/product"}],"wp:featuredmedia":[{"embeddable":true,"href":"https:\/\/labostera.lt\/lv\/wp-json\/wp\/v2\/media\/21919"}],"wp:attachment":[{"href":"https:\/\/labostera.lt\/lv\/wp-json\/wp\/v2\/media?parent=21918"}],"wp:term":[{"taxonomy":"product_cat","embeddable":true,"href":"https:\/\/labostera.lt\/lv\/wp-json\/wp\/v2\/product_cat?post=21918"},{"taxonomy":"product_tag","embeddable":true,"href":"https:\/\/labostera.lt\/lv\/wp-json\/wp\/v2\/product_tag?post=21918"}],"curies":[{"name":"wp","href":"https:\/\/api.w.org\/{rel}","templated":true}]}}