{"id":21914,"date":"2024-12-18T11:13:25","date_gmt":"2024-12-18T08:13:25","guid":{"rendered":"http:\/\/labostera.lt\/?post_type=product&#038;p=21914"},"modified":"2024-12-18T11:18:36","modified_gmt":"2024-12-18T08:18:36","slug":"srauto-ir-slegio-kontroles-sistema-2","status":"publish","type":"product","link":"https:\/\/labostera.lt\/lv\/priemones-ir-iranga\/mokymo-priemones-ir-iranga\/srauto-ir-slegio-kontroles-sistema-2\/","title":{"rendered":"Pl\u016bsmas un spiediena kontroles sist\u0113ma REGA-F\/EV"},"content":{"rendered":"<p><strong>Pl\u016bsmas un spiediena kontroles sist\u0113ma Mod. REGA-F\/EV<\/strong> \u2013 ir moderna m\u0101c\u012bbu iek\u0101rta \u0161\u0137idrumu (\u016bdens) un g\u0101zu (gaisa) pl\u016bsmas un spiediena regul\u0113\u0161anas izp\u0113tei. \u0160\u012b sist\u0113ma ietver \u010detru veidu pl\u016bsmas m\u0113r\u012bt\u0101jus un sl\u0113gtu \u0137\u0113di ar tvertni un recirkul\u0101cijas s\u016bkni. SCADA programmat\u016bra \u013cauj uzraudz\u012bt un vad\u012bt sist\u0113mu, izmantojot datoru.<\/p>\n<p><strong>Tehnisk\u0101s \u012bpa\u0161\u012bbas:<\/strong><\/p>\n<ul>\n<li><strong>B\u016bvniec\u012bba:<\/strong>\n<ul>\n<li>R\u0101mis izgatavots no AISI 304 ner\u016bs\u0113jo\u0161\u0101 t\u0113rauda ar rite\u0146iem;<\/li>\n<li>80 litru tvertne no AISI 304 ner\u016bs\u0113jo\u0161\u0101 t\u0113rauda;<\/li>\n<li>Centrb\u0113dzes s\u016bknis (Q = 4 m\u00b3\/h, spiediens \u2013 30 m) ar ner\u016bs\u0113jo\u0161\u0101 t\u0113rauda korpusu un rotoru.<\/li>\n<\/ul>\n<\/li>\n<li><strong>M\u0113r\u012b\u0161anas ier\u012bces:<\/strong>\n<ul>\n<li>Venturi caurule, kas izgatavota no caursp\u012bd\u012bga Plexiglas\u00ae;<\/li>\n<li>Kalibr\u0113ta diafragma, kas izgatavota no AISI 304 ner\u016bs\u0113jo\u0161\u0101 t\u0113rauda;<\/li>\n<li>Elektronisks magn\u0113tisk\u0101s indukcijas pl\u016bsmas raid\u012bt\u0101js (AISI 316) ar 4\u201320 mA izejas sign\u0101lu;<\/li>\n<li>Elektronisks main\u0101ma diapazona pl\u016bsmas raid\u012bt\u0101js-indikators (AISI 316), diapazons 40\u20134000 l\/h, izejas sign\u0101ls 4\u201320 mA.<\/li>\n<\/ul>\n<\/li>\n<li><strong>Vad\u012bbas ier\u012bces:<\/strong>\n<ul>\n<li>2 pneimatiskie spiediena regul\u0113\u0161anas v\u0101rsti (AISI 316) dal\u012bta diapazona vad\u012bbai;<\/li>\n<li>Pneimatiskais pl\u016bsmas regul\u0113\u0161anas v\u0101rsts (AISI 316, Cv = 5);<\/li>\n<li>3 elektropneimatiskie p\u0101rveidot\u0101ji (4\u201320 mA \/ 0,2\u20131 bar);<\/li>\n<li>Elektronisks mikroprocesora PID regulators ar LCD displeju un seri\u0101lo saskarni.<\/li>\n<\/ul>\n<\/li>\n<li><strong>Dro\u0161\u012bba un uzraudz\u012bba:<\/strong>\n<ul>\n<li>IP55 panelis ar av\u0101rijas aptur\u0113\u0161anas pogu;<\/li>\n<li>SCADA programmat\u016bra (Windows) vad\u012bbas un datu ieguves funkcij\u0101m, re\u0101llaika un v\u0113sturisko datu anal\u012bzei.<\/li>\n<\/ul>\n<\/li>\n<\/ul>\n<p><strong>Izgl\u012bt\u012bbas programma:<\/strong><\/p>\n<ul>\n<li>Proporcion\u0101l\u0101s, integr\u0101l\u0101s un atvasin\u0101t\u0101s vad\u012bbas (PID) anal\u012bze;<\/li>\n<li>Spiediena un pl\u016bsmas m\u0113r\u012b\u0161anas ier\u012b\u010du darb\u012bba;<\/li>\n<li>Procesa reakciju un raksturlielumu anal\u012bze;<\/li>\n<li>Kontroliera regul\u0113\u0161anas metodes;<\/li>\n<li>\u0160\u0137idruma un g\u0101zes pl\u016bsmas un spiediena kontrole;<\/li>\n<li>Dal\u012bt\u0101 diapazona vad\u012bbas metodes;<\/li>\n<li>Sist\u0113mas uzraudz\u012bba, izmantojot SCADA.<\/li>\n<\/ul>\n<p><strong>Visp\u0101r\u012bgi dati:<\/strong><\/p>\n<ul>\n<li>Baro\u0161anas avots: 230 V mai\u0146str\u0101va, 50 Hz, vienf\u0101zes, 1,5 kVA;<\/li>\n<li>Izm\u0113ri: 2200 \u00d7 750 \u00d7 2000 mm;<\/li>\n<li>Svars: 250 kg.<\/li>\n<\/ul>\n<p><strong>Nepiecie\u0161amie resursi:<\/strong><\/p>\n<ul>\n<li>Saspiests gaiss: 1 Nm\u00b3\/h pie 6 bar instrumentiem, 50 Nm\u00b3\/h pie 6 bar, ja procesa \u0161\u0137idrums ir gaiss;<\/li>\n<li>\u016adensapg\u0101de: kr\u0101ns ar \u00bd collu savienojumu.<\/li>\n<\/ul>","protected":false},"excerpt":{"rendered":"<p><strong>Pl\u016bsmas un spiediena kontroles sist\u0113ma Mod. REGA-F\/EV<\/strong> \u2013 apm\u0101c\u012bbu apr\u012bkojums \u0161\u0137idrumu un g\u0101zu spiediena un pl\u016bsmas kontrolei. Sist\u0113ma ietver da\u017e\u0101dus pl\u016bsmas m\u0113r\u012bt\u0101jus, PID regulatoru un SCADA programmat\u016bru, kas \u013cauj uzraudz\u012bt un analiz\u0113t procesus re\u0101llaik\u0101.<\/p>","protected":false},"featured_media":21916,"template":"","meta":[],"product_cat":[79,1098],"product_tag":[],"class_list":{"0":"post-21914","1":"product","2":"type-product","3":"status-publish","4":"has-post-thumbnail","6":"product_cat-mokymo-priemones-ir-iranga","7":"product_cat-didaktine-iranga-techniniam-ugdymui","9":"first","10":"instock","11":"shipping-taxable","12":"product-type-simple"},"_links":{"self":[{"href":"https:\/\/labostera.lt\/lv\/wp-json\/wp\/v2\/product\/21914","targetHints":{"allow":["GET"]}}],"collection":[{"href":"https:\/\/labostera.lt\/lv\/wp-json\/wp\/v2\/product"}],"about":[{"href":"https:\/\/labostera.lt\/lv\/wp-json\/wp\/v2\/types\/product"}],"wp:featuredmedia":[{"embeddable":true,"href":"https:\/\/labostera.lt\/lv\/wp-json\/wp\/v2\/media\/21916"}],"wp:attachment":[{"href":"https:\/\/labostera.lt\/lv\/wp-json\/wp\/v2\/media?parent=21914"}],"wp:term":[{"taxonomy":"product_cat","embeddable":true,"href":"https:\/\/labostera.lt\/lv\/wp-json\/wp\/v2\/product_cat?post=21914"},{"taxonomy":"product_tag","embeddable":true,"href":"https:\/\/labostera.lt\/lv\/wp-json\/wp\/v2\/product_tag?post=21914"}],"curies":[{"name":"wp","href":"https:\/\/api.w.org\/{rel}","templated":true}]}}