{"id":21913,"date":"2024-12-18T11:13:22","date_gmt":"2024-12-18T08:13:22","guid":{"rendered":"http:\/\/labostera.lt\/?post_type=product&#038;p=21913"},"modified":"2024-12-18T11:19:16","modified_gmt":"2024-12-18T08:19:16","slug":"suspausto-oro-slegio-nuostoliu-tyrimo-irenginys","status":"publish","type":"product","link":"https:\/\/labostera.lt\/lv\/priemones-ir-iranga\/mokymo-priemones-ir-iranga\/suspausto-oro-slegio-nuostoliu-tyrimo-irenginys\/","title":{"rendered":"Saspiest\u0101 gaisa spiediena zuduma p\u0101rbaudes ier\u012bce ACPL\/EV"},"content":{"rendered":"<p><strong>Saspiest\u0101 gaisa spiediena zuduma p\u0101rbaudes ier\u012bce Mod. ACPL\/EV<\/strong> paredz\u0113ts spiediena zudumu anal\u012bzei saspiesta gaisa sist\u0113m\u0101s. \u0160\u012b ier\u012bce tiek izmantota kop\u0101 ar kompresoru testa stendiem, piem\u0113ram, VC-P\/EV, VC-PD\/EV, VC-S\/EV vai VC-V\/EV, un t\u0101 \u013cauj veikt apm\u0101c\u012bbas un kalibr\u0113\u0161anas testus.<\/p>\n<p><strong>Tehnisk\u0101s \u012bpa\u0161\u012bbas:<\/strong><\/p>\n<ul>\n<li><strong>M\u0113r\u012b\u0161anas apr\u012bkojums:<\/strong>\n<ul>\n<li>3 kalibr\u0113tas diafragmas atbilsto\u0161i UNI standartiem (maksim\u0101l\u0101 pl\u016bsma 300 l\/min), uzst\u0101d\u012btas 3\/4 collu caurul\u0113 ar drose\u013cv\u0101rstu un spiediena m\u0113r\u012b\u0161anas punktu;<\/li>\n<li>5 da\u017e\u0101da diametra, garuma un formas caurules ar drose\u013cv\u0101rstu un spiediena m\u0113r\u012b\u0161anas punktu spiediena zudumu m\u0113r\u012b\u0161anai, pamatojoties uz gaisa pl\u016bsmu.<\/li>\n<\/ul>\n<\/li>\n<li><strong>M\u0113rinstrumenti:<\/strong>\n<ul>\n<li>Gaisa pl\u016bsmas m\u0113r\u012bt\u0101js (regul\u0113\u0161anas diapazons no 0 l\u012bdz 25\u00a0000 l\/h);<\/li>\n<li>Diferenci\u0101lais U veida manometrs (no 0 l\u012bdz 300 mmHg) spiediena kritumu un diferenci\u0101l\u0101 spiediena m\u0113r\u012b\u0161anai;<\/li>\n<li>2 Pt100 termistori gaisa temperat\u016bras m\u0113r\u012b\u0161anai diafragm\u0101s un caurul\u0113s;<\/li>\n<li>2 Burdona tipa manometri (no 0 l\u012bdz 10 bar).<\/li>\n<\/ul>\n<\/li>\n<li><strong>Papildu funkcijas:<\/strong>\n<ul>\n<li>Spiediena samazin\u0101\u0161anas v\u0101rsts;<\/li>\n<li>Sp\u0113ja p\u0101rbaud\u012bt un kalibr\u0113t dro\u0161\u012bbas komponentus, piem\u0113ram, spiediena sl\u0113d\u017eus un pilotv\u0101rstus.<\/li>\n<\/ul>\n<\/li>\n<\/ul>\n<p><strong>Izgl\u012bt\u012bbas programma:<\/strong><\/p>\n<ul>\n<li>Dro\u0161\u012bbas komponentu (spiediena sl\u0113d\u017eu, pilotv\u0101rstu) test\u0113\u0161ana un kalibr\u0113\u0161ana;<\/li>\n<li>Spiediena zudumu m\u0113r\u012b\u0161ana da\u017e\u0101da veida cauru\u013cvados;<\/li>\n<li>Spiediena krituma anal\u012bze atkar\u012bb\u0101 no gaisa pl\u016bsmas intensit\u0101tes.<\/li>\n<\/ul>\n<p><strong>Izm\u0113ri un specifik\u0101cijas:<\/strong><\/p>\n<ul>\n<li>Izm\u0113ri: nav nor\u0101d\u012bti (atkar\u012bb\u0101 no izmantot\u0101 kompresora).<\/li>\n<li>Ener\u0123ijas avots: saspiests gaiss (nodro\u0161ina klients).<\/li>\n<\/ul>\n<p><strong>Nepiecie\u0161amie resursi:<\/strong><\/p>\n<ul>\n<li>Saspiests gaiss.<\/li>\n<li>Viens no \u0161\u0101diem kompresoru testa stendiem: VC-P\/EV, VC-PD\/EV, VC-S\/EV vai VC-V\/EV.<\/li>\n<\/ul>","protected":false},"excerpt":{"rendered":"<p><strong>Saspiest\u0101 gaisa spiediena zuduma p\u0101rbaudes ier\u012bce Mod. ACPL\/EV<\/strong> \u2013 ir apm\u0101c\u012bbas ier\u012bce, kas paredz\u0113ta spiediena krituma anal\u012bzei da\u017e\u0101d\u0101s saspiest\u0101 gaisa cauru\u013cvadu sist\u0113m\u0101s. Komplekt\u0101 ietilpst kalibr\u0113tas diafragmas, da\u017e\u0101du veidu caurules, k\u0101 ar\u012b spiediena un temperat\u016bras m\u0113r\u012b\u0161anas ier\u012bces. Izmanto ar kompresoru testa stendiem.<\/p>","protected":false},"featured_media":21917,"template":"","meta":[],"product_cat":[79,1098],"product_tag":[],"class_list":{"0":"post-21913","1":"product","2":"type-product","3":"status-publish","4":"has-post-thumbnail","6":"product_cat-mokymo-priemones-ir-iranga","7":"product_cat-didaktine-iranga-techniniam-ugdymui","9":"first","10":"instock","11":"shipping-taxable","12":"product-type-simple"},"_links":{"self":[{"href":"https:\/\/labostera.lt\/lv\/wp-json\/wp\/v2\/product\/21913","targetHints":{"allow":["GET"]}}],"collection":[{"href":"https:\/\/labostera.lt\/lv\/wp-json\/wp\/v2\/product"}],"about":[{"href":"https:\/\/labostera.lt\/lv\/wp-json\/wp\/v2\/types\/product"}],"wp:featuredmedia":[{"embeddable":true,"href":"https:\/\/labostera.lt\/lv\/wp-json\/wp\/v2\/media\/21917"}],"wp:attachment":[{"href":"https:\/\/labostera.lt\/lv\/wp-json\/wp\/v2\/media?parent=21913"}],"wp:term":[{"taxonomy":"product_cat","embeddable":true,"href":"https:\/\/labostera.lt\/lv\/wp-json\/wp\/v2\/product_cat?post=21913"},{"taxonomy":"product_tag","embeddable":true,"href":"https:\/\/labostera.lt\/lv\/wp-json\/wp\/v2\/product_tag?post=21913"}],"curies":[{"name":"wp","href":"https:\/\/api.w.org\/{rel}","templated":true}]}}