{"id":21910,"date":"2024-12-18T10:56:53","date_gmt":"2024-12-18T07:56:53","guid":{"rendered":"http:\/\/labostera.lt\/?post_type=product&#038;p=21910"},"modified":"2024-12-18T10:57:58","modified_gmt":"2024-12-18T07:57:58","slug":"dvieju-pakopu-stumoklinio-kompresoriaus-tyrimu-stendas","status":"publish","type":"product","link":"https:\/\/labostera.lt\/lv\/priemones-ir-iranga\/mokymo-priemones-ir-iranga\/dvieju-pakopu-stumoklinio-kompresoriaus-tyrimu-stendas\/","title":{"rendered":"Divpak\u0101pju virzu\u013ckompresora testa stends VC-PD\/EV"},"content":{"rendered":"<p><strong>Divpak\u0101pju virzu\u013ckompresora testa stends Mod. VC-PD\/EV<\/strong> \u2013 ir moderna apm\u0101c\u012bbas sist\u0113ma, kas \u013cauj analiz\u0113t divpak\u0101pju kompresora darb\u012bbas parametrus. \u0160is mobilais stat\u012bvs ar priek\u0161\u0113jo vad\u012bbas paneli ir apr\u012bkots ar visu nepiecie\u0161amo apr\u012bkojumu eksperimentiem un test\u0113\u0161anai.<\/p>\n<p><strong>Tehnisk\u0101s \u012bpa\u0161\u012bbas:<\/strong><\/p>\n<ul>\n<li><strong>Divpak\u0101pju virzu\u013ckompresors:<\/strong>\n<ul>\n<li>Divu cilindru konstrukcija ar elektromotoru un frekvences p\u0101rveidot\u0101ju;<\/li>\n<li>Gaisa pl\u016bsma: 450 l\/min (ies\u016bk\u0161anas apst\u0101k\u013cos);<\/li>\n<li>Maksim\u0101lais spiediens: 11 b\u0101ri.<\/li>\n<\/ul>\n<\/li>\n<li><strong>Dzes\u0113\u0161anas sist\u0113ma:<\/strong>\n<ul>\n<li>Divu cauru\u013cu sai\u0161\u0137u dzes\u0113t\u0101ja sist\u0113mas;<\/li>\n<li>Nomin\u0101l\u0101 gaisa pl\u016bsma: 1,2 m\u00b3\/min;<\/li>\n<li>Maksim\u0101lais darba spiediens: 16 b\u0101ri;<\/li>\n<li>Gaisa temperat\u016bra: 0 \u00f7 150 \u00b0C;<\/li>\n<li>\u016adens temperat\u016bra: 0 \u00f7 90 \u00b0C.<\/li>\n<\/ul>\n<\/li>\n<li><strong>Gaisa tvertne:<\/strong>\n<ul>\n<li>Tilpums: 200 l;<\/li>\n<li>Spiediena diapazons: 0 \u00f7 16 b\u0101ri;<\/li>\n<li>Regul\u0113jams spiediena sl\u0113dzis (1 \u00f7 11 bar);<\/li>\n<li>Dro\u0161\u012bbas un iztuk\u0161o\u0161anas v\u0101rsti.<\/li>\n<\/ul>\n<\/li>\n<li><strong>Vad\u012bbas un m\u0113r\u012b\u0161anas iek\u0101rtas:<\/strong>\n<ul>\n<li>Diferenci\u0101lais mikromanometrs gaisa pl\u016bsmas m\u0113r\u012b\u0161anai;<\/li>\n<li>Digit\u0101lie termometri iepl\u016bdes un izpl\u016bdes temperat\u016bras uzraudz\u012bbai;<\/li>\n<li>Digit\u0101lais multimetrs sprieguma, str\u0101vas un motora jaudas m\u0113r\u012b\u0161anai;<\/li>\n<li>Diferenci\u0101lais magnetotermiskais sl\u0113dzis.<\/li>\n<\/ul>\n<\/li>\n<\/ul>\n<p><strong>Izgl\u012bt\u012bbas programma:<\/strong><\/p>\n<ul>\n<li>Kompresora iedarbin\u0101\u0161ana un temperat\u016bras m\u0113r\u012b\u0161ana da\u017e\u0101dos saspie\u0161anas posmos;<\/li>\n<li>Dzes\u0113\u0161anas \u016bdens pl\u016bsmas m\u0113r\u012b\u0161ana un siltuma p\u0101rneses anal\u012bze;<\/li>\n<li>Iepl\u016bdes gaisa pl\u016bsmas noteik\u0161ana;<\/li>\n<li>Kompresora efektivit\u0101tes apr\u0113\u0137ins;<\/li>\n<li>Veiktsp\u0113jas anal\u012bze, mainot motora apgriezienus.<\/li>\n<\/ul>\n<p><strong>Izm\u0113ri un svars:<\/strong><\/p>\n<ul>\n<li>Izm\u0113ri: 2100 x 950 x 2000 mm<\/li>\n<li>Svars: aptuveni 415 kg<\/li>\n<\/ul>\n<p><strong>Lieto\u0161anai nepiecie\u0161amie resursi (nodro\u0161ina klients):<\/strong><\/p>\n<ul>\n<li>Baro\u0161ana: 230 V mai\u0146str\u0101va, 50 Hz, vienf\u0101zes \u2013 3 kVA;<\/li>\n<li>\u016adens padeve: 600 l\/h, 2 \u00f7 3 b\u0101ri.<\/li>\n<\/ul>","protected":false},"excerpt":{"rendered":"<p><strong>Divpak\u0101pju virzu\u013ckompresora testa stends Mod. VC-PD\/EV<\/strong> \u2013 ir mobila apm\u0101c\u012bbas sist\u0113ma kompresoru efektivit\u0101tes un veiktsp\u0113jas anal\u012bzei. Ier\u012bce \u013cauj izm\u0113r\u012bt temperat\u016bru, gaisa un \u016bdens pl\u016bsmas, apr\u0113\u0137in\u0101t siltuma p\u0101rnesi un kompresora darb\u012bbas parametrus, mainot \u0101trumu.<\/p>","protected":false},"featured_media":21911,"template":"","meta":[],"product_cat":[79,1098],"product_tag":[],"class_list":{"0":"post-21910","1":"product","2":"type-product","3":"status-publish","4":"has-post-thumbnail","6":"product_cat-mokymo-priemones-ir-iranga","7":"product_cat-didaktine-iranga-techniniam-ugdymui","9":"first","10":"instock","11":"shipping-taxable","12":"product-type-simple"},"_links":{"self":[{"href":"https:\/\/labostera.lt\/lv\/wp-json\/wp\/v2\/product\/21910","targetHints":{"allow":["GET"]}}],"collection":[{"href":"https:\/\/labostera.lt\/lv\/wp-json\/wp\/v2\/product"}],"about":[{"href":"https:\/\/labostera.lt\/lv\/wp-json\/wp\/v2\/types\/product"}],"wp:featuredmedia":[{"embeddable":true,"href":"https:\/\/labostera.lt\/lv\/wp-json\/wp\/v2\/media\/21911"}],"wp:attachment":[{"href":"https:\/\/labostera.lt\/lv\/wp-json\/wp\/v2\/media?parent=21910"}],"wp:term":[{"taxonomy":"product_cat","embeddable":true,"href":"https:\/\/labostera.lt\/lv\/wp-json\/wp\/v2\/product_cat?post=21910"},{"taxonomy":"product_tag","embeddable":true,"href":"https:\/\/labostera.lt\/lv\/wp-json\/wp\/v2\/product_tag?post=21910"}],"curies":[{"name":"wp","href":"https:\/\/api.w.org\/{rel}","templated":true}]}}