{"id":21906,"date":"2024-12-18T10:49:53","date_gmt":"2024-12-18T07:49:53","guid":{"rendered":"http:\/\/labostera.lt\/?post_type=product&#038;p=21906"},"modified":"2024-12-18T10:52:09","modified_gmt":"2024-12-18T07:52:09","slug":"kompiuterizuota-asinio-ventiliatoriaus-tyrimu-stotis","status":"publish","type":"product","link":"https:\/\/labostera.lt\/lv\/priemones-ir-iranga\/mokymo-priemones-ir-iranga\/kompiuterizuota-asinio-ventiliatoriaus-tyrimu-stotis\/","title":{"rendered":"Datoriz\u0113ta aksi\u0101lo ventilatoru test\u0113\u0161anas stacija Mod. AXD-FAN\/EV"},"content":{"rendered":"<p><strong>Datoriz\u0113ta aksi\u0101lo ventilatoru test\u0113\u0161anas stacija Mod. AXD-FAN\/EV<\/strong> \u2013 ir uzlabota apm\u0101c\u012bbas iek\u0101rta aksi\u0101lo ventilatoru veiktsp\u0113jas anal\u012bzei un parametru m\u0113r\u012b\u0161anai. \u0160\u012b sist\u0113ma \u013cauj studentiem un p\u0113tniekiem ieg\u016bt praktisku ieskatu \u0161\u0137idrumu meh\u0101nikas pamatos, izmantojot re\u0101l\u0101s pasaules datu anal\u012bzi un simul\u0101cijas.<\/p>\n<p><strong>Tehnisk\u0101s \u012bpa\u0161\u012bbas:<\/strong><br \/>\n<strong>Vad\u012bbas bloks:<\/strong><\/p>\n<ul>\n<li>Elektronisk\u0101 plate un invertori sign\u0101la ieejai\/izejai;<\/li>\n<li>Autonomais vai t\u0101lvad\u012bbas re\u017e\u012bms (izmantojot datoru, dators nav iek\u013cauts komplekt\u0101);<\/li>\n<li>USB saskarne savieno\u0161anai ar datoru;<\/li>\n<li>LCD displejs ar tastat\u016bru, kas \u013cauj kontrol\u0113t apgriezienus un uzraudz\u012bt:\n<ul>\n<li>Elektromotora spriegums un str\u0101vas pat\u0113ri\u0146\u0161;<\/li>\n<li>Apgriezienu skaits (apgr.\/min);<\/li>\n<li>Aksi\u0101lais griezes moments;<\/li>\n<li>Gaisa \u0101trums;<\/li>\n<li>Ventilatora rad\u012bt\u0101 spiediena starp\u012bba (izplat\u012bba).<\/li>\n<\/ul>\n<\/li>\n<\/ul>\n<p><strong>Datu v\u0101k\u0161anas un anal\u012bzes programmat\u016bra:<\/strong><br \/>\nProgrammat\u016bra autom\u0101tiski apkopo datus no integr\u0113tajiem sensoriem, \u013cauj uzraudz\u012bt parametrus re\u0101llaik\u0101 un nodro\u0161ina grafikus laika gait\u0101. Ir iesp\u0113jams ar\u012b simul\u0113t procesus, manu\u0101li ievadot datus. Programmat\u016bra ir paredz\u0113ta lieto\u0161anai ar Windows oper\u0113t\u0101jsist\u0113mu.<\/p>\n<p><strong>Baro\u0161anas avots:<\/strong><\/p>\n<ul>\n<li>230 V mai\u0146str\u0101va, 50 Hz, vienf\u0101zes \u2013 0,75 kVA<br \/>\n(Iesp\u0113ja piel\u0101got citu spriegumu un frekvenci p\u0113c piepras\u012bjuma).<\/li>\n<\/ul>\n<p><strong>Izm\u0113ri un svars:<\/strong><\/p>\n<ul>\n<li>Izm\u0113ri: 3000 x 600 x 1300 mm<\/li>\n<li>Svars: aptuveni 300 kg<\/li>\n<\/ul>","protected":false},"excerpt":{"rendered":"<p><strong>Datoriz\u0113ta aksi\u0101lo ventilatoru test\u0113\u0161anas stacija Mod. AXD-FAN\/EV<\/strong> \u2013 inovat\u012bva sist\u0113ma, kas \u013cauj analiz\u0113t ventilatora parametrus, piem\u0113ram, apgriezienus, gaisa \u0101trumu un induc\u0113to spiediena starp\u012bbu. Vad\u012bbas bloks un programmat\u016bra nodro\u0161ina prec\u012bzus m\u0113r\u012bjumus un re\u0101lu datu simul\u0101ciju, kas ir ide\u0101li piem\u0113rots m\u0101c\u012bbu un p\u0113tniec\u012bbas videi.<\/p>","protected":false},"featured_media":21907,"template":"","meta":[],"product_cat":[79,1098],"product_tag":[],"class_list":{"0":"post-21906","1":"product","2":"type-product","3":"status-publish","4":"has-post-thumbnail","6":"product_cat-mokymo-priemones-ir-iranga","7":"product_cat-didaktine-iranga-techniniam-ugdymui","9":"first","10":"instock","11":"shipping-taxable","12":"product-type-simple"},"_links":{"self":[{"href":"https:\/\/labostera.lt\/lv\/wp-json\/wp\/v2\/product\/21906","targetHints":{"allow":["GET"]}}],"collection":[{"href":"https:\/\/labostera.lt\/lv\/wp-json\/wp\/v2\/product"}],"about":[{"href":"https:\/\/labostera.lt\/lv\/wp-json\/wp\/v2\/types\/product"}],"wp:featuredmedia":[{"embeddable":true,"href":"https:\/\/labostera.lt\/lv\/wp-json\/wp\/v2\/media\/21907"}],"wp:attachment":[{"href":"https:\/\/labostera.lt\/lv\/wp-json\/wp\/v2\/media?parent=21906"}],"wp:term":[{"taxonomy":"product_cat","embeddable":true,"href":"https:\/\/labostera.lt\/lv\/wp-json\/wp\/v2\/product_cat?post=21906"},{"taxonomy":"product_tag","embeddable":true,"href":"https:\/\/labostera.lt\/lv\/wp-json\/wp\/v2\/product_tag?post=21906"}],"curies":[{"name":"wp","href":"https:\/\/api.w.org\/{rel}","templated":true}]}}