{"id":21904,"date":"2024-12-18T10:47:38","date_gmt":"2024-12-18T07:47:38","guid":{"rendered":"http:\/\/labostera.lt\/?post_type=product&#038;p=21904"},"modified":"2024-12-18T10:48:57","modified_gmt":"2024-12-18T07:48:57","slug":"centrifuginiu-siurbliu-bandomoji-stotis","status":"publish","type":"product","link":"https:\/\/labostera.lt\/lv\/priemones-ir-iranga\/mokymo-priemones-ir-iranga\/centrifuginiu-siurbliu-bandomoji-stotis\/","title":{"rendered":"Centrb\u0113dzes s\u016bk\u0146u testa stacija BCP\/EV"},"content":{"rendered":"<p><strong>Centrb\u0113dzes s\u016bk\u0146a testa stacija Mod. BCP\/EV<\/strong> \u2013 ir moderna, modul\u0101ra apm\u0101c\u012bbas iek\u0101rta, kas paredz\u0113ta 4 r\u016bpniecisko \u016bdens s\u016bk\u0146u funkcion\u0101lo raksturlielumu visaptvero\u0161ai p\u0101rbaudei. Viens mai\u0146str\u0101vas motors un invertors \u013cauj individu\u0101li vad\u012bt katru s\u016bkni, nodro\u0161inot precizit\u0101ti un elast\u012bbu eksperimentu veik\u0161an\u0101.<\/p>\n<p><strong>M\u0101c\u012bbu programma:<\/strong><br \/>\n\u0160\u012b stacija \u013cauj analiz\u0113t katru s\u016bkni atsevi\u0161\u0137i un ieg\u016bt \u0161\u0101dus parametrus:<\/p>\n<ul>\n<li>\u0100trums (apgr.\/min);<\/li>\n<li>Pl\u016bsmas \u0101trums;<\/li>\n<li>Spiediens pie izejas;<\/li>\n<li>Iepl\u016bdes spiediens;<\/li>\n<li>Elektroener\u0123ijas pat\u0113ri\u0146\u0161.<\/li>\n<\/ul>\n<p><strong>Tehnisk\u0101s specifik\u0101cijas:<\/strong><br \/>\n<strong>S\u016bk\u0146i:<\/strong><\/p>\n<ol>\n<li><strong>Daudzpak\u0101pju s\u016bknis (P1)<\/strong>\n<ul>\n<li>\u0100trums: 2900 apgr.\/min;<\/li>\n<li>Jauda: 0,55 kW;<\/li>\n<li>Pl\u016bsmas \u0101trums: 20 \u00f7 70 l\/min;<\/li>\n<li>\u0394H: 37,5 \u00f7 18 m.<\/li>\n<\/ul>\n<\/li>\n<li><strong>Turb\u012bnas tipa s\u016bknis (P2)<\/strong>\n<ul>\n<li>\u0100trums: 2900 apgr.\/min;<\/li>\n<li>Jauda: 0,3 kW;<\/li>\n<li>Pl\u016bsmas \u0101trums: 6,3 \u00f7 31,5 l\/min;<\/li>\n<li>\u0394H: 35 \u00f7 10 m.<\/li>\n<\/ul>\n<\/li>\n<li><strong>Pa\u0161uzs\u016bco\u0161s centrb\u0113dzes s\u016bknis (P3)<\/strong>\n<ul>\n<li>\u0100trums: 2900 apgr.\/min;<\/li>\n<li>Jauda: 0,45 kW;<\/li>\n<li>Pl\u016bsmas \u0101trums: 6,3 \u00f7 31,5 l\/min;<\/li>\n<li>\u0394H: 36 \u00f7 15 m.<\/li>\n<\/ul>\n<\/li>\n<li><strong>Centrb\u0113dzes s\u016bknis ar atv\u0113rtu l\u0101psti\u0146riteni (P4)<\/strong>\n<ul>\n<li>\u0100trums: 2900 apgr.\/min;<\/li>\n<li>Jauda: 0,3 kW;<\/li>\n<li>Pl\u016bsmas \u0101trums: 25 \u00f7 80 l\/min;<\/li>\n<li>\u0394H: 13,3 \u00f7 9 m.<\/li>\n<\/ul>\n<\/li>\n<\/ol>\n<p><strong>Strukt\u016bra:<\/strong><\/p>\n<ul>\n<li>Ner\u016bs\u0113jo\u0161\u0101 t\u0113rauda konstrukcija ar ritenti\u0146iem;<\/li>\n<li>100 litru ner\u016bs\u0113jo\u0161\u0101 t\u0113rauda tvertne (SA) ar nosl\u0113gv\u0101rstu, kas \u013cauj veikt testus ar s\u016bk\u0146iem virs un zem \u016bdens l\u012bme\u0146a.<\/li>\n<\/ul>\n<p><strong>Papildu opcijas (p\u0113c izv\u0113les):<\/strong><\/p>\n<ul>\n<li>Kalibr\u0113ta ner\u016bs\u0113jo\u0161\u0101 t\u0113rauda tvertne (40 l) ar p\u0101rpl\u016bdes funkciju un m\u0113r\u012b\u0161anas skalu;<\/li>\n<li>Spiediena m\u0113r\u012bt\u0101ji ies\u016bk\u0161anas un izpl\u016bdes pus\u0113m;<\/li>\n<li>Pl\u016bsmas kontroles v\u0101rsts (VR);<\/li>\n<li>Vad\u012bbas un uzraudz\u012bbas panelis ar digit\u0101lo voltmetru, amp\u0113rmetru, \u0101truma regulatoru un taimeri.<\/li>\n<\/ul>\n<p><strong>Nepiecie\u0161amie resursi (ko nodro\u0161ina lietot\u0101js):<\/strong><\/p>\n<ul>\n<li>Baro\u0161ana: 400 V mai\u0146str\u0101va, 50 Hz, 1 kVA (citas versijas pieejamas p\u0113c piepras\u012bjuma);<\/li>\n<li>\u016adensapg\u0101de: 60 litru tvertnes uzpild\u012b\u0161anai.<\/li>\n<\/ul>\n<p><strong>Izm\u0113ri un svars:<\/strong><\/p>\n<ul>\n<li>Izm\u0113ri: 2000 x 850 x 1950 mm;<\/li>\n<li>Svars: 300 kg.<\/li>\n<\/ul>","protected":false},"excerpt":{"rendered":"<p><strong>Centrb\u0113dzes s\u016bk\u0146a testa stacija Mod. BCP\/EV<\/strong> ir uzlabota modul\u0101ra sist\u0113ma, kas \u013cauj p\u0101rbaud\u012bt un analiz\u0113t r\u016bpniecisko s\u016bk\u0146u \u0101trumu, pl\u016bsmu, spiedienu un ener\u0123ijas pat\u0113ri\u0146u. Prec\u012bz\u0101s m\u0113r\u012b\u0161anas iesp\u0113jas un viegli lietojam\u0101 sist\u0113ma ir ide\u0101li piem\u0113rota m\u0101c\u012bbu un p\u0113tniec\u012bbas laboratorij\u0101m.<\/p>","protected":false},"featured_media":21905,"template":"","meta":[],"product_cat":[79,1098],"product_tag":[],"class_list":{"0":"post-21904","1":"product","2":"type-product","3":"status-publish","4":"has-post-thumbnail","6":"product_cat-mokymo-priemones-ir-iranga","7":"product_cat-didaktine-iranga-techniniam-ugdymui","9":"first","10":"instock","11":"shipping-taxable","12":"product-type-simple"},"_links":{"self":[{"href":"https:\/\/labostera.lt\/lv\/wp-json\/wp\/v2\/product\/21904","targetHints":{"allow":["GET"]}}],"collection":[{"href":"https:\/\/labostera.lt\/lv\/wp-json\/wp\/v2\/product"}],"about":[{"href":"https:\/\/labostera.lt\/lv\/wp-json\/wp\/v2\/types\/product"}],"wp:featuredmedia":[{"embeddable":true,"href":"https:\/\/labostera.lt\/lv\/wp-json\/wp\/v2\/media\/21905"}],"wp:attachment":[{"href":"https:\/\/labostera.lt\/lv\/wp-json\/wp\/v2\/media?parent=21904"}],"wp:term":[{"taxonomy":"product_cat","embeddable":true,"href":"https:\/\/labostera.lt\/lv\/wp-json\/wp\/v2\/product_cat?post=21904"},{"taxonomy":"product_tag","embeddable":true,"href":"https:\/\/labostera.lt\/lv\/wp-json\/wp\/v2\/product_tag?post=21904"}],"curies":[{"name":"wp","href":"https:\/\/api.w.org\/{rel}","templated":true}]}}