{"id":21902,"date":"2024-12-18T10:43:50","date_gmt":"2024-12-18T07:43:50","guid":{"rendered":"http:\/\/labostera.lt\/?post_type=product&#038;p=21902"},"modified":"2024-12-18T10:46:21","modified_gmt":"2024-12-18T07:46:21","slug":"atvirkstines-osmozes-bandomoji-stotis","status":"publish","type":"product","link":"https:\/\/labostera.lt\/lv\/priemones-ir-iranga\/mokymo-priemones-ir-iranga\/atvirkstines-osmozes-bandomoji-stotis\/","title":{"rendered":"Revers\u0101s osmozes pilotstacija"},"content":{"rendered":"<p><strong>Revers\u0101s osmozes pilotstacija Mod. OI\/EV un OIa\/EV<\/strong> ir modernas apm\u0101c\u012bbas un p\u0113tniec\u012bbas iek\u0101rtas, kas \u013cauj analiz\u0113t un optimiz\u0113t revers\u0101s osmozes procesu. \u0160\u012b tehnolo\u0123ija, pielietojot spiedien\u0101, kas p\u0101rsniedz osmotisko spiedienu, \u013cauj \u0161\u0137\u012bdumam iziet cauri puscaurlaid\u012bgai membr\u0101nai, lai no\u0146emtu \u0161\u0137\u012bsto\u0161\u0101s vielas un nodro\u0161in\u0101tu \u016bdens att\u012br\u012b\u0161anu vai s\u0101ls\u016bdens ats\u0101\u013co\u0161anu.<\/p>\n<p><strong>M\u0101c\u012bbu programma:<\/strong><br \/>\nIer\u012bce \u013cauj p\u0113t\u012bt \u0161\u0101dus procesus:<\/p>\n<ul>\n<li>Darba spiediena ietekme;<\/li>\n<li>Iepl\u016bdes pl\u016bsmas \u0101truma ietekme;<\/li>\n<li>UV gaismas steriliz\u0101cijas ietekme uz nopl\u016bdi;<\/li>\n<li>Koncentr\u0113ta un nopl\u016bdu\u0161a \u0161\u0137\u012bduma attiec\u012bba;<\/li>\n<li>Revers\u0101s osmozes procesa optimiz\u0101cija;<\/li>\n<li>Autom\u0101tiska PID vad\u012bba (tikai mod. OIa\/EV);<\/li>\n<li>Ier\u012bces apkope un vad\u012bba, izmantojot datoru (tikai Mod. OIa\/EV).<\/li>\n<\/ul>\n<p><strong>Tehnisk\u0101s \u012bpa\u0161\u012bbas:<\/strong><\/p>\n<ul>\n<li>AISI 304 ner\u016bs\u0113jo\u0161\u0101 t\u0113rauda konstrukcija ar ritenti\u0146iem;<\/li>\n<li>AISI 316 ner\u016bs\u0113jo\u0161\u0101 t\u0113rauda padeves tvertne, tilpums \u2013 90 l;<\/li>\n<li>AISI 316 ner\u016bs\u0113jo\u0161\u0101 t\u0113rauda p\u0101rpl\u016bdes tvertne, tilpums \u2013 60 l;<\/li>\n<li>AISI 316 ner\u016bs\u0113jo\u0161\u0101 t\u0113rauda virzu\u013cs\u016bknis ar mikrofiltru (5 \u00b5), pl\u016bsmas \u0101trums no 0 l\u012bdz 700 l\/h, Pmax = 60 bar;<\/li>\n<li>Magn\u0113tisk\u0101s piedzi\u0146as zobratu s\u016bknis pl\u016bsmas p\u0101rne\u0161anai uz UV lampu;<\/li>\n<li>Dro\u0161\u012bbas spiediena sl\u0113dzis;<\/li>\n<li>Osmozes membr\u0101na ar AISI 316 ner\u016bs\u0113jo\u0161\u0101 t\u0113rauda korpusu;<\/li>\n<li>AISI 304 ner\u016bs\u0113jo\u0161\u0101 t\u0113rauda Burdona spiediena m\u0113r\u012bt\u0101js, diapazons no 0 l\u012bdz 60 bar;<\/li>\n<li>Main\u012bga laukuma pl\u016bsmas m\u0113r\u012bt\u0101ji:\n<ul>\n<li>20\u2013200 l\/h (tikai Mod. OI\/EV);<\/li>\n<li>80\u2013800 l\/h (tikai Mod. OI\/EV);<\/li>\n<li>100\u20131000 l\/h (tikai Mod. OI\/EV);<\/li>\n<\/ul>\n<\/li>\n<li>UV lampa caurpl\u016bdes steriliz\u0101cijai;<\/li>\n<li>Mikroprocesora vad\u012btsp\u0113jas m\u0113r\u012bt\u0101js ar ner\u016bs\u0113jo\u0161\u0101 t\u0113rauda sensoru, diapazons no 0 l\u012bdz 2000 \u00b5S\/cm;<\/li>\n<li>AISI 304 un 316 ner\u016bs\u0113jo\u0161\u0101 t\u0113rauda veidgabali un v\u0101rsti;<\/li>\n<li>IP55 aizsardz\u012bbas klases vad\u012bbas panelis ar CE mar\u0137\u0113jumu un av\u0101rijas pogu;<\/li>\n<li>Windows apkopes programmat\u016bra (tikai Mod. OIa\/EV), kas \u013cauj uzraudz\u012bt re\u0101llaika un v\u0113sturiskos datus, kontrol\u0113t IESL\u0112G\u0160ANAS\/IZSL\u0112G\u0160ANAS sign\u0101lus un analogos parametrus.<\/li>\n<\/ul>\n<p><strong>Izm\u0113ri un baro\u0161anas avots:<\/strong><\/p>\n<ul>\n<li>Izm\u0113ri: 1700 x 700 x 2080 mm;<\/li>\n<li>Svars: 250 kg;<\/li>\n<\/ul>","protected":false},"excerpt":{"rendered":"<p><strong>Revers\u0101s osmozes pilotstacija Mod. OI\/EV un OIa\/EV<\/strong> \u2013 uzlabota sist\u0113ma, kas \u013cauj p\u0113t\u012bt un optimiz\u0113t revers\u0101s osmozes procesu. Iek\u0101rtas nodro\u0161ina efekt\u012bvu \u016bdens ats\u0101\u013co\u0161anu, notek\u016bde\u0146u att\u012br\u012b\u0161anu un \u0161\u0137\u012bduma koncentr\u0113\u0161anu. Autom\u0101tiska PID kontrole un UV steriliz\u0101cija nodro\u0161ina pla\u0161as pielietojuma iesp\u0113jas laboratorij\u0101m un izgl\u012bt\u012bbas iest\u0101d\u0113m.<\/p>","protected":false},"featured_media":21903,"template":"","meta":[],"product_cat":[79,1098],"product_tag":[],"class_list":{"0":"post-21902","1":"product","2":"type-product","3":"status-publish","4":"has-post-thumbnail","6":"product_cat-mokymo-priemones-ir-iranga","7":"product_cat-didaktine-iranga-techniniam-ugdymui","9":"first","10":"instock","11":"shipping-taxable","12":"product-type-simple"},"_links":{"self":[{"href":"https:\/\/labostera.lt\/lv\/wp-json\/wp\/v2\/product\/21902","targetHints":{"allow":["GET"]}}],"collection":[{"href":"https:\/\/labostera.lt\/lv\/wp-json\/wp\/v2\/product"}],"about":[{"href":"https:\/\/labostera.lt\/lv\/wp-json\/wp\/v2\/types\/product"}],"wp:featuredmedia":[{"embeddable":true,"href":"https:\/\/labostera.lt\/lv\/wp-json\/wp\/v2\/media\/21903"}],"wp:attachment":[{"href":"https:\/\/labostera.lt\/lv\/wp-json\/wp\/v2\/media?parent=21902"}],"wp:term":[{"taxonomy":"product_cat","embeddable":true,"href":"https:\/\/labostera.lt\/lv\/wp-json\/wp\/v2\/product_cat?post=21902"},{"taxonomy":"product_tag","embeddable":true,"href":"https:\/\/labostera.lt\/lv\/wp-json\/wp\/v2\/product_tag?post=21902"}],"curies":[{"name":"wp","href":"https:\/\/api.w.org\/{rel}","templated":true}]}}