{"id":21900,"date":"2024-12-18T10:41:56","date_gmt":"2024-12-18T07:41:56","guid":{"rendered":"http:\/\/labostera.lt\/?post_type=product&#038;p=21900"},"modified":"2024-12-18T10:43:47","modified_gmt":"2024-12-18T07:43:47","slug":"filtro-presas-ir-mikrofiltravimo-bandomoji-stotis","status":"publish","type":"product","link":"https:\/\/labostera.lt\/lv\/priemones-ir-iranga\/mokymo-priemones-ir-iranga\/filtro-presas-ir-mikrofiltravimo-bandomoji-stotis\/","title":{"rendered":"Filtra prese un mikrofiltr\u0101cijas testa stacija FP-1S\/EV"},"content":{"rendered":"<p><strong>Filtra prese un mikrofiltr\u0101cijas testa stacija FP-1S\/EV<\/strong> \u2013 moderna sist\u0113ma da\u017e\u0101du filtr\u0101cijas procesu izp\u0113tei. \u0160\u012b stacija \u013cauj model\u0113t un analiz\u0113t gan tie\u0161o filtr\u0101ciju (filtra prese), gan tangenci\u0101lo filtr\u0101ciju (mikrofiltrs). Iek\u0101rta ir apr\u012bkota ar PID regulatoru, kas \u013cauj uztur\u0113t nemain\u012bgu pl\u016bsmas \u0101trumu vai spiedienu, un uzraudz\u012bbas programmat\u016bra nodro\u0161ina t\u0101lvad\u012bbu, izmantojot datoru.<\/p>\n<p><strong>M\u0101c\u012bbu programma:<\/strong><br \/>\nStacija sniedz iesp\u0113ju p\u0113t\u012bt \u0161\u0101dus procesus un parametrus:<\/p>\n<ul>\n<li>Tie\u0161a filtr\u0113\u0161ana, izmantojot filtrpresi;<\/li>\n<li>Tangenci\u0101l\u0101 filtr\u0113\u0161ana, izmantojot mikrofiltru;<\/li>\n<li>Filtr\u0113\u0161anas raksturlielumu vien\u0101dojums;<\/li>\n<li>Filtr\u0113\u0161ana pie nemain\u012bgas pl\u016bsmas vai spiediena;<\/li>\n<li>Ier\u012bces darb\u012bbas parametru att\u0113lo\u0161ana shematisk\u0101 pl\u0101n\u0101 re\u0101llaik\u0101;<\/li>\n<li>Autom\u0101tiska pl\u016bsmas un spiediena kontrole, izmantojot PID regulatoru;<\/li>\n<li>Sist\u0113mas uztur\u0113\u0161ana, izmantojot datoru.<\/li>\n<\/ul>\n<p><strong>Tehnisk\u0101s \u012bpa\u0161\u012bbas:<\/strong><\/p>\n<ul>\n<li>AISI 304 ner\u016bs\u0113jo\u0161\u0101 t\u0113rauda konstrukcija ar ritenti\u0146iem;<\/li>\n<li>100 l AISI 304 ner\u016bs\u0113jo\u0161\u0101 t\u0113rauda padeves tvertne ar mais\u012b\u0161anas sist\u0113mu, ko kontrol\u0113 iegremd\u0113jams s\u016bknis;<\/li>\n<li>100 l AISI 304 ner\u016bs\u0113jo\u0161\u0101 t\u0113rauda sav\u0101k\u0161anas tvertne filtr\u0113tam \u016bdenim;<\/li>\n<li>Skr\u016bvju padeves s\u016bknis ar elektronisko frekvences p\u0101rveidot\u0101ju;<\/li>\n<li>Ner\u016bs\u0113jo\u0161\u0101 t\u0113rauda magn\u0113tiskais pl\u016bsmas m\u0113r\u012bt\u0101js ar 4\u201320 mA izejas sign\u0101lu;<\/li>\n<li>3 elektroniski spiediena sensori no ner\u016bs\u0113jo\u0161\u0101 t\u0113rauda ar 4\u201320 mA izejas sign\u0101lu;<\/li>\n<li>2 dro\u0161\u012bbas spiediena sl\u0113d\u017ei;<\/li>\n<li>Filtra prese, kas izgatavota no AISI 304 ner\u016bs\u0113jo\u0161\u0101 t\u0113rauda ar caursp\u012bd\u012bgiem Plexiglas r\u0101mjiem, kas \u013cauj nov\u0113rot procesu;<\/li>\n<li>Mikrofiltrs ar AISI 316 ner\u016bs\u0113jo\u0161\u0101 t\u0113rauda korpusu;<\/li>\n<li>Elektronisks du\u013c\u0137ain\u012bbas m\u0113r\u012bt\u0101js ar 4\u201320 mA izeju;<\/li>\n<li>Digit\u0101lais PID regulators ar mikroprocesoru un seri\u0101lo karti;<\/li>\n<li>IP55 atbilsto\u0161s vad\u012bbas panelis ar CE mar\u0137\u0113jumu un sinoptisku vad\u012bbu;<\/li>\n<li>AISI 304 un AISI 316 ner\u016bs\u0113jo\u0161\u0101 t\u0113rauda cauru\u013cvadi un v\u0101rsti;<\/li>\n<li>Av\u0101rijas poga;<\/li>\n<li>\u201eWindows apkopes programmat\u016bra, kas \u013cauj kontrol\u0113t iesl\u0113g\u0161anas\/izsl\u0113g\u0161anas sign\u0101lus, uzraudz\u012bt PID regulatora analogos sign\u0101lus un analiz\u0113t re\u0101llaika un v\u0113sturiskos datus.<\/li>\n<\/ul>\n<p><strong>Izm\u0113ri un baro\u0161anas avots:<\/strong><\/p>\n<ul>\n<li>Izm\u0113ri: 1500 \u00d7 670 \u00d7 1900 mm;<\/li>\n<li>Svars: 150 kg;<\/li>\n<\/ul>","protected":false},"excerpt":{"rendered":"<p><strong>Filtra prese un mikrofiltr\u0101cijas testa stacija FP-1S\/EV<\/strong> \u2013 univers\u0101ls apr\u012bkojums, kas \u013cauj simul\u0113t tie\u0161o un tangenci\u0101lo filtr\u0101ciju. Sist\u0113mai ir automatiz\u0113ta PID vad\u012bba, prec\u012bzi skait\u012bt\u0101ji un iesp\u0113ja uzraudz\u012bt darb\u012bbas parametrus re\u0101llaik\u0101, izmantojot datoru. Ide\u0101li piem\u0113rots filtr\u0101cijas procesu anal\u012bzei un optimiz\u0113\u0161anai.<\/p>","protected":false},"featured_media":21901,"template":"","meta":[],"product_cat":[79,1098],"product_tag":[],"class_list":{"0":"post-21900","1":"product","2":"type-product","3":"status-publish","4":"has-post-thumbnail","6":"product_cat-mokymo-priemones-ir-iranga","7":"product_cat-didaktine-iranga-techniniam-ugdymui","9":"first","10":"instock","11":"shipping-taxable","12":"product-type-simple"},"_links":{"self":[{"href":"https:\/\/labostera.lt\/lv\/wp-json\/wp\/v2\/product\/21900","targetHints":{"allow":["GET"]}}],"collection":[{"href":"https:\/\/labostera.lt\/lv\/wp-json\/wp\/v2\/product"}],"about":[{"href":"https:\/\/labostera.lt\/lv\/wp-json\/wp\/v2\/types\/product"}],"wp:featuredmedia":[{"embeddable":true,"href":"https:\/\/labostera.lt\/lv\/wp-json\/wp\/v2\/media\/21901"}],"wp:attachment":[{"href":"https:\/\/labostera.lt\/lv\/wp-json\/wp\/v2\/media?parent=21900"}],"wp:term":[{"taxonomy":"product_cat","embeddable":true,"href":"https:\/\/labostera.lt\/lv\/wp-json\/wp\/v2\/product_cat?post=21900"},{"taxonomy":"product_tag","embeddable":true,"href":"https:\/\/labostera.lt\/lv\/wp-json\/wp\/v2\/product_tag?post=21900"}],"curies":[{"name":"wp","href":"https:\/\/api.w.org\/{rel}","templated":true}]}}