{"id":21898,"date":"2024-12-17T18:19:16","date_gmt":"2024-12-17T15:19:16","guid":{"rendered":"http:\/\/labostera.lt\/?post_type=product&#038;p=21898"},"modified":"2024-12-17T18:22:21","modified_gmt":"2024-12-17T15:22:21","slug":"koaguliacijos-flokuliacijos-ir-nusodinimo-bandomoji-stotis-fse-ev","status":"publish","type":"product","link":"https:\/\/labostera.lt\/lv\/priemones-ir-iranga\/mokymo-priemones-ir-iranga\/koaguliacijos-flokuliacijos-ir-nusodinimo-bandomoji-stotis-fse-ev\/","title":{"rendered":"Koagul\u0101cijas, flokul\u0101cijas un sediment\u0101cijas testa stacija FSE\/EV"},"content":{"rendered":"<p><strong>Koagul\u0101cijas, flokul\u0101cijas un sediment\u0101cijas testa stacija FSE\/EV<\/strong> \u2013 uzlabota sist\u0113ma \u016bdens att\u012br\u012b\u0161anas procesu model\u0113\u0161anai un optimiz\u0113\u0161anai. \u0160\u012b iek\u0101rta \u013cauj p\u0113t\u012bt koagul\u0101cijas, flokul\u0101cijas un sediment\u0101cijas procesus atsevi\u0161\u0137i vai kop\u0101, izmantojot prec\u012bzus tehnolo\u0123iskos r\u012bkus. Mod. FSEa\/EV versijai ir autom\u0101tiska PID vad\u012bba un parametru att\u0101lin\u0101ta uzraudz\u012bba, izmantojot specializ\u0113tu programmat\u016bru.<\/p>\n<p><strong>M\u0101c\u012bbu programma:<\/strong><br \/>\n\u0160\u012b sist\u0113ma \u013cauj analiz\u0113t \u0161\u0101dus aspektus:<\/p>\n<ul>\n<li>Koagul\u0101cijas process;<\/li>\n<li>Flokul\u0101cijas process;<\/li>\n<li>Paral\u0113l\u0101 un pretparal\u0113l\u0101 nogulsn\u0113\u0161an\u0101s;<\/li>\n<li>Koagulantu un flokulantu \u012bpa\u0161\u012bbas;<\/li>\n<li>Koagul\u0101cijas, flokul\u0101cijas un sediment\u0101cijas procesu optimiz\u0101cija;<\/li>\n<li>Autom\u0101tiska PID vad\u012bba (tikai Mod. FSEa\/EV);<\/li>\n<li>Att\u0101lin\u0101ta sist\u0113mas apkope (tikai Mod. FSEa\/EV).<\/li>\n<\/ul>\n<p><strong>Tehnisk\u0101s \u012bpa\u0161\u012bbas:<\/strong><\/p>\n<ul>\n<li>AISI 304 ner\u016bs\u0113jo\u0161\u0101 t\u0113rauda konstrukcija ar ritenti\u0146iem;<\/li>\n<li>Caursp\u012bd\u012bga cilindriska padeves tvertne (300 l) ar iegremd\u0113jamu s\u016bkni;<\/li>\n<li>Caursp\u012bd\u012bgs koagulanta konteiners (60 l);<\/li>\n<li>Stikla flokulanta trauks (0,5 l) ar sild\u012b\u0161anas pl\u0101ksni un magn\u0113tisko mais\u012bt\u0101ju;<\/li>\n<li>Koagul\u0101cijas reaktors, kas izgatavots no borsilik\u0101ta stikla (30 l), ar motoriz\u0113tu mais\u012bt\u0101ju (0\u2013300 apgr.\/min);<\/li>\n<li>Borsilik\u0101ta stikla flokul\u0101cijas reaktors (8 l) ar motoriz\u0113tu mais\u012bt\u0101ju (0\u2013100 apgr.\/min);<\/li>\n<li>Taisnst\u016brveida sediment\u0101cijas tvertne, kas izgatavota no caursp\u012bd\u012bga metakril\u0101ta, ar konisku dibenu un p\u0101rvietojam\u0101m pl\u0101ksn\u0113m paral\u0113lai un pret\u0113jai sediment\u0101cijai;<\/li>\n<li>Bar\u012bbas pl\u016bsmas m\u0113r\u012bt\u0101js (30\u2013300 l\/h);<\/li>\n<li>Koagulanta pl\u016bsmas m\u0113r\u012bt\u0101js (2\u201320 l\/h);<\/li>\n<li>Padeves skr\u016bves s\u016bknis (AISI 316) ar frekvences p\u0101rveidot\u0101ju, pl\u016bsmas \u0101trums l\u012bdz 200 l\/h;<\/li>\n<li>AISI 316 zobratu koagulanta s\u016bknis, pl\u016bsmas \u0101trums l\u012bdz 50 l\/h;<\/li>\n<li>Flokulanta doz\u0113\u0161anas s\u016bknis, pl\u016bsmas \u0101trums l\u012bdz 200 ml\/h;<\/li>\n<li>IP55 vad\u012bbas panelis ar CE mar\u0137\u0113jumu un sinoptisko vad\u012bbu.<\/li>\n<\/ul>\n<p><strong>Izm\u0113ri un baro\u0161anas avots:<\/strong><\/p>\n<ul>\n<li>Izm\u0113ri: 1800 \u00d7 800 \u00d7 2700 mm;<\/li>\n<li>Svars: 300 kg;<\/li>\n<li>Baro\u0161anas spriegums: 230 V, 50 Hz, 1 kVA (cits spriegums p\u0113c piepras\u012bjuma).<\/li>\n<\/ul>","protected":false},"excerpt":{"rendered":"<p><strong>Koagul\u0101cijas, flokul\u0101cijas un sediment\u0101cijas testa stacija FSE\/EV<\/strong> \u2013 iek\u0101rtas \u016bdens att\u012br\u012b\u0161anas procesu optimiz\u0113\u0161anai, kas \u013cauj simul\u0113t koagul\u0101ciju, flokul\u0101ciju un paral\u0113lo vai pretkoagul\u0101ciju. Ar caursp\u012bd\u012bg\u0101m tvertn\u0113m, prec\u012bziem s\u016bk\u0146iem un viedajiem skait\u012bt\u0101jiem \u0161\u012b stacija nodro\u0161ina uzticamus p\u0113t\u012bjumus un parametru anal\u012bzi.<\/p>","protected":false},"featured_media":21899,"template":"","meta":[],"product_cat":[79,1098],"product_tag":[],"class_list":{"0":"post-21898","1":"product","2":"type-product","3":"status-publish","4":"has-post-thumbnail","6":"product_cat-mokymo-priemones-ir-iranga","7":"product_cat-didaktine-iranga-techniniam-ugdymui","9":"first","10":"instock","11":"shipping-taxable","12":"product-type-simple"},"_links":{"self":[{"href":"https:\/\/labostera.lt\/lv\/wp-json\/wp\/v2\/product\/21898","targetHints":{"allow":["GET"]}}],"collection":[{"href":"https:\/\/labostera.lt\/lv\/wp-json\/wp\/v2\/product"}],"about":[{"href":"https:\/\/labostera.lt\/lv\/wp-json\/wp\/v2\/types\/product"}],"wp:featuredmedia":[{"embeddable":true,"href":"https:\/\/labostera.lt\/lv\/wp-json\/wp\/v2\/media\/21899"}],"wp:attachment":[{"href":"https:\/\/labostera.lt\/lv\/wp-json\/wp\/v2\/media?parent=21898"}],"wp:term":[{"taxonomy":"product_cat","embeddable":true,"href":"https:\/\/labostera.lt\/lv\/wp-json\/wp\/v2\/product_cat?post=21898"},{"taxonomy":"product_tag","embeddable":true,"href":"https:\/\/labostera.lt\/lv\/wp-json\/wp\/v2\/product_tag?post=21898"}],"curies":[{"name":"wp","href":"https:\/\/api.w.org\/{rel}","templated":true}]}}