{"id":21895,"date":"2024-12-17T18:13:04","date_gmt":"2024-12-17T15:13:04","guid":{"rendered":"http:\/\/labostera.lt\/?post_type=product&#038;p=21895"},"modified":"2024-12-17T18:18:06","modified_gmt":"2024-12-17T15:18:06","slug":"aerobinio-vandens-valymo-bandomoji-stotis-2","status":"publish","type":"product","link":"https:\/\/labostera.lt\/lv\/priemones-ir-iranga\/mokymo-priemones-ir-iranga\/aerobinio-vandens-valymo-bandomoji-stotis-2\/","title":{"rendered":"Aerob\u0101s \u016bdens att\u012br\u012b\u0161anas pilotiek\u0101rta FA1c\/EV"},"content":{"rendered":"<p><strong>Aerob\u0101s \u016bdens att\u012br\u012b\u0161anas pilotiek\u0101rta FA1c\/EV<\/strong> ir kompakta zin\u0101tniska ier\u012bce, kas paredz\u0113ta notek\u016bde\u0146u att\u012br\u012b\u0161anas procesu model\u0113\u0161anai un anal\u012bzei, izmantojot akt\u012bvo d\u016b\u0146u tehnolo\u0123iju. Sist\u0113ma ietver oksid\u0101cijas reaktoru, filtru un uzlabotas datu v\u0101k\u0161anas iesp\u0113jas, kas \u013cauj analiz\u0113t att\u012br\u012b\u0161anas efektivit\u0101ti da\u017e\u0101dos darb\u012bbas apst\u0101k\u013cos.<\/p>\n<p><strong>M\u0101c\u012bbu programma:<\/strong><br \/>\n\u0160\u012b izm\u0113\u0123in\u0101juma stacija sniedz iesp\u0113ju padzi\u013cin\u0101t zin\u0101\u0161anas \u0161\u0101d\u0101s jom\u0101s:<\/p>\n<ul>\n<li>T\u012br\u012b\u0161anas efektivit\u0101tes v\u0113rt\u0113jums, pamatojoties uz:\n<ul>\n<li>\u016adens sast\u0101vs;<\/li>\n<li>Uztur\u0113\u0161an\u0101s laiks;<\/li>\n<li>Organisk\u0101 slodze;<\/li>\n<li>pH v\u0113rt\u012bba oksid\u0101cijas tvertn\u0113;<\/li>\n<li>Iz\u0161\u0137\u012bdu\u0161\u0101 sk\u0101bek\u013ca koncentr\u0101cija.<\/li>\n<\/ul>\n<\/li>\n<\/ul>\n<p><strong>Tehnisk\u0101s \u012bpa\u0161\u012bbas:<\/strong><\/p>\n<ul>\n<li>AISI 304 ner\u016bs\u0113jo\u0161\u0101 t\u0113rauda konstrukcija ar ritenti\u0146iem;<\/li>\n<li>Padeves tilpums: 300 l;<\/li>\n<li>Caursp\u012bd\u012bgs oksid\u0101cijas reaktors (60 l) ar:\n<ul>\n<li>AISI 304 mais\u012bt\u0101js un motors;<\/li>\n<li>Gaisa difuzors;<\/li>\n<\/ul>\n<\/li>\n<li>Caursp\u012bd\u012bga sediment\u0101cijas tvertne (30 l);<\/li>\n<li>Peristaltiskie s\u016bk\u0146i bar\u012bbas un d\u016b\u0146u recirkul\u0101cijai;<\/li>\n<li>Membr\u0101nas kompresors ar ner\u016bs\u0113jo\u0161\u0101 t\u0113rauda korpusu;<\/li>\n<li>Mikroprocesora pH metrs (2\u201312 pH, 4\u201320 mA);<\/li>\n<li>Mikroprocesora rH-metrs (no \u20131500 l\u012bdz +1500 mV, 4\u201320 mA);<\/li>\n<li>Mikroprocesora iz\u0161\u0137\u012bdu\u0161\u0101 sk\u0101bek\u013ca m\u0113r\u012bt\u0101js (0\u201320 ppm, 4\u201320 mA);<\/li>\n<li>Elektroniskais gaisa pl\u016bsmas m\u0113r\u012bt\u0101js reaktoram;<\/li>\n<li>IP55 sadales skapis ar CE mar\u0137\u0113jumu, sinoptisku vad\u012bbas paneli un nopl\u016bdes sl\u0113d\u017ea (ELCB) aizsardz\u012bbu;<\/li>\n<li>Datu v\u0101k\u0161anas programmat\u016bra, kas ir sader\u012bga ar Windows.<\/li>\n<\/ul>\n<p><strong>Baro\u0161anas avots un izm\u0113ri:<\/strong><\/p>\n<ul>\n<li>Baro\u0161anas avots: 230 V, 50 Hz, vienf\u0101zes (1 kVA);<\/li>\n<li>Izm\u0113ri: 1700 \u00d7 700 \u00d7 1900 mm;<\/li>\n<li>Svars: 280 kg.<\/li>\n<\/ul>","protected":false},"excerpt":{"rendered":"<p><strong>Aerob\u0101s \u016bdens att\u012br\u012b\u0161anas pilotiek\u0101rta FA1c\/EV<\/strong> \u2013 kompakta ier\u012bce notek\u016bde\u0146u att\u012br\u012b\u0161anas procesu izp\u0113tei, izmantojot akt\u012bv\u0101s d\u016b\u0146as. Sist\u0113ma ietver oksid\u0101cijas reaktoru, filtru un modernas mikroprocesora m\u0113r\u012b\u0161anas ier\u012bces, kas \u013cauj uzraudz\u012bt pH, iz\u0161\u0137\u012bdu\u0161\u0101 sk\u0101bek\u013ca un rH v\u0113rt\u012bbas. Datu v\u0101k\u0161anas programmat\u016bra nodro\u0161ina detaliz\u0113tu anal\u012bzi.<\/p>","protected":false},"featured_media":21897,"template":"","meta":[],"product_cat":[79,1098],"product_tag":[],"class_list":{"0":"post-21895","1":"product","2":"type-product","3":"status-publish","4":"has-post-thumbnail","6":"product_cat-mokymo-priemones-ir-iranga","7":"product_cat-didaktine-iranga-techniniam-ugdymui","9":"first","10":"instock","11":"shipping-taxable","12":"product-type-simple"},"_links":{"self":[{"href":"https:\/\/labostera.lt\/lv\/wp-json\/wp\/v2\/product\/21895","targetHints":{"allow":["GET"]}}],"collection":[{"href":"https:\/\/labostera.lt\/lv\/wp-json\/wp\/v2\/product"}],"about":[{"href":"https:\/\/labostera.lt\/lv\/wp-json\/wp\/v2\/types\/product"}],"wp:featuredmedia":[{"embeddable":true,"href":"https:\/\/labostera.lt\/lv\/wp-json\/wp\/v2\/media\/21897"}],"wp:attachment":[{"href":"https:\/\/labostera.lt\/lv\/wp-json\/wp\/v2\/media?parent=21895"}],"wp:term":[{"taxonomy":"product_cat","embeddable":true,"href":"https:\/\/labostera.lt\/lv\/wp-json\/wp\/v2\/product_cat?post=21895"},{"taxonomy":"product_tag","embeddable":true,"href":"https:\/\/labostera.lt\/lv\/wp-json\/wp\/v2\/product_tag?post=21895"}],"curies":[{"name":"wp","href":"https:\/\/api.w.org\/{rel}","templated":true}]}}