{"id":21893,"date":"2024-12-17T18:11:58","date_gmt":"2024-12-17T15:11:58","guid":{"rendered":"http:\/\/labostera.lt\/?post_type=product&#038;p=21893"},"modified":"2024-12-17T18:14:57","modified_gmt":"2024-12-17T15:14:57","slug":"aerobinio-vandens-valymo-bandomoji-stotis","status":"publish","type":"product","link":"https:\/\/labostera.lt\/lv\/priemones-ir-iranga\/mokymo-priemones-ir-iranga\/aerobinio-vandens-valymo-bandomoji-stotis\/","title":{"rendered":"Aerob\u0101s \u016bdens att\u012br\u012b\u0161anas pilotstacija (FAa\/EV)"},"content":{"rendered":"<p><strong>Aerob\u0101s \u016bdens att\u012br\u012b\u0161anas pilotiek\u0101rta AEROB\u0100S \u016aDENS ATT\u012aR\u012a\u0160ANAS PILOTIK\u0100LIJAS IEK\u0100RTA<\/strong> ir apm\u0101c\u012bbas sist\u0113ma notek\u016bde\u0146u att\u012br\u012b\u0161anas procesu model\u0113\u0161anai, izmantojot vienpak\u0101pes akt\u012bvo d\u016b\u0146u tehnolo\u0123iju. Iek\u0101rta sast\u0101v no oksid\u0101cijas reaktora, sediment\u0101cijas tvertnes un gal\u012bg\u0101s hlor\u0113\u0161anas tvertnes. \u0160\u012b sist\u0113ma ir piem\u0113rota p\u0113tniec\u012bbas un izgl\u012bt\u012bbas programm\u0101m, kas p\u0113ta biolo\u0123isko notek\u016bde\u0146u att\u012br\u012b\u0161anu.<\/p>\n<p><strong>Automatiz\u0113t\u0101 versija (FAa\/EV)<\/strong> \u013cauj autom\u0101tiski vad\u012bt procesus, apkopot datus un uzraudz\u012bt tos, izmantojot PID kontrolieri un specializ\u0113tu programmat\u016bru.<\/p>\n<p><strong>M\u0101c\u012bbu programma:<\/strong><br \/>\nIer\u012bce \u013cauj veikt \u0161\u0101dus testus un anal\u012bzes:<\/p>\n<ul>\n<li>T\u012br\u012b\u0161anas efektivit\u0101te ir atkar\u012bga no:\n<ul>\n<li>\u016adens sast\u0101vs,<\/li>\n<li>Palieciet laik\u0101,<\/li>\n<li>Organisk\u0101s slodzes,<\/li>\n<li>pH oksid\u0101cijas tvertn\u0113,<\/li>\n<li>Iz\u0161\u0137\u012bdu\u0161\u0101 sk\u0101bek\u013ca koncentr\u0101cija.<\/li>\n<\/ul>\n<\/li>\n<li>Autom\u0101tiska PID vad\u012bba (tikai <strong>FAa\/EV<\/strong> modelis);<\/li>\n<li>Sist\u0113mas uzraudz\u012bba un t\u0101lvad\u012bba (tikai <strong>FAa\/EV<\/strong> modelis).<\/li>\n<\/ul>\n<p><strong>Tehnisk\u0101s specifik\u0101cijas (FA\/EV):<\/strong><\/p>\n<ul>\n<li>AISI 304 ner\u016bs\u0113jo\u0161\u0101 t\u0113rauda konstrukcija ar ritenti\u0146iem;<\/li>\n<li>Baro\u0161anas tilpums (700 l);<\/li>\n<li>Caursp\u012bd\u012bgs oksid\u0101cijas reaktors (300 l) ar:\n<ul>\n<li>AISI 304 mais\u012bt\u0101js un reduktors,<\/li>\n<li>AISI 316 gaisa difuzors;<\/li>\n<\/ul>\n<\/li>\n<li>Caursp\u012bd\u012bga sediment\u0101cijas tvertne (150 l);<\/li>\n<li>Hipohlor\u012bta \u0161\u0137\u012bduma tilpums (20 l);<\/li>\n<li>Hlor\u0113\u0161anas tvertne (6 l);<\/li>\n<li>Magn\u0113tisk\u0101 piedzi\u0146as padeves s\u016bknis (0\u201360 l\/h);<\/li>\n<li>D\u016b\u0146u recirkul\u0101cijas s\u016bknis (0\u201360 l\/h);<\/li>\n<li>Hipohlor\u012bta doz\u0113\u0161anas s\u016bknis (0\u20131,5 l\/h);<\/li>\n<li>Membr\u0101nas kompresors (1,2 Nm\u00b3\/h);<\/li>\n<li>Mikroprocesora pH metrs (2\u201312 pH, 4\u201320 mA);<\/li>\n<li>Mikroprocesora iz\u0161\u0137\u012bdu\u0161\u0101 sk\u0101bek\u013ca m\u0113r\u012bt\u0101js (0\u201310 ppm, 4\u201320 mA);<\/li>\n<li>Gaisa pl\u016bsmas m\u0113r\u012bt\u0101js (0\u20131800 Nl\/h);<\/li>\n<li>Magn\u0113tisk\u0101s indukcijas pl\u016bsmas raid\u012bt\u0101ji ar 4\u201320 mA sign\u0101la izeju;<\/li>\n<li>Elektroniskie indikatori pl\u016bsmas un temperat\u016bras m\u0113r\u012b\u0161anai;<\/li>\n<li>IP55 panelis ar CE mar\u0137\u0113jumu, av\u0101rijas pogu un sinoptisku vad\u012bbas paneli;<\/li>\n<li>Maksim\u0101l\u0101 slodze: 1 kg \u0136SP dien\u0101 (1,7 g\/l pie 25 l\/h pl\u016bsmas).<\/li>\n<\/ul>\n<p><strong>Baro\u0161anas avots un izm\u0113ri:<\/strong><\/p>\n<ul>\n<li>Baro\u0161anas spriegums: 230 V, 50 Hz, vienf\u0101zes (citi spriegumi p\u0113c piepras\u012bjuma);<\/li>\n<li>Izm\u0113ri: 2100 \u00d7 870 \u00d7 2400 mm;<\/li>\n<li>Svars: 280 kg.<\/li>\n<\/ul>","protected":false},"excerpt":{"rendered":"<p><strong>Aerob\u0101s \u016bdens att\u012br\u012b\u0161anas pilotstacija<\/strong>\u00a0\u2013 apm\u0101c\u012bbu sist\u0113ma notek\u016bde\u0146u att\u012br\u012b\u0161anas procesu izp\u0113tei, izmantojot akt\u012bv\u0101s d\u016b\u0146as. Tas ietver oksid\u0101cijas reaktoru, filtru un hlor\u0113\u0161anas tvertni, kas \u013cauj analiz\u0113t att\u012br\u012b\u0161anas efektivit\u0101ti da\u017e\u0101dos apst\u0101k\u013cos. Automatiz\u0113t\u0101 versija (FAa\/EV) nodro\u0161ina t\u0101lvad\u012bbu un PID procesa vad\u012bbu.<\/p>","protected":false},"featured_media":21894,"template":"","meta":[],"product_cat":[79,1098],"product_tag":[],"class_list":{"0":"post-21893","1":"product","2":"type-product","3":"status-publish","4":"has-post-thumbnail","6":"product_cat-mokymo-priemones-ir-iranga","7":"product_cat-didaktine-iranga-techniniam-ugdymui","9":"first","10":"instock","11":"shipping-taxable","12":"product-type-simple"},"_links":{"self":[{"href":"https:\/\/labostera.lt\/lv\/wp-json\/wp\/v2\/product\/21893","targetHints":{"allow":["GET"]}}],"collection":[{"href":"https:\/\/labostera.lt\/lv\/wp-json\/wp\/v2\/product"}],"about":[{"href":"https:\/\/labostera.lt\/lv\/wp-json\/wp\/v2\/types\/product"}],"wp:featuredmedia":[{"embeddable":true,"href":"https:\/\/labostera.lt\/lv\/wp-json\/wp\/v2\/media\/21894"}],"wp:attachment":[{"href":"https:\/\/labostera.lt\/lv\/wp-json\/wp\/v2\/media?parent=21893"}],"wp:term":[{"taxonomy":"product_cat","embeddable":true,"href":"https:\/\/labostera.lt\/lv\/wp-json\/wp\/v2\/product_cat?post=21893"},{"taxonomy":"product_tag","embeddable":true,"href":"https:\/\/labostera.lt\/lv\/wp-json\/wp\/v2\/product_tag?post=21893"}],"curies":[{"name":"wp","href":"https:\/\/api.w.org\/{rel}","templated":true}]}}